{"id":37593,"date":"2024-01-30T10:10:12","date_gmt":"2024-01-30T10:10:12","guid":{"rendered":"https:\/\/inti.hr\/product\/kuhinjska-polica-s-uticnicama-i-ladicama\/"},"modified":"2024-01-30T10:10:12","modified_gmt":"2024-01-30T10:10:12","slug":"kuhinjska-polica-s-uticnicama-i-ladicama","status":"publish","type":"product","link":"https:\/\/inti.hr\/sr\/proizvod\/kuhinjska-polica-s-uticnicama-i-ladicama\/","title":{"rendered":"Kuhinjska polica s uti\u010dnicama i ladicama"},"content":{"rendered":"<p>Detalji proizvoda:<\/p>\n<p>Materijal: iverica, \u010delik<br \/>\nVeli\u010dina: 40,5 x 110 x 180,4 cm (D x \u0160 x V)<br \/>\nTe\u017eina: 27,2 kg<br \/>\nMaksimalna stati\u010dka nosivost radne plo\u010de: 50 kg<br \/>\nMaksimalno stati\u010dko optere\u0107enje po kuki: 5 kg<br \/>\nMaksimalna stati\u010dka nosivost: 150 kg<\/p>\n","protected":false},"excerpt":{"rendered":"<p>Ova polica za postolje ima ugra\u0111en razvodnik s 4 AC priklju\u010dka &#8230; <\/p>\n","protected":false},"featured_media":37595,"template":"","meta":[],"product_cat":[2539],"product_tag":[2540,5195],"yoast_head":"<!-- This site is optimized with the Yoast SEO plugin v23.7 - https:\/\/yoast.com\/wordpress\/plugins\/seo\/ -->\n<title>Kuhinjska polica s uti\u010dnicama i ladicama - Inti<\/title>\n<meta name=\"description\" content=\"Ova polica za postolje ima ugra\u0111en razvodnik s 4 AC priklju\u010dka koji podr\u017eavaju do 1875 vata. Tako\u0111er nudi za\u0161titu od preoptere\u0107enja, za\u0161titu od curenja struje i on-off prekida\u010d za maksimalnu sigurnost! Ovaj kuhinjski otok opremljen je ladicom od tkanine za pribor za jelo i male predmete, 2 \u0161ipke za vje\u0161anje i 12 S-kukica za ru\u010dnike i podmeta\u010de, \u0161to olak\u0161ava organiziranje va\u0161e kuhinje. Ova polica za odlaganje tako\u0111er se mo\u017ee koristiti kao bar za kavu, polica za mikrovalnu pe\u0107nicu ili kuhinjska polica. Mogu\u0107nosti su neograni\u010dene \u2013 pustite svoju kreativnost na volju! Prostrana radna povr\u0161ina stoje\u0107e kuhinjske police \u0161irine 110 cm pru\u017ea dovoljno prostora za pripremu hrane i rad s vi\u0161e ku\u0107anskih aparata, \u010dine\u0107i rad u kuhinji ugodnijim. Svaka od 2 srednje police u gornjem dijelu ima 3 podesive visine, svaka od 2 srednje police u donjem dijelu ima ih \u010dak 6. Osim toga, i gornja i donja podru\u010dja nude 2 mogu\u0107nosti postavljanja - za razli\u010dite potrebe.\" \/>\n<meta name=\"robots\" content=\"index, follow, max-snippet:-1, max-image-preview:large, max-video-preview:-1\" \/>\n<link rel=\"canonical\" href=\"https:\/\/inti.hr\/sr\/proizvod\/kuhinjska-polica-s-uticnicama-i-ladicama\/\" \/>\n<meta property=\"og:locale\" content=\"sr_RS\" \/>\n<meta property=\"og:type\" content=\"article\" \/>\n<meta property=\"og:title\" content=\"Kuhinjska polica s uti\u010dnicama i ladicama - Inti\" \/>\n<meta property=\"og:description\" content=\"Ova polica za postolje ima ugra\u0111en razvodnik s 4 AC priklju\u010dka koji podr\u017eavaju do 1875 vata. Tako\u0111er nudi za\u0161titu od preoptere\u0107enja, za\u0161titu od curenja struje i on-off prekida\u010d za maksimalnu sigurnost! Ovaj kuhinjski otok opremljen je ladicom od tkanine za pribor za jelo i male predmete, 2 \u0161ipke za vje\u0161anje i 12 S-kukica za ru\u010dnike i podmeta\u010de, \u0161to olak\u0161ava organiziranje va\u0161e kuhinje. Ova polica za odlaganje tako\u0111er se mo\u017ee koristiti kao bar za kavu, polica za mikrovalnu pe\u0107nicu ili kuhinjska polica. Mogu\u0107nosti su neograni\u010dene \u2013 pustite svoju kreativnost na volju! Prostrana radna povr\u0161ina stoje\u0107e kuhinjske police \u0161irine 110 cm pru\u017ea dovoljno prostora za pripremu hrane i rad s vi\u0161e ku\u0107anskih aparata, \u010dine\u0107i rad u kuhinji ugodnijim. Svaka od 2 srednje police u gornjem dijelu ima 3 podesive visine, svaka od 2 srednje police u donjem dijelu ima ih \u010dak 6. Osim toga, i gornja i donja podru\u010dja nude 2 mogu\u0107nosti postavljanja - za razli\u010dite potrebe.\" \/>\n<meta property=\"og:url\" content=\"https:\/\/inti.hr\/sr\/proizvod\/kuhinjska-polica-s-uticnicama-i-ladicama\/\" \/>\n<meta property=\"og:site_name\" content=\"Inti\" \/>\n<meta property=\"og:image\" content=\"https:\/\/i0.wp.com\/inti.hr\/wp-content\/uploads\/2024\/01\/KKS028B23-2-1-e1706609484310.jpg?fit=800%2C870&ssl=1\" \/>\n\t<meta property=\"og:image:width\" content=\"800\" \/>\n\t<meta property=\"og:image:height\" content=\"870\" \/>\n\t<meta property=\"og:image:type\" content=\"image\/jpeg\" \/>\n<meta name=\"twitter:card\" content=\"summary_large_image\" \/>\n<script type=\"application\/ld+json\" class=\"yoast-schema-graph\">{\"@context\":\"https:\/\/schema.org\",\"@graph\":[{\"@type\":\"WebPage\",\"@id\":\"https:\/\/inti.hr\/sr\/proizvod\/kuhinjska-polica-s-uticnicama-i-ladicama\/\",\"url\":\"https:\/\/inti.hr\/sr\/proizvod\/kuhinjska-polica-s-uticnicama-i-ladicama\/\",\"name\":\"Kuhinjska polica s uti\u010dnicama i ladicama - Inti\",\"isPartOf\":{\"@id\":\"https:\/\/inti.hr\/sr\/#website\"},\"primaryImageOfPage\":{\"@id\":\"https:\/\/inti.hr\/sr\/proizvod\/kuhinjska-polica-s-uticnicama-i-ladicama\/#primaryimage\"},\"image\":{\"@id\":\"https:\/\/inti.hr\/sr\/proizvod\/kuhinjska-polica-s-uticnicama-i-ladicama\/#primaryimage\"},\"thumbnailUrl\":\"https:\/\/i0.wp.com\/inti.hr\/wp-content\/uploads\/2024\/01\/KKS028B23-2-1-e1706609484310.jpg?fit=800%2C870&ssl=1\",\"datePublished\":\"2024-01-30T10:10:12+00:00\",\"dateModified\":\"2024-01-30T10:10:12+00:00\",\"description\":\"Ova polica za postolje ima ugra\u0111en razvodnik s 4 AC priklju\u010dka koji podr\u017eavaju do 1875 vata. Tako\u0111er nudi za\u0161titu od preoptere\u0107enja, za\u0161titu od curenja struje i on-off prekida\u010d za maksimalnu sigurnost! Ovaj kuhinjski otok opremljen je ladicom od tkanine za pribor za jelo i male predmete, 2 \u0161ipke za vje\u0161anje i 12 S-kukica za ru\u010dnike i podmeta\u010de, \u0161to olak\u0161ava organiziranje va\u0161e kuhinje. Ova polica za odlaganje tako\u0111er se mo\u017ee koristiti kao bar za kavu, polica za mikrovalnu pe\u0107nicu ili kuhinjska polica. Mogu\u0107nosti su neograni\u010dene \u2013 pustite svoju kreativnost na volju! Prostrana radna povr\u0161ina stoje\u0107e kuhinjske police \u0161irine 110 cm pru\u017ea dovoljno prostora za pripremu hrane i rad s vi\u0161e ku\u0107anskih aparata, \u010dine\u0107i rad u kuhinji ugodnijim. Svaka od 2 srednje police u gornjem dijelu ima 3 podesive visine, svaka od 2 srednje police u donjem dijelu ima ih \u010dak 6. Osim toga, i gornja i donja podru\u010dja nude 2 mogu\u0107nosti postavljanja - za razli\u010dite potrebe.\",\"breadcrumb\":{\"@id\":\"https:\/\/inti.hr\/sr\/proizvod\/kuhinjska-polica-s-uticnicama-i-ladicama\/#breadcrumb\"},\"inLanguage\":\"sr-RS\",\"potentialAction\":[{\"@type\":\"ReadAction\",\"target\":[\"https:\/\/inti.hr\/sr\/proizvod\/kuhinjska-polica-s-uticnicama-i-ladicama\/\"]}]},{\"@type\":\"ImageObject\",\"inLanguage\":\"sr-RS\",\"@id\":\"https:\/\/inti.hr\/sr\/proizvod\/kuhinjska-polica-s-uticnicama-i-ladicama\/#primaryimage\",\"url\":\"https:\/\/i0.wp.com\/inti.hr\/wp-content\/uploads\/2024\/01\/KKS028B23-2-1-e1706609484310.jpg?fit=800%2C870&ssl=1\",\"contentUrl\":\"https:\/\/i0.wp.com\/inti.hr\/wp-content\/uploads\/2024\/01\/KKS028B23-2-1-e1706609484310.jpg?fit=800%2C870&ssl=1\",\"width\":800,\"height\":870},{\"@type\":\"BreadcrumbList\",\"@id\":\"https:\/\/inti.hr\/sr\/proizvod\/kuhinjska-polica-s-uticnicama-i-ladicama\/#breadcrumb\",\"itemListElement\":[{\"@type\":\"ListItem\",\"position\":1,\"name\":\"Po\u010detna stranica\",\"item\":\"https:\/\/inti.hr\/sr\/\"},{\"@type\":\"ListItem\",\"position\":2,\"name\":\"Prodavnica\",\"item\":\"https:\/\/inti.hr\/sr\/prodavnica\/\"},{\"@type\":\"ListItem\",\"position\":3,\"name\":\"Kuhinjska polica s uti\u010dnicama i ladicama\"}]},{\"@type\":\"WebSite\",\"@id\":\"https:\/\/inti.hr\/sr\/#website\",\"url\":\"https:\/\/inti.hr\/sr\/\",\"name\":\"Inti\",\"description\":\"trgovina\",\"potentialAction\":[{\"@type\":\"SearchAction\",\"target\":{\"@type\":\"EntryPoint\",\"urlTemplate\":\"https:\/\/inti.hr\/sr\/?s={search_term_string}\"},\"query-input\":{\"@type\":\"PropertyValueSpecification\",\"valueRequired\":true,\"valueName\":\"search_term_string\"}}],\"inLanguage\":\"sr-RS\"}]}<\/script>\n<!-- \/ Yoast SEO plugin. -->","yoast_head_json":{"title":"Kuhinjska polica s uti\u010dnicama i ladicama - Inti","description":"Ova polica za postolje ima ugra\u0111en razvodnik s 4 AC priklju\u010dka koji podr\u017eavaju do 1875 vata. Tako\u0111er nudi za\u0161titu od preoptere\u0107enja, za\u0161titu od curenja struje i on-off prekida\u010d za maksimalnu sigurnost! Ovaj kuhinjski otok opremljen je ladicom od tkanine za pribor za jelo i male predmete, 2 \u0161ipke za vje\u0161anje i 12 S-kukica za ru\u010dnike i podmeta\u010de, \u0161to olak\u0161ava organiziranje va\u0161e kuhinje. Ova polica za odlaganje tako\u0111er se mo\u017ee koristiti kao bar za kavu, polica za mikrovalnu pe\u0107nicu ili kuhinjska polica. Mogu\u0107nosti su neograni\u010dene \u2013 pustite svoju kreativnost na volju! Prostrana radna povr\u0161ina stoje\u0107e kuhinjske police \u0161irine 110 cm pru\u017ea dovoljno prostora za pripremu hrane i rad s vi\u0161e ku\u0107anskih aparata, \u010dine\u0107i rad u kuhinji ugodnijim. Svaka od 2 srednje police u gornjem dijelu ima 3 podesive visine, svaka od 2 srednje police u donjem dijelu ima ih \u010dak 6. Osim toga, i gornja i donja podru\u010dja nude 2 mogu\u0107nosti postavljanja - za razli\u010dite potrebe.","robots":{"index":"index","follow":"follow","max-snippet":"max-snippet:-1","max-image-preview":"max-image-preview:large","max-video-preview":"max-video-preview:-1"},"canonical":"https:\/\/inti.hr\/sr\/proizvod\/kuhinjska-polica-s-uticnicama-i-ladicama\/","og_locale":"sr_RS","og_type":"article","og_title":"Kuhinjska polica s uti\u010dnicama i ladicama - Inti","og_description":"Ova polica za postolje ima ugra\u0111en razvodnik s 4 AC priklju\u010dka koji podr\u017eavaju do 1875 vata. Tako\u0111er nudi za\u0161titu od preoptere\u0107enja, za\u0161titu od curenja struje i on-off prekida\u010d za maksimalnu sigurnost! Ovaj kuhinjski otok opremljen je ladicom od tkanine za pribor za jelo i male predmete, 2 \u0161ipke za vje\u0161anje i 12 S-kukica za ru\u010dnike i podmeta\u010de, \u0161to olak\u0161ava organiziranje va\u0161e kuhinje. Ova polica za odlaganje tako\u0111er se mo\u017ee koristiti kao bar za kavu, polica za mikrovalnu pe\u0107nicu ili kuhinjska polica. Mogu\u0107nosti su neograni\u010dene \u2013 pustite svoju kreativnost na volju! Prostrana radna povr\u0161ina stoje\u0107e kuhinjske police \u0161irine 110 cm pru\u017ea dovoljno prostora za pripremu hrane i rad s vi\u0161e ku\u0107anskih aparata, \u010dine\u0107i rad u kuhinji ugodnijim. Svaka od 2 srednje police u gornjem dijelu ima 3 podesive visine, svaka od 2 srednje police u donjem dijelu ima ih \u010dak 6. Osim toga, i gornja i donja podru\u010dja nude 2 mogu\u0107nosti postavljanja - za razli\u010dite potrebe.","og_url":"https:\/\/inti.hr\/sr\/proizvod\/kuhinjska-polica-s-uticnicama-i-ladicama\/","og_site_name":"Inti","og_image":[{"width":800,"height":870,"url":"https:\/\/i0.wp.com\/inti.hr\/wp-content\/uploads\/2024\/01\/KKS028B23-2-1-e1706609484310.jpg?fit=800%2C870&ssl=1","type":"image\/jpeg"}],"twitter_card":"summary_large_image","schema":{"@context":"https:\/\/schema.org","@graph":[{"@type":"WebPage","@id":"https:\/\/inti.hr\/sr\/proizvod\/kuhinjska-polica-s-uticnicama-i-ladicama\/","url":"https:\/\/inti.hr\/sr\/proizvod\/kuhinjska-polica-s-uticnicama-i-ladicama\/","name":"Kuhinjska polica s uti\u010dnicama i ladicama - Inti","isPartOf":{"@id":"https:\/\/inti.hr\/sr\/#website"},"primaryImageOfPage":{"@id":"https:\/\/inti.hr\/sr\/proizvod\/kuhinjska-polica-s-uticnicama-i-ladicama\/#primaryimage"},"image":{"@id":"https:\/\/inti.hr\/sr\/proizvod\/kuhinjska-polica-s-uticnicama-i-ladicama\/#primaryimage"},"thumbnailUrl":"https:\/\/i0.wp.com\/inti.hr\/wp-content\/uploads\/2024\/01\/KKS028B23-2-1-e1706609484310.jpg?fit=800%2C870&ssl=1","datePublished":"2024-01-30T10:10:12+00:00","dateModified":"2024-01-30T10:10:12+00:00","description":"Ova polica za postolje ima ugra\u0111en razvodnik s 4 AC priklju\u010dka koji podr\u017eavaju do 1875 vata. Tako\u0111er nudi za\u0161titu od preoptere\u0107enja, za\u0161titu od curenja struje i on-off prekida\u010d za maksimalnu sigurnost! Ovaj kuhinjski otok opremljen je ladicom od tkanine za pribor za jelo i male predmete, 2 \u0161ipke za vje\u0161anje i 12 S-kukica za ru\u010dnike i podmeta\u010de, \u0161to olak\u0161ava organiziranje va\u0161e kuhinje. Ova polica za odlaganje tako\u0111er se mo\u017ee koristiti kao bar za kavu, polica za mikrovalnu pe\u0107nicu ili kuhinjska polica. Mogu\u0107nosti su neograni\u010dene \u2013 pustite svoju kreativnost na volju! Prostrana radna povr\u0161ina stoje\u0107e kuhinjske police \u0161irine 110 cm pru\u017ea dovoljno prostora za pripremu hrane i rad s vi\u0161e ku\u0107anskih aparata, \u010dine\u0107i rad u kuhinji ugodnijim. Svaka od 2 srednje police u gornjem dijelu ima 3 podesive visine, svaka od 2 srednje police u donjem dijelu ima ih \u010dak 6. Osim toga, i gornja i donja podru\u010dja nude 2 mogu\u0107nosti postavljanja - za razli\u010dite potrebe.","breadcrumb":{"@id":"https:\/\/inti.hr\/sr\/proizvod\/kuhinjska-polica-s-uticnicama-i-ladicama\/#breadcrumb"},"inLanguage":"sr-RS","potentialAction":[{"@type":"ReadAction","target":["https:\/\/inti.hr\/sr\/proizvod\/kuhinjska-polica-s-uticnicama-i-ladicama\/"]}]},{"@type":"ImageObject","inLanguage":"sr-RS","@id":"https:\/\/inti.hr\/sr\/proizvod\/kuhinjska-polica-s-uticnicama-i-ladicama\/#primaryimage","url":"https:\/\/i0.wp.com\/inti.hr\/wp-content\/uploads\/2024\/01\/KKS028B23-2-1-e1706609484310.jpg?fit=800%2C870&ssl=1","contentUrl":"https:\/\/i0.wp.com\/inti.hr\/wp-content\/uploads\/2024\/01\/KKS028B23-2-1-e1706609484310.jpg?fit=800%2C870&ssl=1","width":800,"height":870},{"@type":"BreadcrumbList","@id":"https:\/\/inti.hr\/sr\/proizvod\/kuhinjska-polica-s-uticnicama-i-ladicama\/#breadcrumb","itemListElement":[{"@type":"ListItem","position":1,"name":"Po\u010detna stranica","item":"https:\/\/inti.hr\/sr\/"},{"@type":"ListItem","position":2,"name":"Prodavnica","item":"https:\/\/inti.hr\/sr\/prodavnica\/"},{"@type":"ListItem","position":3,"name":"Kuhinjska polica s uti\u010dnicama i ladicama"}]},{"@type":"WebSite","@id":"https:\/\/inti.hr\/sr\/#website","url":"https:\/\/inti.hr\/sr\/","name":"Inti","description":"trgovina","potentialAction":[{"@type":"SearchAction","target":{"@type":"EntryPoint","urlTemplate":"https:\/\/inti.hr\/sr\/?s={search_term_string}"},"query-input":{"@type":"PropertyValueSpecification","valueRequired":true,"valueName":"search_term_string"}}],"inLanguage":"sr-RS"}]}},"jetpack_sharing_enabled":true,"jetpack-related-posts":[],"_links":{"self":[{"href":"https:\/\/inti.hr\/sr\/wp-json\/wp\/v2\/product\/37593"}],"collection":[{"href":"https:\/\/inti.hr\/sr\/wp-json\/wp\/v2\/product"}],"about":[{"href":"https:\/\/inti.hr\/sr\/wp-json\/wp\/v2\/types\/product"}],"wp:featuredmedia":[{"embeddable":true,"href":"https:\/\/inti.hr\/sr\/wp-json\/wp\/v2\/media\/37595"}],"wp:attachment":[{"href":"https:\/\/inti.hr\/sr\/wp-json\/wp\/v2\/media?parent=37593"}],"wp:term":[{"taxonomy":"product_cat","embeddable":true,"href":"https:\/\/inti.hr\/sr\/wp-json\/wp\/v2\/product_cat?post=37593"},{"taxonomy":"product_tag","embeddable":true,"href":"https:\/\/inti.hr\/sr\/wp-json\/wp\/v2\/product_tag?post=37593"}],"curies":[{"name":"wp","href":"https:\/\/api.w.org\/{rel}","templated":true}]}}