{"id":37611,"date":"2023-07-13T07:06:54","date_gmt":"2023-07-13T07:06:54","guid":{"rendered":"https:\/\/inti.hr\/product\/zidna-polica-langeland\/"},"modified":"2023-07-13T07:06:54","modified_gmt":"2023-07-13T07:06:54","slug":"zidna-polica-langeland","status":"publish","type":"product","link":"https:\/\/inti.hr\/sr\/proizvod\/zidna-polica-langeland\/","title":{"rendered":"Zidna polica Langeland"},"content":{"rendered":"<p>Detalji proizvoda:<\/p>\n<p>&#8211; Dvije zrakopropusne police za svestrane mogu\u0107nosti skladi\u0161tenja<br \/>\n&#8211; Tri kuke za prakti\u010dno vje\u0161anje jakni, ku\u0107nih ogrta\u010da i ostalog<br \/>\n&#8211; Integrirana dr\u017ea\u010d za ru\u010dnike omogu\u0107uje su\u0161enje ru\u010dnika<br \/>\n&#8211; Prirodni i ekolo\u0161ki prihvatljivi materijal<br \/>\n&#8211; Brza i jednostavna monta\u017ea na zid<\/p>\n<p>elasti\u010dnost:<\/p>\n<p>&#8211; Polica: max. 5 kg svaka<br \/>\n&#8211; Kuka: max. 1 kg svaka<\/p>\n<p>Dimenzije:<\/p>\n<p>&#8211; Sveukupno (Vx\u0160xD): 30 x 55 x 22,5 cm<br \/>\n&#8211; Polica (\u0160xD): 52 x 22,5 cm svaka<br \/>\n&#8211; Razmak izme\u0111u polica: 17 cm<br \/>\n&#8211; Duljina dr\u017ea\u010da za ru\u010dnike: 52 cm<\/p>\n<p>Materijal:<\/p>\n<p>bambus<\/p>\n<p>Boja:<\/p>\n<p>Priroda<\/p>\n","protected":false},"excerpt":{"rendered":"<p>\u010cvrsta i prakti\u010dna, polica od bambusa slu\u017ei kao sveobuhvatni organizator za &#8230; <\/p>\n","protected":false},"featured_media":37612,"template":"","meta":[],"product_cat":[2539,2396],"product_tag":[2751],"yoast_head":"<!-- This site is optimized with the Yoast SEO plugin v23.7 - https:\/\/yoast.com\/wordpress\/plugins\/seo\/ -->\n<title>Zidna polica Langeland - Inti<\/title>\n<meta name=\"description\" content=\"\u010cvrsta i prakti\u010dna, polica od bambusa slu\u017ei kao sveobuhvatni organizator za odr\u017eavanje urednosti va\u0161e kupaonice, kuhinje, hodnika ili ulaza. Svojim atraktivnim dizajnom savr\u0161eno se uklapa u svaki interijer.Sustav polica sadr\u017ei dvije zrakopropusne police koje su savr\u0161ene za spremanje raznih predmeta. Bilo da se radi o ukrasnim predmetima, kupaonskom priboru ili proizvodima za pohranu - sve ima svoje mjesto na ovim prostranim policama.Osim toga, odr\u017eiva konstrukcija od bambusa nudi tri kuke na koje mo\u017eete objesiti jakne, ku\u0107ne ogrta\u010de, kuhinjske krpe i mnoge druge predmete. To zna\u010di da uvijek imate najva\u017enije stvari pri ruci.Integrirana dr\u017ea\u010d za ru\u010dnike na vise\u0107oj polici omogu\u0107uje vam da prakti\u010dno objesite svoje ru\u010dnike i odr\u017eite ih suhima i svje\u017eima. Nema vi\u0161e brige o vla\u017enim ru\u010dnicima!Zahvaljuju\u0107i prilo\u017eenom materijalu za monta\u017eu, polica se mo\u017ee brzo i jednostavno pri\u010dvrstiti na zid i va\u0161em \u017eivotnom prostoru daje stilski i moderan \u0161tih.\" \/>\n<meta name=\"robots\" content=\"index, follow, max-snippet:-1, max-image-preview:large, max-video-preview:-1\" \/>\n<link rel=\"canonical\" href=\"https:\/\/inti.hr\/sr\/proizvod\/zidna-polica-langeland\/\" \/>\n<meta property=\"og:locale\" content=\"sr_RS\" \/>\n<meta property=\"og:type\" content=\"article\" \/>\n<meta property=\"og:title\" content=\"Zidna polica Langeland - Inti\" \/>\n<meta property=\"og:description\" content=\"\u010cvrsta i prakti\u010dna, polica od bambusa slu\u017ei kao sveobuhvatni organizator za odr\u017eavanje urednosti va\u0161e kupaonice, kuhinje, hodnika ili ulaza. Svojim atraktivnim dizajnom savr\u0161eno se uklapa u svaki interijer.Sustav polica sadr\u017ei dvije zrakopropusne police koje su savr\u0161ene za spremanje raznih predmeta. Bilo da se radi o ukrasnim predmetima, kupaonskom priboru ili proizvodima za pohranu - sve ima svoje mjesto na ovim prostranim policama.Osim toga, odr\u017eiva konstrukcija od bambusa nudi tri kuke na koje mo\u017eete objesiti jakne, ku\u0107ne ogrta\u010de, kuhinjske krpe i mnoge druge predmete. To zna\u010di da uvijek imate najva\u017enije stvari pri ruci.Integrirana dr\u017ea\u010d za ru\u010dnike na vise\u0107oj polici omogu\u0107uje vam da prakti\u010dno objesite svoje ru\u010dnike i odr\u017eite ih suhima i svje\u017eima. Nema vi\u0161e brige o vla\u017enim ru\u010dnicima!Zahvaljuju\u0107i prilo\u017eenom materijalu za monta\u017eu, polica se mo\u017ee brzo i jednostavno pri\u010dvrstiti na zid i va\u0161em \u017eivotnom prostoru daje stilski i moderan \u0161tih.\" \/>\n<meta property=\"og:url\" content=\"https:\/\/inti.hr\/sr\/proizvod\/zidna-polica-langeland\/\" \/>\n<meta property=\"og:site_name\" content=\"Inti\" \/>\n<meta property=\"og:image\" content=\"https:\/\/i0.wp.com\/inti.hr\/wp-content\/uploads\/2023\/07\/cec70baa21d024dc19a31977ba9357f7.jpg?fit=1400%2C1400&ssl=1\" \/>\n\t<meta property=\"og:image:width\" content=\"1400\" \/>\n\t<meta property=\"og:image:height\" content=\"1400\" \/>\n\t<meta property=\"og:image:type\" content=\"image\/jpeg\" \/>\n<meta name=\"twitter:card\" content=\"summary_large_image\" \/>\n<meta name=\"twitter:label1\" content=\"\u041f\u0440\u043e\u0446\u0435\u045a\u0435\u043d\u043e \u0432\u0440\u0435\u043c\u0435 \u0447\u0438\u0442\u0430\u045a\u0430\" \/>\n\t<meta name=\"twitter:data1\" content=\"1 \u043c\u0438\u043d\u0443\u0442\" \/>\n<script type=\"application\/ld+json\" class=\"yoast-schema-graph\">{\"@context\":\"https:\/\/schema.org\",\"@graph\":[{\"@type\":\"WebPage\",\"@id\":\"https:\/\/inti.hr\/sr\/proizvod\/zidna-polica-langeland\/\",\"url\":\"https:\/\/inti.hr\/sr\/proizvod\/zidna-polica-langeland\/\",\"name\":\"Zidna polica Langeland - Inti\",\"isPartOf\":{\"@id\":\"https:\/\/inti.hr\/sr\/#website\"},\"primaryImageOfPage\":{\"@id\":\"https:\/\/inti.hr\/sr\/proizvod\/zidna-polica-langeland\/#primaryimage\"},\"image\":{\"@id\":\"https:\/\/inti.hr\/sr\/proizvod\/zidna-polica-langeland\/#primaryimage\"},\"thumbnailUrl\":\"https:\/\/i0.wp.com\/inti.hr\/wp-content\/uploads\/2023\/07\/cec70baa21d024dc19a31977ba9357f7.jpg?fit=1400%2C1400&ssl=1\",\"datePublished\":\"2023-07-13T07:06:54+00:00\",\"dateModified\":\"2023-07-13T07:06:54+00:00\",\"description\":\"\u010cvrsta i prakti\u010dna, polica od bambusa slu\u017ei kao sveobuhvatni organizator za odr\u017eavanje urednosti va\u0161e kupaonice, kuhinje, hodnika ili ulaza. Svojim atraktivnim dizajnom savr\u0161eno se uklapa u svaki interijer.Sustav polica sadr\u017ei dvije zrakopropusne police koje su savr\u0161ene za spremanje raznih predmeta. Bilo da se radi o ukrasnim predmetima, kupaonskom priboru ili proizvodima za pohranu - sve ima svoje mjesto na ovim prostranim policama.Osim toga, odr\u017eiva konstrukcija od bambusa nudi tri kuke na koje mo\u017eete objesiti jakne, ku\u0107ne ogrta\u010de, kuhinjske krpe i mnoge druge predmete. To zna\u010di da uvijek imate najva\u017enije stvari pri ruci.Integrirana dr\u017ea\u010d za ru\u010dnike na vise\u0107oj polici omogu\u0107uje vam da prakti\u010dno objesite svoje ru\u010dnike i odr\u017eite ih suhima i svje\u017eima. Nema vi\u0161e brige o vla\u017enim ru\u010dnicima!Zahvaljuju\u0107i prilo\u017eenom materijalu za monta\u017eu, polica se mo\u017ee brzo i jednostavno pri\u010dvrstiti na zid i va\u0161em \u017eivotnom prostoru daje stilski i moderan \u0161tih.\",\"breadcrumb\":{\"@id\":\"https:\/\/inti.hr\/sr\/proizvod\/zidna-polica-langeland\/#breadcrumb\"},\"inLanguage\":\"sr-RS\",\"potentialAction\":[{\"@type\":\"ReadAction\",\"target\":[\"https:\/\/inti.hr\/sr\/proizvod\/zidna-polica-langeland\/\"]}]},{\"@type\":\"ImageObject\",\"inLanguage\":\"sr-RS\",\"@id\":\"https:\/\/inti.hr\/sr\/proizvod\/zidna-polica-langeland\/#primaryimage\",\"url\":\"https:\/\/i0.wp.com\/inti.hr\/wp-content\/uploads\/2023\/07\/cec70baa21d024dc19a31977ba9357f7.jpg?fit=1400%2C1400&ssl=1\",\"contentUrl\":\"https:\/\/i0.wp.com\/inti.hr\/wp-content\/uploads\/2023\/07\/cec70baa21d024dc19a31977ba9357f7.jpg?fit=1400%2C1400&ssl=1\",\"width\":1400,\"height\":1400},{\"@type\":\"BreadcrumbList\",\"@id\":\"https:\/\/inti.hr\/sr\/proizvod\/zidna-polica-langeland\/#breadcrumb\",\"itemListElement\":[{\"@type\":\"ListItem\",\"position\":1,\"name\":\"Po\u010detna stranica\",\"item\":\"https:\/\/inti.hr\/sr\/\"},{\"@type\":\"ListItem\",\"position\":2,\"name\":\"Prodavnica\",\"item\":\"https:\/\/inti.hr\/sr\/prodavnica\/\"},{\"@type\":\"ListItem\",\"position\":3,\"name\":\"Zidna polica Langeland\"}]},{\"@type\":\"WebSite\",\"@id\":\"https:\/\/inti.hr\/sr\/#website\",\"url\":\"https:\/\/inti.hr\/sr\/\",\"name\":\"Inti\",\"description\":\"trgovina\",\"potentialAction\":[{\"@type\":\"SearchAction\",\"target\":{\"@type\":\"EntryPoint\",\"urlTemplate\":\"https:\/\/inti.hr\/sr\/?s={search_term_string}\"},\"query-input\":{\"@type\":\"PropertyValueSpecification\",\"valueRequired\":true,\"valueName\":\"search_term_string\"}}],\"inLanguage\":\"sr-RS\"}]}<\/script>\n<!-- \/ Yoast SEO plugin. -->","yoast_head_json":{"title":"Zidna polica Langeland - Inti","description":"\u010cvrsta i prakti\u010dna, polica od bambusa slu\u017ei kao sveobuhvatni organizator za odr\u017eavanje urednosti va\u0161e kupaonice, kuhinje, hodnika ili ulaza. Svojim atraktivnim dizajnom savr\u0161eno se uklapa u svaki interijer.Sustav polica sadr\u017ei dvije zrakopropusne police koje su savr\u0161ene za spremanje raznih predmeta. Bilo da se radi o ukrasnim predmetima, kupaonskom priboru ili proizvodima za pohranu - sve ima svoje mjesto na ovim prostranim policama.Osim toga, odr\u017eiva konstrukcija od bambusa nudi tri kuke na koje mo\u017eete objesiti jakne, ku\u0107ne ogrta\u010de, kuhinjske krpe i mnoge druge predmete. To zna\u010di da uvijek imate najva\u017enije stvari pri ruci.Integrirana dr\u017ea\u010d za ru\u010dnike na vise\u0107oj polici omogu\u0107uje vam da prakti\u010dno objesite svoje ru\u010dnike i odr\u017eite ih suhima i svje\u017eima. Nema vi\u0161e brige o vla\u017enim ru\u010dnicima!Zahvaljuju\u0107i prilo\u017eenom materijalu za monta\u017eu, polica se mo\u017ee brzo i jednostavno pri\u010dvrstiti na zid i va\u0161em \u017eivotnom prostoru daje stilski i moderan \u0161tih.","robots":{"index":"index","follow":"follow","max-snippet":"max-snippet:-1","max-image-preview":"max-image-preview:large","max-video-preview":"max-video-preview:-1"},"canonical":"https:\/\/inti.hr\/sr\/proizvod\/zidna-polica-langeland\/","og_locale":"sr_RS","og_type":"article","og_title":"Zidna polica Langeland - Inti","og_description":"\u010cvrsta i prakti\u010dna, polica od bambusa slu\u017ei kao sveobuhvatni organizator za odr\u017eavanje urednosti va\u0161e kupaonice, kuhinje, hodnika ili ulaza. Svojim atraktivnim dizajnom savr\u0161eno se uklapa u svaki interijer.Sustav polica sadr\u017ei dvije zrakopropusne police koje su savr\u0161ene za spremanje raznih predmeta. Bilo da se radi o ukrasnim predmetima, kupaonskom priboru ili proizvodima za pohranu - sve ima svoje mjesto na ovim prostranim policama.Osim toga, odr\u017eiva konstrukcija od bambusa nudi tri kuke na koje mo\u017eete objesiti jakne, ku\u0107ne ogrta\u010de, kuhinjske krpe i mnoge druge predmete. To zna\u010di da uvijek imate najva\u017enije stvari pri ruci.Integrirana dr\u017ea\u010d za ru\u010dnike na vise\u0107oj polici omogu\u0107uje vam da prakti\u010dno objesite svoje ru\u010dnike i odr\u017eite ih suhima i svje\u017eima. Nema vi\u0161e brige o vla\u017enim ru\u010dnicima!Zahvaljuju\u0107i prilo\u017eenom materijalu za monta\u017eu, polica se mo\u017ee brzo i jednostavno pri\u010dvrstiti na zid i va\u0161em \u017eivotnom prostoru daje stilski i moderan \u0161tih.","og_url":"https:\/\/inti.hr\/sr\/proizvod\/zidna-polica-langeland\/","og_site_name":"Inti","og_image":[{"width":1400,"height":1400,"url":"https:\/\/i0.wp.com\/inti.hr\/wp-content\/uploads\/2023\/07\/cec70baa21d024dc19a31977ba9357f7.jpg?fit=1400%2C1400&ssl=1","type":"image\/jpeg"}],"twitter_card":"summary_large_image","twitter_misc":{"\u041f\u0440\u043e\u0446\u0435\u045a\u0435\u043d\u043e \u0432\u0440\u0435\u043c\u0435 \u0447\u0438\u0442\u0430\u045a\u0430":"1 \u043c\u0438\u043d\u0443\u0442"},"schema":{"@context":"https:\/\/schema.org","@graph":[{"@type":"WebPage","@id":"https:\/\/inti.hr\/sr\/proizvod\/zidna-polica-langeland\/","url":"https:\/\/inti.hr\/sr\/proizvod\/zidna-polica-langeland\/","name":"Zidna polica Langeland - Inti","isPartOf":{"@id":"https:\/\/inti.hr\/sr\/#website"},"primaryImageOfPage":{"@id":"https:\/\/inti.hr\/sr\/proizvod\/zidna-polica-langeland\/#primaryimage"},"image":{"@id":"https:\/\/inti.hr\/sr\/proizvod\/zidna-polica-langeland\/#primaryimage"},"thumbnailUrl":"https:\/\/i0.wp.com\/inti.hr\/wp-content\/uploads\/2023\/07\/cec70baa21d024dc19a31977ba9357f7.jpg?fit=1400%2C1400&ssl=1","datePublished":"2023-07-13T07:06:54+00:00","dateModified":"2023-07-13T07:06:54+00:00","description":"\u010cvrsta i prakti\u010dna, polica od bambusa slu\u017ei kao sveobuhvatni organizator za odr\u017eavanje urednosti va\u0161e kupaonice, kuhinje, hodnika ili ulaza. Svojim atraktivnim dizajnom savr\u0161eno se uklapa u svaki interijer.Sustav polica sadr\u017ei dvije zrakopropusne police koje su savr\u0161ene za spremanje raznih predmeta. Bilo da se radi o ukrasnim predmetima, kupaonskom priboru ili proizvodima za pohranu - sve ima svoje mjesto na ovim prostranim policama.Osim toga, odr\u017eiva konstrukcija od bambusa nudi tri kuke na koje mo\u017eete objesiti jakne, ku\u0107ne ogrta\u010de, kuhinjske krpe i mnoge druge predmete. To zna\u010di da uvijek imate najva\u017enije stvari pri ruci.Integrirana dr\u017ea\u010d za ru\u010dnike na vise\u0107oj polici omogu\u0107uje vam da prakti\u010dno objesite svoje ru\u010dnike i odr\u017eite ih suhima i svje\u017eima. Nema vi\u0161e brige o vla\u017enim ru\u010dnicima!Zahvaljuju\u0107i prilo\u017eenom materijalu za monta\u017eu, polica se mo\u017ee brzo i jednostavno pri\u010dvrstiti na zid i va\u0161em \u017eivotnom prostoru daje stilski i moderan \u0161tih.","breadcrumb":{"@id":"https:\/\/inti.hr\/sr\/proizvod\/zidna-polica-langeland\/#breadcrumb"},"inLanguage":"sr-RS","potentialAction":[{"@type":"ReadAction","target":["https:\/\/inti.hr\/sr\/proizvod\/zidna-polica-langeland\/"]}]},{"@type":"ImageObject","inLanguage":"sr-RS","@id":"https:\/\/inti.hr\/sr\/proizvod\/zidna-polica-langeland\/#primaryimage","url":"https:\/\/i0.wp.com\/inti.hr\/wp-content\/uploads\/2023\/07\/cec70baa21d024dc19a31977ba9357f7.jpg?fit=1400%2C1400&ssl=1","contentUrl":"https:\/\/i0.wp.com\/inti.hr\/wp-content\/uploads\/2023\/07\/cec70baa21d024dc19a31977ba9357f7.jpg?fit=1400%2C1400&ssl=1","width":1400,"height":1400},{"@type":"BreadcrumbList","@id":"https:\/\/inti.hr\/sr\/proizvod\/zidna-polica-langeland\/#breadcrumb","itemListElement":[{"@type":"ListItem","position":1,"name":"Po\u010detna stranica","item":"https:\/\/inti.hr\/sr\/"},{"@type":"ListItem","position":2,"name":"Prodavnica","item":"https:\/\/inti.hr\/sr\/prodavnica\/"},{"@type":"ListItem","position":3,"name":"Zidna polica Langeland"}]},{"@type":"WebSite","@id":"https:\/\/inti.hr\/sr\/#website","url":"https:\/\/inti.hr\/sr\/","name":"Inti","description":"trgovina","potentialAction":[{"@type":"SearchAction","target":{"@type":"EntryPoint","urlTemplate":"https:\/\/inti.hr\/sr\/?s={search_term_string}"},"query-input":{"@type":"PropertyValueSpecification","valueRequired":true,"valueName":"search_term_string"}}],"inLanguage":"sr-RS"}]}},"jetpack_sharing_enabled":true,"jetpack-related-posts":[],"_links":{"self":[{"href":"https:\/\/inti.hr\/sr\/wp-json\/wp\/v2\/product\/37611"}],"collection":[{"href":"https:\/\/inti.hr\/sr\/wp-json\/wp\/v2\/product"}],"about":[{"href":"https:\/\/inti.hr\/sr\/wp-json\/wp\/v2\/types\/product"}],"wp:featuredmedia":[{"embeddable":true,"href":"https:\/\/inti.hr\/sr\/wp-json\/wp\/v2\/media\/37612"}],"wp:attachment":[{"href":"https:\/\/inti.hr\/sr\/wp-json\/wp\/v2\/media?parent=37611"}],"wp:term":[{"taxonomy":"product_cat","embeddable":true,"href":"https:\/\/inti.hr\/sr\/wp-json\/wp\/v2\/product_cat?post=37611"},{"taxonomy":"product_tag","embeddable":true,"href":"https:\/\/inti.hr\/sr\/wp-json\/wp\/v2\/product_tag?post=37611"}],"curies":[{"name":"wp","href":"https:\/\/api.w.org\/{rel}","templated":true}]}}