{"id":37650,"date":"2023-07-05T09:27:22","date_gmt":"2023-07-05T09:27:22","guid":{"rendered":"https:\/\/inti.hr\/product\/vertikalna-tenda-sol-royal\/"},"modified":"2023-07-05T09:27:22","modified_gmt":"2023-07-05T09:27:22","slug":"vertikalna-tenda-sol-royal","status":"publish","type":"product","link":"https:\/\/inti.hr\/sr\/proizvod\/vertikalna-tenda-sol-royal\/","title":{"rendered":"Vertikalna tenda Sol Royal"},"content":{"rendered":"<p>Detalji proizvoda:<\/p>\n<p>&nbsp;<\/p>\n<div class=\"a-column a-span6\">\n<table class=\"a-bordered a-horizontal-stripes aplus-tech-spec-table\">\n<tbody>\n<tr>\n<td class=\"a-text-bold\">Vrsta materijala<\/td>\n<td>poliester<\/td>\n<\/tr>\n<tr>\n<td class=\"a-text-bold\">Materijal kasete:<\/td>\n<td>100% aluminij<\/td>\n<\/tr>\n<tr>\n<td class=\"a-text-bold\">Materijal platna tende:<\/td>\n<td>100% poliester s vodoodbojnim PU premazom, 280 g\/m\u00b2<\/td>\n<\/tr>\n<tr>\n<td class=\"a-text-bold\">Te\u017eina:<\/td>\n<td>4300 g<\/td>\n<\/tr>\n<\/tbody>\n<\/table>\n<\/div>\n<div class=\"a-column a-span6 a-span-last\">\n<table class=\"a-bordered a-horizontal-stripes aplus-tech-spec-table\">\n<tbody>\n<tr>\n<td class=\"a-text-bold\">Duljina \u0161ipke:<\/td>\n<td>154,7 cm<\/td>\n<\/tr>\n<tr>\n<td class=\"a-text-bold\">Veli\u010dina platna za tendu<\/td>\n<td>150 x 250 cm<\/td>\n<\/tr>\n<tr>\n<td class=\"a-text-bold\">UV za\u0161tita<\/td>\n<td>Cca.\u00a070-90%<\/td>\n<\/tr>\n<tr>\n<td class=\"a-text-bold\">Skup\u0161tina:<\/td>\n<td>Zid ili strop<\/td>\n<\/tr>\n<\/tbody>\n<\/table>\n<\/div>\n<p>Visokokvalitetan i robustan materijal &#8211; Tkanina za tendu otporna na trganje izra\u0111ena je od poliestera s vodoodbojnim PU premazom. Zahvaljuju\u0107i robusnoj kutiji tende otpornoj na koroziju izra\u0111enoj od 100% aluminija, tenda ostaje posebno izdr\u017eljiva. Balkonsku tendu mo\u017eete \u010distiti vla\u017enom krpom.<br \/>\nUklju\u010duje ru\u010dni valjak i UV za\u0161titu &#8211; Pomo\u0107u uklonjive poluge okomite tende mo\u017eete lako i brzo i slobodno podesiti visinu balkonske tende. Visokokvalitetna ru\u010dica izra\u0111ena je od 100% aluminija i jednostavna je za rukovanje. Nadalje, zaslon za privatnost s UV za\u0161titom od cca. 70-90%.<br \/>\nJednostavno pri\u010dvr\u0161\u0107ivanje &#8211; vanjsko sjenilo dolazi s materijalom za monta\u017eu i uputama za jednostavno postavljanje. S dvije gumene om\u010de na kraju okomite tende za van, mo\u017eete ponovno dodatno pri\u010dvrstiti tendu, dodatne kuke slu\u017ee za jo\u0161 vi\u0161e mogu\u0107nosti monta\u017ee. Tendu mo\u017eete montirati na zid ili strop pomo\u0107u kazete.<br \/>\nOtporan na vremenske uvjete \u2013 na\u0161 balkonski paravan Sol Royal otporan je na toplinu i vremenske uvjete. Kako biste izbjegli \u0161tetu, vozite po suncu po jakim olujama, kao i po ki\u0161i i snijegu. Koristite tendu na balkonu, terasi, krovnoj terasi, trijemu, zimskom vrtu, uredskom prozoru, svla\u010dionici.<\/p>\n","protected":false},"excerpt":{"rendered":"<p>Vertikalna tenda koja \u0161tedi prostor \u2013 rje\u0161enje protiv ne\u017eeljenih pogleda kao &#8230; <\/p>\n","protected":false},"featured_media":37652,"template":"","meta":[],"product_cat":[2485],"product_tag":[3909,2464,3911],"yoast_head":"<!-- This site is optimized with the Yoast SEO plugin v23.7 - https:\/\/yoast.com\/wordpress\/plugins\/seo\/ -->\n<title>Vertikalna tenda Sol Royal - Inti<\/title>\n<meta name=\"description\" content=\"Vertikalna tenda koja \u0161tedi prostor \u2013 rje\u0161enje protiv ne\u017eeljenih pogleda kao i za\u0161tita od vjetra i sunca. Na\u0161a Sol Royal fasadna tenda MS5 s aluminijskom kazetom i uklonjivom ru\u010dicom. Tendu za balkon dobit \u0107ete s potrebnim materijalom za monta\u017eu.\u00a0\" \/>\n<meta name=\"robots\" content=\"index, follow, max-snippet:-1, max-image-preview:large, max-video-preview:-1\" \/>\n<link rel=\"canonical\" href=\"https:\/\/inti.hr\/sr\/proizvod\/vertikalna-tenda-sol-royal\/\" \/>\n<meta property=\"og:locale\" content=\"sr_RS\" \/>\n<meta property=\"og:type\" content=\"article\" \/>\n<meta property=\"og:title\" content=\"Vertikalna tenda Sol Royal - Inti\" \/>\n<meta property=\"og:description\" content=\"Vertikalna tenda koja \u0161tedi prostor \u2013 rje\u0161enje protiv ne\u017eeljenih pogleda kao i za\u0161tita od vjetra i sunca. Na\u0161a Sol Royal fasadna tenda MS5 s aluminijskom kazetom i uklonjivom ru\u010dicom. Tendu za balkon dobit \u0107ete s potrebnim materijalom za monta\u017eu.\u00a0\" \/>\n<meta property=\"og:url\" content=\"https:\/\/inti.hr\/sr\/proizvod\/vertikalna-tenda-sol-royal\/\" \/>\n<meta property=\"og:site_name\" content=\"Inti\" \/>\n<meta property=\"og:image\" content=\"https:\/\/i0.wp.com\/inti.hr\/wp-content\/uploads\/2023\/07\/71ni9oEkwYL._AC_SX569_.jpg?fit=569%2C569&ssl=1\" \/>\n\t<meta property=\"og:image:width\" content=\"569\" \/>\n\t<meta property=\"og:image:height\" content=\"569\" \/>\n\t<meta property=\"og:image:type\" content=\"image\/jpeg\" \/>\n<meta name=\"twitter:card\" content=\"summary_large_image\" \/>\n<meta name=\"twitter:label1\" content=\"\u041f\u0440\u043e\u0446\u0435\u045a\u0435\u043d\u043e \u0432\u0440\u0435\u043c\u0435 \u0447\u0438\u0442\u0430\u045a\u0430\" \/>\n\t<meta name=\"twitter:data1\" content=\"1 \u043c\u0438\u043d\u0443\u0442\" \/>\n<script type=\"application\/ld+json\" class=\"yoast-schema-graph\">{\"@context\":\"https:\/\/schema.org\",\"@graph\":[{\"@type\":\"WebPage\",\"@id\":\"https:\/\/inti.hr\/sr\/proizvod\/vertikalna-tenda-sol-royal\/\",\"url\":\"https:\/\/inti.hr\/sr\/proizvod\/vertikalna-tenda-sol-royal\/\",\"name\":\"Vertikalna tenda Sol Royal - Inti\",\"isPartOf\":{\"@id\":\"https:\/\/inti.hr\/sr\/#website\"},\"primaryImageOfPage\":{\"@id\":\"https:\/\/inti.hr\/sr\/proizvod\/vertikalna-tenda-sol-royal\/#primaryimage\"},\"image\":{\"@id\":\"https:\/\/inti.hr\/sr\/proizvod\/vertikalna-tenda-sol-royal\/#primaryimage\"},\"thumbnailUrl\":\"https:\/\/i0.wp.com\/inti.hr\/wp-content\/uploads\/2023\/07\/71ni9oEkwYL._AC_SX569_.jpg?fit=569%2C569&ssl=1\",\"datePublished\":\"2023-07-05T09:27:22+00:00\",\"dateModified\":\"2023-07-05T09:27:22+00:00\",\"description\":\"Vertikalna tenda koja \u0161tedi prostor \u2013 rje\u0161enje protiv ne\u017eeljenih pogleda kao i za\u0161tita od vjetra i sunca. Na\u0161a Sol Royal fasadna tenda MS5 s aluminijskom kazetom i uklonjivom ru\u010dicom. Tendu za balkon dobit \u0107ete s potrebnim materijalom za monta\u017eu.\u00a0\",\"breadcrumb\":{\"@id\":\"https:\/\/inti.hr\/sr\/proizvod\/vertikalna-tenda-sol-royal\/#breadcrumb\"},\"inLanguage\":\"sr-RS\",\"potentialAction\":[{\"@type\":\"ReadAction\",\"target\":[\"https:\/\/inti.hr\/sr\/proizvod\/vertikalna-tenda-sol-royal\/\"]}]},{\"@type\":\"ImageObject\",\"inLanguage\":\"sr-RS\",\"@id\":\"https:\/\/inti.hr\/sr\/proizvod\/vertikalna-tenda-sol-royal\/#primaryimage\",\"url\":\"https:\/\/i0.wp.com\/inti.hr\/wp-content\/uploads\/2023\/07\/71ni9oEkwYL._AC_SX569_.jpg?fit=569%2C569&ssl=1\",\"contentUrl\":\"https:\/\/i0.wp.com\/inti.hr\/wp-content\/uploads\/2023\/07\/71ni9oEkwYL._AC_SX569_.jpg?fit=569%2C569&ssl=1\",\"width\":569,\"height\":569},{\"@type\":\"BreadcrumbList\",\"@id\":\"https:\/\/inti.hr\/sr\/proizvod\/vertikalna-tenda-sol-royal\/#breadcrumb\",\"itemListElement\":[{\"@type\":\"ListItem\",\"position\":1,\"name\":\"Po\u010detna stranica\",\"item\":\"https:\/\/inti.hr\/sr\/\"},{\"@type\":\"ListItem\",\"position\":2,\"name\":\"Prodavnica\",\"item\":\"https:\/\/inti.hr\/sr\/prodavnica\/\"},{\"@type\":\"ListItem\",\"position\":3,\"name\":\"Vertikalna tenda Sol Royal\"}]},{\"@type\":\"WebSite\",\"@id\":\"https:\/\/inti.hr\/sr\/#website\",\"url\":\"https:\/\/inti.hr\/sr\/\",\"name\":\"Inti\",\"description\":\"trgovina\",\"potentialAction\":[{\"@type\":\"SearchAction\",\"target\":{\"@type\":\"EntryPoint\",\"urlTemplate\":\"https:\/\/inti.hr\/sr\/?s={search_term_string}\"},\"query-input\":{\"@type\":\"PropertyValueSpecification\",\"valueRequired\":true,\"valueName\":\"search_term_string\"}}],\"inLanguage\":\"sr-RS\"}]}<\/script>\n<!-- \/ Yoast SEO plugin. -->","yoast_head_json":{"title":"Vertikalna tenda Sol Royal - Inti","description":"Vertikalna tenda koja \u0161tedi prostor \u2013 rje\u0161enje protiv ne\u017eeljenih pogleda kao i za\u0161tita od vjetra i sunca. Na\u0161a Sol Royal fasadna tenda MS5 s aluminijskom kazetom i uklonjivom ru\u010dicom. Tendu za balkon dobit \u0107ete s potrebnim materijalom za monta\u017eu.\u00a0","robots":{"index":"index","follow":"follow","max-snippet":"max-snippet:-1","max-image-preview":"max-image-preview:large","max-video-preview":"max-video-preview:-1"},"canonical":"https:\/\/inti.hr\/sr\/proizvod\/vertikalna-tenda-sol-royal\/","og_locale":"sr_RS","og_type":"article","og_title":"Vertikalna tenda Sol Royal - Inti","og_description":"Vertikalna tenda koja \u0161tedi prostor \u2013 rje\u0161enje protiv ne\u017eeljenih pogleda kao i za\u0161tita od vjetra i sunca. Na\u0161a Sol Royal fasadna tenda MS5 s aluminijskom kazetom i uklonjivom ru\u010dicom. Tendu za balkon dobit \u0107ete s potrebnim materijalom za monta\u017eu.\u00a0","og_url":"https:\/\/inti.hr\/sr\/proizvod\/vertikalna-tenda-sol-royal\/","og_site_name":"Inti","og_image":[{"width":569,"height":569,"url":"https:\/\/i0.wp.com\/inti.hr\/wp-content\/uploads\/2023\/07\/71ni9oEkwYL._AC_SX569_.jpg?fit=569%2C569&ssl=1","type":"image\/jpeg"}],"twitter_card":"summary_large_image","twitter_misc":{"\u041f\u0440\u043e\u0446\u0435\u045a\u0435\u043d\u043e \u0432\u0440\u0435\u043c\u0435 \u0447\u0438\u0442\u0430\u045a\u0430":"1 \u043c\u0438\u043d\u0443\u0442"},"schema":{"@context":"https:\/\/schema.org","@graph":[{"@type":"WebPage","@id":"https:\/\/inti.hr\/sr\/proizvod\/vertikalna-tenda-sol-royal\/","url":"https:\/\/inti.hr\/sr\/proizvod\/vertikalna-tenda-sol-royal\/","name":"Vertikalna tenda Sol Royal - Inti","isPartOf":{"@id":"https:\/\/inti.hr\/sr\/#website"},"primaryImageOfPage":{"@id":"https:\/\/inti.hr\/sr\/proizvod\/vertikalna-tenda-sol-royal\/#primaryimage"},"image":{"@id":"https:\/\/inti.hr\/sr\/proizvod\/vertikalna-tenda-sol-royal\/#primaryimage"},"thumbnailUrl":"https:\/\/i0.wp.com\/inti.hr\/wp-content\/uploads\/2023\/07\/71ni9oEkwYL._AC_SX569_.jpg?fit=569%2C569&ssl=1","datePublished":"2023-07-05T09:27:22+00:00","dateModified":"2023-07-05T09:27:22+00:00","description":"Vertikalna tenda koja \u0161tedi prostor \u2013 rje\u0161enje protiv ne\u017eeljenih pogleda kao i za\u0161tita od vjetra i sunca. Na\u0161a Sol Royal fasadna tenda MS5 s aluminijskom kazetom i uklonjivom ru\u010dicom. Tendu za balkon dobit \u0107ete s potrebnim materijalom za monta\u017eu.\u00a0","breadcrumb":{"@id":"https:\/\/inti.hr\/sr\/proizvod\/vertikalna-tenda-sol-royal\/#breadcrumb"},"inLanguage":"sr-RS","potentialAction":[{"@type":"ReadAction","target":["https:\/\/inti.hr\/sr\/proizvod\/vertikalna-tenda-sol-royal\/"]}]},{"@type":"ImageObject","inLanguage":"sr-RS","@id":"https:\/\/inti.hr\/sr\/proizvod\/vertikalna-tenda-sol-royal\/#primaryimage","url":"https:\/\/i0.wp.com\/inti.hr\/wp-content\/uploads\/2023\/07\/71ni9oEkwYL._AC_SX569_.jpg?fit=569%2C569&ssl=1","contentUrl":"https:\/\/i0.wp.com\/inti.hr\/wp-content\/uploads\/2023\/07\/71ni9oEkwYL._AC_SX569_.jpg?fit=569%2C569&ssl=1","width":569,"height":569},{"@type":"BreadcrumbList","@id":"https:\/\/inti.hr\/sr\/proizvod\/vertikalna-tenda-sol-royal\/#breadcrumb","itemListElement":[{"@type":"ListItem","position":1,"name":"Po\u010detna stranica","item":"https:\/\/inti.hr\/sr\/"},{"@type":"ListItem","position":2,"name":"Prodavnica","item":"https:\/\/inti.hr\/sr\/prodavnica\/"},{"@type":"ListItem","position":3,"name":"Vertikalna tenda Sol Royal"}]},{"@type":"WebSite","@id":"https:\/\/inti.hr\/sr\/#website","url":"https:\/\/inti.hr\/sr\/","name":"Inti","description":"trgovina","potentialAction":[{"@type":"SearchAction","target":{"@type":"EntryPoint","urlTemplate":"https:\/\/inti.hr\/sr\/?s={search_term_string}"},"query-input":{"@type":"PropertyValueSpecification","valueRequired":true,"valueName":"search_term_string"}}],"inLanguage":"sr-RS"}]}},"jetpack_sharing_enabled":true,"jetpack-related-posts":[],"_links":{"self":[{"href":"https:\/\/inti.hr\/sr\/wp-json\/wp\/v2\/product\/37650"}],"collection":[{"href":"https:\/\/inti.hr\/sr\/wp-json\/wp\/v2\/product"}],"about":[{"href":"https:\/\/inti.hr\/sr\/wp-json\/wp\/v2\/types\/product"}],"wp:featuredmedia":[{"embeddable":true,"href":"https:\/\/inti.hr\/sr\/wp-json\/wp\/v2\/media\/37652"}],"wp:attachment":[{"href":"https:\/\/inti.hr\/sr\/wp-json\/wp\/v2\/media?parent=37650"}],"wp:term":[{"taxonomy":"product_cat","embeddable":true,"href":"https:\/\/inti.hr\/sr\/wp-json\/wp\/v2\/product_cat?post=37650"},{"taxonomy":"product_tag","embeddable":true,"href":"https:\/\/inti.hr\/sr\/wp-json\/wp\/v2\/product_tag?post=37650"}],"curies":[{"name":"wp","href":"https:\/\/api.w.org\/{rel}","templated":true}]}}