{"id":37691,"date":"2023-06-27T06:22:53","date_gmt":"2023-06-27T06:22:53","guid":{"rendered":"https:\/\/inti.hr\/product\/polica-za-igracke-26x50x110cm\/"},"modified":"2023-06-27T06:22:53","modified_gmt":"2023-06-27T06:22:53","slug":"polica-za-igracke-26x50x110cm","status":"publish","type":"product","link":"https:\/\/inti.hr\/sr\/proizvod\/polica-za-igracke-26x50x110cm\/","title":{"rendered":"Polica za igra\u010dke 26x50x110cm"},"content":{"rendered":"<p>Detalji proizvoda:<\/p>\n<p>Te\u017eina: 17,2 kg<br \/>\nTestirano za: 40 kg<br \/>\nMaterijal: Drvena vlakna, bambus, polipropilenska netkana tkanina.<br \/>\nMjere: 50x26x110cm (vidi sliku)<br \/>\nDimenzije paketa: 112x59x15 cm.<br \/>\nS uputama za sastavljanje i vijcima. Jednostavna instalacija.<\/p>\n","protected":false},"excerpt":{"rendered":"<p>Djeci \u0107e se svidjeti \u0161areni i zanimljivi &#8222;autobus&#8220; u njihovoj sobi! &#8230; <\/p>\n","protected":false},"featured_media":37692,"template":"","meta":[],"product_cat":[2411],"product_tag":[3007,2413],"yoast_head":"<!-- This site is optimized with the Yoast SEO plugin v23.7 - https:\/\/yoast.com\/wordpress\/plugins\/seo\/ -->\n<title>Polica za igra\u010dke 26x50x110cm - Inti<\/title>\n<meta name=\"description\" content=\"Djeci \u0107e se svidjeti \u0161areni i zanimljivi &quot;autobus&quot; u njihovoj sobi! Polica u bijeloj boji prakti\u010dki raste s va\u0161im djetetom.Lako se kombinira s ostalim namje\u0161tajem i kasnije mo\u017ee poslu\u017eiti kao prostor za odlaganje u mladena\u010dkoj sobi.S 4 pretinca za organiziranje i skupljanje dje\u010djih knjiga, dokumenata, bro\u0161ura, \u010dasopisa itd.2 platnene kutije za razne igra\u010dke i knjige - Ova polica \u010dini pospremanje u\u017eitkom.Noge od bambusa napravljene su da budu jake i stabilne kako bi osigurale sigurnost va\u0161eg djeteta.\" \/>\n<meta name=\"robots\" content=\"index, follow, max-snippet:-1, max-image-preview:large, max-video-preview:-1\" \/>\n<link rel=\"canonical\" href=\"https:\/\/inti.hr\/sr\/proizvod\/polica-za-igracke-26x50x110cm\/\" \/>\n<meta property=\"og:locale\" content=\"sr_RS\" \/>\n<meta property=\"og:type\" content=\"article\" \/>\n<meta property=\"og:title\" content=\"Polica za igra\u010dke 26x50x110cm - Inti\" \/>\n<meta property=\"og:description\" content=\"Djeci \u0107e se svidjeti \u0161areni i zanimljivi &quot;autobus&quot; u njihovoj sobi! Polica u bijeloj boji prakti\u010dki raste s va\u0161im djetetom.Lako se kombinira s ostalim namje\u0161tajem i kasnije mo\u017ee poslu\u017eiti kao prostor za odlaganje u mladena\u010dkoj sobi.S 4 pretinca za organiziranje i skupljanje dje\u010djih knjiga, dokumenata, bro\u0161ura, \u010dasopisa itd.2 platnene kutije za razne igra\u010dke i knjige - Ova polica \u010dini pospremanje u\u017eitkom.Noge od bambusa napravljene su da budu jake i stabilne kako bi osigurale sigurnost va\u0161eg djeteta.\" \/>\n<meta property=\"og:url\" content=\"https:\/\/inti.hr\/sr\/proizvod\/polica-za-igracke-26x50x110cm\/\" \/>\n<meta property=\"og:site_name\" content=\"Inti\" \/>\n<meta property=\"og:image\" content=\"https:\/\/i0.wp.com\/inti.hr\/wp-content\/uploads\/2023\/06\/KMB67-W-S003.webp?fit=1600%2C1600&ssl=1\" \/>\n\t<meta property=\"og:image:width\" content=\"1600\" \/>\n\t<meta property=\"og:image:height\" content=\"1600\" \/>\n\t<meta property=\"og:image:type\" content=\"image\/webp\" \/>\n<meta name=\"twitter:card\" content=\"summary_large_image\" \/>\n<script type=\"application\/ld+json\" class=\"yoast-schema-graph\">{\"@context\":\"https:\/\/schema.org\",\"@graph\":[{\"@type\":\"WebPage\",\"@id\":\"https:\/\/inti.hr\/sr\/proizvod\/polica-za-igracke-26x50x110cm\/\",\"url\":\"https:\/\/inti.hr\/sr\/proizvod\/polica-za-igracke-26x50x110cm\/\",\"name\":\"Polica za igra\u010dke 26x50x110cm - Inti\",\"isPartOf\":{\"@id\":\"https:\/\/inti.hr\/sr\/#website\"},\"primaryImageOfPage\":{\"@id\":\"https:\/\/inti.hr\/sr\/proizvod\/polica-za-igracke-26x50x110cm\/#primaryimage\"},\"image\":{\"@id\":\"https:\/\/inti.hr\/sr\/proizvod\/polica-za-igracke-26x50x110cm\/#primaryimage\"},\"thumbnailUrl\":\"https:\/\/i0.wp.com\/inti.hr\/wp-content\/uploads\/2023\/06\/KMB67-W-S003.webp?fit=1600%2C1600&ssl=1\",\"datePublished\":\"2023-06-27T06:22:53+00:00\",\"dateModified\":\"2023-06-27T06:22:53+00:00\",\"description\":\"Djeci \u0107e se svidjeti \u0161areni i zanimljivi \\\"autobus\\\" u njihovoj sobi! Polica u bijeloj boji prakti\u010dki raste s va\u0161im djetetom.Lako se kombinira s ostalim namje\u0161tajem i kasnije mo\u017ee poslu\u017eiti kao prostor za odlaganje u mladena\u010dkoj sobi.S 4 pretinca za organiziranje i skupljanje dje\u010djih knjiga, dokumenata, bro\u0161ura, \u010dasopisa itd.2 platnene kutije za razne igra\u010dke i knjige - Ova polica \u010dini pospremanje u\u017eitkom.Noge od bambusa napravljene su da budu jake i stabilne kako bi osigurale sigurnost va\u0161eg djeteta.\",\"breadcrumb\":{\"@id\":\"https:\/\/inti.hr\/sr\/proizvod\/polica-za-igracke-26x50x110cm\/#breadcrumb\"},\"inLanguage\":\"sr-RS\",\"potentialAction\":[{\"@type\":\"ReadAction\",\"target\":[\"https:\/\/inti.hr\/sr\/proizvod\/polica-za-igracke-26x50x110cm\/\"]}]},{\"@type\":\"ImageObject\",\"inLanguage\":\"sr-RS\",\"@id\":\"https:\/\/inti.hr\/sr\/proizvod\/polica-za-igracke-26x50x110cm\/#primaryimage\",\"url\":\"https:\/\/i0.wp.com\/inti.hr\/wp-content\/uploads\/2023\/06\/KMB67-W-S003.webp?fit=1600%2C1600&ssl=1\",\"contentUrl\":\"https:\/\/i0.wp.com\/inti.hr\/wp-content\/uploads\/2023\/06\/KMB67-W-S003.webp?fit=1600%2C1600&ssl=1\",\"width\":1600,\"height\":1600},{\"@type\":\"BreadcrumbList\",\"@id\":\"https:\/\/inti.hr\/sr\/proizvod\/polica-za-igracke-26x50x110cm\/#breadcrumb\",\"itemListElement\":[{\"@type\":\"ListItem\",\"position\":1,\"name\":\"Po\u010detna stranica\",\"item\":\"https:\/\/inti.hr\/sr\/\"},{\"@type\":\"ListItem\",\"position\":2,\"name\":\"Prodavnica\",\"item\":\"https:\/\/inti.hr\/sr\/prodavnica\/\"},{\"@type\":\"ListItem\",\"position\":3,\"name\":\"Polica za igra\u010dke 26x50x110cm\"}]},{\"@type\":\"WebSite\",\"@id\":\"https:\/\/inti.hr\/sr\/#website\",\"url\":\"https:\/\/inti.hr\/sr\/\",\"name\":\"Inti\",\"description\":\"trgovina\",\"potentialAction\":[{\"@type\":\"SearchAction\",\"target\":{\"@type\":\"EntryPoint\",\"urlTemplate\":\"https:\/\/inti.hr\/sr\/?s={search_term_string}\"},\"query-input\":{\"@type\":\"PropertyValueSpecification\",\"valueRequired\":true,\"valueName\":\"search_term_string\"}}],\"inLanguage\":\"sr-RS\"}]}<\/script>\n<!-- \/ Yoast SEO plugin. -->","yoast_head_json":{"title":"Polica za igra\u010dke 26x50x110cm - Inti","description":"Djeci \u0107e se svidjeti \u0161areni i zanimljivi \"autobus\" u njihovoj sobi! Polica u bijeloj boji prakti\u010dki raste s va\u0161im djetetom.Lako se kombinira s ostalim namje\u0161tajem i kasnije mo\u017ee poslu\u017eiti kao prostor za odlaganje u mladena\u010dkoj sobi.S 4 pretinca za organiziranje i skupljanje dje\u010djih knjiga, dokumenata, bro\u0161ura, \u010dasopisa itd.2 platnene kutije za razne igra\u010dke i knjige - Ova polica \u010dini pospremanje u\u017eitkom.Noge od bambusa napravljene su da budu jake i stabilne kako bi osigurale sigurnost va\u0161eg djeteta.","robots":{"index":"index","follow":"follow","max-snippet":"max-snippet:-1","max-image-preview":"max-image-preview:large","max-video-preview":"max-video-preview:-1"},"canonical":"https:\/\/inti.hr\/sr\/proizvod\/polica-za-igracke-26x50x110cm\/","og_locale":"sr_RS","og_type":"article","og_title":"Polica za igra\u010dke 26x50x110cm - Inti","og_description":"Djeci \u0107e se svidjeti \u0161areni i zanimljivi \"autobus\" u njihovoj sobi! Polica u bijeloj boji prakti\u010dki raste s va\u0161im djetetom.Lako se kombinira s ostalim namje\u0161tajem i kasnije mo\u017ee poslu\u017eiti kao prostor za odlaganje u mladena\u010dkoj sobi.S 4 pretinca za organiziranje i skupljanje dje\u010djih knjiga, dokumenata, bro\u0161ura, \u010dasopisa itd.2 platnene kutije za razne igra\u010dke i knjige - Ova polica \u010dini pospremanje u\u017eitkom.Noge od bambusa napravljene su da budu jake i stabilne kako bi osigurale sigurnost va\u0161eg djeteta.","og_url":"https:\/\/inti.hr\/sr\/proizvod\/polica-za-igracke-26x50x110cm\/","og_site_name":"Inti","og_image":[{"width":1600,"height":1600,"url":"https:\/\/i0.wp.com\/inti.hr\/wp-content\/uploads\/2023\/06\/KMB67-W-S003.webp?fit=1600%2C1600&ssl=1","type":"image\/webp"}],"twitter_card":"summary_large_image","schema":{"@context":"https:\/\/schema.org","@graph":[{"@type":"WebPage","@id":"https:\/\/inti.hr\/sr\/proizvod\/polica-za-igracke-26x50x110cm\/","url":"https:\/\/inti.hr\/sr\/proizvod\/polica-za-igracke-26x50x110cm\/","name":"Polica za igra\u010dke 26x50x110cm - Inti","isPartOf":{"@id":"https:\/\/inti.hr\/sr\/#website"},"primaryImageOfPage":{"@id":"https:\/\/inti.hr\/sr\/proizvod\/polica-za-igracke-26x50x110cm\/#primaryimage"},"image":{"@id":"https:\/\/inti.hr\/sr\/proizvod\/polica-za-igracke-26x50x110cm\/#primaryimage"},"thumbnailUrl":"https:\/\/i0.wp.com\/inti.hr\/wp-content\/uploads\/2023\/06\/KMB67-W-S003.webp?fit=1600%2C1600&ssl=1","datePublished":"2023-06-27T06:22:53+00:00","dateModified":"2023-06-27T06:22:53+00:00","description":"Djeci \u0107e se svidjeti \u0161areni i zanimljivi \"autobus\" u njihovoj sobi! Polica u bijeloj boji prakti\u010dki raste s va\u0161im djetetom.Lako se kombinira s ostalim namje\u0161tajem i kasnije mo\u017ee poslu\u017eiti kao prostor za odlaganje u mladena\u010dkoj sobi.S 4 pretinca za organiziranje i skupljanje dje\u010djih knjiga, dokumenata, bro\u0161ura, \u010dasopisa itd.2 platnene kutije za razne igra\u010dke i knjige - Ova polica \u010dini pospremanje u\u017eitkom.Noge od bambusa napravljene su da budu jake i stabilne kako bi osigurale sigurnost va\u0161eg djeteta.","breadcrumb":{"@id":"https:\/\/inti.hr\/sr\/proizvod\/polica-za-igracke-26x50x110cm\/#breadcrumb"},"inLanguage":"sr-RS","potentialAction":[{"@type":"ReadAction","target":["https:\/\/inti.hr\/sr\/proizvod\/polica-za-igracke-26x50x110cm\/"]}]},{"@type":"ImageObject","inLanguage":"sr-RS","@id":"https:\/\/inti.hr\/sr\/proizvod\/polica-za-igracke-26x50x110cm\/#primaryimage","url":"https:\/\/i0.wp.com\/inti.hr\/wp-content\/uploads\/2023\/06\/KMB67-W-S003.webp?fit=1600%2C1600&ssl=1","contentUrl":"https:\/\/i0.wp.com\/inti.hr\/wp-content\/uploads\/2023\/06\/KMB67-W-S003.webp?fit=1600%2C1600&ssl=1","width":1600,"height":1600},{"@type":"BreadcrumbList","@id":"https:\/\/inti.hr\/sr\/proizvod\/polica-za-igracke-26x50x110cm\/#breadcrumb","itemListElement":[{"@type":"ListItem","position":1,"name":"Po\u010detna stranica","item":"https:\/\/inti.hr\/sr\/"},{"@type":"ListItem","position":2,"name":"Prodavnica","item":"https:\/\/inti.hr\/sr\/prodavnica\/"},{"@type":"ListItem","position":3,"name":"Polica za igra\u010dke 26x50x110cm"}]},{"@type":"WebSite","@id":"https:\/\/inti.hr\/sr\/#website","url":"https:\/\/inti.hr\/sr\/","name":"Inti","description":"trgovina","potentialAction":[{"@type":"SearchAction","target":{"@type":"EntryPoint","urlTemplate":"https:\/\/inti.hr\/sr\/?s={search_term_string}"},"query-input":{"@type":"PropertyValueSpecification","valueRequired":true,"valueName":"search_term_string"}}],"inLanguage":"sr-RS"}]}},"jetpack_sharing_enabled":true,"jetpack-related-posts":[],"_links":{"self":[{"href":"https:\/\/inti.hr\/sr\/wp-json\/wp\/v2\/product\/37691"}],"collection":[{"href":"https:\/\/inti.hr\/sr\/wp-json\/wp\/v2\/product"}],"about":[{"href":"https:\/\/inti.hr\/sr\/wp-json\/wp\/v2\/types\/product"}],"wp:featuredmedia":[{"embeddable":true,"href":"https:\/\/inti.hr\/sr\/wp-json\/wp\/v2\/media\/37692"}],"wp:attachment":[{"href":"https:\/\/inti.hr\/sr\/wp-json\/wp\/v2\/media?parent=37691"}],"wp:term":[{"taxonomy":"product_cat","embeddable":true,"href":"https:\/\/inti.hr\/sr\/wp-json\/wp\/v2\/product_cat?post=37691"},{"taxonomy":"product_tag","embeddable":true,"href":"https:\/\/inti.hr\/sr\/wp-json\/wp\/v2\/product_tag?post=37691"}],"curies":[{"name":"wp","href":"https:\/\/api.w.org\/{rel}","templated":true}]}}