{"id":37699,"date":"2023-06-15T08:09:47","date_gmt":"2023-06-15T08:09:47","guid":{"rendered":"https:\/\/inti.hr\/product\/nocni-ormaric-45x35x60-cm-2\/"},"modified":"2023-06-15T08:09:47","modified_gmt":"2023-06-15T08:09:47","slug":"nocni-ormaric-45x35x60-cm-2","status":"publish","type":"product","link":"https:\/\/inti.hr\/sr\/proizvod\/nocni-ormaric-45x35x60-cm-2\/","title":{"rendered":"No\u0107ni ormari\u0107 45x35x60 Cm"},"content":{"rendered":"<p>Detalji proizvoda:<\/p>\n<ul>\n<li>Te\u017eina: 11,45 kg<\/li>\n<li>Kapacitet: 50kg<\/li>\n<li>Materijal: Drvena vlakna.<\/li>\n<li>Mjere: 45x35x60cm (vidi sliku)<\/li>\n<li>Dimenzije paketa: 69x48x13cm.<\/li>\n<li>S uputama za sastavljanje i vijcima.\u00a0Jednostavna instalacija.<\/li>\n<\/ul>\n","protected":false},"excerpt":{"rendered":"<p>Topla i svjetle\u0107a stolna lampa, roman prije spavanja i svje\u017ei aromati\u010dni &#8230; <\/p>\n","protected":false},"featured_media":37700,"template":"","meta":[],"product_cat":[2416],"product_tag":[2676,2677],"yoast_head":"<!-- This site is optimized with the Yoast SEO plugin v23.7 - https:\/\/yoast.com\/wordpress\/plugins\/seo\/ -->\n<title>No\u0107ni ormari\u0107 45x35x60 Cm - Inti<\/title>\n<meta name=\"description\" content=\"Topla i svjetle\u0107a stolna lampa, roman prije spavanja i svje\u017ei aromati\u010dni biljni \u010dajevi... No\u0107ni ormari\u0107 tih je, ali neophodan komad namje\u0161taja u na\u0161oj spava\u0107oj sobi.Uz dobro izra\u0111enu strukturu, ovaj elegantni no\u0107ni ormari\u0107 ne\u0107e se klimati, \u0161to osigurava njegovu izdr\u017eljivost i \u010dvrsto\u0107u.Zahvaljuju\u0107i maloj povr\u0161ini, no\u0107ni ormari\u0107 \u0161tedi prostor, a pristaje i u uske kutove i ni\u0161e.No\u0107ni ormari\u0107 ima 1 otvoreni pretinac i 2 ladice s ru\u010dkama koje pru\u017eaju idealan prostor za pohranu ostalih sitnica.\" \/>\n<meta name=\"robots\" content=\"index, follow, max-snippet:-1, max-image-preview:large, max-video-preview:-1\" \/>\n<link rel=\"canonical\" href=\"https:\/\/inti.hr\/sr\/proizvod\/nocni-ormaric-45x35x60-cm-2\/\" \/>\n<meta property=\"og:locale\" content=\"sr_RS\" \/>\n<meta property=\"og:type\" content=\"article\" \/>\n<meta property=\"og:title\" content=\"No\u0107ni ormari\u0107 45x35x60 Cm - Inti\" \/>\n<meta property=\"og:description\" content=\"Topla i svjetle\u0107a stolna lampa, roman prije spavanja i svje\u017ei aromati\u010dni biljni \u010dajevi... No\u0107ni ormari\u0107 tih je, ali neophodan komad namje\u0161taja u na\u0161oj spava\u0107oj sobi.Uz dobro izra\u0111enu strukturu, ovaj elegantni no\u0107ni ormari\u0107 ne\u0107e se klimati, \u0161to osigurava njegovu izdr\u017eljivost i \u010dvrsto\u0107u.Zahvaljuju\u0107i maloj povr\u0161ini, no\u0107ni ormari\u0107 \u0161tedi prostor, a pristaje i u uske kutove i ni\u0161e.No\u0107ni ormari\u0107 ima 1 otvoreni pretinac i 2 ladice s ru\u010dkama koje pru\u017eaju idealan prostor za pohranu ostalih sitnica.\" \/>\n<meta property=\"og:url\" content=\"https:\/\/inti.hr\/sr\/proizvod\/nocni-ormaric-45x35x60-cm-2\/\" \/>\n<meta property=\"og:site_name\" content=\"Inti\" \/>\n<meta property=\"og:image\" content=\"https:\/\/i0.wp.com\/inti.hr\/wp-content\/uploads\/2023\/06\/FBT114-MI-S005.webp?fit=1600%2C1600&ssl=1\" \/>\n\t<meta property=\"og:image:width\" content=\"1600\" \/>\n\t<meta property=\"og:image:height\" content=\"1600\" \/>\n\t<meta property=\"og:image:type\" content=\"image\/webp\" \/>\n<meta name=\"twitter:card\" content=\"summary_large_image\" \/>\n<script type=\"application\/ld+json\" class=\"yoast-schema-graph\">{\"@context\":\"https:\/\/schema.org\",\"@graph\":[{\"@type\":\"WebPage\",\"@id\":\"https:\/\/inti.hr\/sr\/proizvod\/nocni-ormaric-45x35x60-cm-2\/\",\"url\":\"https:\/\/inti.hr\/sr\/proizvod\/nocni-ormaric-45x35x60-cm-2\/\",\"name\":\"No\u0107ni ormari\u0107 45x35x60 Cm - Inti\",\"isPartOf\":{\"@id\":\"https:\/\/inti.hr\/sr\/#website\"},\"primaryImageOfPage\":{\"@id\":\"https:\/\/inti.hr\/sr\/proizvod\/nocni-ormaric-45x35x60-cm-2\/#primaryimage\"},\"image\":{\"@id\":\"https:\/\/inti.hr\/sr\/proizvod\/nocni-ormaric-45x35x60-cm-2\/#primaryimage\"},\"thumbnailUrl\":\"https:\/\/i0.wp.com\/inti.hr\/wp-content\/uploads\/2023\/06\/FBT114-MI-S005.webp?fit=1600%2C1600&ssl=1\",\"datePublished\":\"2023-06-15T08:09:47+00:00\",\"dateModified\":\"2023-06-15T08:09:47+00:00\",\"description\":\"Topla i svjetle\u0107a stolna lampa, roman prije spavanja i svje\u017ei aromati\u010dni biljni \u010dajevi... No\u0107ni ormari\u0107 tih je, ali neophodan komad namje\u0161taja u na\u0161oj spava\u0107oj sobi.Uz dobro izra\u0111enu strukturu, ovaj elegantni no\u0107ni ormari\u0107 ne\u0107e se klimati, \u0161to osigurava njegovu izdr\u017eljivost i \u010dvrsto\u0107u.Zahvaljuju\u0107i maloj povr\u0161ini, no\u0107ni ormari\u0107 \u0161tedi prostor, a pristaje i u uske kutove i ni\u0161e.No\u0107ni ormari\u0107 ima 1 otvoreni pretinac i 2 ladice s ru\u010dkama koje pru\u017eaju idealan prostor za pohranu ostalih sitnica.\",\"breadcrumb\":{\"@id\":\"https:\/\/inti.hr\/sr\/proizvod\/nocni-ormaric-45x35x60-cm-2\/#breadcrumb\"},\"inLanguage\":\"sr-RS\",\"potentialAction\":[{\"@type\":\"ReadAction\",\"target\":[\"https:\/\/inti.hr\/sr\/proizvod\/nocni-ormaric-45x35x60-cm-2\/\"]}]},{\"@type\":\"ImageObject\",\"inLanguage\":\"sr-RS\",\"@id\":\"https:\/\/inti.hr\/sr\/proizvod\/nocni-ormaric-45x35x60-cm-2\/#primaryimage\",\"url\":\"https:\/\/i0.wp.com\/inti.hr\/wp-content\/uploads\/2023\/06\/FBT114-MI-S005.webp?fit=1600%2C1600&ssl=1\",\"contentUrl\":\"https:\/\/i0.wp.com\/inti.hr\/wp-content\/uploads\/2023\/06\/FBT114-MI-S005.webp?fit=1600%2C1600&ssl=1\",\"width\":1600,\"height\":1600},{\"@type\":\"BreadcrumbList\",\"@id\":\"https:\/\/inti.hr\/sr\/proizvod\/nocni-ormaric-45x35x60-cm-2\/#breadcrumb\",\"itemListElement\":[{\"@type\":\"ListItem\",\"position\":1,\"name\":\"Po\u010detna stranica\",\"item\":\"https:\/\/inti.hr\/sr\/\"},{\"@type\":\"ListItem\",\"position\":2,\"name\":\"Prodavnica\",\"item\":\"https:\/\/inti.hr\/sr\/prodavnica\/\"},{\"@type\":\"ListItem\",\"position\":3,\"name\":\"No\u0107ni ormari\u0107 45x35x60 Cm\"}]},{\"@type\":\"WebSite\",\"@id\":\"https:\/\/inti.hr\/sr\/#website\",\"url\":\"https:\/\/inti.hr\/sr\/\",\"name\":\"Inti\",\"description\":\"trgovina\",\"potentialAction\":[{\"@type\":\"SearchAction\",\"target\":{\"@type\":\"EntryPoint\",\"urlTemplate\":\"https:\/\/inti.hr\/sr\/?s={search_term_string}\"},\"query-input\":{\"@type\":\"PropertyValueSpecification\",\"valueRequired\":true,\"valueName\":\"search_term_string\"}}],\"inLanguage\":\"sr-RS\"}]}<\/script>\n<!-- \/ Yoast SEO plugin. -->","yoast_head_json":{"title":"No\u0107ni ormari\u0107 45x35x60 Cm - Inti","description":"Topla i svjetle\u0107a stolna lampa, roman prije spavanja i svje\u017ei aromati\u010dni biljni \u010dajevi... No\u0107ni ormari\u0107 tih je, ali neophodan komad namje\u0161taja u na\u0161oj spava\u0107oj sobi.Uz dobro izra\u0111enu strukturu, ovaj elegantni no\u0107ni ormari\u0107 ne\u0107e se klimati, \u0161to osigurava njegovu izdr\u017eljivost i \u010dvrsto\u0107u.Zahvaljuju\u0107i maloj povr\u0161ini, no\u0107ni ormari\u0107 \u0161tedi prostor, a pristaje i u uske kutove i ni\u0161e.No\u0107ni ormari\u0107 ima 1 otvoreni pretinac i 2 ladice s ru\u010dkama koje pru\u017eaju idealan prostor za pohranu ostalih sitnica.","robots":{"index":"index","follow":"follow","max-snippet":"max-snippet:-1","max-image-preview":"max-image-preview:large","max-video-preview":"max-video-preview:-1"},"canonical":"https:\/\/inti.hr\/sr\/proizvod\/nocni-ormaric-45x35x60-cm-2\/","og_locale":"sr_RS","og_type":"article","og_title":"No\u0107ni ormari\u0107 45x35x60 Cm - Inti","og_description":"Topla i svjetle\u0107a stolna lampa, roman prije spavanja i svje\u017ei aromati\u010dni biljni \u010dajevi... No\u0107ni ormari\u0107 tih je, ali neophodan komad namje\u0161taja u na\u0161oj spava\u0107oj sobi.Uz dobro izra\u0111enu strukturu, ovaj elegantni no\u0107ni ormari\u0107 ne\u0107e se klimati, \u0161to osigurava njegovu izdr\u017eljivost i \u010dvrsto\u0107u.Zahvaljuju\u0107i maloj povr\u0161ini, no\u0107ni ormari\u0107 \u0161tedi prostor, a pristaje i u uske kutove i ni\u0161e.No\u0107ni ormari\u0107 ima 1 otvoreni pretinac i 2 ladice s ru\u010dkama koje pru\u017eaju idealan prostor za pohranu ostalih sitnica.","og_url":"https:\/\/inti.hr\/sr\/proizvod\/nocni-ormaric-45x35x60-cm-2\/","og_site_name":"Inti","og_image":[{"width":1600,"height":1600,"url":"https:\/\/i0.wp.com\/inti.hr\/wp-content\/uploads\/2023\/06\/FBT114-MI-S005.webp?fit=1600%2C1600&ssl=1","type":"image\/webp"}],"twitter_card":"summary_large_image","schema":{"@context":"https:\/\/schema.org","@graph":[{"@type":"WebPage","@id":"https:\/\/inti.hr\/sr\/proizvod\/nocni-ormaric-45x35x60-cm-2\/","url":"https:\/\/inti.hr\/sr\/proizvod\/nocni-ormaric-45x35x60-cm-2\/","name":"No\u0107ni ormari\u0107 45x35x60 Cm - Inti","isPartOf":{"@id":"https:\/\/inti.hr\/sr\/#website"},"primaryImageOfPage":{"@id":"https:\/\/inti.hr\/sr\/proizvod\/nocni-ormaric-45x35x60-cm-2\/#primaryimage"},"image":{"@id":"https:\/\/inti.hr\/sr\/proizvod\/nocni-ormaric-45x35x60-cm-2\/#primaryimage"},"thumbnailUrl":"https:\/\/i0.wp.com\/inti.hr\/wp-content\/uploads\/2023\/06\/FBT114-MI-S005.webp?fit=1600%2C1600&ssl=1","datePublished":"2023-06-15T08:09:47+00:00","dateModified":"2023-06-15T08:09:47+00:00","description":"Topla i svjetle\u0107a stolna lampa, roman prije spavanja i svje\u017ei aromati\u010dni biljni \u010dajevi... No\u0107ni ormari\u0107 tih je, ali neophodan komad namje\u0161taja u na\u0161oj spava\u0107oj sobi.Uz dobro izra\u0111enu strukturu, ovaj elegantni no\u0107ni ormari\u0107 ne\u0107e se klimati, \u0161to osigurava njegovu izdr\u017eljivost i \u010dvrsto\u0107u.Zahvaljuju\u0107i maloj povr\u0161ini, no\u0107ni ormari\u0107 \u0161tedi prostor, a pristaje i u uske kutove i ni\u0161e.No\u0107ni ormari\u0107 ima 1 otvoreni pretinac i 2 ladice s ru\u010dkama koje pru\u017eaju idealan prostor za pohranu ostalih sitnica.","breadcrumb":{"@id":"https:\/\/inti.hr\/sr\/proizvod\/nocni-ormaric-45x35x60-cm-2\/#breadcrumb"},"inLanguage":"sr-RS","potentialAction":[{"@type":"ReadAction","target":["https:\/\/inti.hr\/sr\/proizvod\/nocni-ormaric-45x35x60-cm-2\/"]}]},{"@type":"ImageObject","inLanguage":"sr-RS","@id":"https:\/\/inti.hr\/sr\/proizvod\/nocni-ormaric-45x35x60-cm-2\/#primaryimage","url":"https:\/\/i0.wp.com\/inti.hr\/wp-content\/uploads\/2023\/06\/FBT114-MI-S005.webp?fit=1600%2C1600&ssl=1","contentUrl":"https:\/\/i0.wp.com\/inti.hr\/wp-content\/uploads\/2023\/06\/FBT114-MI-S005.webp?fit=1600%2C1600&ssl=1","width":1600,"height":1600},{"@type":"BreadcrumbList","@id":"https:\/\/inti.hr\/sr\/proizvod\/nocni-ormaric-45x35x60-cm-2\/#breadcrumb","itemListElement":[{"@type":"ListItem","position":1,"name":"Po\u010detna stranica","item":"https:\/\/inti.hr\/sr\/"},{"@type":"ListItem","position":2,"name":"Prodavnica","item":"https:\/\/inti.hr\/sr\/prodavnica\/"},{"@type":"ListItem","position":3,"name":"No\u0107ni ormari\u0107 45x35x60 Cm"}]},{"@type":"WebSite","@id":"https:\/\/inti.hr\/sr\/#website","url":"https:\/\/inti.hr\/sr\/","name":"Inti","description":"trgovina","potentialAction":[{"@type":"SearchAction","target":{"@type":"EntryPoint","urlTemplate":"https:\/\/inti.hr\/sr\/?s={search_term_string}"},"query-input":{"@type":"PropertyValueSpecification","valueRequired":true,"valueName":"search_term_string"}}],"inLanguage":"sr-RS"}]}},"jetpack_sharing_enabled":true,"jetpack-related-posts":[],"_links":{"self":[{"href":"https:\/\/inti.hr\/sr\/wp-json\/wp\/v2\/product\/37699"}],"collection":[{"href":"https:\/\/inti.hr\/sr\/wp-json\/wp\/v2\/product"}],"about":[{"href":"https:\/\/inti.hr\/sr\/wp-json\/wp\/v2\/types\/product"}],"wp:featuredmedia":[{"embeddable":true,"href":"https:\/\/inti.hr\/sr\/wp-json\/wp\/v2\/media\/37700"}],"wp:attachment":[{"href":"https:\/\/inti.hr\/sr\/wp-json\/wp\/v2\/media?parent=37699"}],"wp:term":[{"taxonomy":"product_cat","embeddable":true,"href":"https:\/\/inti.hr\/sr\/wp-json\/wp\/v2\/product_cat?post=37699"},{"taxonomy":"product_tag","embeddable":true,"href":"https:\/\/inti.hr\/sr\/wp-json\/wp\/v2\/product_tag?post=37699"}],"curies":[{"name":"wp","href":"https:\/\/api.w.org\/{rel}","templated":true}]}}