{"id":37706,"date":"2023-06-15T06:48:32","date_gmt":"2023-06-15T06:48:32","guid":{"rendered":"https:\/\/inti.hr\/product\/nocni-ormaric-s-ladicom-20x60x35-cm\/"},"modified":"2023-06-15T06:48:32","modified_gmt":"2023-06-15T06:48:32","slug":"nocni-ormaric-s-ladicom-20x60x35-cm","status":"publish","type":"product","link":"https:\/\/inti.hr\/sr\/proizvod\/nocni-ormaric-s-ladicom-20x60x35-cm\/","title":{"rendered":"No\u0107ni ormari\u0107 s ladicom 20x60x35 cm"},"content":{"rendered":"<p>Detalji proizvoda:<\/p>\n<p>Te\u017eina: 7,3 kg<br \/>\nNosivost: 20kg<br \/>\nMaterijal: PB(E1), MDF(E1).<br \/>\nDimenzije proizvoda: 20 x 60 x 35 cm (vidi sliku).<br \/>\nVeli\u010dina pakiranja: 69 x 42 x 12 cm<br \/>\nS uputama za sastavljanje i vijcima. Jednostavna instalacija.<\/p>\n","protected":false},"excerpt":{"rendered":"<p>1 ladica i 1 otvoreni pretinac poma\u017eu vam da dobro organizirate &#8230; <\/p>\n","protected":false},"featured_media":37707,"template":"","meta":[],"product_cat":[2416],"product_tag":[5225,2677],"yoast_head":"<!-- This site is optimized with the Yoast SEO plugin v23.7 - https:\/\/yoast.com\/wordpress\/plugins\/seo\/ -->\n<title>No\u0107ni ormari\u0107 s ladicom 20x60x35 cm - Inti<\/title>\n<meta name=\"description\" content=\"1 ladica i 1 otvoreni pretinac poma\u017eu vam da dobro organizirate stvari i olak\u0161avaju vam svakodnevni \u017eivot.Savr\u0161en je komad namje\u0161taja kao no\u0107ni ormari\u0107 u spava\u0107oj sobi, pored sofe u dnevnoj sobi ili kao pomo\u0107ni stoli\u0107 u sobi za primanje. Volite li malo \u010ditati prije spavanja ili provjeravati mobitel, moderni no\u0107ni ormari\u0107 je pravi izbor za vas. S no\u0107nom konzolom uvijek imate svoj pametni telefon, nao\u010dale itd. zgodan pored kreveta. Ovaj no\u0107ni ormari\u0107 s jednom ladicom nudi vam mnogo prostora za pohranu. Mo\u017eete pohraniti knjige, kozmetiku, nekori\u0161tene predmete i druge stvari za koje trenutno nemate mjesta.Okvir je izra\u0111en od PB(E1) i MDF(E1). Glatke povr\u0161ine lako se \u010diste i stvaraju ugodnu atmosferu. Uz dobro izra\u0111enu strukturu, ovaj elegantni no\u0107ni ormari\u0107 ne\u0107e se klimati, \u0161to osigurava njegovu izdr\u017eljivost i \u010dvrsto\u0107u.Noge od filca ispod nogu stola smanjuju buku i \u0161tite pod. Jastu\u010di\u0107i za noge na dnu pove\u0107avaju stabilnost no\u0107nog ormari\u0107a i sprje\u010davaju klizanje te \u0161tite pod od ogrebotina.\u0160irina od 20 cm omogu\u0107uje fleksibilno postavljanje ove police gdje god je potrebno. Za pohranu vam je potrebna samo ni\u0161a duljine ruke, \u0161to vam daje dodatni prostor za pohranu.Elegantna mje\u0161avina bijele i prirodne boje savr\u0161eno se sla\u017ee s mnogim stilovima interijera.\" \/>\n<meta name=\"robots\" content=\"index, follow, max-snippet:-1, max-image-preview:large, max-video-preview:-1\" \/>\n<link rel=\"canonical\" href=\"https:\/\/inti.hr\/sr\/proizvod\/nocni-ormaric-s-ladicom-20x60x35-cm\/\" \/>\n<meta property=\"og:locale\" content=\"sr_RS\" \/>\n<meta property=\"og:type\" content=\"article\" \/>\n<meta property=\"og:title\" content=\"No\u0107ni ormari\u0107 s ladicom 20x60x35 cm - Inti\" \/>\n<meta property=\"og:description\" content=\"1 ladica i 1 otvoreni pretinac poma\u017eu vam da dobro organizirate stvari i olak\u0161avaju vam svakodnevni \u017eivot.Savr\u0161en je komad namje\u0161taja kao no\u0107ni ormari\u0107 u spava\u0107oj sobi, pored sofe u dnevnoj sobi ili kao pomo\u0107ni stoli\u0107 u sobi za primanje. Volite li malo \u010ditati prije spavanja ili provjeravati mobitel, moderni no\u0107ni ormari\u0107 je pravi izbor za vas. S no\u0107nom konzolom uvijek imate svoj pametni telefon, nao\u010dale itd. zgodan pored kreveta. Ovaj no\u0107ni ormari\u0107 s jednom ladicom nudi vam mnogo prostora za pohranu. Mo\u017eete pohraniti knjige, kozmetiku, nekori\u0161tene predmete i druge stvari za koje trenutno nemate mjesta.Okvir je izra\u0111en od PB(E1) i MDF(E1). Glatke povr\u0161ine lako se \u010diste i stvaraju ugodnu atmosferu. Uz dobro izra\u0111enu strukturu, ovaj elegantni no\u0107ni ormari\u0107 ne\u0107e se klimati, \u0161to osigurava njegovu izdr\u017eljivost i \u010dvrsto\u0107u.Noge od filca ispod nogu stola smanjuju buku i \u0161tite pod. Jastu\u010di\u0107i za noge na dnu pove\u0107avaju stabilnost no\u0107nog ormari\u0107a i sprje\u010davaju klizanje te \u0161tite pod od ogrebotina.\u0160irina od 20 cm omogu\u0107uje fleksibilno postavljanje ove police gdje god je potrebno. Za pohranu vam je potrebna samo ni\u0161a duljine ruke, \u0161to vam daje dodatni prostor za pohranu.Elegantna mje\u0161avina bijele i prirodne boje savr\u0161eno se sla\u017ee s mnogim stilovima interijera.\" \/>\n<meta property=\"og:url\" content=\"https:\/\/inti.hr\/sr\/proizvod\/nocni-ormaric-s-ladicom-20x60x35-cm\/\" \/>\n<meta property=\"og:site_name\" content=\"Inti\" \/>\n<meta property=\"og:image\" content=\"https:\/\/i0.wp.com\/inti.hr\/wp-content\/uploads\/2023\/06\/FBT111-N-Y001_800x.webp?fit=800%2C800&ssl=1\" \/>\n\t<meta property=\"og:image:width\" content=\"800\" \/>\n\t<meta property=\"og:image:height\" content=\"800\" \/>\n\t<meta property=\"og:image:type\" content=\"image\/webp\" \/>\n<meta name=\"twitter:card\" content=\"summary_large_image\" \/>\n<script type=\"application\/ld+json\" class=\"yoast-schema-graph\">{\"@context\":\"https:\/\/schema.org\",\"@graph\":[{\"@type\":\"WebPage\",\"@id\":\"https:\/\/inti.hr\/sr\/proizvod\/nocni-ormaric-s-ladicom-20x60x35-cm\/\",\"url\":\"https:\/\/inti.hr\/sr\/proizvod\/nocni-ormaric-s-ladicom-20x60x35-cm\/\",\"name\":\"No\u0107ni ormari\u0107 s ladicom 20x60x35 cm - Inti\",\"isPartOf\":{\"@id\":\"https:\/\/inti.hr\/sr\/#website\"},\"primaryImageOfPage\":{\"@id\":\"https:\/\/inti.hr\/sr\/proizvod\/nocni-ormaric-s-ladicom-20x60x35-cm\/#primaryimage\"},\"image\":{\"@id\":\"https:\/\/inti.hr\/sr\/proizvod\/nocni-ormaric-s-ladicom-20x60x35-cm\/#primaryimage\"},\"thumbnailUrl\":\"https:\/\/i0.wp.com\/inti.hr\/wp-content\/uploads\/2023\/06\/FBT111-N-Y001_800x.webp?fit=800%2C800&ssl=1\",\"datePublished\":\"2023-06-15T06:48:32+00:00\",\"dateModified\":\"2023-06-15T06:48:32+00:00\",\"description\":\"1 ladica i 1 otvoreni pretinac poma\u017eu vam da dobro organizirate stvari i olak\u0161avaju vam svakodnevni \u017eivot.Savr\u0161en je komad namje\u0161taja kao no\u0107ni ormari\u0107 u spava\u0107oj sobi, pored sofe u dnevnoj sobi ili kao pomo\u0107ni stoli\u0107 u sobi za primanje. Volite li malo \u010ditati prije spavanja ili provjeravati mobitel, moderni no\u0107ni ormari\u0107 je pravi izbor za vas. S no\u0107nom konzolom uvijek imate svoj pametni telefon, nao\u010dale itd. zgodan pored kreveta. Ovaj no\u0107ni ormari\u0107 s jednom ladicom nudi vam mnogo prostora za pohranu. Mo\u017eete pohraniti knjige, kozmetiku, nekori\u0161tene predmete i druge stvari za koje trenutno nemate mjesta.Okvir je izra\u0111en od PB(E1) i MDF(E1). Glatke povr\u0161ine lako se \u010diste i stvaraju ugodnu atmosferu. Uz dobro izra\u0111enu strukturu, ovaj elegantni no\u0107ni ormari\u0107 ne\u0107e se klimati, \u0161to osigurava njegovu izdr\u017eljivost i \u010dvrsto\u0107u.Noge od filca ispod nogu stola smanjuju buku i \u0161tite pod. Jastu\u010di\u0107i za noge na dnu pove\u0107avaju stabilnost no\u0107nog ormari\u0107a i sprje\u010davaju klizanje te \u0161tite pod od ogrebotina.\u0160irina od 20 cm omogu\u0107uje fleksibilno postavljanje ove police gdje god je potrebno. Za pohranu vam je potrebna samo ni\u0161a duljine ruke, \u0161to vam daje dodatni prostor za pohranu.Elegantna mje\u0161avina bijele i prirodne boje savr\u0161eno se sla\u017ee s mnogim stilovima interijera.\",\"breadcrumb\":{\"@id\":\"https:\/\/inti.hr\/sr\/proizvod\/nocni-ormaric-s-ladicom-20x60x35-cm\/#breadcrumb\"},\"inLanguage\":\"sr-RS\",\"potentialAction\":[{\"@type\":\"ReadAction\",\"target\":[\"https:\/\/inti.hr\/sr\/proizvod\/nocni-ormaric-s-ladicom-20x60x35-cm\/\"]}]},{\"@type\":\"ImageObject\",\"inLanguage\":\"sr-RS\",\"@id\":\"https:\/\/inti.hr\/sr\/proizvod\/nocni-ormaric-s-ladicom-20x60x35-cm\/#primaryimage\",\"url\":\"https:\/\/i0.wp.com\/inti.hr\/wp-content\/uploads\/2023\/06\/FBT111-N-Y001_800x.webp?fit=800%2C800&ssl=1\",\"contentUrl\":\"https:\/\/i0.wp.com\/inti.hr\/wp-content\/uploads\/2023\/06\/FBT111-N-Y001_800x.webp?fit=800%2C800&ssl=1\",\"width\":800,\"height\":800},{\"@type\":\"BreadcrumbList\",\"@id\":\"https:\/\/inti.hr\/sr\/proizvod\/nocni-ormaric-s-ladicom-20x60x35-cm\/#breadcrumb\",\"itemListElement\":[{\"@type\":\"ListItem\",\"position\":1,\"name\":\"Po\u010detna stranica\",\"item\":\"https:\/\/inti.hr\/sr\/\"},{\"@type\":\"ListItem\",\"position\":2,\"name\":\"Prodavnica\",\"item\":\"https:\/\/inti.hr\/sr\/prodavnica\/\"},{\"@type\":\"ListItem\",\"position\":3,\"name\":\"No\u0107ni ormari\u0107 s ladicom 20x60x35 cm\"}]},{\"@type\":\"WebSite\",\"@id\":\"https:\/\/inti.hr\/sr\/#website\",\"url\":\"https:\/\/inti.hr\/sr\/\",\"name\":\"Inti\",\"description\":\"trgovina\",\"potentialAction\":[{\"@type\":\"SearchAction\",\"target\":{\"@type\":\"EntryPoint\",\"urlTemplate\":\"https:\/\/inti.hr\/sr\/?s={search_term_string}\"},\"query-input\":{\"@type\":\"PropertyValueSpecification\",\"valueRequired\":true,\"valueName\":\"search_term_string\"}}],\"inLanguage\":\"sr-RS\"}]}<\/script>\n<!-- \/ Yoast SEO plugin. -->","yoast_head_json":{"title":"No\u0107ni ormari\u0107 s ladicom 20x60x35 cm - Inti","description":"1 ladica i 1 otvoreni pretinac poma\u017eu vam da dobro organizirate stvari i olak\u0161avaju vam svakodnevni \u017eivot.Savr\u0161en je komad namje\u0161taja kao no\u0107ni ormari\u0107 u spava\u0107oj sobi, pored sofe u dnevnoj sobi ili kao pomo\u0107ni stoli\u0107 u sobi za primanje. Volite li malo \u010ditati prije spavanja ili provjeravati mobitel, moderni no\u0107ni ormari\u0107 je pravi izbor za vas. S no\u0107nom konzolom uvijek imate svoj pametni telefon, nao\u010dale itd. zgodan pored kreveta. Ovaj no\u0107ni ormari\u0107 s jednom ladicom nudi vam mnogo prostora za pohranu. Mo\u017eete pohraniti knjige, kozmetiku, nekori\u0161tene predmete i druge stvari za koje trenutno nemate mjesta.Okvir je izra\u0111en od PB(E1) i MDF(E1). Glatke povr\u0161ine lako se \u010diste i stvaraju ugodnu atmosferu. Uz dobro izra\u0111enu strukturu, ovaj elegantni no\u0107ni ormari\u0107 ne\u0107e se klimati, \u0161to osigurava njegovu izdr\u017eljivost i \u010dvrsto\u0107u.Noge od filca ispod nogu stola smanjuju buku i \u0161tite pod. Jastu\u010di\u0107i za noge na dnu pove\u0107avaju stabilnost no\u0107nog ormari\u0107a i sprje\u010davaju klizanje te \u0161tite pod od ogrebotina.\u0160irina od 20 cm omogu\u0107uje fleksibilno postavljanje ove police gdje god je potrebno. Za pohranu vam je potrebna samo ni\u0161a duljine ruke, \u0161to vam daje dodatni prostor za pohranu.Elegantna mje\u0161avina bijele i prirodne boje savr\u0161eno se sla\u017ee s mnogim stilovima interijera.","robots":{"index":"index","follow":"follow","max-snippet":"max-snippet:-1","max-image-preview":"max-image-preview:large","max-video-preview":"max-video-preview:-1"},"canonical":"https:\/\/inti.hr\/sr\/proizvod\/nocni-ormaric-s-ladicom-20x60x35-cm\/","og_locale":"sr_RS","og_type":"article","og_title":"No\u0107ni ormari\u0107 s ladicom 20x60x35 cm - Inti","og_description":"1 ladica i 1 otvoreni pretinac poma\u017eu vam da dobro organizirate stvari i olak\u0161avaju vam svakodnevni \u017eivot.Savr\u0161en je komad namje\u0161taja kao no\u0107ni ormari\u0107 u spava\u0107oj sobi, pored sofe u dnevnoj sobi ili kao pomo\u0107ni stoli\u0107 u sobi za primanje. Volite li malo \u010ditati prije spavanja ili provjeravati mobitel, moderni no\u0107ni ormari\u0107 je pravi izbor za vas. S no\u0107nom konzolom uvijek imate svoj pametni telefon, nao\u010dale itd. zgodan pored kreveta. Ovaj no\u0107ni ormari\u0107 s jednom ladicom nudi vam mnogo prostora za pohranu. Mo\u017eete pohraniti knjige, kozmetiku, nekori\u0161tene predmete i druge stvari za koje trenutno nemate mjesta.Okvir je izra\u0111en od PB(E1) i MDF(E1). Glatke povr\u0161ine lako se \u010diste i stvaraju ugodnu atmosferu. Uz dobro izra\u0111enu strukturu, ovaj elegantni no\u0107ni ormari\u0107 ne\u0107e se klimati, \u0161to osigurava njegovu izdr\u017eljivost i \u010dvrsto\u0107u.Noge od filca ispod nogu stola smanjuju buku i \u0161tite pod. Jastu\u010di\u0107i za noge na dnu pove\u0107avaju stabilnost no\u0107nog ormari\u0107a i sprje\u010davaju klizanje te \u0161tite pod od ogrebotina.\u0160irina od 20 cm omogu\u0107uje fleksibilno postavljanje ove police gdje god je potrebno. Za pohranu vam je potrebna samo ni\u0161a duljine ruke, \u0161to vam daje dodatni prostor za pohranu.Elegantna mje\u0161avina bijele i prirodne boje savr\u0161eno se sla\u017ee s mnogim stilovima interijera.","og_url":"https:\/\/inti.hr\/sr\/proizvod\/nocni-ormaric-s-ladicom-20x60x35-cm\/","og_site_name":"Inti","og_image":[{"width":800,"height":800,"url":"https:\/\/i0.wp.com\/inti.hr\/wp-content\/uploads\/2023\/06\/FBT111-N-Y001_800x.webp?fit=800%2C800&ssl=1","type":"image\/webp"}],"twitter_card":"summary_large_image","schema":{"@context":"https:\/\/schema.org","@graph":[{"@type":"WebPage","@id":"https:\/\/inti.hr\/sr\/proizvod\/nocni-ormaric-s-ladicom-20x60x35-cm\/","url":"https:\/\/inti.hr\/sr\/proizvod\/nocni-ormaric-s-ladicom-20x60x35-cm\/","name":"No\u0107ni ormari\u0107 s ladicom 20x60x35 cm - Inti","isPartOf":{"@id":"https:\/\/inti.hr\/sr\/#website"},"primaryImageOfPage":{"@id":"https:\/\/inti.hr\/sr\/proizvod\/nocni-ormaric-s-ladicom-20x60x35-cm\/#primaryimage"},"image":{"@id":"https:\/\/inti.hr\/sr\/proizvod\/nocni-ormaric-s-ladicom-20x60x35-cm\/#primaryimage"},"thumbnailUrl":"https:\/\/i0.wp.com\/inti.hr\/wp-content\/uploads\/2023\/06\/FBT111-N-Y001_800x.webp?fit=800%2C800&ssl=1","datePublished":"2023-06-15T06:48:32+00:00","dateModified":"2023-06-15T06:48:32+00:00","description":"1 ladica i 1 otvoreni pretinac poma\u017eu vam da dobro organizirate stvari i olak\u0161avaju vam svakodnevni \u017eivot.Savr\u0161en je komad namje\u0161taja kao no\u0107ni ormari\u0107 u spava\u0107oj sobi, pored sofe u dnevnoj sobi ili kao pomo\u0107ni stoli\u0107 u sobi za primanje. Volite li malo \u010ditati prije spavanja ili provjeravati mobitel, moderni no\u0107ni ormari\u0107 je pravi izbor za vas. S no\u0107nom konzolom uvijek imate svoj pametni telefon, nao\u010dale itd. zgodan pored kreveta. Ovaj no\u0107ni ormari\u0107 s jednom ladicom nudi vam mnogo prostora za pohranu. Mo\u017eete pohraniti knjige, kozmetiku, nekori\u0161tene predmete i druge stvari za koje trenutno nemate mjesta.Okvir je izra\u0111en od PB(E1) i MDF(E1). Glatke povr\u0161ine lako se \u010diste i stvaraju ugodnu atmosferu. Uz dobro izra\u0111enu strukturu, ovaj elegantni no\u0107ni ormari\u0107 ne\u0107e se klimati, \u0161to osigurava njegovu izdr\u017eljivost i \u010dvrsto\u0107u.Noge od filca ispod nogu stola smanjuju buku i \u0161tite pod. Jastu\u010di\u0107i za noge na dnu pove\u0107avaju stabilnost no\u0107nog ormari\u0107a i sprje\u010davaju klizanje te \u0161tite pod od ogrebotina.\u0160irina od 20 cm omogu\u0107uje fleksibilno postavljanje ove police gdje god je potrebno. Za pohranu vam je potrebna samo ni\u0161a duljine ruke, \u0161to vam daje dodatni prostor za pohranu.Elegantna mje\u0161avina bijele i prirodne boje savr\u0161eno se sla\u017ee s mnogim stilovima interijera.","breadcrumb":{"@id":"https:\/\/inti.hr\/sr\/proizvod\/nocni-ormaric-s-ladicom-20x60x35-cm\/#breadcrumb"},"inLanguage":"sr-RS","potentialAction":[{"@type":"ReadAction","target":["https:\/\/inti.hr\/sr\/proizvod\/nocni-ormaric-s-ladicom-20x60x35-cm\/"]}]},{"@type":"ImageObject","inLanguage":"sr-RS","@id":"https:\/\/inti.hr\/sr\/proizvod\/nocni-ormaric-s-ladicom-20x60x35-cm\/#primaryimage","url":"https:\/\/i0.wp.com\/inti.hr\/wp-content\/uploads\/2023\/06\/FBT111-N-Y001_800x.webp?fit=800%2C800&ssl=1","contentUrl":"https:\/\/i0.wp.com\/inti.hr\/wp-content\/uploads\/2023\/06\/FBT111-N-Y001_800x.webp?fit=800%2C800&ssl=1","width":800,"height":800},{"@type":"BreadcrumbList","@id":"https:\/\/inti.hr\/sr\/proizvod\/nocni-ormaric-s-ladicom-20x60x35-cm\/#breadcrumb","itemListElement":[{"@type":"ListItem","position":1,"name":"Po\u010detna stranica","item":"https:\/\/inti.hr\/sr\/"},{"@type":"ListItem","position":2,"name":"Prodavnica","item":"https:\/\/inti.hr\/sr\/prodavnica\/"},{"@type":"ListItem","position":3,"name":"No\u0107ni ormari\u0107 s ladicom 20x60x35 cm"}]},{"@type":"WebSite","@id":"https:\/\/inti.hr\/sr\/#website","url":"https:\/\/inti.hr\/sr\/","name":"Inti","description":"trgovina","potentialAction":[{"@type":"SearchAction","target":{"@type":"EntryPoint","urlTemplate":"https:\/\/inti.hr\/sr\/?s={search_term_string}"},"query-input":{"@type":"PropertyValueSpecification","valueRequired":true,"valueName":"search_term_string"}}],"inLanguage":"sr-RS"}]}},"jetpack_sharing_enabled":true,"jetpack-related-posts":[],"_links":{"self":[{"href":"https:\/\/inti.hr\/sr\/wp-json\/wp\/v2\/product\/37706"}],"collection":[{"href":"https:\/\/inti.hr\/sr\/wp-json\/wp\/v2\/product"}],"about":[{"href":"https:\/\/inti.hr\/sr\/wp-json\/wp\/v2\/types\/product"}],"wp:featuredmedia":[{"embeddable":true,"href":"https:\/\/inti.hr\/sr\/wp-json\/wp\/v2\/media\/37707"}],"wp:attachment":[{"href":"https:\/\/inti.hr\/sr\/wp-json\/wp\/v2\/media?parent=37706"}],"wp:term":[{"taxonomy":"product_cat","embeddable":true,"href":"https:\/\/inti.hr\/sr\/wp-json\/wp\/v2\/product_cat?post=37706"},{"taxonomy":"product_tag","embeddable":true,"href":"https:\/\/inti.hr\/sr\/wp-json\/wp\/v2\/product_tag?post=37706"}],"curies":[{"name":"wp","href":"https:\/\/api.w.org\/{rel}","templated":true}]}}