{"id":37727,"date":"2023-06-13T06:48:00","date_gmt":"2023-06-13T06:48:00","guid":{"rendered":"https:\/\/inti.hr\/product\/kanta-za-smece-54-litre-3-x-18-l\/"},"modified":"2023-06-13T06:48:00","modified_gmt":"2023-06-13T06:48:00","slug":"kanta-za-smece-54-litre-3-x-18-l","status":"publish","type":"product","link":"https:\/\/inti.hr\/sr\/proizvod\/kanta-za-smece-54-litre-3-x-18-l\/","title":{"rendered":"Kanta za sme\u0107e 54 litre (3 x 18 L)"},"content":{"rendered":"<p>&nbsp;<\/p>\n<p>Materijal: \u010delik, PP plastika (unutarnja posuda), ABS plastika (poklopac)<\/p>\n<p>Ukupna veli\u010dina: 61,5 x 31,5 x 56 cm (D x \u0160 x V)<\/p>\n<p>Veli\u010dina svake unutarnje kante: 18 x 26,5 x 49 cm (D x \u0160 x V)<\/p>\n<p>Ukupna visina (s otvorenim poklopcem): 84,5 cm<\/p>\n<p>Te\u017eina: 9,1 kg<\/p>\n","protected":false},"excerpt":{"rendered":"<p>Estetika i funkcionalnost susre\u0107u se u ovoj kanti za sme\u0107e s &#8230; <\/p>\n","protected":false},"featured_media":37728,"template":"","meta":[],"product_cat":[2539],"product_tag":[2866,2757,5231],"yoast_head":"<!-- This site is optimized with the Yoast SEO plugin v23.7 - https:\/\/yoast.com\/wordpress\/plugins\/seo\/ -->\n<title>Kanta za sme\u0107e 54 litre (3 x 18 L) - Inti<\/title>\n<meta name=\"description\" content=\"Estetika i funkcionalnost susre\u0107u se u ovoj kanti za sme\u0107e s tri pedale; ne samo da privla\u010di pa\u017enju u va\u0161oj kuhinji, ve\u0107 \u010dini i odvajanje i odlaganje otpada dje\u010djom igrom! Vre\u0107a za sme\u0107e je ve\u0107 opet razderana i kanta za sme\u0107e je iznutra sva ljepljiva.\u00a0Bez panike!\u00a0Unutarnje kante se lako mogu podi\u0107i iz spremnika za otpad i bez problema o\u010distiti. Srebrno-crnu kantu s 3 pretinca od 18 litara, opremljenu prakti\u010dnim pedalama i uklonjivim unutarnjim kantama. Time je odlaganje i razvrstavanje otpada dje\u010dja igra! \u00a0Iako ima tvrdu vanjsku posudu, ova kanta ima i svoju mekanu stranu - zahvaljuju\u0107i ugra\u0111enom prigu\u0161iva\u010du, poklopac se polako zatvara;\u00a0hermeti\u010dko brtvljenje \u0161titi vas od lo\u0161ih mirisa. Pravokutnu kantu za sme\u0107e mo\u017eete jednostavno postaviti u kut ili uza zid, \u0161to zauzima manje prostora od okruglog modela.\u00a0Poklopac ne udara o njega prilikom otvaranja\" \/>\n<meta name=\"robots\" content=\"index, follow, max-snippet:-1, max-image-preview:large, max-video-preview:-1\" \/>\n<link rel=\"canonical\" href=\"https:\/\/inti.hr\/sr\/proizvod\/kanta-za-smece-54-litre-3-x-18-l\/\" \/>\n<meta property=\"og:locale\" content=\"sr_RS\" \/>\n<meta property=\"og:type\" content=\"article\" \/>\n<meta property=\"og:title\" content=\"Kanta za sme\u0107e 54 litre (3 x 18 L) - Inti\" \/>\n<meta property=\"og:description\" content=\"Estetika i funkcionalnost susre\u0107u se u ovoj kanti za sme\u0107e s tri pedale; ne samo da privla\u010di pa\u017enju u va\u0161oj kuhinji, ve\u0107 \u010dini i odvajanje i odlaganje otpada dje\u010djom igrom! Vre\u0107a za sme\u0107e je ve\u0107 opet razderana i kanta za sme\u0107e je iznutra sva ljepljiva.\u00a0Bez panike!\u00a0Unutarnje kante se lako mogu podi\u0107i iz spremnika za otpad i bez problema o\u010distiti. Srebrno-crnu kantu s 3 pretinca od 18 litara, opremljenu prakti\u010dnim pedalama i uklonjivim unutarnjim kantama. Time je odlaganje i razvrstavanje otpada dje\u010dja igra! \u00a0Iako ima tvrdu vanjsku posudu, ova kanta ima i svoju mekanu stranu - zahvaljuju\u0107i ugra\u0111enom prigu\u0161iva\u010du, poklopac se polako zatvara;\u00a0hermeti\u010dko brtvljenje \u0161titi vas od lo\u0161ih mirisa. Pravokutnu kantu za sme\u0107e mo\u017eete jednostavno postaviti u kut ili uza zid, \u0161to zauzima manje prostora od okruglog modela.\u00a0Poklopac ne udara o njega prilikom otvaranja\" \/>\n<meta property=\"og:url\" content=\"https:\/\/inti.hr\/sr\/proizvod\/kanta-za-smece-54-litre-3-x-18-l\/\" \/>\n<meta property=\"og:site_name\" content=\"Inti\" \/>\n<meta property=\"og:image\" content=\"https:\/\/i0.wp.com\/inti.hr\/wp-content\/uploads\/2023\/06\/LTB54NL-1.jpg?fit=1000%2C1000&ssl=1\" \/>\n\t<meta property=\"og:image:width\" content=\"1000\" \/>\n\t<meta property=\"og:image:height\" content=\"1000\" \/>\n\t<meta property=\"og:image:type\" content=\"image\/jpeg\" \/>\n<meta name=\"twitter:card\" content=\"summary_large_image\" \/>\n<script type=\"application\/ld+json\" class=\"yoast-schema-graph\">{\"@context\":\"https:\/\/schema.org\",\"@graph\":[{\"@type\":\"WebPage\",\"@id\":\"https:\/\/inti.hr\/sr\/proizvod\/kanta-za-smece-54-litre-3-x-18-l\/\",\"url\":\"https:\/\/inti.hr\/sr\/proizvod\/kanta-za-smece-54-litre-3-x-18-l\/\",\"name\":\"Kanta za sme\u0107e 54 litre (3 x 18 L) - Inti\",\"isPartOf\":{\"@id\":\"https:\/\/inti.hr\/sr\/#website\"},\"primaryImageOfPage\":{\"@id\":\"https:\/\/inti.hr\/sr\/proizvod\/kanta-za-smece-54-litre-3-x-18-l\/#primaryimage\"},\"image\":{\"@id\":\"https:\/\/inti.hr\/sr\/proizvod\/kanta-za-smece-54-litre-3-x-18-l\/#primaryimage\"},\"thumbnailUrl\":\"https:\/\/i0.wp.com\/inti.hr\/wp-content\/uploads\/2023\/06\/LTB54NL-1.jpg?fit=1000%2C1000&ssl=1\",\"datePublished\":\"2023-06-13T06:48:00+00:00\",\"dateModified\":\"2023-06-13T06:48:00+00:00\",\"description\":\"Estetika i funkcionalnost susre\u0107u se u ovoj kanti za sme\u0107e s tri pedale; ne samo da privla\u010di pa\u017enju u va\u0161oj kuhinji, ve\u0107 \u010dini i odvajanje i odlaganje otpada dje\u010djom igrom! Vre\u0107a za sme\u0107e je ve\u0107 opet razderana i kanta za sme\u0107e je iznutra sva ljepljiva.\u00a0Bez panike!\u00a0Unutarnje kante se lako mogu podi\u0107i iz spremnika za otpad i bez problema o\u010distiti. Srebrno-crnu kantu s 3 pretinca od 18 litara, opremljenu prakti\u010dnim pedalama i uklonjivim unutarnjim kantama. Time je odlaganje i razvrstavanje otpada dje\u010dja igra! \u00a0Iako ima tvrdu vanjsku posudu, ova kanta ima i svoju mekanu stranu - zahvaljuju\u0107i ugra\u0111enom prigu\u0161iva\u010du, poklopac se polako zatvara;\u00a0hermeti\u010dko brtvljenje \u0161titi vas od lo\u0161ih mirisa. Pravokutnu kantu za sme\u0107e mo\u017eete jednostavno postaviti u kut ili uza zid, \u0161to zauzima manje prostora od okruglog modela.\u00a0Poklopac ne udara o njega prilikom otvaranja\",\"breadcrumb\":{\"@id\":\"https:\/\/inti.hr\/sr\/proizvod\/kanta-za-smece-54-litre-3-x-18-l\/#breadcrumb\"},\"inLanguage\":\"sr-RS\",\"potentialAction\":[{\"@type\":\"ReadAction\",\"target\":[\"https:\/\/inti.hr\/sr\/proizvod\/kanta-za-smece-54-litre-3-x-18-l\/\"]}]},{\"@type\":\"ImageObject\",\"inLanguage\":\"sr-RS\",\"@id\":\"https:\/\/inti.hr\/sr\/proizvod\/kanta-za-smece-54-litre-3-x-18-l\/#primaryimage\",\"url\":\"https:\/\/i0.wp.com\/inti.hr\/wp-content\/uploads\/2023\/06\/LTB54NL-1.jpg?fit=1000%2C1000&ssl=1\",\"contentUrl\":\"https:\/\/i0.wp.com\/inti.hr\/wp-content\/uploads\/2023\/06\/LTB54NL-1.jpg?fit=1000%2C1000&ssl=1\",\"width\":1000,\"height\":1000},{\"@type\":\"BreadcrumbList\",\"@id\":\"https:\/\/inti.hr\/sr\/proizvod\/kanta-za-smece-54-litre-3-x-18-l\/#breadcrumb\",\"itemListElement\":[{\"@type\":\"ListItem\",\"position\":1,\"name\":\"Po\u010detna stranica\",\"item\":\"https:\/\/inti.hr\/sr\/\"},{\"@type\":\"ListItem\",\"position\":2,\"name\":\"Prodavnica\",\"item\":\"https:\/\/inti.hr\/sr\/prodavnica\/\"},{\"@type\":\"ListItem\",\"position\":3,\"name\":\"Kanta za sme\u0107e 54 litre (3 x 18 L)\"}]},{\"@type\":\"WebSite\",\"@id\":\"https:\/\/inti.hr\/sr\/#website\",\"url\":\"https:\/\/inti.hr\/sr\/\",\"name\":\"Inti\",\"description\":\"trgovina\",\"potentialAction\":[{\"@type\":\"SearchAction\",\"target\":{\"@type\":\"EntryPoint\",\"urlTemplate\":\"https:\/\/inti.hr\/sr\/?s={search_term_string}\"},\"query-input\":{\"@type\":\"PropertyValueSpecification\",\"valueRequired\":true,\"valueName\":\"search_term_string\"}}],\"inLanguage\":\"sr-RS\"}]}<\/script>\n<!-- \/ Yoast SEO plugin. -->","yoast_head_json":{"title":"Kanta za sme\u0107e 54 litre (3 x 18 L) - Inti","description":"Estetika i funkcionalnost susre\u0107u se u ovoj kanti za sme\u0107e s tri pedale; ne samo da privla\u010di pa\u017enju u va\u0161oj kuhinji, ve\u0107 \u010dini i odvajanje i odlaganje otpada dje\u010djom igrom! Vre\u0107a za sme\u0107e je ve\u0107 opet razderana i kanta za sme\u0107e je iznutra sva ljepljiva.\u00a0Bez panike!\u00a0Unutarnje kante se lako mogu podi\u0107i iz spremnika za otpad i bez problema o\u010distiti. Srebrno-crnu kantu s 3 pretinca od 18 litara, opremljenu prakti\u010dnim pedalama i uklonjivim unutarnjim kantama. Time je odlaganje i razvrstavanje otpada dje\u010dja igra! \u00a0Iako ima tvrdu vanjsku posudu, ova kanta ima i svoju mekanu stranu - zahvaljuju\u0107i ugra\u0111enom prigu\u0161iva\u010du, poklopac se polako zatvara;\u00a0hermeti\u010dko brtvljenje \u0161titi vas od lo\u0161ih mirisa. Pravokutnu kantu za sme\u0107e mo\u017eete jednostavno postaviti u kut ili uza zid, \u0161to zauzima manje prostora od okruglog modela.\u00a0Poklopac ne udara o njega prilikom otvaranja","robots":{"index":"index","follow":"follow","max-snippet":"max-snippet:-1","max-image-preview":"max-image-preview:large","max-video-preview":"max-video-preview:-1"},"canonical":"https:\/\/inti.hr\/sr\/proizvod\/kanta-za-smece-54-litre-3-x-18-l\/","og_locale":"sr_RS","og_type":"article","og_title":"Kanta za sme\u0107e 54 litre (3 x 18 L) - Inti","og_description":"Estetika i funkcionalnost susre\u0107u se u ovoj kanti za sme\u0107e s tri pedale; ne samo da privla\u010di pa\u017enju u va\u0161oj kuhinji, ve\u0107 \u010dini i odvajanje i odlaganje otpada dje\u010djom igrom! Vre\u0107a za sme\u0107e je ve\u0107 opet razderana i kanta za sme\u0107e je iznutra sva ljepljiva.\u00a0Bez panike!\u00a0Unutarnje kante se lako mogu podi\u0107i iz spremnika za otpad i bez problema o\u010distiti. Srebrno-crnu kantu s 3 pretinca od 18 litara, opremljenu prakti\u010dnim pedalama i uklonjivim unutarnjim kantama. Time je odlaganje i razvrstavanje otpada dje\u010dja igra! \u00a0Iako ima tvrdu vanjsku posudu, ova kanta ima i svoju mekanu stranu - zahvaljuju\u0107i ugra\u0111enom prigu\u0161iva\u010du, poklopac se polako zatvara;\u00a0hermeti\u010dko brtvljenje \u0161titi vas od lo\u0161ih mirisa. Pravokutnu kantu za sme\u0107e mo\u017eete jednostavno postaviti u kut ili uza zid, \u0161to zauzima manje prostora od okruglog modela.\u00a0Poklopac ne udara o njega prilikom otvaranja","og_url":"https:\/\/inti.hr\/sr\/proizvod\/kanta-za-smece-54-litre-3-x-18-l\/","og_site_name":"Inti","og_image":[{"width":1000,"height":1000,"url":"https:\/\/i0.wp.com\/inti.hr\/wp-content\/uploads\/2023\/06\/LTB54NL-1.jpg?fit=1000%2C1000&ssl=1","type":"image\/jpeg"}],"twitter_card":"summary_large_image","schema":{"@context":"https:\/\/schema.org","@graph":[{"@type":"WebPage","@id":"https:\/\/inti.hr\/sr\/proizvod\/kanta-za-smece-54-litre-3-x-18-l\/","url":"https:\/\/inti.hr\/sr\/proizvod\/kanta-za-smece-54-litre-3-x-18-l\/","name":"Kanta za sme\u0107e 54 litre (3 x 18 L) - Inti","isPartOf":{"@id":"https:\/\/inti.hr\/sr\/#website"},"primaryImageOfPage":{"@id":"https:\/\/inti.hr\/sr\/proizvod\/kanta-za-smece-54-litre-3-x-18-l\/#primaryimage"},"image":{"@id":"https:\/\/inti.hr\/sr\/proizvod\/kanta-za-smece-54-litre-3-x-18-l\/#primaryimage"},"thumbnailUrl":"https:\/\/i0.wp.com\/inti.hr\/wp-content\/uploads\/2023\/06\/LTB54NL-1.jpg?fit=1000%2C1000&ssl=1","datePublished":"2023-06-13T06:48:00+00:00","dateModified":"2023-06-13T06:48:00+00:00","description":"Estetika i funkcionalnost susre\u0107u se u ovoj kanti za sme\u0107e s tri pedale; ne samo da privla\u010di pa\u017enju u va\u0161oj kuhinji, ve\u0107 \u010dini i odvajanje i odlaganje otpada dje\u010djom igrom! Vre\u0107a za sme\u0107e je ve\u0107 opet razderana i kanta za sme\u0107e je iznutra sva ljepljiva.\u00a0Bez panike!\u00a0Unutarnje kante se lako mogu podi\u0107i iz spremnika za otpad i bez problema o\u010distiti. Srebrno-crnu kantu s 3 pretinca od 18 litara, opremljenu prakti\u010dnim pedalama i uklonjivim unutarnjim kantama. Time je odlaganje i razvrstavanje otpada dje\u010dja igra! \u00a0Iako ima tvrdu vanjsku posudu, ova kanta ima i svoju mekanu stranu - zahvaljuju\u0107i ugra\u0111enom prigu\u0161iva\u010du, poklopac se polako zatvara;\u00a0hermeti\u010dko brtvljenje \u0161titi vas od lo\u0161ih mirisa. Pravokutnu kantu za sme\u0107e mo\u017eete jednostavno postaviti u kut ili uza zid, \u0161to zauzima manje prostora od okruglog modela.\u00a0Poklopac ne udara o njega prilikom otvaranja","breadcrumb":{"@id":"https:\/\/inti.hr\/sr\/proizvod\/kanta-za-smece-54-litre-3-x-18-l\/#breadcrumb"},"inLanguage":"sr-RS","potentialAction":[{"@type":"ReadAction","target":["https:\/\/inti.hr\/sr\/proizvod\/kanta-za-smece-54-litre-3-x-18-l\/"]}]},{"@type":"ImageObject","inLanguage":"sr-RS","@id":"https:\/\/inti.hr\/sr\/proizvod\/kanta-za-smece-54-litre-3-x-18-l\/#primaryimage","url":"https:\/\/i0.wp.com\/inti.hr\/wp-content\/uploads\/2023\/06\/LTB54NL-1.jpg?fit=1000%2C1000&ssl=1","contentUrl":"https:\/\/i0.wp.com\/inti.hr\/wp-content\/uploads\/2023\/06\/LTB54NL-1.jpg?fit=1000%2C1000&ssl=1","width":1000,"height":1000},{"@type":"BreadcrumbList","@id":"https:\/\/inti.hr\/sr\/proizvod\/kanta-za-smece-54-litre-3-x-18-l\/#breadcrumb","itemListElement":[{"@type":"ListItem","position":1,"name":"Po\u010detna stranica","item":"https:\/\/inti.hr\/sr\/"},{"@type":"ListItem","position":2,"name":"Prodavnica","item":"https:\/\/inti.hr\/sr\/prodavnica\/"},{"@type":"ListItem","position":3,"name":"Kanta za sme\u0107e 54 litre (3 x 18 L)"}]},{"@type":"WebSite","@id":"https:\/\/inti.hr\/sr\/#website","url":"https:\/\/inti.hr\/sr\/","name":"Inti","description":"trgovina","potentialAction":[{"@type":"SearchAction","target":{"@type":"EntryPoint","urlTemplate":"https:\/\/inti.hr\/sr\/?s={search_term_string}"},"query-input":{"@type":"PropertyValueSpecification","valueRequired":true,"valueName":"search_term_string"}}],"inLanguage":"sr-RS"}]}},"jetpack_sharing_enabled":true,"jetpack-related-posts":[],"_links":{"self":[{"href":"https:\/\/inti.hr\/sr\/wp-json\/wp\/v2\/product\/37727"}],"collection":[{"href":"https:\/\/inti.hr\/sr\/wp-json\/wp\/v2\/product"}],"about":[{"href":"https:\/\/inti.hr\/sr\/wp-json\/wp\/v2\/types\/product"}],"wp:featuredmedia":[{"embeddable":true,"href":"https:\/\/inti.hr\/sr\/wp-json\/wp\/v2\/media\/37728"}],"wp:attachment":[{"href":"https:\/\/inti.hr\/sr\/wp-json\/wp\/v2\/media?parent=37727"}],"wp:term":[{"taxonomy":"product_cat","embeddable":true,"href":"https:\/\/inti.hr\/sr\/wp-json\/wp\/v2\/product_cat?post=37727"},{"taxonomy":"product_tag","embeddable":true,"href":"https:\/\/inti.hr\/sr\/wp-json\/wp\/v2\/product_tag?post=37727"}],"curies":[{"name":"wp","href":"https:\/\/api.w.org\/{rel}","templated":true}]}}