{"id":37757,"date":"2023-06-06T06:33:10","date_gmt":"2023-06-06T06:33:10","guid":{"rendered":"https:\/\/inti.hr\/product\/stalak-za-cipele-59x26x116cm\/"},"modified":"2023-06-06T06:33:10","modified_gmt":"2023-06-06T06:33:10","slug":"stalak-za-cipele-59x26x116cm","status":"publish","type":"product","link":"https:\/\/inti.hr\/sr\/proizvod\/stalak-za-cipele-59x26x116cm\/","title":{"rendered":"Stalak za cipele  59x26x116cm"},"content":{"rendered":"<p>Detalji proizvoda:<\/p>\n<p>Te\u017eina: 19,5 kg<br \/>\nKapacitet: 30kg<br \/>\nMaterijal: Vlaknasta Plo\u010da, Iverica;<br \/>\nMjere: 59x26x116cm (vidi sliku)<br \/>\nDimenzije paketa: 124x45x16 cm<br \/>\nS uputama za sastavljanje i vijcima. Jednostavna instalacija.<\/p>\n","protected":false},"excerpt":{"rendered":"<p>S dubinom od 26 cm, ovaj stalak za cipele prikladan je &#8230; <\/p>\n","protected":false},"featured_media":37758,"template":"","meta":[],"product_cat":[2635],"product_tag":[4467,2640],"yoast_head":"<!-- This site is optimized with the Yoast SEO plugin v23.7 - https:\/\/yoast.com\/wordpress\/plugins\/seo\/ -->\n<title>Stalak za cipele 59x26x116cm - Inti<\/title>\n<meta name=\"description\" content=\"S dubinom od 26 cm, ovaj stalak za cipele prikladan je za sve ulaze.Uz 3 preklopna pretinca sa 6 unutarnjih polica, mo\u017eete uredno pohraniti svoje cipele. Visina pretinaca za cipele mo\u017ee se podesiti putem uklonjivih polica, tako da ima mjesta i za najvi\u0161e cipele.Gornja polica se mo\u017ee koristiti i kao polica. Postavite cvije\u0107e ili okvir za fotografije i stvorite svoju ugodnu atmosferu.Stabilna konstrukcija daje ormari\u0107u siguran oslonac, a mo\u017eete ga pri\u010dvrstiti na zid pomo\u0107u ure\u0111aja protiv prevrtanja, \u0161to pove\u0107ava njegovu stabilnost. Noge pove\u0107avaju stabilnost stalka za cipele i sprje\u010davaju njegovo klizanje te \u0161tite pod od ogrebotina.\" \/>\n<meta name=\"robots\" content=\"index, follow, max-snippet:-1, max-image-preview:large, max-video-preview:-1\" \/>\n<link rel=\"canonical\" href=\"https:\/\/inti.hr\/sr\/proizvod\/stalak-za-cipele-59x26x116cm\/\" \/>\n<meta property=\"og:locale\" content=\"sr_RS\" \/>\n<meta property=\"og:type\" content=\"article\" \/>\n<meta property=\"og:title\" content=\"Stalak za cipele 59x26x116cm - Inti\" \/>\n<meta property=\"og:description\" content=\"S dubinom od 26 cm, ovaj stalak za cipele prikladan je za sve ulaze.Uz 3 preklopna pretinca sa 6 unutarnjih polica, mo\u017eete uredno pohraniti svoje cipele. Visina pretinaca za cipele mo\u017ee se podesiti putem uklonjivih polica, tako da ima mjesta i za najvi\u0161e cipele.Gornja polica se mo\u017ee koristiti i kao polica. Postavite cvije\u0107e ili okvir za fotografije i stvorite svoju ugodnu atmosferu.Stabilna konstrukcija daje ormari\u0107u siguran oslonac, a mo\u017eete ga pri\u010dvrstiti na zid pomo\u0107u ure\u0111aja protiv prevrtanja, \u0161to pove\u0107ava njegovu stabilnost. Noge pove\u0107avaju stabilnost stalka za cipele i sprje\u010davaju njegovo klizanje te \u0161tite pod od ogrebotina.\" \/>\n<meta property=\"og:url\" content=\"https:\/\/inti.hr\/sr\/proizvod\/stalak-za-cipele-59x26x116cm\/\" \/>\n<meta property=\"og:site_name\" content=\"Inti\" \/>\n<meta property=\"og:image\" content=\"https:\/\/i0.wp.com\/inti.hr\/wp-content\/uploads\/2023\/06\/FSR144-WN-Y001.webp?fit=1600%2C1600&ssl=1\" \/>\n\t<meta property=\"og:image:width\" content=\"1600\" \/>\n\t<meta property=\"og:image:height\" content=\"1600\" \/>\n\t<meta property=\"og:image:type\" content=\"image\/webp\" \/>\n<meta name=\"twitter:card\" content=\"summary_large_image\" \/>\n<script type=\"application\/ld+json\" class=\"yoast-schema-graph\">{\"@context\":\"https:\/\/schema.org\",\"@graph\":[{\"@type\":\"WebPage\",\"@id\":\"https:\/\/inti.hr\/sr\/proizvod\/stalak-za-cipele-59x26x116cm\/\",\"url\":\"https:\/\/inti.hr\/sr\/proizvod\/stalak-za-cipele-59x26x116cm\/\",\"name\":\"Stalak za cipele 59x26x116cm - Inti\",\"isPartOf\":{\"@id\":\"https:\/\/inti.hr\/sr\/#website\"},\"primaryImageOfPage\":{\"@id\":\"https:\/\/inti.hr\/sr\/proizvod\/stalak-za-cipele-59x26x116cm\/#primaryimage\"},\"image\":{\"@id\":\"https:\/\/inti.hr\/sr\/proizvod\/stalak-za-cipele-59x26x116cm\/#primaryimage\"},\"thumbnailUrl\":\"https:\/\/i0.wp.com\/inti.hr\/wp-content\/uploads\/2023\/06\/FSR144-WN-Y001.webp?fit=1600%2C1600&ssl=1\",\"datePublished\":\"2023-06-06T06:33:10+00:00\",\"dateModified\":\"2023-06-06T06:33:10+00:00\",\"description\":\"S dubinom od 26 cm, ovaj stalak za cipele prikladan je za sve ulaze.Uz 3 preklopna pretinca sa 6 unutarnjih polica, mo\u017eete uredno pohraniti svoje cipele. Visina pretinaca za cipele mo\u017ee se podesiti putem uklonjivih polica, tako da ima mjesta i za najvi\u0161e cipele.Gornja polica se mo\u017ee koristiti i kao polica. Postavite cvije\u0107e ili okvir za fotografije i stvorite svoju ugodnu atmosferu.Stabilna konstrukcija daje ormari\u0107u siguran oslonac, a mo\u017eete ga pri\u010dvrstiti na zid pomo\u0107u ure\u0111aja protiv prevrtanja, \u0161to pove\u0107ava njegovu stabilnost. Noge pove\u0107avaju stabilnost stalka za cipele i sprje\u010davaju njegovo klizanje te \u0161tite pod od ogrebotina.\",\"breadcrumb\":{\"@id\":\"https:\/\/inti.hr\/sr\/proizvod\/stalak-za-cipele-59x26x116cm\/#breadcrumb\"},\"inLanguage\":\"sr-RS\",\"potentialAction\":[{\"@type\":\"ReadAction\",\"target\":[\"https:\/\/inti.hr\/sr\/proizvod\/stalak-za-cipele-59x26x116cm\/\"]}]},{\"@type\":\"ImageObject\",\"inLanguage\":\"sr-RS\",\"@id\":\"https:\/\/inti.hr\/sr\/proizvod\/stalak-za-cipele-59x26x116cm\/#primaryimage\",\"url\":\"https:\/\/i0.wp.com\/inti.hr\/wp-content\/uploads\/2023\/06\/FSR144-WN-Y001.webp?fit=1600%2C1600&ssl=1\",\"contentUrl\":\"https:\/\/i0.wp.com\/inti.hr\/wp-content\/uploads\/2023\/06\/FSR144-WN-Y001.webp?fit=1600%2C1600&ssl=1\",\"width\":1600,\"height\":1600},{\"@type\":\"BreadcrumbList\",\"@id\":\"https:\/\/inti.hr\/sr\/proizvod\/stalak-za-cipele-59x26x116cm\/#breadcrumb\",\"itemListElement\":[{\"@type\":\"ListItem\",\"position\":1,\"name\":\"Po\u010detna stranica\",\"item\":\"https:\/\/inti.hr\/sr\/\"},{\"@type\":\"ListItem\",\"position\":2,\"name\":\"Prodavnica\",\"item\":\"https:\/\/inti.hr\/sr\/prodavnica\/\"},{\"@type\":\"ListItem\",\"position\":3,\"name\":\"Stalak za cipele 59x26x116cm\"}]},{\"@type\":\"WebSite\",\"@id\":\"https:\/\/inti.hr\/sr\/#website\",\"url\":\"https:\/\/inti.hr\/sr\/\",\"name\":\"Inti\",\"description\":\"trgovina\",\"potentialAction\":[{\"@type\":\"SearchAction\",\"target\":{\"@type\":\"EntryPoint\",\"urlTemplate\":\"https:\/\/inti.hr\/sr\/?s={search_term_string}\"},\"query-input\":{\"@type\":\"PropertyValueSpecification\",\"valueRequired\":true,\"valueName\":\"search_term_string\"}}],\"inLanguage\":\"sr-RS\"}]}<\/script>\n<!-- \/ Yoast SEO plugin. -->","yoast_head_json":{"title":"Stalak za cipele 59x26x116cm - Inti","description":"S dubinom od 26 cm, ovaj stalak za cipele prikladan je za sve ulaze.Uz 3 preklopna pretinca sa 6 unutarnjih polica, mo\u017eete uredno pohraniti svoje cipele. Visina pretinaca za cipele mo\u017ee se podesiti putem uklonjivih polica, tako da ima mjesta i za najvi\u0161e cipele.Gornja polica se mo\u017ee koristiti i kao polica. Postavite cvije\u0107e ili okvir za fotografije i stvorite svoju ugodnu atmosferu.Stabilna konstrukcija daje ormari\u0107u siguran oslonac, a mo\u017eete ga pri\u010dvrstiti na zid pomo\u0107u ure\u0111aja protiv prevrtanja, \u0161to pove\u0107ava njegovu stabilnost. Noge pove\u0107avaju stabilnost stalka za cipele i sprje\u010davaju njegovo klizanje te \u0161tite pod od ogrebotina.","robots":{"index":"index","follow":"follow","max-snippet":"max-snippet:-1","max-image-preview":"max-image-preview:large","max-video-preview":"max-video-preview:-1"},"canonical":"https:\/\/inti.hr\/sr\/proizvod\/stalak-za-cipele-59x26x116cm\/","og_locale":"sr_RS","og_type":"article","og_title":"Stalak za cipele 59x26x116cm - Inti","og_description":"S dubinom od 26 cm, ovaj stalak za cipele prikladan je za sve ulaze.Uz 3 preklopna pretinca sa 6 unutarnjih polica, mo\u017eete uredno pohraniti svoje cipele. Visina pretinaca za cipele mo\u017ee se podesiti putem uklonjivih polica, tako da ima mjesta i za najvi\u0161e cipele.Gornja polica se mo\u017ee koristiti i kao polica. Postavite cvije\u0107e ili okvir za fotografije i stvorite svoju ugodnu atmosferu.Stabilna konstrukcija daje ormari\u0107u siguran oslonac, a mo\u017eete ga pri\u010dvrstiti na zid pomo\u0107u ure\u0111aja protiv prevrtanja, \u0161to pove\u0107ava njegovu stabilnost. Noge pove\u0107avaju stabilnost stalka za cipele i sprje\u010davaju njegovo klizanje te \u0161tite pod od ogrebotina.","og_url":"https:\/\/inti.hr\/sr\/proizvod\/stalak-za-cipele-59x26x116cm\/","og_site_name":"Inti","og_image":[{"width":1600,"height":1600,"url":"https:\/\/i0.wp.com\/inti.hr\/wp-content\/uploads\/2023\/06\/FSR144-WN-Y001.webp?fit=1600%2C1600&ssl=1","type":"image\/webp"}],"twitter_card":"summary_large_image","schema":{"@context":"https:\/\/schema.org","@graph":[{"@type":"WebPage","@id":"https:\/\/inti.hr\/sr\/proizvod\/stalak-za-cipele-59x26x116cm\/","url":"https:\/\/inti.hr\/sr\/proizvod\/stalak-za-cipele-59x26x116cm\/","name":"Stalak za cipele 59x26x116cm - Inti","isPartOf":{"@id":"https:\/\/inti.hr\/sr\/#website"},"primaryImageOfPage":{"@id":"https:\/\/inti.hr\/sr\/proizvod\/stalak-za-cipele-59x26x116cm\/#primaryimage"},"image":{"@id":"https:\/\/inti.hr\/sr\/proizvod\/stalak-za-cipele-59x26x116cm\/#primaryimage"},"thumbnailUrl":"https:\/\/i0.wp.com\/inti.hr\/wp-content\/uploads\/2023\/06\/FSR144-WN-Y001.webp?fit=1600%2C1600&ssl=1","datePublished":"2023-06-06T06:33:10+00:00","dateModified":"2023-06-06T06:33:10+00:00","description":"S dubinom od 26 cm, ovaj stalak za cipele prikladan je za sve ulaze.Uz 3 preklopna pretinca sa 6 unutarnjih polica, mo\u017eete uredno pohraniti svoje cipele. Visina pretinaca za cipele mo\u017ee se podesiti putem uklonjivih polica, tako da ima mjesta i za najvi\u0161e cipele.Gornja polica se mo\u017ee koristiti i kao polica. Postavite cvije\u0107e ili okvir za fotografije i stvorite svoju ugodnu atmosferu.Stabilna konstrukcija daje ormari\u0107u siguran oslonac, a mo\u017eete ga pri\u010dvrstiti na zid pomo\u0107u ure\u0111aja protiv prevrtanja, \u0161to pove\u0107ava njegovu stabilnost. Noge pove\u0107avaju stabilnost stalka za cipele i sprje\u010davaju njegovo klizanje te \u0161tite pod od ogrebotina.","breadcrumb":{"@id":"https:\/\/inti.hr\/sr\/proizvod\/stalak-za-cipele-59x26x116cm\/#breadcrumb"},"inLanguage":"sr-RS","potentialAction":[{"@type":"ReadAction","target":["https:\/\/inti.hr\/sr\/proizvod\/stalak-za-cipele-59x26x116cm\/"]}]},{"@type":"ImageObject","inLanguage":"sr-RS","@id":"https:\/\/inti.hr\/sr\/proizvod\/stalak-za-cipele-59x26x116cm\/#primaryimage","url":"https:\/\/i0.wp.com\/inti.hr\/wp-content\/uploads\/2023\/06\/FSR144-WN-Y001.webp?fit=1600%2C1600&ssl=1","contentUrl":"https:\/\/i0.wp.com\/inti.hr\/wp-content\/uploads\/2023\/06\/FSR144-WN-Y001.webp?fit=1600%2C1600&ssl=1","width":1600,"height":1600},{"@type":"BreadcrumbList","@id":"https:\/\/inti.hr\/sr\/proizvod\/stalak-za-cipele-59x26x116cm\/#breadcrumb","itemListElement":[{"@type":"ListItem","position":1,"name":"Po\u010detna stranica","item":"https:\/\/inti.hr\/sr\/"},{"@type":"ListItem","position":2,"name":"Prodavnica","item":"https:\/\/inti.hr\/sr\/prodavnica\/"},{"@type":"ListItem","position":3,"name":"Stalak za cipele 59x26x116cm"}]},{"@type":"WebSite","@id":"https:\/\/inti.hr\/sr\/#website","url":"https:\/\/inti.hr\/sr\/","name":"Inti","description":"trgovina","potentialAction":[{"@type":"SearchAction","target":{"@type":"EntryPoint","urlTemplate":"https:\/\/inti.hr\/sr\/?s={search_term_string}"},"query-input":{"@type":"PropertyValueSpecification","valueRequired":true,"valueName":"search_term_string"}}],"inLanguage":"sr-RS"}]}},"jetpack_sharing_enabled":true,"jetpack-related-posts":[],"_links":{"self":[{"href":"https:\/\/inti.hr\/sr\/wp-json\/wp\/v2\/product\/37757"}],"collection":[{"href":"https:\/\/inti.hr\/sr\/wp-json\/wp\/v2\/product"}],"about":[{"href":"https:\/\/inti.hr\/sr\/wp-json\/wp\/v2\/types\/product"}],"wp:featuredmedia":[{"embeddable":true,"href":"https:\/\/inti.hr\/sr\/wp-json\/wp\/v2\/media\/37758"}],"wp:attachment":[{"href":"https:\/\/inti.hr\/sr\/wp-json\/wp\/v2\/media?parent=37757"}],"wp:term":[{"taxonomy":"product_cat","embeddable":true,"href":"https:\/\/inti.hr\/sr\/wp-json\/wp\/v2\/product_cat?post=37757"},{"taxonomy":"product_tag","embeddable":true,"href":"https:\/\/inti.hr\/sr\/wp-json\/wp\/v2\/product_tag?post=37757"}],"curies":[{"name":"wp","href":"https:\/\/api.w.org\/{rel}","templated":true}]}}