{"id":37769,"date":"2023-05-18T08:55:20","date_gmt":"2023-05-18T08:55:20","guid":{"rendered":"https:\/\/inti.hr\/product\/komoda-za-cipele-s-kliznim-vratima\/"},"modified":"2023-05-18T08:55:20","modified_gmt":"2023-05-18T08:55:20","slug":"komoda-za-cipele-s-kliznim-vratima","status":"publish","type":"product","link":"https:\/\/inti.hr\/sr\/proizvod\/komoda-za-cipele-s-kliznim-vratima\/","title":{"rendered":"Komoda za cipele s kliznim vratima"},"content":{"rendered":"<p>Detalji proizvoda:<\/p>\n<p>Te\u017eina: 26,7 kg<br \/>\nNosivost: 60kg<br \/>\nMaterijal: PB(E1)<br \/>\nDimenzije proizvoda: 80x35x89cm (vidi sliku)<br \/>\nVeli\u010dina pakiranja: 95x40x20cm.<br \/>\nS uputama za sastavljanje i vijcima. Jednostavna instalacija.<\/p>\n","protected":false},"excerpt":{"rendered":"<p>Osmislite svoj dom ovim \u0161armantnim stalkom za cipele. Ovaj komad namje\u0161taja &#8230; <\/p>\n","protected":false},"featured_media":37770,"template":"","meta":[],"product_cat":[2635],"product_tag":[2636,2640],"yoast_head":"<!-- This site is optimized with the Yoast SEO plugin v23.7 - https:\/\/yoast.com\/wordpress\/plugins\/seo\/ -->\n<title>Komoda za cipele s kliznim vratima - Inti<\/title>\n<meta name=\"description\" content=\"Osmislite svoj dom ovim \u0161armantnim stalkom za cipele. Ovaj komad namje\u0161taja savr\u0161eno se uklapa u svestrane prostorije u kojima jo\u0161 uvijek ima malo mjesta za cipele.Zahvaljuju\u0107i prakti\u010dnim kliznim vratima u svakom se trenutku mo\u017eete predomisliti i otvoreno prikazati drugu stranu komada namje\u0161taja.S 8 polica, ormari\u0107 stvara obilje prostora za pohranu predmeta kao \u0161to su fine \u010da\u0161e, prekrasno posu\u0111e, ukrasni predmeti ili drugi namje\u0161taj.Sa svojim ravnim linijama i elegantnim dizajnom, ormari\u0107 se mo\u017ee neprimjetno integrirati u gotovo svaki postoje\u0107i objekt. Ovu komodu mo\u017eete koristiti kao stalak za cipele, kao komodu za dnevni boravak ili kao komodu za kuhinju.Materijal polica za cipele je ekolo\u0161ki prihvatljiv i siguran PB, stabilni su i izdr\u017eljivi. Tako\u0111er je mo\u017eete osigurati od slu\u010dajnog pada pri\u010dvr\u0161\u0107ivanjem police na zid.Ovaj stalak za cipele donosi da\u0161ak svje\u017eeg zraka u va\u0161 dom. Dvobojna zavr\u0161na obrada i klizna vrata koja bez napora klize naprijed-natrag dodaju poseban \u0161tih. Bit \u0107e jedinstven ukrasni dodatak va\u0161em hodniku ili kuhinji.\" \/>\n<meta name=\"robots\" content=\"index, follow, max-snippet:-1, max-image-preview:large, max-video-preview:-1\" \/>\n<link rel=\"canonical\" href=\"https:\/\/inti.hr\/sr\/proizvod\/komoda-za-cipele-s-kliznim-vratima\/\" \/>\n<meta property=\"og:locale\" content=\"sr_RS\" \/>\n<meta property=\"og:type\" content=\"article\" \/>\n<meta property=\"og:title\" content=\"Komoda za cipele s kliznim vratima - Inti\" \/>\n<meta property=\"og:description\" content=\"Osmislite svoj dom ovim \u0161armantnim stalkom za cipele. Ovaj komad namje\u0161taja savr\u0161eno se uklapa u svestrane prostorije u kojima jo\u0161 uvijek ima malo mjesta za cipele.Zahvaljuju\u0107i prakti\u010dnim kliznim vratima u svakom se trenutku mo\u017eete predomisliti i otvoreno prikazati drugu stranu komada namje\u0161taja.S 8 polica, ormari\u0107 stvara obilje prostora za pohranu predmeta kao \u0161to su fine \u010da\u0161e, prekrasno posu\u0111e, ukrasni predmeti ili drugi namje\u0161taj.Sa svojim ravnim linijama i elegantnim dizajnom, ormari\u0107 se mo\u017ee neprimjetno integrirati u gotovo svaki postoje\u0107i objekt. Ovu komodu mo\u017eete koristiti kao stalak za cipele, kao komodu za dnevni boravak ili kao komodu za kuhinju.Materijal polica za cipele je ekolo\u0161ki prihvatljiv i siguran PB, stabilni su i izdr\u017eljivi. Tako\u0111er je mo\u017eete osigurati od slu\u010dajnog pada pri\u010dvr\u0161\u0107ivanjem police na zid.Ovaj stalak za cipele donosi da\u0161ak svje\u017eeg zraka u va\u0161 dom. Dvobojna zavr\u0161na obrada i klizna vrata koja bez napora klize naprijed-natrag dodaju poseban \u0161tih. Bit \u0107e jedinstven ukrasni dodatak va\u0161em hodniku ili kuhinji.\" \/>\n<meta property=\"og:url\" content=\"https:\/\/inti.hr\/sr\/proizvod\/komoda-za-cipele-s-kliznim-vratima\/\" \/>\n<meta property=\"og:site_name\" content=\"Inti\" \/>\n<meta property=\"og:image\" content=\"https:\/\/i0.wp.com\/inti.hr\/wp-content\/uploads\/2023\/05\/FSB65-N-Y002_800x.webp?fit=800%2C800&ssl=1\" \/>\n\t<meta property=\"og:image:width\" content=\"800\" \/>\n\t<meta property=\"og:image:height\" content=\"800\" \/>\n\t<meta property=\"og:image:type\" content=\"image\/webp\" \/>\n<meta name=\"twitter:card\" content=\"summary_large_image\" \/>\n<script type=\"application\/ld+json\" class=\"yoast-schema-graph\">{\"@context\":\"https:\/\/schema.org\",\"@graph\":[{\"@type\":\"WebPage\",\"@id\":\"https:\/\/inti.hr\/sr\/proizvod\/komoda-za-cipele-s-kliznim-vratima\/\",\"url\":\"https:\/\/inti.hr\/sr\/proizvod\/komoda-za-cipele-s-kliznim-vratima\/\",\"name\":\"Komoda za cipele s kliznim vratima - Inti\",\"isPartOf\":{\"@id\":\"https:\/\/inti.hr\/sr\/#website\"},\"primaryImageOfPage\":{\"@id\":\"https:\/\/inti.hr\/sr\/proizvod\/komoda-za-cipele-s-kliznim-vratima\/#primaryimage\"},\"image\":{\"@id\":\"https:\/\/inti.hr\/sr\/proizvod\/komoda-za-cipele-s-kliznim-vratima\/#primaryimage\"},\"thumbnailUrl\":\"https:\/\/i0.wp.com\/inti.hr\/wp-content\/uploads\/2023\/05\/FSB65-N-Y002_800x.webp?fit=800%2C800&ssl=1\",\"datePublished\":\"2023-05-18T08:55:20+00:00\",\"dateModified\":\"2023-05-18T08:55:20+00:00\",\"description\":\"Osmislite svoj dom ovim \u0161armantnim stalkom za cipele. Ovaj komad namje\u0161taja savr\u0161eno se uklapa u svestrane prostorije u kojima jo\u0161 uvijek ima malo mjesta za cipele.Zahvaljuju\u0107i prakti\u010dnim kliznim vratima u svakom se trenutku mo\u017eete predomisliti i otvoreno prikazati drugu stranu komada namje\u0161taja.S 8 polica, ormari\u0107 stvara obilje prostora za pohranu predmeta kao \u0161to su fine \u010da\u0161e, prekrasno posu\u0111e, ukrasni predmeti ili drugi namje\u0161taj.Sa svojim ravnim linijama i elegantnim dizajnom, ormari\u0107 se mo\u017ee neprimjetno integrirati u gotovo svaki postoje\u0107i objekt. Ovu komodu mo\u017eete koristiti kao stalak za cipele, kao komodu za dnevni boravak ili kao komodu za kuhinju.Materijal polica za cipele je ekolo\u0161ki prihvatljiv i siguran PB, stabilni su i izdr\u017eljivi. Tako\u0111er je mo\u017eete osigurati od slu\u010dajnog pada pri\u010dvr\u0161\u0107ivanjem police na zid.Ovaj stalak za cipele donosi da\u0161ak svje\u017eeg zraka u va\u0161 dom. Dvobojna zavr\u0161na obrada i klizna vrata koja bez napora klize naprijed-natrag dodaju poseban \u0161tih. Bit \u0107e jedinstven ukrasni dodatak va\u0161em hodniku ili kuhinji.\",\"breadcrumb\":{\"@id\":\"https:\/\/inti.hr\/sr\/proizvod\/komoda-za-cipele-s-kliznim-vratima\/#breadcrumb\"},\"inLanguage\":\"sr-RS\",\"potentialAction\":[{\"@type\":\"ReadAction\",\"target\":[\"https:\/\/inti.hr\/sr\/proizvod\/komoda-za-cipele-s-kliznim-vratima\/\"]}]},{\"@type\":\"ImageObject\",\"inLanguage\":\"sr-RS\",\"@id\":\"https:\/\/inti.hr\/sr\/proizvod\/komoda-za-cipele-s-kliznim-vratima\/#primaryimage\",\"url\":\"https:\/\/i0.wp.com\/inti.hr\/wp-content\/uploads\/2023\/05\/FSB65-N-Y002_800x.webp?fit=800%2C800&ssl=1\",\"contentUrl\":\"https:\/\/i0.wp.com\/inti.hr\/wp-content\/uploads\/2023\/05\/FSB65-N-Y002_800x.webp?fit=800%2C800&ssl=1\",\"width\":800,\"height\":800},{\"@type\":\"BreadcrumbList\",\"@id\":\"https:\/\/inti.hr\/sr\/proizvod\/komoda-za-cipele-s-kliznim-vratima\/#breadcrumb\",\"itemListElement\":[{\"@type\":\"ListItem\",\"position\":1,\"name\":\"Po\u010detna stranica\",\"item\":\"https:\/\/inti.hr\/sr\/\"},{\"@type\":\"ListItem\",\"position\":2,\"name\":\"Prodavnica\",\"item\":\"https:\/\/inti.hr\/sr\/prodavnica\/\"},{\"@type\":\"ListItem\",\"position\":3,\"name\":\"Komoda za cipele s kliznim vratima\"}]},{\"@type\":\"WebSite\",\"@id\":\"https:\/\/inti.hr\/sr\/#website\",\"url\":\"https:\/\/inti.hr\/sr\/\",\"name\":\"Inti\",\"description\":\"trgovina\",\"potentialAction\":[{\"@type\":\"SearchAction\",\"target\":{\"@type\":\"EntryPoint\",\"urlTemplate\":\"https:\/\/inti.hr\/sr\/?s={search_term_string}\"},\"query-input\":{\"@type\":\"PropertyValueSpecification\",\"valueRequired\":true,\"valueName\":\"search_term_string\"}}],\"inLanguage\":\"sr-RS\"}]}<\/script>\n<!-- \/ Yoast SEO plugin. -->","yoast_head_json":{"title":"Komoda za cipele s kliznim vratima - Inti","description":"Osmislite svoj dom ovim \u0161armantnim stalkom za cipele. Ovaj komad namje\u0161taja savr\u0161eno se uklapa u svestrane prostorije u kojima jo\u0161 uvijek ima malo mjesta za cipele.Zahvaljuju\u0107i prakti\u010dnim kliznim vratima u svakom se trenutku mo\u017eete predomisliti i otvoreno prikazati drugu stranu komada namje\u0161taja.S 8 polica, ormari\u0107 stvara obilje prostora za pohranu predmeta kao \u0161to su fine \u010da\u0161e, prekrasno posu\u0111e, ukrasni predmeti ili drugi namje\u0161taj.Sa svojim ravnim linijama i elegantnim dizajnom, ormari\u0107 se mo\u017ee neprimjetno integrirati u gotovo svaki postoje\u0107i objekt. Ovu komodu mo\u017eete koristiti kao stalak za cipele, kao komodu za dnevni boravak ili kao komodu za kuhinju.Materijal polica za cipele je ekolo\u0161ki prihvatljiv i siguran PB, stabilni su i izdr\u017eljivi. Tako\u0111er je mo\u017eete osigurati od slu\u010dajnog pada pri\u010dvr\u0161\u0107ivanjem police na zid.Ovaj stalak za cipele donosi da\u0161ak svje\u017eeg zraka u va\u0161 dom. Dvobojna zavr\u0161na obrada i klizna vrata koja bez napora klize naprijed-natrag dodaju poseban \u0161tih. Bit \u0107e jedinstven ukrasni dodatak va\u0161em hodniku ili kuhinji.","robots":{"index":"index","follow":"follow","max-snippet":"max-snippet:-1","max-image-preview":"max-image-preview:large","max-video-preview":"max-video-preview:-1"},"canonical":"https:\/\/inti.hr\/sr\/proizvod\/komoda-za-cipele-s-kliznim-vratima\/","og_locale":"sr_RS","og_type":"article","og_title":"Komoda za cipele s kliznim vratima - Inti","og_description":"Osmislite svoj dom ovim \u0161armantnim stalkom za cipele. Ovaj komad namje\u0161taja savr\u0161eno se uklapa u svestrane prostorije u kojima jo\u0161 uvijek ima malo mjesta za cipele.Zahvaljuju\u0107i prakti\u010dnim kliznim vratima u svakom se trenutku mo\u017eete predomisliti i otvoreno prikazati drugu stranu komada namje\u0161taja.S 8 polica, ormari\u0107 stvara obilje prostora za pohranu predmeta kao \u0161to su fine \u010da\u0161e, prekrasno posu\u0111e, ukrasni predmeti ili drugi namje\u0161taj.Sa svojim ravnim linijama i elegantnim dizajnom, ormari\u0107 se mo\u017ee neprimjetno integrirati u gotovo svaki postoje\u0107i objekt. Ovu komodu mo\u017eete koristiti kao stalak za cipele, kao komodu za dnevni boravak ili kao komodu za kuhinju.Materijal polica za cipele je ekolo\u0161ki prihvatljiv i siguran PB, stabilni su i izdr\u017eljivi. Tako\u0111er je mo\u017eete osigurati od slu\u010dajnog pada pri\u010dvr\u0161\u0107ivanjem police na zid.Ovaj stalak za cipele donosi da\u0161ak svje\u017eeg zraka u va\u0161 dom. Dvobojna zavr\u0161na obrada i klizna vrata koja bez napora klize naprijed-natrag dodaju poseban \u0161tih. Bit \u0107e jedinstven ukrasni dodatak va\u0161em hodniku ili kuhinji.","og_url":"https:\/\/inti.hr\/sr\/proizvod\/komoda-za-cipele-s-kliznim-vratima\/","og_site_name":"Inti","og_image":[{"width":800,"height":800,"url":"https:\/\/i0.wp.com\/inti.hr\/wp-content\/uploads\/2023\/05\/FSB65-N-Y002_800x.webp?fit=800%2C800&ssl=1","type":"image\/webp"}],"twitter_card":"summary_large_image","schema":{"@context":"https:\/\/schema.org","@graph":[{"@type":"WebPage","@id":"https:\/\/inti.hr\/sr\/proizvod\/komoda-za-cipele-s-kliznim-vratima\/","url":"https:\/\/inti.hr\/sr\/proizvod\/komoda-za-cipele-s-kliznim-vratima\/","name":"Komoda za cipele s kliznim vratima - Inti","isPartOf":{"@id":"https:\/\/inti.hr\/sr\/#website"},"primaryImageOfPage":{"@id":"https:\/\/inti.hr\/sr\/proizvod\/komoda-za-cipele-s-kliznim-vratima\/#primaryimage"},"image":{"@id":"https:\/\/inti.hr\/sr\/proizvod\/komoda-za-cipele-s-kliznim-vratima\/#primaryimage"},"thumbnailUrl":"https:\/\/i0.wp.com\/inti.hr\/wp-content\/uploads\/2023\/05\/FSB65-N-Y002_800x.webp?fit=800%2C800&ssl=1","datePublished":"2023-05-18T08:55:20+00:00","dateModified":"2023-05-18T08:55:20+00:00","description":"Osmislite svoj dom ovim \u0161armantnim stalkom za cipele. Ovaj komad namje\u0161taja savr\u0161eno se uklapa u svestrane prostorije u kojima jo\u0161 uvijek ima malo mjesta za cipele.Zahvaljuju\u0107i prakti\u010dnim kliznim vratima u svakom se trenutku mo\u017eete predomisliti i otvoreno prikazati drugu stranu komada namje\u0161taja.S 8 polica, ormari\u0107 stvara obilje prostora za pohranu predmeta kao \u0161to su fine \u010da\u0161e, prekrasno posu\u0111e, ukrasni predmeti ili drugi namje\u0161taj.Sa svojim ravnim linijama i elegantnim dizajnom, ormari\u0107 se mo\u017ee neprimjetno integrirati u gotovo svaki postoje\u0107i objekt. Ovu komodu mo\u017eete koristiti kao stalak za cipele, kao komodu za dnevni boravak ili kao komodu za kuhinju.Materijal polica za cipele je ekolo\u0161ki prihvatljiv i siguran PB, stabilni su i izdr\u017eljivi. Tako\u0111er je mo\u017eete osigurati od slu\u010dajnog pada pri\u010dvr\u0161\u0107ivanjem police na zid.Ovaj stalak za cipele donosi da\u0161ak svje\u017eeg zraka u va\u0161 dom. Dvobojna zavr\u0161na obrada i klizna vrata koja bez napora klize naprijed-natrag dodaju poseban \u0161tih. Bit \u0107e jedinstven ukrasni dodatak va\u0161em hodniku ili kuhinji.","breadcrumb":{"@id":"https:\/\/inti.hr\/sr\/proizvod\/komoda-za-cipele-s-kliznim-vratima\/#breadcrumb"},"inLanguage":"sr-RS","potentialAction":[{"@type":"ReadAction","target":["https:\/\/inti.hr\/sr\/proizvod\/komoda-za-cipele-s-kliznim-vratima\/"]}]},{"@type":"ImageObject","inLanguage":"sr-RS","@id":"https:\/\/inti.hr\/sr\/proizvod\/komoda-za-cipele-s-kliznim-vratima\/#primaryimage","url":"https:\/\/i0.wp.com\/inti.hr\/wp-content\/uploads\/2023\/05\/FSB65-N-Y002_800x.webp?fit=800%2C800&ssl=1","contentUrl":"https:\/\/i0.wp.com\/inti.hr\/wp-content\/uploads\/2023\/05\/FSB65-N-Y002_800x.webp?fit=800%2C800&ssl=1","width":800,"height":800},{"@type":"BreadcrumbList","@id":"https:\/\/inti.hr\/sr\/proizvod\/komoda-za-cipele-s-kliznim-vratima\/#breadcrumb","itemListElement":[{"@type":"ListItem","position":1,"name":"Po\u010detna stranica","item":"https:\/\/inti.hr\/sr\/"},{"@type":"ListItem","position":2,"name":"Prodavnica","item":"https:\/\/inti.hr\/sr\/prodavnica\/"},{"@type":"ListItem","position":3,"name":"Komoda za cipele s kliznim vratima"}]},{"@type":"WebSite","@id":"https:\/\/inti.hr\/sr\/#website","url":"https:\/\/inti.hr\/sr\/","name":"Inti","description":"trgovina","potentialAction":[{"@type":"SearchAction","target":{"@type":"EntryPoint","urlTemplate":"https:\/\/inti.hr\/sr\/?s={search_term_string}"},"query-input":{"@type":"PropertyValueSpecification","valueRequired":true,"valueName":"search_term_string"}}],"inLanguage":"sr-RS"}]}},"jetpack_sharing_enabled":true,"jetpack-related-posts":[],"_links":{"self":[{"href":"https:\/\/inti.hr\/sr\/wp-json\/wp\/v2\/product\/37769"}],"collection":[{"href":"https:\/\/inti.hr\/sr\/wp-json\/wp\/v2\/product"}],"about":[{"href":"https:\/\/inti.hr\/sr\/wp-json\/wp\/v2\/types\/product"}],"wp:featuredmedia":[{"embeddable":true,"href":"https:\/\/inti.hr\/sr\/wp-json\/wp\/v2\/media\/37770"}],"wp:attachment":[{"href":"https:\/\/inti.hr\/sr\/wp-json\/wp\/v2\/media?parent=37769"}],"wp:term":[{"taxonomy":"product_cat","embeddable":true,"href":"https:\/\/inti.hr\/sr\/wp-json\/wp\/v2\/product_cat?post=37769"},{"taxonomy":"product_tag","embeddable":true,"href":"https:\/\/inti.hr\/sr\/wp-json\/wp\/v2\/product_tag?post=37769"}],"curies":[{"name":"wp","href":"https:\/\/api.w.org\/{rel}","templated":true}]}}