{"id":37777,"date":"2022-07-18T09:47:30","date_gmt":"2022-07-18T09:47:30","guid":{"rendered":"https:\/\/inti.hr\/product\/pomocni-stolic-bjornsund\/"},"modified":"2022-07-18T09:47:30","modified_gmt":"2022-07-18T09:47:30","slug":"pomocni-stolic-bjornsund","status":"publish","type":"product","link":"https:\/\/inti.hr\/sr\/proizvod\/pomocni-stolic-bjornsund\/","title":{"rendered":"Pomo\u0107ni stoli\u0107 Bj\u00f8rnsund"},"content":{"rendered":"<p>Detalji proizvoda:<\/p>\n<p>&#8211; Izvanredan i bezvremenski dizajn<br \/>\n&#8211; Prostor za pohranu zahvaljuju\u0107i otvorenom prostoru za pohranu<br \/>\n&#8211; Stabilnost zahvaljuju\u0107i 3 noge stola<br \/>\n&#8211; Mo\u017ee se opteretiti do 15 kg<\/p>\n<p><b>Materijal:<\/b><\/p>\n<p>&#8211; Okvir stola: metal &#8211; Plo\u010da stola<br \/>\n: iveral<\/p>\n<p><b>Dimenzije:<\/b><\/p>\n<p>&#8211; Sveukupno (Vx\u00d8): 45 x 34 cm<br \/>\n&#8211; Unutarnje dimenzije (Vx\u00d8): 13 x 32 cm<\/p>\n<p><b>Boja:<\/b><\/p>\n<p>&#8211; Okvir stola: Crni &#8211; Plo\u010da stola<\/p>\n","protected":false},"excerpt":{"rendered":"<p>Ovaj neobi\u010dni stoli\u0107 mo\u017ee se koristiti na mnogo na\u010dina.\u00a0Sa svojim bezvremenskim &#8230; <\/p>\n","protected":false},"featured_media":37778,"template":"","meta":[],"product_cat":[2573,2421,2416],"product_tag":[],"yoast_head":"<!-- This site is optimized with the Yoast SEO plugin v23.7 - https:\/\/yoast.com\/wordpress\/plugins\/seo\/ -->\n<title>Pomo\u0107ni stoli\u0107 Bj\u00f8rnsund - Inti<\/title>\n<meta name=\"description\" content=\"Ovaj neobi\u010dni stoli\u0107 mo\u017ee se koristiti na mnogo na\u010dina. Sa svojim bezvremenskim dizajnom, savr\u0161eno se uklapa, na primjer, u va\u0161u dnevnu sobu. Otvorena polica nudi prakti\u010dan prostor za pohranu.\" \/>\n<meta name=\"robots\" content=\"index, follow, max-snippet:-1, max-image-preview:large, max-video-preview:-1\" \/>\n<link rel=\"canonical\" href=\"https:\/\/inti.hr\/sr\/proizvod\/pomocni-stolic-bjornsund\/\" \/>\n<meta property=\"og:locale\" content=\"sr_RS\" \/>\n<meta property=\"og:type\" content=\"article\" \/>\n<meta property=\"og:title\" content=\"Pomo\u0107ni stoli\u0107 Bj\u00f8rnsund - Inti\" \/>\n<meta property=\"og:description\" content=\"Ovaj neobi\u010dni stoli\u0107 mo\u017ee se koristiti na mnogo na\u010dina. Sa svojim bezvremenskim dizajnom, savr\u0161eno se uklapa, na primjer, u va\u0161u dnevnu sobu. Otvorena polica nudi prakti\u010dan prostor za pohranu.\" \/>\n<meta property=\"og:url\" content=\"https:\/\/inti.hr\/sr\/proizvod\/pomocni-stolic-bjornsund\/\" \/>\n<meta property=\"og:site_name\" content=\"Inti\" \/>\n<meta property=\"og:image\" content=\"https:\/\/i0.wp.com\/inti.hr\/wp-content\/uploads\/2022\/07\/d0ab03a9e33310143e3910804b80864c.webp?fit=700%2C700&ssl=1\" \/>\n\t<meta property=\"og:image:width\" content=\"700\" \/>\n\t<meta property=\"og:image:height\" content=\"700\" \/>\n\t<meta property=\"og:image:type\" content=\"image\/webp\" \/>\n<meta name=\"twitter:card\" content=\"summary_large_image\" \/>\n<script type=\"application\/ld+json\" class=\"yoast-schema-graph\">{\"@context\":\"https:\/\/schema.org\",\"@graph\":[{\"@type\":\"WebPage\",\"@id\":\"https:\/\/inti.hr\/sr\/proizvod\/pomocni-stolic-bjornsund\/\",\"url\":\"https:\/\/inti.hr\/sr\/proizvod\/pomocni-stolic-bjornsund\/\",\"name\":\"Pomo\u0107ni stoli\u0107 Bj\u00f8rnsund - Inti\",\"isPartOf\":{\"@id\":\"https:\/\/inti.hr\/sr\/#website\"},\"primaryImageOfPage\":{\"@id\":\"https:\/\/inti.hr\/sr\/proizvod\/pomocni-stolic-bjornsund\/#primaryimage\"},\"image\":{\"@id\":\"https:\/\/inti.hr\/sr\/proizvod\/pomocni-stolic-bjornsund\/#primaryimage\"},\"thumbnailUrl\":\"https:\/\/i0.wp.com\/inti.hr\/wp-content\/uploads\/2022\/07\/d0ab03a9e33310143e3910804b80864c.webp?fit=700%2C700&ssl=1\",\"datePublished\":\"2022-07-18T09:47:30+00:00\",\"dateModified\":\"2022-07-18T09:47:30+00:00\",\"description\":\"Ovaj neobi\u010dni stoli\u0107 mo\u017ee se koristiti na mnogo na\u010dina. Sa svojim bezvremenskim dizajnom, savr\u0161eno se uklapa, na primjer, u va\u0161u dnevnu sobu. Otvorena polica nudi prakti\u010dan prostor za pohranu.\",\"breadcrumb\":{\"@id\":\"https:\/\/inti.hr\/sr\/proizvod\/pomocni-stolic-bjornsund\/#breadcrumb\"},\"inLanguage\":\"sr-RS\",\"potentialAction\":[{\"@type\":\"ReadAction\",\"target\":[\"https:\/\/inti.hr\/sr\/proizvod\/pomocni-stolic-bjornsund\/\"]}]},{\"@type\":\"ImageObject\",\"inLanguage\":\"sr-RS\",\"@id\":\"https:\/\/inti.hr\/sr\/proizvod\/pomocni-stolic-bjornsund\/#primaryimage\",\"url\":\"https:\/\/i0.wp.com\/inti.hr\/wp-content\/uploads\/2022\/07\/d0ab03a9e33310143e3910804b80864c.webp?fit=700%2C700&ssl=1\",\"contentUrl\":\"https:\/\/i0.wp.com\/inti.hr\/wp-content\/uploads\/2022\/07\/d0ab03a9e33310143e3910804b80864c.webp?fit=700%2C700&ssl=1\",\"width\":700,\"height\":700},{\"@type\":\"BreadcrumbList\",\"@id\":\"https:\/\/inti.hr\/sr\/proizvod\/pomocni-stolic-bjornsund\/#breadcrumb\",\"itemListElement\":[{\"@type\":\"ListItem\",\"position\":1,\"name\":\"Po\u010detna stranica\",\"item\":\"https:\/\/inti.hr\/sr\/\"},{\"@type\":\"ListItem\",\"position\":2,\"name\":\"Prodavnica\",\"item\":\"https:\/\/inti.hr\/sr\/prodavnica\/\"},{\"@type\":\"ListItem\",\"position\":3,\"name\":\"Pomo\u0107ni stoli\u0107 Bj\u00f8rnsund\"}]},{\"@type\":\"WebSite\",\"@id\":\"https:\/\/inti.hr\/sr\/#website\",\"url\":\"https:\/\/inti.hr\/sr\/\",\"name\":\"Inti\",\"description\":\"trgovina\",\"potentialAction\":[{\"@type\":\"SearchAction\",\"target\":{\"@type\":\"EntryPoint\",\"urlTemplate\":\"https:\/\/inti.hr\/sr\/?s={search_term_string}\"},\"query-input\":{\"@type\":\"PropertyValueSpecification\",\"valueRequired\":true,\"valueName\":\"search_term_string\"}}],\"inLanguage\":\"sr-RS\"}]}<\/script>\n<!-- \/ Yoast SEO plugin. -->","yoast_head_json":{"title":"Pomo\u0107ni stoli\u0107 Bj\u00f8rnsund - Inti","description":"Ovaj neobi\u010dni stoli\u0107 mo\u017ee se koristiti na mnogo na\u010dina. Sa svojim bezvremenskim dizajnom, savr\u0161eno se uklapa, na primjer, u va\u0161u dnevnu sobu. Otvorena polica nudi prakti\u010dan prostor za pohranu.","robots":{"index":"index","follow":"follow","max-snippet":"max-snippet:-1","max-image-preview":"max-image-preview:large","max-video-preview":"max-video-preview:-1"},"canonical":"https:\/\/inti.hr\/sr\/proizvod\/pomocni-stolic-bjornsund\/","og_locale":"sr_RS","og_type":"article","og_title":"Pomo\u0107ni stoli\u0107 Bj\u00f8rnsund - Inti","og_description":"Ovaj neobi\u010dni stoli\u0107 mo\u017ee se koristiti na mnogo na\u010dina. Sa svojim bezvremenskim dizajnom, savr\u0161eno se uklapa, na primjer, u va\u0161u dnevnu sobu. Otvorena polica nudi prakti\u010dan prostor za pohranu.","og_url":"https:\/\/inti.hr\/sr\/proizvod\/pomocni-stolic-bjornsund\/","og_site_name":"Inti","og_image":[{"width":700,"height":700,"url":"https:\/\/i0.wp.com\/inti.hr\/wp-content\/uploads\/2022\/07\/d0ab03a9e33310143e3910804b80864c.webp?fit=700%2C700&ssl=1","type":"image\/webp"}],"twitter_card":"summary_large_image","schema":{"@context":"https:\/\/schema.org","@graph":[{"@type":"WebPage","@id":"https:\/\/inti.hr\/sr\/proizvod\/pomocni-stolic-bjornsund\/","url":"https:\/\/inti.hr\/sr\/proizvod\/pomocni-stolic-bjornsund\/","name":"Pomo\u0107ni stoli\u0107 Bj\u00f8rnsund - Inti","isPartOf":{"@id":"https:\/\/inti.hr\/sr\/#website"},"primaryImageOfPage":{"@id":"https:\/\/inti.hr\/sr\/proizvod\/pomocni-stolic-bjornsund\/#primaryimage"},"image":{"@id":"https:\/\/inti.hr\/sr\/proizvod\/pomocni-stolic-bjornsund\/#primaryimage"},"thumbnailUrl":"https:\/\/i0.wp.com\/inti.hr\/wp-content\/uploads\/2022\/07\/d0ab03a9e33310143e3910804b80864c.webp?fit=700%2C700&ssl=1","datePublished":"2022-07-18T09:47:30+00:00","dateModified":"2022-07-18T09:47:30+00:00","description":"Ovaj neobi\u010dni stoli\u0107 mo\u017ee se koristiti na mnogo na\u010dina. Sa svojim bezvremenskim dizajnom, savr\u0161eno se uklapa, na primjer, u va\u0161u dnevnu sobu. Otvorena polica nudi prakti\u010dan prostor za pohranu.","breadcrumb":{"@id":"https:\/\/inti.hr\/sr\/proizvod\/pomocni-stolic-bjornsund\/#breadcrumb"},"inLanguage":"sr-RS","potentialAction":[{"@type":"ReadAction","target":["https:\/\/inti.hr\/sr\/proizvod\/pomocni-stolic-bjornsund\/"]}]},{"@type":"ImageObject","inLanguage":"sr-RS","@id":"https:\/\/inti.hr\/sr\/proizvod\/pomocni-stolic-bjornsund\/#primaryimage","url":"https:\/\/i0.wp.com\/inti.hr\/wp-content\/uploads\/2022\/07\/d0ab03a9e33310143e3910804b80864c.webp?fit=700%2C700&ssl=1","contentUrl":"https:\/\/i0.wp.com\/inti.hr\/wp-content\/uploads\/2022\/07\/d0ab03a9e33310143e3910804b80864c.webp?fit=700%2C700&ssl=1","width":700,"height":700},{"@type":"BreadcrumbList","@id":"https:\/\/inti.hr\/sr\/proizvod\/pomocni-stolic-bjornsund\/#breadcrumb","itemListElement":[{"@type":"ListItem","position":1,"name":"Po\u010detna stranica","item":"https:\/\/inti.hr\/sr\/"},{"@type":"ListItem","position":2,"name":"Prodavnica","item":"https:\/\/inti.hr\/sr\/prodavnica\/"},{"@type":"ListItem","position":3,"name":"Pomo\u0107ni stoli\u0107 Bj\u00f8rnsund"}]},{"@type":"WebSite","@id":"https:\/\/inti.hr\/sr\/#website","url":"https:\/\/inti.hr\/sr\/","name":"Inti","description":"trgovina","potentialAction":[{"@type":"SearchAction","target":{"@type":"EntryPoint","urlTemplate":"https:\/\/inti.hr\/sr\/?s={search_term_string}"},"query-input":{"@type":"PropertyValueSpecification","valueRequired":true,"valueName":"search_term_string"}}],"inLanguage":"sr-RS"}]}},"jetpack_sharing_enabled":true,"jetpack-related-posts":[],"_links":{"self":[{"href":"https:\/\/inti.hr\/sr\/wp-json\/wp\/v2\/product\/37777"}],"collection":[{"href":"https:\/\/inti.hr\/sr\/wp-json\/wp\/v2\/product"}],"about":[{"href":"https:\/\/inti.hr\/sr\/wp-json\/wp\/v2\/types\/product"}],"wp:featuredmedia":[{"embeddable":true,"href":"https:\/\/inti.hr\/sr\/wp-json\/wp\/v2\/media\/37778"}],"wp:attachment":[{"href":"https:\/\/inti.hr\/sr\/wp-json\/wp\/v2\/media?parent=37777"}],"wp:term":[{"taxonomy":"product_cat","embeddable":true,"href":"https:\/\/inti.hr\/sr\/wp-json\/wp\/v2\/product_cat?post=37777"},{"taxonomy":"product_tag","embeddable":true,"href":"https:\/\/inti.hr\/sr\/wp-json\/wp\/v2\/product_tag?post=37777"}],"curies":[{"name":"wp","href":"https:\/\/api.w.org\/{rel}","templated":true}]}}