{"id":37785,"date":"2022-07-16T11:04:13","date_gmt":"2022-07-16T11:04:13","guid":{"rendered":"https:\/\/inti.hr\/product\/vrtna-kosara-za-ljuljanje\/"},"modified":"2022-07-16T11:04:13","modified_gmt":"2022-07-16T11:04:13","slug":"vrtna-kosara-za-ljuljanje","status":"publish","type":"product","link":"https:\/\/inti.hr\/sr\/proizvod\/vrtna-kosara-za-ljuljanje\/","title":{"rendered":"Vrtna ko\u0161ara za ljuljanje"},"content":{"rendered":"<p>Detalji proizvoda:<\/p>\n<ul>\n<li>Ukupna visina: 187 cm, Visina sjedala: 50 cm<\/li>\n<li>\u0161irina sjedala: 65 cm<\/li>\n<li>Te\u017eina: 27,3 kg<\/li>\n<li>Nosivost: 120 kg<\/li>\n<li>Materijal: cjevasti \u010delik, oksford tkanina.<\/li>\n<li>Isporuka se sastoji od dva paketa<\/li>\n<li>S uputama za sastavljanje i vijcima.\u00a0Jednostavna instalacija.<\/li>\n<\/ul>\n","protected":false},"excerpt":{"rendered":"<p>Toplo sunce, lagani povjetarac i svje\u017ei miris biljaka&#8230; \u0160to ka\u017eete na &#8230; <\/p>\n","protected":false},"featured_media":37786,"template":"","meta":[],"product_cat":[2485,2461],"product_tag":[4242,2561,5242,5243],"yoast_head":"<!-- This site is optimized with the Yoast SEO plugin v23.7 - https:\/\/yoast.com\/wordpress\/plugins\/seo\/ -->\n<title>Vrtna ko\u0161ara za ljuljanje - Inti<\/title>\n<meta name=\"description\" content=\"Toplo sunce, lagani povjetarac i svje\u017ei miris biljaka... \u0160to ka\u017eete na \u010ditanje omiljenog romana na stolici za ljuljanje u vrtu, daleko od vreve velikog grada?Zahvaljuju\u0107i svom lijepom i modernom dizajnu, ova elegantna lebde\u0107a le\u017ealjka je apsolutni vrhunac u va\u0161em vrtu, terasi ili balkonu i slu\u017ei kao savr\u0161eno mjesto za opu\u0161tanje.Krevet za ljuljanje otporan je na vremenske uvjete.\u00a0Me\u0111utim, treba ih pokriti ili uskladi\u0161titi ako se vremenski uvjeti promijene.\u00a0Budu\u0107i da utjecaj stalne vlage i ogrebotine na presvlakama mogu uzrokovati.\u00a0Zahvaljuju\u0107i krovnom prozoru uvijek imate malo hlada. Opasnost!\u00a0Sun\u010dani pokrov ne nudi za\u0161titu od UV zra\u010denja, pa biste ipak trebali nanijeti kremu za sun\u010danje.Dizajn u obliku slova C pru\u017ea dobru stabilnost i sigurnost, a maksimalna nosivost je do 120 kg.\u00a0Noga ispod osigurava da se neravnine na podu izravnaju i da se stol ne klima.Zahvaljuju\u0107i udobnoj, ergonomski oblikovanoj povr\u0161ini za le\u017eanje i mekom sjedalu i jastuku, mo\u017eete u\u017eivati \u200b\u200bu prvoklasnoj udobnosti.\u00a0Poklopac se lako skida.\" \/>\n<meta name=\"robots\" content=\"index, follow, max-snippet:-1, max-image-preview:large, max-video-preview:-1\" \/>\n<link rel=\"canonical\" href=\"https:\/\/inti.hr\/sr\/proizvod\/vrtna-kosara-za-ljuljanje\/\" \/>\n<meta property=\"og:locale\" content=\"sr_RS\" \/>\n<meta property=\"og:type\" content=\"article\" \/>\n<meta property=\"og:title\" content=\"Vrtna ko\u0161ara za ljuljanje - Inti\" \/>\n<meta property=\"og:description\" content=\"Toplo sunce, lagani povjetarac i svje\u017ei miris biljaka... \u0160to ka\u017eete na \u010ditanje omiljenog romana na stolici za ljuljanje u vrtu, daleko od vreve velikog grada?Zahvaljuju\u0107i svom lijepom i modernom dizajnu, ova elegantna lebde\u0107a le\u017ealjka je apsolutni vrhunac u va\u0161em vrtu, terasi ili balkonu i slu\u017ei kao savr\u0161eno mjesto za opu\u0161tanje.Krevet za ljuljanje otporan je na vremenske uvjete.\u00a0Me\u0111utim, treba ih pokriti ili uskladi\u0161titi ako se vremenski uvjeti promijene.\u00a0Budu\u0107i da utjecaj stalne vlage i ogrebotine na presvlakama mogu uzrokovati.\u00a0Zahvaljuju\u0107i krovnom prozoru uvijek imate malo hlada. Opasnost!\u00a0Sun\u010dani pokrov ne nudi za\u0161titu od UV zra\u010denja, pa biste ipak trebali nanijeti kremu za sun\u010danje.Dizajn u obliku slova C pru\u017ea dobru stabilnost i sigurnost, a maksimalna nosivost je do 120 kg.\u00a0Noga ispod osigurava da se neravnine na podu izravnaju i da se stol ne klima.Zahvaljuju\u0107i udobnoj, ergonomski oblikovanoj povr\u0161ini za le\u017eanje i mekom sjedalu i jastuku, mo\u017eete u\u017eivati \u200b\u200bu prvoklasnoj udobnosti.\u00a0Poklopac se lako skida.\" \/>\n<meta property=\"og:url\" content=\"https:\/\/inti.hr\/sr\/proizvod\/vrtna-kosara-za-ljuljanje\/\" \/>\n<meta property=\"og:site_name\" content=\"Inti\" \/>\n<meta property=\"og:image\" content=\"https:\/\/i0.wp.com\/inti.hr\/wp-content\/uploads\/2022\/07\/OGS57-HG-Y002.webp?fit=1600%2C1600&ssl=1\" \/>\n\t<meta property=\"og:image:width\" content=\"1600\" \/>\n\t<meta property=\"og:image:height\" content=\"1600\" \/>\n\t<meta property=\"og:image:type\" content=\"image\/webp\" \/>\n<meta name=\"twitter:card\" content=\"summary_large_image\" \/>\n<script type=\"application\/ld+json\" class=\"yoast-schema-graph\">{\"@context\":\"https:\/\/schema.org\",\"@graph\":[{\"@type\":\"WebPage\",\"@id\":\"https:\/\/inti.hr\/sr\/proizvod\/vrtna-kosara-za-ljuljanje\/\",\"url\":\"https:\/\/inti.hr\/sr\/proizvod\/vrtna-kosara-za-ljuljanje\/\",\"name\":\"Vrtna ko\u0161ara za ljuljanje - Inti\",\"isPartOf\":{\"@id\":\"https:\/\/inti.hr\/sr\/#website\"},\"primaryImageOfPage\":{\"@id\":\"https:\/\/inti.hr\/sr\/proizvod\/vrtna-kosara-za-ljuljanje\/#primaryimage\"},\"image\":{\"@id\":\"https:\/\/inti.hr\/sr\/proizvod\/vrtna-kosara-za-ljuljanje\/#primaryimage\"},\"thumbnailUrl\":\"https:\/\/i0.wp.com\/inti.hr\/wp-content\/uploads\/2022\/07\/OGS57-HG-Y002.webp?fit=1600%2C1600&ssl=1\",\"datePublished\":\"2022-07-16T11:04:13+00:00\",\"dateModified\":\"2022-07-16T11:04:13+00:00\",\"description\":\"Toplo sunce, lagani povjetarac i svje\u017ei miris biljaka... \u0160to ka\u017eete na \u010ditanje omiljenog romana na stolici za ljuljanje u vrtu, daleko od vreve velikog grada?Zahvaljuju\u0107i svom lijepom i modernom dizajnu, ova elegantna lebde\u0107a le\u017ealjka je apsolutni vrhunac u va\u0161em vrtu, terasi ili balkonu i slu\u017ei kao savr\u0161eno mjesto za opu\u0161tanje.Krevet za ljuljanje otporan je na vremenske uvjete.\u00a0Me\u0111utim, treba ih pokriti ili uskladi\u0161titi ako se vremenski uvjeti promijene.\u00a0Budu\u0107i da utjecaj stalne vlage i ogrebotine na presvlakama mogu uzrokovati.\u00a0Zahvaljuju\u0107i krovnom prozoru uvijek imate malo hlada. Opasnost!\u00a0Sun\u010dani pokrov ne nudi za\u0161titu od UV zra\u010denja, pa biste ipak trebali nanijeti kremu za sun\u010danje.Dizajn u obliku slova C pru\u017ea dobru stabilnost i sigurnost, a maksimalna nosivost je do 120 kg.\u00a0Noga ispod osigurava da se neravnine na podu izravnaju i da se stol ne klima.Zahvaljuju\u0107i udobnoj, ergonomski oblikovanoj povr\u0161ini za le\u017eanje i mekom sjedalu i jastuku, mo\u017eete u\u017eivati \u200b\u200bu prvoklasnoj udobnosti.\u00a0Poklopac se lako skida.\",\"breadcrumb\":{\"@id\":\"https:\/\/inti.hr\/sr\/proizvod\/vrtna-kosara-za-ljuljanje\/#breadcrumb\"},\"inLanguage\":\"sr-RS\",\"potentialAction\":[{\"@type\":\"ReadAction\",\"target\":[\"https:\/\/inti.hr\/sr\/proizvod\/vrtna-kosara-za-ljuljanje\/\"]}]},{\"@type\":\"ImageObject\",\"inLanguage\":\"sr-RS\",\"@id\":\"https:\/\/inti.hr\/sr\/proizvod\/vrtna-kosara-za-ljuljanje\/#primaryimage\",\"url\":\"https:\/\/i0.wp.com\/inti.hr\/wp-content\/uploads\/2022\/07\/OGS57-HG-Y002.webp?fit=1600%2C1600&ssl=1\",\"contentUrl\":\"https:\/\/i0.wp.com\/inti.hr\/wp-content\/uploads\/2022\/07\/OGS57-HG-Y002.webp?fit=1600%2C1600&ssl=1\",\"width\":1600,\"height\":1600,\"caption\":\"Vrtna ko\u0161ara za ljuljanje\"},{\"@type\":\"BreadcrumbList\",\"@id\":\"https:\/\/inti.hr\/sr\/proizvod\/vrtna-kosara-za-ljuljanje\/#breadcrumb\",\"itemListElement\":[{\"@type\":\"ListItem\",\"position\":1,\"name\":\"Po\u010detna stranica\",\"item\":\"https:\/\/inti.hr\/sr\/\"},{\"@type\":\"ListItem\",\"position\":2,\"name\":\"Prodavnica\",\"item\":\"https:\/\/inti.hr\/sr\/prodavnica\/\"},{\"@type\":\"ListItem\",\"position\":3,\"name\":\"Vrtna ko\u0161ara za ljuljanje\"}]},{\"@type\":\"WebSite\",\"@id\":\"https:\/\/inti.hr\/sr\/#website\",\"url\":\"https:\/\/inti.hr\/sr\/\",\"name\":\"Inti\",\"description\":\"trgovina\",\"potentialAction\":[{\"@type\":\"SearchAction\",\"target\":{\"@type\":\"EntryPoint\",\"urlTemplate\":\"https:\/\/inti.hr\/sr\/?s={search_term_string}\"},\"query-input\":{\"@type\":\"PropertyValueSpecification\",\"valueRequired\":true,\"valueName\":\"search_term_string\"}}],\"inLanguage\":\"sr-RS\"}]}<\/script>\n<!-- \/ Yoast SEO plugin. -->","yoast_head_json":{"title":"Vrtna ko\u0161ara za ljuljanje - Inti","description":"Toplo sunce, lagani povjetarac i svje\u017ei miris biljaka... \u0160to ka\u017eete na \u010ditanje omiljenog romana na stolici za ljuljanje u vrtu, daleko od vreve velikog grada?Zahvaljuju\u0107i svom lijepom i modernom dizajnu, ova elegantna lebde\u0107a le\u017ealjka je apsolutni vrhunac u va\u0161em vrtu, terasi ili balkonu i slu\u017ei kao savr\u0161eno mjesto za opu\u0161tanje.Krevet za ljuljanje otporan je na vremenske uvjete.\u00a0Me\u0111utim, treba ih pokriti ili uskladi\u0161titi ako se vremenski uvjeti promijene.\u00a0Budu\u0107i da utjecaj stalne vlage i ogrebotine na presvlakama mogu uzrokovati.\u00a0Zahvaljuju\u0107i krovnom prozoru uvijek imate malo hlada. Opasnost!\u00a0Sun\u010dani pokrov ne nudi za\u0161titu od UV zra\u010denja, pa biste ipak trebali nanijeti kremu za sun\u010danje.Dizajn u obliku slova C pru\u017ea dobru stabilnost i sigurnost, a maksimalna nosivost je do 120 kg.\u00a0Noga ispod osigurava da se neravnine na podu izravnaju i da se stol ne klima.Zahvaljuju\u0107i udobnoj, ergonomski oblikovanoj povr\u0161ini za le\u017eanje i mekom sjedalu i jastuku, mo\u017eete u\u017eivati \u200b\u200bu prvoklasnoj udobnosti.\u00a0Poklopac se lako skida.","robots":{"index":"index","follow":"follow","max-snippet":"max-snippet:-1","max-image-preview":"max-image-preview:large","max-video-preview":"max-video-preview:-1"},"canonical":"https:\/\/inti.hr\/sr\/proizvod\/vrtna-kosara-za-ljuljanje\/","og_locale":"sr_RS","og_type":"article","og_title":"Vrtna ko\u0161ara za ljuljanje - Inti","og_description":"Toplo sunce, lagani povjetarac i svje\u017ei miris biljaka... \u0160to ka\u017eete na \u010ditanje omiljenog romana na stolici za ljuljanje u vrtu, daleko od vreve velikog grada?Zahvaljuju\u0107i svom lijepom i modernom dizajnu, ova elegantna lebde\u0107a le\u017ealjka je apsolutni vrhunac u va\u0161em vrtu, terasi ili balkonu i slu\u017ei kao savr\u0161eno mjesto za opu\u0161tanje.Krevet za ljuljanje otporan je na vremenske uvjete.\u00a0Me\u0111utim, treba ih pokriti ili uskladi\u0161titi ako se vremenski uvjeti promijene.\u00a0Budu\u0107i da utjecaj stalne vlage i ogrebotine na presvlakama mogu uzrokovati.\u00a0Zahvaljuju\u0107i krovnom prozoru uvijek imate malo hlada. Opasnost!\u00a0Sun\u010dani pokrov ne nudi za\u0161titu od UV zra\u010denja, pa biste ipak trebali nanijeti kremu za sun\u010danje.Dizajn u obliku slova C pru\u017ea dobru stabilnost i sigurnost, a maksimalna nosivost je do 120 kg.\u00a0Noga ispod osigurava da se neravnine na podu izravnaju i da se stol ne klima.Zahvaljuju\u0107i udobnoj, ergonomski oblikovanoj povr\u0161ini za le\u017eanje i mekom sjedalu i jastuku, mo\u017eete u\u017eivati \u200b\u200bu prvoklasnoj udobnosti.\u00a0Poklopac se lako skida.","og_url":"https:\/\/inti.hr\/sr\/proizvod\/vrtna-kosara-za-ljuljanje\/","og_site_name":"Inti","og_image":[{"width":1600,"height":1600,"url":"https:\/\/i0.wp.com\/inti.hr\/wp-content\/uploads\/2022\/07\/OGS57-HG-Y002.webp?fit=1600%2C1600&ssl=1","type":"image\/webp"}],"twitter_card":"summary_large_image","schema":{"@context":"https:\/\/schema.org","@graph":[{"@type":"WebPage","@id":"https:\/\/inti.hr\/sr\/proizvod\/vrtna-kosara-za-ljuljanje\/","url":"https:\/\/inti.hr\/sr\/proizvod\/vrtna-kosara-za-ljuljanje\/","name":"Vrtna ko\u0161ara za ljuljanje - Inti","isPartOf":{"@id":"https:\/\/inti.hr\/sr\/#website"},"primaryImageOfPage":{"@id":"https:\/\/inti.hr\/sr\/proizvod\/vrtna-kosara-za-ljuljanje\/#primaryimage"},"image":{"@id":"https:\/\/inti.hr\/sr\/proizvod\/vrtna-kosara-za-ljuljanje\/#primaryimage"},"thumbnailUrl":"https:\/\/i0.wp.com\/inti.hr\/wp-content\/uploads\/2022\/07\/OGS57-HG-Y002.webp?fit=1600%2C1600&ssl=1","datePublished":"2022-07-16T11:04:13+00:00","dateModified":"2022-07-16T11:04:13+00:00","description":"Toplo sunce, lagani povjetarac i svje\u017ei miris biljaka... \u0160to ka\u017eete na \u010ditanje omiljenog romana na stolici za ljuljanje u vrtu, daleko od vreve velikog grada?Zahvaljuju\u0107i svom lijepom i modernom dizajnu, ova elegantna lebde\u0107a le\u017ealjka je apsolutni vrhunac u va\u0161em vrtu, terasi ili balkonu i slu\u017ei kao savr\u0161eno mjesto za opu\u0161tanje.Krevet za ljuljanje otporan je na vremenske uvjete.\u00a0Me\u0111utim, treba ih pokriti ili uskladi\u0161titi ako se vremenski uvjeti promijene.\u00a0Budu\u0107i da utjecaj stalne vlage i ogrebotine na presvlakama mogu uzrokovati.\u00a0Zahvaljuju\u0107i krovnom prozoru uvijek imate malo hlada. Opasnost!\u00a0Sun\u010dani pokrov ne nudi za\u0161titu od UV zra\u010denja, pa biste ipak trebali nanijeti kremu za sun\u010danje.Dizajn u obliku slova C pru\u017ea dobru stabilnost i sigurnost, a maksimalna nosivost je do 120 kg.\u00a0Noga ispod osigurava da se neravnine na podu izravnaju i da se stol ne klima.Zahvaljuju\u0107i udobnoj, ergonomski oblikovanoj povr\u0161ini za le\u017eanje i mekom sjedalu i jastuku, mo\u017eete u\u017eivati \u200b\u200bu prvoklasnoj udobnosti.\u00a0Poklopac se lako skida.","breadcrumb":{"@id":"https:\/\/inti.hr\/sr\/proizvod\/vrtna-kosara-za-ljuljanje\/#breadcrumb"},"inLanguage":"sr-RS","potentialAction":[{"@type":"ReadAction","target":["https:\/\/inti.hr\/sr\/proizvod\/vrtna-kosara-za-ljuljanje\/"]}]},{"@type":"ImageObject","inLanguage":"sr-RS","@id":"https:\/\/inti.hr\/sr\/proizvod\/vrtna-kosara-za-ljuljanje\/#primaryimage","url":"https:\/\/i0.wp.com\/inti.hr\/wp-content\/uploads\/2022\/07\/OGS57-HG-Y002.webp?fit=1600%2C1600&ssl=1","contentUrl":"https:\/\/i0.wp.com\/inti.hr\/wp-content\/uploads\/2022\/07\/OGS57-HG-Y002.webp?fit=1600%2C1600&ssl=1","width":1600,"height":1600,"caption":"Vrtna ko\u0161ara za ljuljanje"},{"@type":"BreadcrumbList","@id":"https:\/\/inti.hr\/sr\/proizvod\/vrtna-kosara-za-ljuljanje\/#breadcrumb","itemListElement":[{"@type":"ListItem","position":1,"name":"Po\u010detna stranica","item":"https:\/\/inti.hr\/sr\/"},{"@type":"ListItem","position":2,"name":"Prodavnica","item":"https:\/\/inti.hr\/sr\/prodavnica\/"},{"@type":"ListItem","position":3,"name":"Vrtna ko\u0161ara za ljuljanje"}]},{"@type":"WebSite","@id":"https:\/\/inti.hr\/sr\/#website","url":"https:\/\/inti.hr\/sr\/","name":"Inti","description":"trgovina","potentialAction":[{"@type":"SearchAction","target":{"@type":"EntryPoint","urlTemplate":"https:\/\/inti.hr\/sr\/?s={search_term_string}"},"query-input":{"@type":"PropertyValueSpecification","valueRequired":true,"valueName":"search_term_string"}}],"inLanguage":"sr-RS"}]}},"jetpack_sharing_enabled":true,"jetpack-related-posts":[],"_links":{"self":[{"href":"https:\/\/inti.hr\/sr\/wp-json\/wp\/v2\/product\/37785"}],"collection":[{"href":"https:\/\/inti.hr\/sr\/wp-json\/wp\/v2\/product"}],"about":[{"href":"https:\/\/inti.hr\/sr\/wp-json\/wp\/v2\/types\/product"}],"wp:featuredmedia":[{"embeddable":true,"href":"https:\/\/inti.hr\/sr\/wp-json\/wp\/v2\/media\/37786"}],"wp:attachment":[{"href":"https:\/\/inti.hr\/sr\/wp-json\/wp\/v2\/media?parent=37785"}],"wp:term":[{"taxonomy":"product_cat","embeddable":true,"href":"https:\/\/inti.hr\/sr\/wp-json\/wp\/v2\/product_cat?post=37785"},{"taxonomy":"product_tag","embeddable":true,"href":"https:\/\/inti.hr\/sr\/wp-json\/wp\/v2\/product_tag?post=37785"}],"curies":[{"name":"wp","href":"https:\/\/api.w.org\/{rel}","templated":true}]}}