{"id":37797,"date":"2022-07-14T07:41:53","date_gmt":"2022-07-14T07:41:53","guid":{"rendered":"https:\/\/inti.hr\/product\/zidna-kutna-polica-s-cik-cak-dizajnom-zidna-polica\/"},"modified":"2022-07-14T07:41:53","modified_gmt":"2022-07-14T07:41:53","slug":"zidna-kutna-polica-s-cik-cak-dizajnom-zidna-polica","status":"publish","type":"product","link":"https:\/\/inti.hr\/sr\/proizvod\/zidna-kutna-polica-s-cik-cak-dizajnom-zidna-polica\/","title":{"rendered":"Zidna kutna polica s 5 razina"},"content":{"rendered":"<p>Detalji o proizvodu:<br \/>\n&#8211; Boja: vintage sme\u0111e-crna<br \/>\n&#8211; Materijal: iverica, \u010delik<br \/>\n&#8211; Veli\u010dina: 20 x 20 x 127,5 cm (D x \u0160 x V)<br \/>\n&#8211; Te\u017eina: 2,9 kg<br \/>\n&#8211; Maksimalna stati\u010dka nosivost po polici: 6 kg<\/p>\n","protected":false},"excerpt":{"rendered":"<p>Svaka polica izra\u0111ena je od visokokvalitetnog iverala i robusnog \u010deli\u010dnog okvira &#8230; <\/p>\n","protected":false},"featured_media":37798,"template":"","meta":[],"product_cat":[2573,2421,2416],"product_tag":[2441,5253],"yoast_head":"<!-- This site is optimized with the Yoast SEO plugin v23.7 - https:\/\/yoast.com\/wordpress\/plugins\/seo\/ -->\n<title>Zidna kutna polica s 5 razina - Inti<\/title>\n<meta name=\"description\" content=\"Svaka polica izra\u0111ena je od visokokvalitetnog iverala i robusnog \u010deli\u010dnog okvira i nosivost do 6 kg; Dizajn u obliku lepeze \u0161titi od opasnosti od udaraca. Polica koja je pouzdana za predmet i za vas. S ovom kutnom policom ne samo da mo\u017eete optimalno iskoristiti prazne zidne kutove. Cik-cak dizajn, vintage police i crni metalni okvir u obliku slova X imaju vi\u0161e karakteraskladi\u0161ni prostor? Postoji 5 razina! \u0160iroka 20 cm i raspore\u0111ena izme\u0111u polica, polica za knjige nudi obilje prostora za izlaganje va\u0161ih omiljenih predmeta i dr\u017eanje \u010desto kori\u0161tenih predmeta na dohvat ruke.\" \/>\n<meta name=\"robots\" content=\"index, follow, max-snippet:-1, max-image-preview:large, max-video-preview:-1\" \/>\n<link rel=\"canonical\" href=\"https:\/\/inti.hr\/sr\/proizvod\/zidna-kutna-polica-s-cik-cak-dizajnom-zidna-polica\/\" \/>\n<meta property=\"og:locale\" content=\"sr_RS\" \/>\n<meta property=\"og:type\" content=\"article\" \/>\n<meta property=\"og:title\" content=\"Zidna kutna polica s 5 razina - Inti\" \/>\n<meta property=\"og:description\" content=\"Svaka polica izra\u0111ena je od visokokvalitetnog iverala i robusnog \u010deli\u010dnog okvira i nosivost do 6 kg; Dizajn u obliku lepeze \u0161titi od opasnosti od udaraca. Polica koja je pouzdana za predmet i za vas. S ovom kutnom policom ne samo da mo\u017eete optimalno iskoristiti prazne zidne kutove. Cik-cak dizajn, vintage police i crni metalni okvir u obliku slova X imaju vi\u0161e karakteraskladi\u0161ni prostor? Postoji 5 razina! \u0160iroka 20 cm i raspore\u0111ena izme\u0111u polica, polica za knjige nudi obilje prostora za izlaganje va\u0161ih omiljenih predmeta i dr\u017eanje \u010desto kori\u0161tenih predmeta na dohvat ruke.\" \/>\n<meta property=\"og:url\" content=\"https:\/\/inti.hr\/sr\/proizvod\/zidna-kutna-polica-s-cik-cak-dizajnom-zidna-polica\/\" \/>\n<meta property=\"og:site_name\" content=\"Inti\" \/>\n<meta property=\"og:image\" content=\"https:\/\/i0.wp.com\/inti.hr\/wp-content\/uploads\/2022\/07\/LLS851B01-3.jpg?fit=750%2C750&ssl=1\" \/>\n\t<meta property=\"og:image:width\" content=\"750\" \/>\n\t<meta property=\"og:image:height\" content=\"750\" \/>\n\t<meta property=\"og:image:type\" content=\"image\/jpeg\" \/>\n<meta name=\"twitter:card\" content=\"summary_large_image\" \/>\n<script type=\"application\/ld+json\" class=\"yoast-schema-graph\">{\"@context\":\"https:\/\/schema.org\",\"@graph\":[{\"@type\":\"WebPage\",\"@id\":\"https:\/\/inti.hr\/sr\/proizvod\/zidna-kutna-polica-s-cik-cak-dizajnom-zidna-polica\/\",\"url\":\"https:\/\/inti.hr\/sr\/proizvod\/zidna-kutna-polica-s-cik-cak-dizajnom-zidna-polica\/\",\"name\":\"Zidna kutna polica s 5 razina - Inti\",\"isPartOf\":{\"@id\":\"https:\/\/inti.hr\/sr\/#website\"},\"primaryImageOfPage\":{\"@id\":\"https:\/\/inti.hr\/sr\/proizvod\/zidna-kutna-polica-s-cik-cak-dizajnom-zidna-polica\/#primaryimage\"},\"image\":{\"@id\":\"https:\/\/inti.hr\/sr\/proizvod\/zidna-kutna-polica-s-cik-cak-dizajnom-zidna-polica\/#primaryimage\"},\"thumbnailUrl\":\"https:\/\/i0.wp.com\/inti.hr\/wp-content\/uploads\/2022\/07\/LLS851B01-3.jpg?fit=750%2C750&ssl=1\",\"datePublished\":\"2022-07-14T07:41:53+00:00\",\"dateModified\":\"2022-07-14T07:41:53+00:00\",\"description\":\"Svaka polica izra\u0111ena je od visokokvalitetnog iverala i robusnog \u010deli\u010dnog okvira i nosivost do 6 kg; Dizajn u obliku lepeze \u0161titi od opasnosti od udaraca. Polica koja je pouzdana za predmet i za vas. S ovom kutnom policom ne samo da mo\u017eete optimalno iskoristiti prazne zidne kutove. Cik-cak dizajn, vintage police i crni metalni okvir u obliku slova X imaju vi\u0161e karakteraskladi\u0161ni prostor? Postoji 5 razina! \u0160iroka 20 cm i raspore\u0111ena izme\u0111u polica, polica za knjige nudi obilje prostora za izlaganje va\u0161ih omiljenih predmeta i dr\u017eanje \u010desto kori\u0161tenih predmeta na dohvat ruke.\",\"breadcrumb\":{\"@id\":\"https:\/\/inti.hr\/sr\/proizvod\/zidna-kutna-polica-s-cik-cak-dizajnom-zidna-polica\/#breadcrumb\"},\"inLanguage\":\"sr-RS\",\"potentialAction\":[{\"@type\":\"ReadAction\",\"target\":[\"https:\/\/inti.hr\/sr\/proizvod\/zidna-kutna-polica-s-cik-cak-dizajnom-zidna-polica\/\"]}]},{\"@type\":\"ImageObject\",\"inLanguage\":\"sr-RS\",\"@id\":\"https:\/\/inti.hr\/sr\/proizvod\/zidna-kutna-polica-s-cik-cak-dizajnom-zidna-polica\/#primaryimage\",\"url\":\"https:\/\/i0.wp.com\/inti.hr\/wp-content\/uploads\/2022\/07\/LLS851B01-3.jpg?fit=750%2C750&ssl=1\",\"contentUrl\":\"https:\/\/i0.wp.com\/inti.hr\/wp-content\/uploads\/2022\/07\/LLS851B01-3.jpg?fit=750%2C750&ssl=1\",\"width\":750,\"height\":750},{\"@type\":\"BreadcrumbList\",\"@id\":\"https:\/\/inti.hr\/sr\/proizvod\/zidna-kutna-polica-s-cik-cak-dizajnom-zidna-polica\/#breadcrumb\",\"itemListElement\":[{\"@type\":\"ListItem\",\"position\":1,\"name\":\"Po\u010detna stranica\",\"item\":\"https:\/\/inti.hr\/sr\/\"},{\"@type\":\"ListItem\",\"position\":2,\"name\":\"Prodavnica\",\"item\":\"https:\/\/inti.hr\/sr\/prodavnica\/\"},{\"@type\":\"ListItem\",\"position\":3,\"name\":\"Zidna kutna polica s 5 razina\"}]},{\"@type\":\"WebSite\",\"@id\":\"https:\/\/inti.hr\/sr\/#website\",\"url\":\"https:\/\/inti.hr\/sr\/\",\"name\":\"Inti\",\"description\":\"trgovina\",\"potentialAction\":[{\"@type\":\"SearchAction\",\"target\":{\"@type\":\"EntryPoint\",\"urlTemplate\":\"https:\/\/inti.hr\/sr\/?s={search_term_string}\"},\"query-input\":{\"@type\":\"PropertyValueSpecification\",\"valueRequired\":true,\"valueName\":\"search_term_string\"}}],\"inLanguage\":\"sr-RS\"}]}<\/script>\n<!-- \/ Yoast SEO plugin. -->","yoast_head_json":{"title":"Zidna kutna polica s 5 razina - Inti","description":"Svaka polica izra\u0111ena je od visokokvalitetnog iverala i robusnog \u010deli\u010dnog okvira i nosivost do 6 kg; Dizajn u obliku lepeze \u0161titi od opasnosti od udaraca. Polica koja je pouzdana za predmet i za vas. S ovom kutnom policom ne samo da mo\u017eete optimalno iskoristiti prazne zidne kutove. Cik-cak dizajn, vintage police i crni metalni okvir u obliku slova X imaju vi\u0161e karakteraskladi\u0161ni prostor? Postoji 5 razina! \u0160iroka 20 cm i raspore\u0111ena izme\u0111u polica, polica za knjige nudi obilje prostora za izlaganje va\u0161ih omiljenih predmeta i dr\u017eanje \u010desto kori\u0161tenih predmeta na dohvat ruke.","robots":{"index":"index","follow":"follow","max-snippet":"max-snippet:-1","max-image-preview":"max-image-preview:large","max-video-preview":"max-video-preview:-1"},"canonical":"https:\/\/inti.hr\/sr\/proizvod\/zidna-kutna-polica-s-cik-cak-dizajnom-zidna-polica\/","og_locale":"sr_RS","og_type":"article","og_title":"Zidna kutna polica s 5 razina - Inti","og_description":"Svaka polica izra\u0111ena je od visokokvalitetnog iverala i robusnog \u010deli\u010dnog okvira i nosivost do 6 kg; Dizajn u obliku lepeze \u0161titi od opasnosti od udaraca. Polica koja je pouzdana za predmet i za vas. S ovom kutnom policom ne samo da mo\u017eete optimalno iskoristiti prazne zidne kutove. Cik-cak dizajn, vintage police i crni metalni okvir u obliku slova X imaju vi\u0161e karakteraskladi\u0161ni prostor? Postoji 5 razina! \u0160iroka 20 cm i raspore\u0111ena izme\u0111u polica, polica za knjige nudi obilje prostora za izlaganje va\u0161ih omiljenih predmeta i dr\u017eanje \u010desto kori\u0161tenih predmeta na dohvat ruke.","og_url":"https:\/\/inti.hr\/sr\/proizvod\/zidna-kutna-polica-s-cik-cak-dizajnom-zidna-polica\/","og_site_name":"Inti","og_image":[{"width":750,"height":750,"url":"https:\/\/i0.wp.com\/inti.hr\/wp-content\/uploads\/2022\/07\/LLS851B01-3.jpg?fit=750%2C750&ssl=1","type":"image\/jpeg"}],"twitter_card":"summary_large_image","schema":{"@context":"https:\/\/schema.org","@graph":[{"@type":"WebPage","@id":"https:\/\/inti.hr\/sr\/proizvod\/zidna-kutna-polica-s-cik-cak-dizajnom-zidna-polica\/","url":"https:\/\/inti.hr\/sr\/proizvod\/zidna-kutna-polica-s-cik-cak-dizajnom-zidna-polica\/","name":"Zidna kutna polica s 5 razina - Inti","isPartOf":{"@id":"https:\/\/inti.hr\/sr\/#website"},"primaryImageOfPage":{"@id":"https:\/\/inti.hr\/sr\/proizvod\/zidna-kutna-polica-s-cik-cak-dizajnom-zidna-polica\/#primaryimage"},"image":{"@id":"https:\/\/inti.hr\/sr\/proizvod\/zidna-kutna-polica-s-cik-cak-dizajnom-zidna-polica\/#primaryimage"},"thumbnailUrl":"https:\/\/i0.wp.com\/inti.hr\/wp-content\/uploads\/2022\/07\/LLS851B01-3.jpg?fit=750%2C750&ssl=1","datePublished":"2022-07-14T07:41:53+00:00","dateModified":"2022-07-14T07:41:53+00:00","description":"Svaka polica izra\u0111ena je od visokokvalitetnog iverala i robusnog \u010deli\u010dnog okvira i nosivost do 6 kg; Dizajn u obliku lepeze \u0161titi od opasnosti od udaraca. Polica koja je pouzdana za predmet i za vas. S ovom kutnom policom ne samo da mo\u017eete optimalno iskoristiti prazne zidne kutove. Cik-cak dizajn, vintage police i crni metalni okvir u obliku slova X imaju vi\u0161e karakteraskladi\u0161ni prostor? Postoji 5 razina! \u0160iroka 20 cm i raspore\u0111ena izme\u0111u polica, polica za knjige nudi obilje prostora za izlaganje va\u0161ih omiljenih predmeta i dr\u017eanje \u010desto kori\u0161tenih predmeta na dohvat ruke.","breadcrumb":{"@id":"https:\/\/inti.hr\/sr\/proizvod\/zidna-kutna-polica-s-cik-cak-dizajnom-zidna-polica\/#breadcrumb"},"inLanguage":"sr-RS","potentialAction":[{"@type":"ReadAction","target":["https:\/\/inti.hr\/sr\/proizvod\/zidna-kutna-polica-s-cik-cak-dizajnom-zidna-polica\/"]}]},{"@type":"ImageObject","inLanguage":"sr-RS","@id":"https:\/\/inti.hr\/sr\/proizvod\/zidna-kutna-polica-s-cik-cak-dizajnom-zidna-polica\/#primaryimage","url":"https:\/\/i0.wp.com\/inti.hr\/wp-content\/uploads\/2022\/07\/LLS851B01-3.jpg?fit=750%2C750&ssl=1","contentUrl":"https:\/\/i0.wp.com\/inti.hr\/wp-content\/uploads\/2022\/07\/LLS851B01-3.jpg?fit=750%2C750&ssl=1","width":750,"height":750},{"@type":"BreadcrumbList","@id":"https:\/\/inti.hr\/sr\/proizvod\/zidna-kutna-polica-s-cik-cak-dizajnom-zidna-polica\/#breadcrumb","itemListElement":[{"@type":"ListItem","position":1,"name":"Po\u010detna stranica","item":"https:\/\/inti.hr\/sr\/"},{"@type":"ListItem","position":2,"name":"Prodavnica","item":"https:\/\/inti.hr\/sr\/prodavnica\/"},{"@type":"ListItem","position":3,"name":"Zidna kutna polica s 5 razina"}]},{"@type":"WebSite","@id":"https:\/\/inti.hr\/sr\/#website","url":"https:\/\/inti.hr\/sr\/","name":"Inti","description":"trgovina","potentialAction":[{"@type":"SearchAction","target":{"@type":"EntryPoint","urlTemplate":"https:\/\/inti.hr\/sr\/?s={search_term_string}"},"query-input":{"@type":"PropertyValueSpecification","valueRequired":true,"valueName":"search_term_string"}}],"inLanguage":"sr-RS"}]}},"jetpack_sharing_enabled":true,"jetpack-related-posts":[],"_links":{"self":[{"href":"https:\/\/inti.hr\/sr\/wp-json\/wp\/v2\/product\/37797"}],"collection":[{"href":"https:\/\/inti.hr\/sr\/wp-json\/wp\/v2\/product"}],"about":[{"href":"https:\/\/inti.hr\/sr\/wp-json\/wp\/v2\/types\/product"}],"wp:featuredmedia":[{"embeddable":true,"href":"https:\/\/inti.hr\/sr\/wp-json\/wp\/v2\/media\/37798"}],"wp:attachment":[{"href":"https:\/\/inti.hr\/sr\/wp-json\/wp\/v2\/media?parent=37797"}],"wp:term":[{"taxonomy":"product_cat","embeddable":true,"href":"https:\/\/inti.hr\/sr\/wp-json\/wp\/v2\/product_cat?post=37797"},{"taxonomy":"product_tag","embeddable":true,"href":"https:\/\/inti.hr\/sr\/wp-json\/wp\/v2\/product_tag?post=37797"}],"curies":[{"name":"wp","href":"https:\/\/api.w.org\/{rel}","templated":true}]}}