{"id":37805,"date":"2022-07-07T20:31:14","date_gmt":"2022-07-07T20:31:14","guid":{"rendered":"https:\/\/inti.hr\/product\/metalna-polica-s-3-razine\/"},"modified":"2022-07-07T20:31:14","modified_gmt":"2022-07-07T20:31:14","slug":"metalna-polica-s-3-razine","status":"publish","type":"product","link":"https:\/\/inti.hr\/sr\/proizvod\/metalna-polica-s-3-razine\/","title":{"rendered":"Metalna polica s 3 razine"},"content":{"rendered":"<p>Detalji proizvoda:<\/p>\n<p>&#8211; Boja: Crna<br \/>\n&#8211; Materijal: \u010celik<br \/>\n&#8211; Veli\u010dina: 38 x 30 x 72 cm (D x \u0160 x V)<br \/>\n&#8211; Te\u017eina: 2,1 kg<br \/>\n&#8211; Maksimalno stati\u010dko optere\u0107enje po razini: 10 kg.<\/p>\n<p>&nbsp;<\/p>\n<div class=\"left\">\n<p>Glavne karakteristike ove kupaonske police na prvi pogled:<\/p>\n<p>&#8211; Zahvaljuju\u0107i policama podesivim po visini, na ovu policu mo\u017eete spremiti predmete razli\u010ditih veli\u010dina.<br \/>\n&#8211; Mo\u017eete kombinirati nekoliko ovih polica kako biste stvorili vi\u0161e prostora za pohranu.<br \/>\n&#8211; Ova kompaktna kuhinjska polica zauzima malo prostora.<br \/>\n&#8211; Svaka polica ove police za biljke mo\u017ee izdr\u017eati te\u017einu do 10 kg.<br \/>\n&#8211; Re\u0161etkaste police guste mre\u017ee daju kupaonskoj polici dobru stabilnost i otpornost.<br \/>\n&#8211; Podesive no\u017eice kompenziraju male neravnine na podu.<br \/>\n&#8211; Jednostavne, jasne upute i jasno ozna\u010deni dijelovi \u010dine ovu stoje\u0107u policu jednostavnom za sastavljanje.<br \/>\n&#8211; Moderna i prakti\u010dna u isto vrijeme, ova polica pristaje u razli\u010dite prostorije.<\/p>\n<\/div>\n","protected":false},"excerpt":{"rendered":"<p>\u010cvrst metalni okvir, \u010dvrste re\u0161etkaste police &#8211; ova kupaonska polica ima &#8230; <\/p>\n","protected":false},"featured_media":37806,"template":"","meta":[],"product_cat":[2421,2396],"product_tag":[3528,3531,5255],"yoast_head":"<!-- This site is optimized with the Yoast SEO plugin v23.7 - https:\/\/yoast.com\/wordpress\/plugins\/seo\/ -->\n<title>Metalna polica s 3 razine - Inti<\/title>\n<meta name=\"description\" content=\"\u010cvrst metalni okvir, \u010dvrste re\u0161etkaste police - ova kupaonska polica ima dobru stabilnost i nosivost (do 10 kg po polici).\u00a0Ru\u010dnici i sredstva za \u010di\u0161\u0107enje mogu se sigurno pohraniti na ovu policu. Vi\u0161e od obi\u010dne kupaonske police, ovu policu postavite na balkon za smje\u0161taj biljaka.\u00a0Tako\u0111er se uklapa u dnevnu sobu za izlaganje ukrasnih predmeta ili u kuhinji za odlaganje kuhinjskog pribora.\" \/>\n<meta name=\"robots\" content=\"index, follow, max-snippet:-1, max-image-preview:large, max-video-preview:-1\" \/>\n<link rel=\"canonical\" href=\"https:\/\/inti.hr\/sr\/proizvod\/metalna-polica-s-3-razine\/\" \/>\n<meta property=\"og:locale\" content=\"sr_RS\" \/>\n<meta property=\"og:type\" content=\"article\" \/>\n<meta property=\"og:title\" content=\"Metalna polica s 3 razine - Inti\" \/>\n<meta property=\"og:description\" content=\"\u010cvrst metalni okvir, \u010dvrste re\u0161etkaste police - ova kupaonska polica ima dobru stabilnost i nosivost (do 10 kg po polici).\u00a0Ru\u010dnici i sredstva za \u010di\u0161\u0107enje mogu se sigurno pohraniti na ovu policu. Vi\u0161e od obi\u010dne kupaonske police, ovu policu postavite na balkon za smje\u0161taj biljaka.\u00a0Tako\u0111er se uklapa u dnevnu sobu za izlaganje ukrasnih predmeta ili u kuhinji za odlaganje kuhinjskog pribora.\" \/>\n<meta property=\"og:url\" content=\"https:\/\/inti.hr\/sr\/proizvod\/metalna-polica-s-3-razine\/\" \/>\n<meta property=\"og:site_name\" content=\"Inti\" \/>\n<meta property=\"og:image\" content=\"https:\/\/i0.wp.com\/inti.hr\/wp-content\/uploads\/2022\/07\/71JO6nkrmS._AC_SL1500_.jpg?fit=1500%2C1500&ssl=1\" \/>\n\t<meta property=\"og:image:width\" content=\"1500\" \/>\n\t<meta property=\"og:image:height\" content=\"1500\" \/>\n\t<meta property=\"og:image:type\" content=\"image\/jpeg\" \/>\n<meta name=\"twitter:card\" content=\"summary_large_image\" \/>\n<meta name=\"twitter:label1\" content=\"\u041f\u0440\u043e\u0446\u0435\u045a\u0435\u043d\u043e \u0432\u0440\u0435\u043c\u0435 \u0447\u0438\u0442\u0430\u045a\u0430\" \/>\n\t<meta name=\"twitter:data1\" content=\"1 \u043c\u0438\u043d\u0443\u0442\" \/>\n<script type=\"application\/ld+json\" class=\"yoast-schema-graph\">{\"@context\":\"https:\/\/schema.org\",\"@graph\":[{\"@type\":\"WebPage\",\"@id\":\"https:\/\/inti.hr\/sr\/proizvod\/metalna-polica-s-3-razine\/\",\"url\":\"https:\/\/inti.hr\/sr\/proizvod\/metalna-polica-s-3-razine\/\",\"name\":\"Metalna polica s 3 razine - Inti\",\"isPartOf\":{\"@id\":\"https:\/\/inti.hr\/sr\/#website\"},\"primaryImageOfPage\":{\"@id\":\"https:\/\/inti.hr\/sr\/proizvod\/metalna-polica-s-3-razine\/#primaryimage\"},\"image\":{\"@id\":\"https:\/\/inti.hr\/sr\/proizvod\/metalna-polica-s-3-razine\/#primaryimage\"},\"thumbnailUrl\":\"https:\/\/i0.wp.com\/inti.hr\/wp-content\/uploads\/2022\/07\/71JO6nkrmS._AC_SL1500_.jpg?fit=1500%2C1500&ssl=1\",\"datePublished\":\"2022-07-07T20:31:14+00:00\",\"dateModified\":\"2022-07-07T20:31:14+00:00\",\"description\":\"\u010cvrst metalni okvir, \u010dvrste re\u0161etkaste police - ova kupaonska polica ima dobru stabilnost i nosivost (do 10 kg po polici).\u00a0Ru\u010dnici i sredstva za \u010di\u0161\u0107enje mogu se sigurno pohraniti na ovu policu. Vi\u0161e od obi\u010dne kupaonske police, ovu policu postavite na balkon za smje\u0161taj biljaka.\u00a0Tako\u0111er se uklapa u dnevnu sobu za izlaganje ukrasnih predmeta ili u kuhinji za odlaganje kuhinjskog pribora.\",\"breadcrumb\":{\"@id\":\"https:\/\/inti.hr\/sr\/proizvod\/metalna-polica-s-3-razine\/#breadcrumb\"},\"inLanguage\":\"sr-RS\",\"potentialAction\":[{\"@type\":\"ReadAction\",\"target\":[\"https:\/\/inti.hr\/sr\/proizvod\/metalna-polica-s-3-razine\/\"]}]},{\"@type\":\"ImageObject\",\"inLanguage\":\"sr-RS\",\"@id\":\"https:\/\/inti.hr\/sr\/proizvod\/metalna-polica-s-3-razine\/#primaryimage\",\"url\":\"https:\/\/i0.wp.com\/inti.hr\/wp-content\/uploads\/2022\/07\/71JO6nkrmS._AC_SL1500_.jpg?fit=1500%2C1500&ssl=1\",\"contentUrl\":\"https:\/\/i0.wp.com\/inti.hr\/wp-content\/uploads\/2022\/07\/71JO6nkrmS._AC_SL1500_.jpg?fit=1500%2C1500&ssl=1\",\"width\":1500,\"height\":1500},{\"@type\":\"BreadcrumbList\",\"@id\":\"https:\/\/inti.hr\/sr\/proizvod\/metalna-polica-s-3-razine\/#breadcrumb\",\"itemListElement\":[{\"@type\":\"ListItem\",\"position\":1,\"name\":\"Po\u010detna stranica\",\"item\":\"https:\/\/inti.hr\/sr\/\"},{\"@type\":\"ListItem\",\"position\":2,\"name\":\"Prodavnica\",\"item\":\"https:\/\/inti.hr\/sr\/prodavnica\/\"},{\"@type\":\"ListItem\",\"position\":3,\"name\":\"Metalna polica s 3 razine\"}]},{\"@type\":\"WebSite\",\"@id\":\"https:\/\/inti.hr\/sr\/#website\",\"url\":\"https:\/\/inti.hr\/sr\/\",\"name\":\"Inti\",\"description\":\"trgovina\",\"potentialAction\":[{\"@type\":\"SearchAction\",\"target\":{\"@type\":\"EntryPoint\",\"urlTemplate\":\"https:\/\/inti.hr\/sr\/?s={search_term_string}\"},\"query-input\":{\"@type\":\"PropertyValueSpecification\",\"valueRequired\":true,\"valueName\":\"search_term_string\"}}],\"inLanguage\":\"sr-RS\"}]}<\/script>\n<!-- \/ Yoast SEO plugin. -->","yoast_head_json":{"title":"Metalna polica s 3 razine - Inti","description":"\u010cvrst metalni okvir, \u010dvrste re\u0161etkaste police - ova kupaonska polica ima dobru stabilnost i nosivost (do 10 kg po polici).\u00a0Ru\u010dnici i sredstva za \u010di\u0161\u0107enje mogu se sigurno pohraniti na ovu policu. Vi\u0161e od obi\u010dne kupaonske police, ovu policu postavite na balkon za smje\u0161taj biljaka.\u00a0Tako\u0111er se uklapa u dnevnu sobu za izlaganje ukrasnih predmeta ili u kuhinji za odlaganje kuhinjskog pribora.","robots":{"index":"index","follow":"follow","max-snippet":"max-snippet:-1","max-image-preview":"max-image-preview:large","max-video-preview":"max-video-preview:-1"},"canonical":"https:\/\/inti.hr\/sr\/proizvod\/metalna-polica-s-3-razine\/","og_locale":"sr_RS","og_type":"article","og_title":"Metalna polica s 3 razine - Inti","og_description":"\u010cvrst metalni okvir, \u010dvrste re\u0161etkaste police - ova kupaonska polica ima dobru stabilnost i nosivost (do 10 kg po polici).\u00a0Ru\u010dnici i sredstva za \u010di\u0161\u0107enje mogu se sigurno pohraniti na ovu policu. Vi\u0161e od obi\u010dne kupaonske police, ovu policu postavite na balkon za smje\u0161taj biljaka.\u00a0Tako\u0111er se uklapa u dnevnu sobu za izlaganje ukrasnih predmeta ili u kuhinji za odlaganje kuhinjskog pribora.","og_url":"https:\/\/inti.hr\/sr\/proizvod\/metalna-polica-s-3-razine\/","og_site_name":"Inti","og_image":[{"width":1500,"height":1500,"url":"https:\/\/i0.wp.com\/inti.hr\/wp-content\/uploads\/2022\/07\/71JO6nkrmS._AC_SL1500_.jpg?fit=1500%2C1500&ssl=1","type":"image\/jpeg"}],"twitter_card":"summary_large_image","twitter_misc":{"\u041f\u0440\u043e\u0446\u0435\u045a\u0435\u043d\u043e \u0432\u0440\u0435\u043c\u0435 \u0447\u0438\u0442\u0430\u045a\u0430":"1 \u043c\u0438\u043d\u0443\u0442"},"schema":{"@context":"https:\/\/schema.org","@graph":[{"@type":"WebPage","@id":"https:\/\/inti.hr\/sr\/proizvod\/metalna-polica-s-3-razine\/","url":"https:\/\/inti.hr\/sr\/proizvod\/metalna-polica-s-3-razine\/","name":"Metalna polica s 3 razine - Inti","isPartOf":{"@id":"https:\/\/inti.hr\/sr\/#website"},"primaryImageOfPage":{"@id":"https:\/\/inti.hr\/sr\/proizvod\/metalna-polica-s-3-razine\/#primaryimage"},"image":{"@id":"https:\/\/inti.hr\/sr\/proizvod\/metalna-polica-s-3-razine\/#primaryimage"},"thumbnailUrl":"https:\/\/i0.wp.com\/inti.hr\/wp-content\/uploads\/2022\/07\/71JO6nkrmS._AC_SL1500_.jpg?fit=1500%2C1500&ssl=1","datePublished":"2022-07-07T20:31:14+00:00","dateModified":"2022-07-07T20:31:14+00:00","description":"\u010cvrst metalni okvir, \u010dvrste re\u0161etkaste police - ova kupaonska polica ima dobru stabilnost i nosivost (do 10 kg po polici).\u00a0Ru\u010dnici i sredstva za \u010di\u0161\u0107enje mogu se sigurno pohraniti na ovu policu. Vi\u0161e od obi\u010dne kupaonske police, ovu policu postavite na balkon za smje\u0161taj biljaka.\u00a0Tako\u0111er se uklapa u dnevnu sobu za izlaganje ukrasnih predmeta ili u kuhinji za odlaganje kuhinjskog pribora.","breadcrumb":{"@id":"https:\/\/inti.hr\/sr\/proizvod\/metalna-polica-s-3-razine\/#breadcrumb"},"inLanguage":"sr-RS","potentialAction":[{"@type":"ReadAction","target":["https:\/\/inti.hr\/sr\/proizvod\/metalna-polica-s-3-razine\/"]}]},{"@type":"ImageObject","inLanguage":"sr-RS","@id":"https:\/\/inti.hr\/sr\/proizvod\/metalna-polica-s-3-razine\/#primaryimage","url":"https:\/\/i0.wp.com\/inti.hr\/wp-content\/uploads\/2022\/07\/71JO6nkrmS._AC_SL1500_.jpg?fit=1500%2C1500&ssl=1","contentUrl":"https:\/\/i0.wp.com\/inti.hr\/wp-content\/uploads\/2022\/07\/71JO6nkrmS._AC_SL1500_.jpg?fit=1500%2C1500&ssl=1","width":1500,"height":1500},{"@type":"BreadcrumbList","@id":"https:\/\/inti.hr\/sr\/proizvod\/metalna-polica-s-3-razine\/#breadcrumb","itemListElement":[{"@type":"ListItem","position":1,"name":"Po\u010detna stranica","item":"https:\/\/inti.hr\/sr\/"},{"@type":"ListItem","position":2,"name":"Prodavnica","item":"https:\/\/inti.hr\/sr\/prodavnica\/"},{"@type":"ListItem","position":3,"name":"Metalna polica s 3 razine"}]},{"@type":"WebSite","@id":"https:\/\/inti.hr\/sr\/#website","url":"https:\/\/inti.hr\/sr\/","name":"Inti","description":"trgovina","potentialAction":[{"@type":"SearchAction","target":{"@type":"EntryPoint","urlTemplate":"https:\/\/inti.hr\/sr\/?s={search_term_string}"},"query-input":{"@type":"PropertyValueSpecification","valueRequired":true,"valueName":"search_term_string"}}],"inLanguage":"sr-RS"}]}},"jetpack_sharing_enabled":true,"jetpack-related-posts":[],"_links":{"self":[{"href":"https:\/\/inti.hr\/sr\/wp-json\/wp\/v2\/product\/37805"}],"collection":[{"href":"https:\/\/inti.hr\/sr\/wp-json\/wp\/v2\/product"}],"about":[{"href":"https:\/\/inti.hr\/sr\/wp-json\/wp\/v2\/types\/product"}],"wp:featuredmedia":[{"embeddable":true,"href":"https:\/\/inti.hr\/sr\/wp-json\/wp\/v2\/media\/37806"}],"wp:attachment":[{"href":"https:\/\/inti.hr\/sr\/wp-json\/wp\/v2\/media?parent=37805"}],"wp:term":[{"taxonomy":"product_cat","embeddable":true,"href":"https:\/\/inti.hr\/sr\/wp-json\/wp\/v2\/product_cat?post=37805"},{"taxonomy":"product_tag","embeddable":true,"href":"https:\/\/inti.hr\/sr\/wp-json\/wp\/v2\/product_tag?post=37805"}],"curies":[{"name":"wp","href":"https:\/\/api.w.org\/{rel}","templated":true}]}}