{"id":37865,"date":"2022-06-13T11:27:00","date_gmt":"2022-06-13T11:27:00","guid":{"rendered":"https:\/\/inti.hr\/product\/djecje-stolice-2-seta\/"},"modified":"2022-06-13T11:27:00","modified_gmt":"2022-06-13T11:27:00","slug":"djecje-stolice-2-seta","status":"publish","type":"product","link":"https:\/\/inti.hr\/sr\/proizvod\/djecje-stolice-2-seta\/","title":{"rendered":"Dje\u010dje stolice 2 seta"},"content":{"rendered":"<p>Detalji proizvoda:<\/p>\n<ul>\n<li><span class=\"a-list-item\">Komplet od dvije visokokvalitetne dje\u010dje stolice od punog brezovog drveta<\/span><\/li>\n<li><span class=\"\">Visina sjedala je podesiva u 4 polo\u017eaja: 23cm \/ 27cm \/ 31cm \/ 35cm, Veli\u010dina naslona: L33 * H 27cm<\/span><\/li>\n<li><span class=\"\">Te\u017eina: 7 kg, Maksimalno optere\u0107enje: 75 kg<\/span><\/li>\n<li><span class=\"a-list-item\">Svi kutovi su okrugli, ne o\u0161te\u0107uju nje\u017enu bebinu ko\u017eu i smanjuju mogu\u0107nost nezgode.<\/span><\/li>\n<li><span class=\"\">S uputama za monta\u017eu i vijcima.\u00a0Jednostavna instalacija.<\/span><\/li>\n<\/ul>\n","protected":false},"excerpt":{"rendered":"<p>Izra\u0111en od MDF plo\u010da E1 razreda i oblo\u017een glatkom bojom, ovaj &#8230; <\/p>\n","protected":false},"featured_media":37866,"template":"","meta":[],"product_cat":[2411],"product_tag":[5280,5281],"yoast_head":"<!-- This site is optimized with the Yoast SEO plugin v23.7 - https:\/\/yoast.com\/wordpress\/plugins\/seo\/ -->\n<title>Dje\u010dje stolice 2 seta - Inti<\/title>\n<meta name=\"description\" content=\"Izra\u0111en od MDF plo\u010da E1 razreda i oblo\u017een glatkom bojom, ovaj ormar je u stanju izdr\u017eati vlagu. kupaonice i za sprje\u010davanje stvaranja plijesni, pojednostavljuju\u0107i odr\u017eavanje\" \/>\n<meta name=\"robots\" content=\"index, follow, max-snippet:-1, max-image-preview:large, max-video-preview:-1\" \/>\n<link rel=\"canonical\" href=\"https:\/\/inti.hr\/sr\/proizvod\/djecje-stolice-2-seta\/\" \/>\n<meta property=\"og:locale\" content=\"sr_RS\" \/>\n<meta property=\"og:type\" content=\"article\" \/>\n<meta property=\"og:title\" content=\"Dje\u010dje stolice 2 seta - Inti\" \/>\n<meta property=\"og:description\" content=\"Izra\u0111en od MDF plo\u010da E1 razreda i oblo\u017een glatkom bojom, ovaj ormar je u stanju izdr\u017eati vlagu. kupaonice i za sprje\u010davanje stvaranja plijesni, pojednostavljuju\u0107i odr\u017eavanje\" \/>\n<meta property=\"og:url\" content=\"https:\/\/inti.hr\/sr\/proizvod\/djecje-stolice-2-seta\/\" \/>\n<meta property=\"og:site_name\" content=\"Inti\" \/>\n<meta property=\"og:image\" content=\"https:\/\/i0.wp.com\/inti.hr\/wp-content\/uploads\/2022\/06\/KMB24-WNx2-Y001.webp?fit=709%2C709&ssl=1\" \/>\n\t<meta property=\"og:image:width\" content=\"709\" \/>\n\t<meta property=\"og:image:height\" content=\"709\" \/>\n\t<meta property=\"og:image:type\" content=\"image\/webp\" \/>\n<meta name=\"twitter:card\" content=\"summary_large_image\" \/>\n<script type=\"application\/ld+json\" class=\"yoast-schema-graph\">{\"@context\":\"https:\/\/schema.org\",\"@graph\":[{\"@type\":\"WebPage\",\"@id\":\"https:\/\/inti.hr\/sr\/proizvod\/djecje-stolice-2-seta\/\",\"url\":\"https:\/\/inti.hr\/sr\/proizvod\/djecje-stolice-2-seta\/\",\"name\":\"Dje\u010dje stolice 2 seta - Inti\",\"isPartOf\":{\"@id\":\"https:\/\/inti.hr\/sr\/#website\"},\"primaryImageOfPage\":{\"@id\":\"https:\/\/inti.hr\/sr\/proizvod\/djecje-stolice-2-seta\/#primaryimage\"},\"image\":{\"@id\":\"https:\/\/inti.hr\/sr\/proizvod\/djecje-stolice-2-seta\/#primaryimage\"},\"thumbnailUrl\":\"https:\/\/i0.wp.com\/inti.hr\/wp-content\/uploads\/2022\/06\/KMB24-WNx2-Y001.webp?fit=709%2C709&ssl=1\",\"datePublished\":\"2022-06-13T11:27:00+00:00\",\"dateModified\":\"2022-06-13T11:27:00+00:00\",\"description\":\"Izra\u0111en od MDF plo\u010da E1 razreda i oblo\u017een glatkom bojom, ovaj ormar je u stanju izdr\u017eati vlagu. kupaonice i za sprje\u010davanje stvaranja plijesni, pojednostavljuju\u0107i odr\u017eavanje\",\"breadcrumb\":{\"@id\":\"https:\/\/inti.hr\/sr\/proizvod\/djecje-stolice-2-seta\/#breadcrumb\"},\"inLanguage\":\"sr-RS\",\"potentialAction\":[{\"@type\":\"ReadAction\",\"target\":[\"https:\/\/inti.hr\/sr\/proizvod\/djecje-stolice-2-seta\/\"]}]},{\"@type\":\"ImageObject\",\"inLanguage\":\"sr-RS\",\"@id\":\"https:\/\/inti.hr\/sr\/proizvod\/djecje-stolice-2-seta\/#primaryimage\",\"url\":\"https:\/\/i0.wp.com\/inti.hr\/wp-content\/uploads\/2022\/06\/KMB24-WNx2-Y001.webp?fit=709%2C709&ssl=1\",\"contentUrl\":\"https:\/\/i0.wp.com\/inti.hr\/wp-content\/uploads\/2022\/06\/KMB24-WNx2-Y001.webp?fit=709%2C709&ssl=1\",\"width\":709,\"height\":709},{\"@type\":\"BreadcrumbList\",\"@id\":\"https:\/\/inti.hr\/sr\/proizvod\/djecje-stolice-2-seta\/#breadcrumb\",\"itemListElement\":[{\"@type\":\"ListItem\",\"position\":1,\"name\":\"Po\u010detna stranica\",\"item\":\"https:\/\/inti.hr\/sr\/\"},{\"@type\":\"ListItem\",\"position\":2,\"name\":\"Prodavnica\",\"item\":\"https:\/\/inti.hr\/sr\/prodavnica\/\"},{\"@type\":\"ListItem\",\"position\":3,\"name\":\"Dje\u010dje stolice 2 seta\"}]},{\"@type\":\"WebSite\",\"@id\":\"https:\/\/inti.hr\/sr\/#website\",\"url\":\"https:\/\/inti.hr\/sr\/\",\"name\":\"Inti\",\"description\":\"trgovina\",\"potentialAction\":[{\"@type\":\"SearchAction\",\"target\":{\"@type\":\"EntryPoint\",\"urlTemplate\":\"https:\/\/inti.hr\/sr\/?s={search_term_string}\"},\"query-input\":{\"@type\":\"PropertyValueSpecification\",\"valueRequired\":true,\"valueName\":\"search_term_string\"}}],\"inLanguage\":\"sr-RS\"}]}<\/script>\n<!-- \/ Yoast SEO plugin. -->","yoast_head_json":{"title":"Dje\u010dje stolice 2 seta - Inti","description":"Izra\u0111en od MDF plo\u010da E1 razreda i oblo\u017een glatkom bojom, ovaj ormar je u stanju izdr\u017eati vlagu. kupaonice i za sprje\u010davanje stvaranja plijesni, pojednostavljuju\u0107i odr\u017eavanje","robots":{"index":"index","follow":"follow","max-snippet":"max-snippet:-1","max-image-preview":"max-image-preview:large","max-video-preview":"max-video-preview:-1"},"canonical":"https:\/\/inti.hr\/sr\/proizvod\/djecje-stolice-2-seta\/","og_locale":"sr_RS","og_type":"article","og_title":"Dje\u010dje stolice 2 seta - Inti","og_description":"Izra\u0111en od MDF plo\u010da E1 razreda i oblo\u017een glatkom bojom, ovaj ormar je u stanju izdr\u017eati vlagu. kupaonice i za sprje\u010davanje stvaranja plijesni, pojednostavljuju\u0107i odr\u017eavanje","og_url":"https:\/\/inti.hr\/sr\/proizvod\/djecje-stolice-2-seta\/","og_site_name":"Inti","og_image":[{"width":709,"height":709,"url":"https:\/\/i0.wp.com\/inti.hr\/wp-content\/uploads\/2022\/06\/KMB24-WNx2-Y001.webp?fit=709%2C709&ssl=1","type":"image\/webp"}],"twitter_card":"summary_large_image","schema":{"@context":"https:\/\/schema.org","@graph":[{"@type":"WebPage","@id":"https:\/\/inti.hr\/sr\/proizvod\/djecje-stolice-2-seta\/","url":"https:\/\/inti.hr\/sr\/proizvod\/djecje-stolice-2-seta\/","name":"Dje\u010dje stolice 2 seta - Inti","isPartOf":{"@id":"https:\/\/inti.hr\/sr\/#website"},"primaryImageOfPage":{"@id":"https:\/\/inti.hr\/sr\/proizvod\/djecje-stolice-2-seta\/#primaryimage"},"image":{"@id":"https:\/\/inti.hr\/sr\/proizvod\/djecje-stolice-2-seta\/#primaryimage"},"thumbnailUrl":"https:\/\/i0.wp.com\/inti.hr\/wp-content\/uploads\/2022\/06\/KMB24-WNx2-Y001.webp?fit=709%2C709&ssl=1","datePublished":"2022-06-13T11:27:00+00:00","dateModified":"2022-06-13T11:27:00+00:00","description":"Izra\u0111en od MDF plo\u010da E1 razreda i oblo\u017een glatkom bojom, ovaj ormar je u stanju izdr\u017eati vlagu. kupaonice i za sprje\u010davanje stvaranja plijesni, pojednostavljuju\u0107i odr\u017eavanje","breadcrumb":{"@id":"https:\/\/inti.hr\/sr\/proizvod\/djecje-stolice-2-seta\/#breadcrumb"},"inLanguage":"sr-RS","potentialAction":[{"@type":"ReadAction","target":["https:\/\/inti.hr\/sr\/proizvod\/djecje-stolice-2-seta\/"]}]},{"@type":"ImageObject","inLanguage":"sr-RS","@id":"https:\/\/inti.hr\/sr\/proizvod\/djecje-stolice-2-seta\/#primaryimage","url":"https:\/\/i0.wp.com\/inti.hr\/wp-content\/uploads\/2022\/06\/KMB24-WNx2-Y001.webp?fit=709%2C709&ssl=1","contentUrl":"https:\/\/i0.wp.com\/inti.hr\/wp-content\/uploads\/2022\/06\/KMB24-WNx2-Y001.webp?fit=709%2C709&ssl=1","width":709,"height":709},{"@type":"BreadcrumbList","@id":"https:\/\/inti.hr\/sr\/proizvod\/djecje-stolice-2-seta\/#breadcrumb","itemListElement":[{"@type":"ListItem","position":1,"name":"Po\u010detna stranica","item":"https:\/\/inti.hr\/sr\/"},{"@type":"ListItem","position":2,"name":"Prodavnica","item":"https:\/\/inti.hr\/sr\/prodavnica\/"},{"@type":"ListItem","position":3,"name":"Dje\u010dje stolice 2 seta"}]},{"@type":"WebSite","@id":"https:\/\/inti.hr\/sr\/#website","url":"https:\/\/inti.hr\/sr\/","name":"Inti","description":"trgovina","potentialAction":[{"@type":"SearchAction","target":{"@type":"EntryPoint","urlTemplate":"https:\/\/inti.hr\/sr\/?s={search_term_string}"},"query-input":{"@type":"PropertyValueSpecification","valueRequired":true,"valueName":"search_term_string"}}],"inLanguage":"sr-RS"}]}},"jetpack_sharing_enabled":true,"jetpack-related-posts":[],"_links":{"self":[{"href":"https:\/\/inti.hr\/sr\/wp-json\/wp\/v2\/product\/37865"}],"collection":[{"href":"https:\/\/inti.hr\/sr\/wp-json\/wp\/v2\/product"}],"about":[{"href":"https:\/\/inti.hr\/sr\/wp-json\/wp\/v2\/types\/product"}],"wp:featuredmedia":[{"embeddable":true,"href":"https:\/\/inti.hr\/sr\/wp-json\/wp\/v2\/media\/37866"}],"wp:attachment":[{"href":"https:\/\/inti.hr\/sr\/wp-json\/wp\/v2\/media?parent=37865"}],"wp:term":[{"taxonomy":"product_cat","embeddable":true,"href":"https:\/\/inti.hr\/sr\/wp-json\/wp\/v2\/product_cat?post=37865"},{"taxonomy":"product_tag","embeddable":true,"href":"https:\/\/inti.hr\/sr\/wp-json\/wp\/v2\/product_tag?post=37865"}],"curies":[{"name":"wp","href":"https:\/\/api.w.org\/{rel}","templated":true}]}}