{"id":37869,"date":"2022-06-10T08:42:57","date_gmt":"2022-06-10T08:42:57","guid":{"rendered":"https:\/\/inti.hr\/product\/komoda-vitrina\/"},"modified":"2022-06-10T08:42:57","modified_gmt":"2022-06-10T08:42:57","slug":"komoda-vitrina","status":"publish","type":"product","link":"https:\/\/inti.hr\/sr\/proizvod\/komoda-vitrina\/","title":{"rendered":"Komoda vitrina"},"content":{"rendered":"<p>Detalji proizvoda:<\/p>\n<ul>\n<li>Moderan ormari\u0107 sastavljen od dvoja vrata od kaljenog stakla s unutarnjom policom i velikom ladicom, prakti\u010dan i \u0161tedi prostor<\/li>\n<li>Materijali: Borovo drvo i MDF, s otpornim bijelim melaminskim premazom<\/li>\n<li>Mjere: du\u017eina 80 cm, dubina: 34 cm, visina: 80 cm<\/li>\n<li>Te\u017eina: 22 kg, Maksimalno optere\u0107enje: 60 kg<\/li>\n<li>S uputama za monta\u017eu i vijcima.\u00a0Jednostavna instalacija.<\/li>\n<\/ul>\n","protected":false},"excerpt":{"rendered":"<p>Uno ormari\u0107 s 2 vrata od kaljenog stakla za sve one &#8230; <\/p>\n","protected":false},"featured_media":37870,"template":"","meta":[],"product_cat":[2573,2421],"product_tag":[2448,3064,4694],"yoast_head":"<!-- This site is optimized with the Yoast SEO plugin v23.7 - https:\/\/yoast.com\/wordpress\/plugins\/seo\/ -->\n<title>Komoda vitrina - Inti<\/title>\n<meta name=\"description\" content=\"Uno ormari\u0107 s 2 vrata od kaljenog stakla za sve one koji vole dekorirati. Materijal otporan na plijesan, jednostavan za \u010di\u0161\u0107enje - izra\u0111en od MDF plo\u010da E1 razreda i oblo\u017een glatkom bojom.\" \/>\n<meta name=\"robots\" content=\"index, follow, max-snippet:-1, max-image-preview:large, max-video-preview:-1\" \/>\n<link rel=\"canonical\" href=\"https:\/\/inti.hr\/sr\/proizvod\/komoda-vitrina\/\" \/>\n<meta property=\"og:locale\" content=\"sr_RS\" \/>\n<meta property=\"og:type\" content=\"article\" \/>\n<meta property=\"og:title\" content=\"Komoda vitrina - Inti\" \/>\n<meta property=\"og:description\" content=\"Uno ormari\u0107 s 2 vrata od kaljenog stakla za sve one koji vole dekorirati. Materijal otporan na plijesan, jednostavan za \u010di\u0161\u0107enje - izra\u0111en od MDF plo\u010da E1 razreda i oblo\u017een glatkom bojom.\" \/>\n<meta property=\"og:url\" content=\"https:\/\/inti.hr\/sr\/proizvod\/komoda-vitrina\/\" \/>\n<meta property=\"og:site_name\" content=\"Inti\" \/>\n<meta property=\"og:image\" content=\"https:\/\/i0.wp.com\/inti.hr\/wp-content\/uploads\/2022\/06\/FSB23-W-Y001.webp?fit=709%2C709&ssl=1\" \/>\n\t<meta property=\"og:image:width\" content=\"709\" \/>\n\t<meta property=\"og:image:height\" content=\"709\" \/>\n\t<meta property=\"og:image:type\" content=\"image\/webp\" \/>\n<meta name=\"twitter:card\" content=\"summary_large_image\" \/>\n<script type=\"application\/ld+json\" class=\"yoast-schema-graph\">{\"@context\":\"https:\/\/schema.org\",\"@graph\":[{\"@type\":\"WebPage\",\"@id\":\"https:\/\/inti.hr\/sr\/proizvod\/komoda-vitrina\/\",\"url\":\"https:\/\/inti.hr\/sr\/proizvod\/komoda-vitrina\/\",\"name\":\"Komoda vitrina - Inti\",\"isPartOf\":{\"@id\":\"https:\/\/inti.hr\/sr\/#website\"},\"primaryImageOfPage\":{\"@id\":\"https:\/\/inti.hr\/sr\/proizvod\/komoda-vitrina\/#primaryimage\"},\"image\":{\"@id\":\"https:\/\/inti.hr\/sr\/proizvod\/komoda-vitrina\/#primaryimage\"},\"thumbnailUrl\":\"https:\/\/i0.wp.com\/inti.hr\/wp-content\/uploads\/2022\/06\/FSB23-W-Y001.webp?fit=709%2C709&ssl=1\",\"datePublished\":\"2022-06-10T08:42:57+00:00\",\"dateModified\":\"2022-06-10T08:42:57+00:00\",\"description\":\"Uno ormari\u0107 s 2 vrata od kaljenog stakla za sve one koji vole dekorirati. Materijal otporan na plijesan, jednostavan za \u010di\u0161\u0107enje - izra\u0111en od MDF plo\u010da E1 razreda i oblo\u017een glatkom bojom.\",\"breadcrumb\":{\"@id\":\"https:\/\/inti.hr\/sr\/proizvod\/komoda-vitrina\/#breadcrumb\"},\"inLanguage\":\"sr-RS\",\"potentialAction\":[{\"@type\":\"ReadAction\",\"target\":[\"https:\/\/inti.hr\/sr\/proizvod\/komoda-vitrina\/\"]}]},{\"@type\":\"ImageObject\",\"inLanguage\":\"sr-RS\",\"@id\":\"https:\/\/inti.hr\/sr\/proizvod\/komoda-vitrina\/#primaryimage\",\"url\":\"https:\/\/i0.wp.com\/inti.hr\/wp-content\/uploads\/2022\/06\/FSB23-W-Y001.webp?fit=709%2C709&ssl=1\",\"contentUrl\":\"https:\/\/i0.wp.com\/inti.hr\/wp-content\/uploads\/2022\/06\/FSB23-W-Y001.webp?fit=709%2C709&ssl=1\",\"width\":709,\"height\":709},{\"@type\":\"BreadcrumbList\",\"@id\":\"https:\/\/inti.hr\/sr\/proizvod\/komoda-vitrina\/#breadcrumb\",\"itemListElement\":[{\"@type\":\"ListItem\",\"position\":1,\"name\":\"Po\u010detna stranica\",\"item\":\"https:\/\/inti.hr\/sr\/\"},{\"@type\":\"ListItem\",\"position\":2,\"name\":\"Prodavnica\",\"item\":\"https:\/\/inti.hr\/sr\/prodavnica\/\"},{\"@type\":\"ListItem\",\"position\":3,\"name\":\"Komoda vitrina\"}]},{\"@type\":\"WebSite\",\"@id\":\"https:\/\/inti.hr\/sr\/#website\",\"url\":\"https:\/\/inti.hr\/sr\/\",\"name\":\"Inti\",\"description\":\"trgovina\",\"potentialAction\":[{\"@type\":\"SearchAction\",\"target\":{\"@type\":\"EntryPoint\",\"urlTemplate\":\"https:\/\/inti.hr\/sr\/?s={search_term_string}\"},\"query-input\":{\"@type\":\"PropertyValueSpecification\",\"valueRequired\":true,\"valueName\":\"search_term_string\"}}],\"inLanguage\":\"sr-RS\"}]}<\/script>\n<!-- \/ Yoast SEO plugin. -->","yoast_head_json":{"title":"Komoda vitrina - Inti","description":"Uno ormari\u0107 s 2 vrata od kaljenog stakla za sve one koji vole dekorirati. Materijal otporan na plijesan, jednostavan za \u010di\u0161\u0107enje - izra\u0111en od MDF plo\u010da E1 razreda i oblo\u017een glatkom bojom.","robots":{"index":"index","follow":"follow","max-snippet":"max-snippet:-1","max-image-preview":"max-image-preview:large","max-video-preview":"max-video-preview:-1"},"canonical":"https:\/\/inti.hr\/sr\/proizvod\/komoda-vitrina\/","og_locale":"sr_RS","og_type":"article","og_title":"Komoda vitrina - Inti","og_description":"Uno ormari\u0107 s 2 vrata od kaljenog stakla za sve one koji vole dekorirati. Materijal otporan na plijesan, jednostavan za \u010di\u0161\u0107enje - izra\u0111en od MDF plo\u010da E1 razreda i oblo\u017een glatkom bojom.","og_url":"https:\/\/inti.hr\/sr\/proizvod\/komoda-vitrina\/","og_site_name":"Inti","og_image":[{"width":709,"height":709,"url":"https:\/\/i0.wp.com\/inti.hr\/wp-content\/uploads\/2022\/06\/FSB23-W-Y001.webp?fit=709%2C709&ssl=1","type":"image\/webp"}],"twitter_card":"summary_large_image","schema":{"@context":"https:\/\/schema.org","@graph":[{"@type":"WebPage","@id":"https:\/\/inti.hr\/sr\/proizvod\/komoda-vitrina\/","url":"https:\/\/inti.hr\/sr\/proizvod\/komoda-vitrina\/","name":"Komoda vitrina - Inti","isPartOf":{"@id":"https:\/\/inti.hr\/sr\/#website"},"primaryImageOfPage":{"@id":"https:\/\/inti.hr\/sr\/proizvod\/komoda-vitrina\/#primaryimage"},"image":{"@id":"https:\/\/inti.hr\/sr\/proizvod\/komoda-vitrina\/#primaryimage"},"thumbnailUrl":"https:\/\/i0.wp.com\/inti.hr\/wp-content\/uploads\/2022\/06\/FSB23-W-Y001.webp?fit=709%2C709&ssl=1","datePublished":"2022-06-10T08:42:57+00:00","dateModified":"2022-06-10T08:42:57+00:00","description":"Uno ormari\u0107 s 2 vrata od kaljenog stakla za sve one koji vole dekorirati. Materijal otporan na plijesan, jednostavan za \u010di\u0161\u0107enje - izra\u0111en od MDF plo\u010da E1 razreda i oblo\u017een glatkom bojom.","breadcrumb":{"@id":"https:\/\/inti.hr\/sr\/proizvod\/komoda-vitrina\/#breadcrumb"},"inLanguage":"sr-RS","potentialAction":[{"@type":"ReadAction","target":["https:\/\/inti.hr\/sr\/proizvod\/komoda-vitrina\/"]}]},{"@type":"ImageObject","inLanguage":"sr-RS","@id":"https:\/\/inti.hr\/sr\/proizvod\/komoda-vitrina\/#primaryimage","url":"https:\/\/i0.wp.com\/inti.hr\/wp-content\/uploads\/2022\/06\/FSB23-W-Y001.webp?fit=709%2C709&ssl=1","contentUrl":"https:\/\/i0.wp.com\/inti.hr\/wp-content\/uploads\/2022\/06\/FSB23-W-Y001.webp?fit=709%2C709&ssl=1","width":709,"height":709},{"@type":"BreadcrumbList","@id":"https:\/\/inti.hr\/sr\/proizvod\/komoda-vitrina\/#breadcrumb","itemListElement":[{"@type":"ListItem","position":1,"name":"Po\u010detna stranica","item":"https:\/\/inti.hr\/sr\/"},{"@type":"ListItem","position":2,"name":"Prodavnica","item":"https:\/\/inti.hr\/sr\/prodavnica\/"},{"@type":"ListItem","position":3,"name":"Komoda vitrina"}]},{"@type":"WebSite","@id":"https:\/\/inti.hr\/sr\/#website","url":"https:\/\/inti.hr\/sr\/","name":"Inti","description":"trgovina","potentialAction":[{"@type":"SearchAction","target":{"@type":"EntryPoint","urlTemplate":"https:\/\/inti.hr\/sr\/?s={search_term_string}"},"query-input":{"@type":"PropertyValueSpecification","valueRequired":true,"valueName":"search_term_string"}}],"inLanguage":"sr-RS"}]}},"jetpack_sharing_enabled":true,"jetpack-related-posts":[],"_links":{"self":[{"href":"https:\/\/inti.hr\/sr\/wp-json\/wp\/v2\/product\/37869"}],"collection":[{"href":"https:\/\/inti.hr\/sr\/wp-json\/wp\/v2\/product"}],"about":[{"href":"https:\/\/inti.hr\/sr\/wp-json\/wp\/v2\/types\/product"}],"wp:featuredmedia":[{"embeddable":true,"href":"https:\/\/inti.hr\/sr\/wp-json\/wp\/v2\/media\/37870"}],"wp:attachment":[{"href":"https:\/\/inti.hr\/sr\/wp-json\/wp\/v2\/media?parent=37869"}],"wp:term":[{"taxonomy":"product_cat","embeddable":true,"href":"https:\/\/inti.hr\/sr\/wp-json\/wp\/v2\/product_cat?post=37869"},{"taxonomy":"product_tag","embeddable":true,"href":"https:\/\/inti.hr\/sr\/wp-json\/wp\/v2\/product_tag?post=37869"}],"curies":[{"name":"wp","href":"https:\/\/api.w.org\/{rel}","templated":true}]}}