{"id":37873,"date":"2022-06-09T07:36:51","date_gmt":"2022-06-09T07:36:51","guid":{"rendered":"https:\/\/inti.hr\/product\/5-dijelni-set-blagovaonski\/"},"modified":"2022-06-09T07:36:51","modified_gmt":"2022-06-09T07:36:51","slug":"5-dijelni-set-blagovaonski","status":"publish","type":"product","link":"https:\/\/inti.hr\/sr\/proizvod\/5-dijelni-set-blagovaonski\/","title":{"rendered":"5-dijelni set blagovaonski"},"content":{"rendered":"<p>Detalji proizvoda :<\/p>\n<ul>\n<li>Maksimalno optere\u0107enje: stolica: 150 kg, stol: 75 kg<\/li>\n<li>Te\u017eina isporuke: 35 kg.<\/li>\n<li>Mjere strukture: Stol: \u0160110 cm x D70 cm x V76 cm.\u00a0Stolica: sjedalo: D 39 cm x P 37 cm, visina sjedala: 44 cm, visina naslona: 40 cm.<\/li>\n<li>Materijal: MDF i metalni materijali.<\/li>\n<li>Jednostavan za sastavljanje i \u010di\u0161\u0107enje.\u00a0Upute, vijci i \u010depovi uklju\u010deni u paket<\/li>\n<\/ul>\n","protected":false},"excerpt":{"rendered":"<p>Ovaj prekrasni barski set sastoji se od 4 barske stolice i &#8230; <\/p>\n","protected":false},"featured_media":37874,"template":"","meta":[],"product_cat":[2573,2814],"product_tag":[5283,3333,3361],"yoast_head":"<!-- This site is optimized with the Yoast SEO plugin v23.7 - https:\/\/yoast.com\/wordpress\/plugins\/seo\/ -->\n<title>5-dijelni set blagovaonski - Inti<\/title>\n<meta name=\"description\" content=\"Ovaj prekrasni barski set sastoji se od 4 barske stolice i velikog stola. Kombiniraju\u0107i dizajn i udobnost, ovaj set idealan je za ure\u0111enje va\u0161eg balkona, bara, zimskog vrta ili bistroa. Uz izvrsnu izradu, svaki dio je pomno obra\u0111en. Njegova boja izgleda luksuzno i \u200b\u200bretro. Savr\u0161en je za kuhinju, blagovaonicu ili bilo koji mali prostor i kutak u va\u0161em domu.Dobro dizajniran barski stol savr\u0161en je za romanti\u010dnu ve\u010deru ili popodnevni zalogaj s prijateljima ili obitelji.\" \/>\n<meta name=\"robots\" content=\"index, follow, max-snippet:-1, max-image-preview:large, max-video-preview:-1\" \/>\n<link rel=\"canonical\" href=\"https:\/\/inti.hr\/sr\/proizvod\/5-dijelni-set-blagovaonski\/\" \/>\n<meta property=\"og:locale\" content=\"sr_RS\" \/>\n<meta property=\"og:type\" content=\"article\" \/>\n<meta property=\"og:title\" content=\"5-dijelni set blagovaonski - Inti\" \/>\n<meta property=\"og:description\" content=\"Ovaj prekrasni barski set sastoji se od 4 barske stolice i velikog stola. Kombiniraju\u0107i dizajn i udobnost, ovaj set idealan je za ure\u0111enje va\u0161eg balkona, bara, zimskog vrta ili bistroa. Uz izvrsnu izradu, svaki dio je pomno obra\u0111en. Njegova boja izgleda luksuzno i \u200b\u200bretro. Savr\u0161en je za kuhinju, blagovaonicu ili bilo koji mali prostor i kutak u va\u0161em domu.Dobro dizajniran barski stol savr\u0161en je za romanti\u010dnu ve\u010deru ili popodnevni zalogaj s prijateljima ili obitelji.\" \/>\n<meta property=\"og:url\" content=\"https:\/\/inti.hr\/sr\/proizvod\/5-dijelni-set-blagovaonski\/\" \/>\n<meta property=\"og:site_name\" content=\"Inti\" \/>\n<meta property=\"og:image\" content=\"https:\/\/i0.wp.com\/inti.hr\/wp-content\/uploads\/2022\/06\/OGT28-N-Y002.webp?fit=1600%2C1600&ssl=1\" \/>\n\t<meta property=\"og:image:width\" content=\"1600\" \/>\n\t<meta property=\"og:image:height\" content=\"1600\" \/>\n\t<meta property=\"og:image:type\" content=\"image\/webp\" \/>\n<meta name=\"twitter:card\" content=\"summary_large_image\" \/>\n<script type=\"application\/ld+json\" class=\"yoast-schema-graph\">{\"@context\":\"https:\/\/schema.org\",\"@graph\":[{\"@type\":\"WebPage\",\"@id\":\"https:\/\/inti.hr\/sr\/proizvod\/5-dijelni-set-blagovaonski\/\",\"url\":\"https:\/\/inti.hr\/sr\/proizvod\/5-dijelni-set-blagovaonski\/\",\"name\":\"5-dijelni set blagovaonski - Inti\",\"isPartOf\":{\"@id\":\"https:\/\/inti.hr\/sr\/#website\"},\"primaryImageOfPage\":{\"@id\":\"https:\/\/inti.hr\/sr\/proizvod\/5-dijelni-set-blagovaonski\/#primaryimage\"},\"image\":{\"@id\":\"https:\/\/inti.hr\/sr\/proizvod\/5-dijelni-set-blagovaonski\/#primaryimage\"},\"thumbnailUrl\":\"https:\/\/i0.wp.com\/inti.hr\/wp-content\/uploads\/2022\/06\/OGT28-N-Y002.webp?fit=1600%2C1600&ssl=1\",\"datePublished\":\"2022-06-09T07:36:51+00:00\",\"dateModified\":\"2022-06-09T07:36:51+00:00\",\"description\":\"Ovaj prekrasni barski set sastoji se od 4 barske stolice i velikog stola. Kombiniraju\u0107i dizajn i udobnost, ovaj set idealan je za ure\u0111enje va\u0161eg balkona, bara, zimskog vrta ili bistroa. Uz izvrsnu izradu, svaki dio je pomno obra\u0111en. Njegova boja izgleda luksuzno i \u200b\u200bretro. Savr\u0161en je za kuhinju, blagovaonicu ili bilo koji mali prostor i kutak u va\u0161em domu.Dobro dizajniran barski stol savr\u0161en je za romanti\u010dnu ve\u010deru ili popodnevni zalogaj s prijateljima ili obitelji.\",\"breadcrumb\":{\"@id\":\"https:\/\/inti.hr\/sr\/proizvod\/5-dijelni-set-blagovaonski\/#breadcrumb\"},\"inLanguage\":\"sr-RS\",\"potentialAction\":[{\"@type\":\"ReadAction\",\"target\":[\"https:\/\/inti.hr\/sr\/proizvod\/5-dijelni-set-blagovaonski\/\"]}]},{\"@type\":\"ImageObject\",\"inLanguage\":\"sr-RS\",\"@id\":\"https:\/\/inti.hr\/sr\/proizvod\/5-dijelni-set-blagovaonski\/#primaryimage\",\"url\":\"https:\/\/i0.wp.com\/inti.hr\/wp-content\/uploads\/2022\/06\/OGT28-N-Y002.webp?fit=1600%2C1600&ssl=1\",\"contentUrl\":\"https:\/\/i0.wp.com\/inti.hr\/wp-content\/uploads\/2022\/06\/OGT28-N-Y002.webp?fit=1600%2C1600&ssl=1\",\"width\":1600,\"height\":1600,\"caption\":\"5-dijelni set blagovaonski\"},{\"@type\":\"BreadcrumbList\",\"@id\":\"https:\/\/inti.hr\/sr\/proizvod\/5-dijelni-set-blagovaonski\/#breadcrumb\",\"itemListElement\":[{\"@type\":\"ListItem\",\"position\":1,\"name\":\"Po\u010detna stranica\",\"item\":\"https:\/\/inti.hr\/sr\/\"},{\"@type\":\"ListItem\",\"position\":2,\"name\":\"Prodavnica\",\"item\":\"https:\/\/inti.hr\/sr\/prodavnica\/\"},{\"@type\":\"ListItem\",\"position\":3,\"name\":\"5-dijelni set blagovaonski\"}]},{\"@type\":\"WebSite\",\"@id\":\"https:\/\/inti.hr\/sr\/#website\",\"url\":\"https:\/\/inti.hr\/sr\/\",\"name\":\"Inti\",\"description\":\"trgovina\",\"potentialAction\":[{\"@type\":\"SearchAction\",\"target\":{\"@type\":\"EntryPoint\",\"urlTemplate\":\"https:\/\/inti.hr\/sr\/?s={search_term_string}\"},\"query-input\":{\"@type\":\"PropertyValueSpecification\",\"valueRequired\":true,\"valueName\":\"search_term_string\"}}],\"inLanguage\":\"sr-RS\"}]}<\/script>\n<!-- \/ Yoast SEO plugin. -->","yoast_head_json":{"title":"5-dijelni set blagovaonski - Inti","description":"Ovaj prekrasni barski set sastoji se od 4 barske stolice i velikog stola. Kombiniraju\u0107i dizajn i udobnost, ovaj set idealan je za ure\u0111enje va\u0161eg balkona, bara, zimskog vrta ili bistroa. Uz izvrsnu izradu, svaki dio je pomno obra\u0111en. Njegova boja izgleda luksuzno i \u200b\u200bretro. Savr\u0161en je za kuhinju, blagovaonicu ili bilo koji mali prostor i kutak u va\u0161em domu.Dobro dizajniran barski stol savr\u0161en je za romanti\u010dnu ve\u010deru ili popodnevni zalogaj s prijateljima ili obitelji.","robots":{"index":"index","follow":"follow","max-snippet":"max-snippet:-1","max-image-preview":"max-image-preview:large","max-video-preview":"max-video-preview:-1"},"canonical":"https:\/\/inti.hr\/sr\/proizvod\/5-dijelni-set-blagovaonski\/","og_locale":"sr_RS","og_type":"article","og_title":"5-dijelni set blagovaonski - Inti","og_description":"Ovaj prekrasni barski set sastoji se od 4 barske stolice i velikog stola. Kombiniraju\u0107i dizajn i udobnost, ovaj set idealan je za ure\u0111enje va\u0161eg balkona, bara, zimskog vrta ili bistroa. Uz izvrsnu izradu, svaki dio je pomno obra\u0111en. Njegova boja izgleda luksuzno i \u200b\u200bretro. Savr\u0161en je za kuhinju, blagovaonicu ili bilo koji mali prostor i kutak u va\u0161em domu.Dobro dizajniran barski stol savr\u0161en je za romanti\u010dnu ve\u010deru ili popodnevni zalogaj s prijateljima ili obitelji.","og_url":"https:\/\/inti.hr\/sr\/proizvod\/5-dijelni-set-blagovaonski\/","og_site_name":"Inti","og_image":[{"width":1600,"height":1600,"url":"https:\/\/i0.wp.com\/inti.hr\/wp-content\/uploads\/2022\/06\/OGT28-N-Y002.webp?fit=1600%2C1600&ssl=1","type":"image\/webp"}],"twitter_card":"summary_large_image","schema":{"@context":"https:\/\/schema.org","@graph":[{"@type":"WebPage","@id":"https:\/\/inti.hr\/sr\/proizvod\/5-dijelni-set-blagovaonski\/","url":"https:\/\/inti.hr\/sr\/proizvod\/5-dijelni-set-blagovaonski\/","name":"5-dijelni set blagovaonski - Inti","isPartOf":{"@id":"https:\/\/inti.hr\/sr\/#website"},"primaryImageOfPage":{"@id":"https:\/\/inti.hr\/sr\/proizvod\/5-dijelni-set-blagovaonski\/#primaryimage"},"image":{"@id":"https:\/\/inti.hr\/sr\/proizvod\/5-dijelni-set-blagovaonski\/#primaryimage"},"thumbnailUrl":"https:\/\/i0.wp.com\/inti.hr\/wp-content\/uploads\/2022\/06\/OGT28-N-Y002.webp?fit=1600%2C1600&ssl=1","datePublished":"2022-06-09T07:36:51+00:00","dateModified":"2022-06-09T07:36:51+00:00","description":"Ovaj prekrasni barski set sastoji se od 4 barske stolice i velikog stola. Kombiniraju\u0107i dizajn i udobnost, ovaj set idealan je za ure\u0111enje va\u0161eg balkona, bara, zimskog vrta ili bistroa. Uz izvrsnu izradu, svaki dio je pomno obra\u0111en. Njegova boja izgleda luksuzno i \u200b\u200bretro. Savr\u0161en je za kuhinju, blagovaonicu ili bilo koji mali prostor i kutak u va\u0161em domu.Dobro dizajniran barski stol savr\u0161en je za romanti\u010dnu ve\u010deru ili popodnevni zalogaj s prijateljima ili obitelji.","breadcrumb":{"@id":"https:\/\/inti.hr\/sr\/proizvod\/5-dijelni-set-blagovaonski\/#breadcrumb"},"inLanguage":"sr-RS","potentialAction":[{"@type":"ReadAction","target":["https:\/\/inti.hr\/sr\/proizvod\/5-dijelni-set-blagovaonski\/"]}]},{"@type":"ImageObject","inLanguage":"sr-RS","@id":"https:\/\/inti.hr\/sr\/proizvod\/5-dijelni-set-blagovaonski\/#primaryimage","url":"https:\/\/i0.wp.com\/inti.hr\/wp-content\/uploads\/2022\/06\/OGT28-N-Y002.webp?fit=1600%2C1600&ssl=1","contentUrl":"https:\/\/i0.wp.com\/inti.hr\/wp-content\/uploads\/2022\/06\/OGT28-N-Y002.webp?fit=1600%2C1600&ssl=1","width":1600,"height":1600,"caption":"5-dijelni set blagovaonski"},{"@type":"BreadcrumbList","@id":"https:\/\/inti.hr\/sr\/proizvod\/5-dijelni-set-blagovaonski\/#breadcrumb","itemListElement":[{"@type":"ListItem","position":1,"name":"Po\u010detna stranica","item":"https:\/\/inti.hr\/sr\/"},{"@type":"ListItem","position":2,"name":"Prodavnica","item":"https:\/\/inti.hr\/sr\/prodavnica\/"},{"@type":"ListItem","position":3,"name":"5-dijelni set blagovaonski"}]},{"@type":"WebSite","@id":"https:\/\/inti.hr\/sr\/#website","url":"https:\/\/inti.hr\/sr\/","name":"Inti","description":"trgovina","potentialAction":[{"@type":"SearchAction","target":{"@type":"EntryPoint","urlTemplate":"https:\/\/inti.hr\/sr\/?s={search_term_string}"},"query-input":{"@type":"PropertyValueSpecification","valueRequired":true,"valueName":"search_term_string"}}],"inLanguage":"sr-RS"}]}},"jetpack_sharing_enabled":true,"jetpack-related-posts":[],"_links":{"self":[{"href":"https:\/\/inti.hr\/sr\/wp-json\/wp\/v2\/product\/37873"}],"collection":[{"href":"https:\/\/inti.hr\/sr\/wp-json\/wp\/v2\/product"}],"about":[{"href":"https:\/\/inti.hr\/sr\/wp-json\/wp\/v2\/types\/product"}],"wp:featuredmedia":[{"embeddable":true,"href":"https:\/\/inti.hr\/sr\/wp-json\/wp\/v2\/media\/37874"}],"wp:attachment":[{"href":"https:\/\/inti.hr\/sr\/wp-json\/wp\/v2\/media?parent=37873"}],"wp:term":[{"taxonomy":"product_cat","embeddable":true,"href":"https:\/\/inti.hr\/sr\/wp-json\/wp\/v2\/product_cat?post=37873"},{"taxonomy":"product_tag","embeddable":true,"href":"https:\/\/inti.hr\/sr\/wp-json\/wp\/v2\/product_tag?post=37873"}],"curies":[{"name":"wp","href":"https:\/\/api.w.org\/{rel}","templated":true}]}}