{"id":37880,"date":"2022-06-08T15:23:45","date_gmt":"2022-06-08T15:23:45","guid":{"rendered":"https:\/\/inti.hr\/product\/daska-za-veslanje-za-stajanje-305-cm\/"},"modified":"2022-06-08T15:23:45","modified_gmt":"2022-06-08T15:23:45","slug":"daska-za-veslanje-za-stajanje-305-cm","status":"publish","type":"product","link":"https:\/\/inti.hr\/sr\/proizvod\/daska-za-veslanje-za-stajanje-305-cm\/","title":{"rendered":"Daska za veslanje za stajanje 305 cm"},"content":{"rendered":"<p><b>Detalji o proizvodu:<\/b><\/p>\n<p>&#8211; S posebnim visokotla\u010dnim vij\u010danim ventilom za jednostavno i brzo napuhavanje i ispuhivanje<br \/>\n&#8211; Dvije unaprijed sastavljene i jedna odvojiva peraja koja izdr\u017eavaju pritisak pri veslanju<br \/>\n&#8211; S torbom za no\u0161enje za brz i jednostavan transport<br \/>\n&#8211; Uklju\u010duje zra\u010dnu pumpu za jednostavno napuhavanje<br \/>\n&#8211; Visoko stabilnost za stabilno dr\u017eanje prilikom veslanja Manevriranje ili promjena smjera<br \/>\n&#8211; Prikladno za jednu odraslu osobu<br \/>\n&#8211; Veslo je podesivo po du\u017eini<br \/>\n&#8211; Te\u017eina: 10 kg<br \/>\n&#8211; Maksimalna nosivost: Do 100 kg<br \/>\n&#8211; Maksimalni tlak zraka: 15 psi \/ 1 Bar<\/p>\n<p><b>Dimenzije (Dx\u0160xV):<\/b><\/p>\n<p>305x71x10 cm<\/p>\n<p><b>Opseg isporuke:<\/b><\/p>\n<p>&#8211; Daska za veslanje na napuhavanje<br \/>\n&#8211; Ruksak<br \/>\n&#8211; Aluminijsko veslo (podesiva duljina)<br \/>\n&#8211; Ru\u010dna pumpa<br \/>\n&#8211; Povodac<br \/>\n&#8211; Odvojiva peraja<br \/>\n&#8211; Komplet za popravak<\/p>\n","protected":false},"excerpt":{"rendered":"<p>SUP daska za surfanje savr\u0161ena je za po\u010detnike, rekreativce i vo\u017enju &#8230; <\/p>\n","protected":false},"featured_media":37882,"template":"","meta":[],"product_cat":[2391],"product_tag":[5286,3893],"yoast_head":"<!-- This site is optimized with the Yoast SEO plugin v23.7 - https:\/\/yoast.com\/wordpress\/plugins\/seo\/ -->\n<title>Daska za veslanje za stajanje 305 cm - Inti<\/title>\n<meta name=\"description\" content=\"SUP daska za surfanje savr\u0161ena je za po\u010detnike, rekreativce i vo\u017enju na malim valovima.\" \/>\n<meta name=\"robots\" content=\"index, follow, max-snippet:-1, max-image-preview:large, max-video-preview:-1\" \/>\n<link rel=\"canonical\" href=\"https:\/\/inti.hr\/sr\/proizvod\/daska-za-veslanje-za-stajanje-305-cm\/\" \/>\n<meta property=\"og:locale\" content=\"sr_RS\" \/>\n<meta property=\"og:type\" content=\"article\" \/>\n<meta property=\"og:title\" content=\"Daska za veslanje za stajanje 305 cm - Inti\" \/>\n<meta property=\"og:description\" content=\"SUP daska za surfanje savr\u0161ena je za po\u010detnike, rekreativce i vo\u017enju na malim valovima.\" \/>\n<meta property=\"og:url\" content=\"https:\/\/inti.hr\/sr\/proizvod\/daska-za-veslanje-za-stajanje-305-cm\/\" \/>\n<meta property=\"og:site_name\" content=\"Inti\" \/>\n<meta property=\"og:image\" content=\"https:\/\/i0.wp.com\/inti.hr\/wp-content\/uploads\/2022\/06\/c82a92345cff8fc757bb090a5fc2b566.jpg?fit=2000%2C2000&ssl=1\" \/>\n\t<meta property=\"og:image:width\" content=\"2000\" \/>\n\t<meta property=\"og:image:height\" content=\"2000\" \/>\n\t<meta property=\"og:image:type\" content=\"image\/jpeg\" \/>\n<meta name=\"twitter:card\" content=\"summary_large_image\" \/>\n<meta name=\"twitter:label1\" content=\"\u041f\u0440\u043e\u0446\u0435\u045a\u0435\u043d\u043e \u0432\u0440\u0435\u043c\u0435 \u0447\u0438\u0442\u0430\u045a\u0430\" \/>\n\t<meta name=\"twitter:data1\" content=\"1 \u043c\u0438\u043d\u0443\u0442\" \/>\n<script type=\"application\/ld+json\" class=\"yoast-schema-graph\">{\"@context\":\"https:\/\/schema.org\",\"@graph\":[{\"@type\":\"WebPage\",\"@id\":\"https:\/\/inti.hr\/sr\/proizvod\/daska-za-veslanje-za-stajanje-305-cm\/\",\"url\":\"https:\/\/inti.hr\/sr\/proizvod\/daska-za-veslanje-za-stajanje-305-cm\/\",\"name\":\"Daska za veslanje za stajanje 305 cm - Inti\",\"isPartOf\":{\"@id\":\"https:\/\/inti.hr\/sr\/#website\"},\"primaryImageOfPage\":{\"@id\":\"https:\/\/inti.hr\/sr\/proizvod\/daska-za-veslanje-za-stajanje-305-cm\/#primaryimage\"},\"image\":{\"@id\":\"https:\/\/inti.hr\/sr\/proizvod\/daska-za-veslanje-za-stajanje-305-cm\/#primaryimage\"},\"thumbnailUrl\":\"https:\/\/i0.wp.com\/inti.hr\/wp-content\/uploads\/2022\/06\/c82a92345cff8fc757bb090a5fc2b566.jpg?fit=2000%2C2000&ssl=1\",\"datePublished\":\"2022-06-08T15:23:45+00:00\",\"dateModified\":\"2022-06-08T15:23:45+00:00\",\"description\":\"SUP daska za surfanje savr\u0161ena je za po\u010detnike, rekreativce i vo\u017enju na malim valovima.\",\"breadcrumb\":{\"@id\":\"https:\/\/inti.hr\/sr\/proizvod\/daska-za-veslanje-za-stajanje-305-cm\/#breadcrumb\"},\"inLanguage\":\"sr-RS\",\"potentialAction\":[{\"@type\":\"ReadAction\",\"target\":[\"https:\/\/inti.hr\/sr\/proizvod\/daska-za-veslanje-za-stajanje-305-cm\/\"]}]},{\"@type\":\"ImageObject\",\"inLanguage\":\"sr-RS\",\"@id\":\"https:\/\/inti.hr\/sr\/proizvod\/daska-za-veslanje-za-stajanje-305-cm\/#primaryimage\",\"url\":\"https:\/\/i0.wp.com\/inti.hr\/wp-content\/uploads\/2022\/06\/c82a92345cff8fc757bb090a5fc2b566.jpg?fit=2000%2C2000&ssl=1\",\"contentUrl\":\"https:\/\/i0.wp.com\/inti.hr\/wp-content\/uploads\/2022\/06\/c82a92345cff8fc757bb090a5fc2b566.jpg?fit=2000%2C2000&ssl=1\",\"width\":2000,\"height\":2000},{\"@type\":\"BreadcrumbList\",\"@id\":\"https:\/\/inti.hr\/sr\/proizvod\/daska-za-veslanje-za-stajanje-305-cm\/#breadcrumb\",\"itemListElement\":[{\"@type\":\"ListItem\",\"position\":1,\"name\":\"Po\u010detna stranica\",\"item\":\"https:\/\/inti.hr\/sr\/\"},{\"@type\":\"ListItem\",\"position\":2,\"name\":\"Prodavnica\",\"item\":\"https:\/\/inti.hr\/sr\/prodavnica\/\"},{\"@type\":\"ListItem\",\"position\":3,\"name\":\"Daska za veslanje za stajanje 305 cm\"}]},{\"@type\":\"WebSite\",\"@id\":\"https:\/\/inti.hr\/sr\/#website\",\"url\":\"https:\/\/inti.hr\/sr\/\",\"name\":\"Inti\",\"description\":\"trgovina\",\"potentialAction\":[{\"@type\":\"SearchAction\",\"target\":{\"@type\":\"EntryPoint\",\"urlTemplate\":\"https:\/\/inti.hr\/sr\/?s={search_term_string}\"},\"query-input\":{\"@type\":\"PropertyValueSpecification\",\"valueRequired\":true,\"valueName\":\"search_term_string\"}}],\"inLanguage\":\"sr-RS\"}]}<\/script>\n<!-- \/ Yoast SEO plugin. -->","yoast_head_json":{"title":"Daska za veslanje za stajanje 305 cm - Inti","description":"SUP daska za surfanje savr\u0161ena je za po\u010detnike, rekreativce i vo\u017enju na malim valovima.","robots":{"index":"index","follow":"follow","max-snippet":"max-snippet:-1","max-image-preview":"max-image-preview:large","max-video-preview":"max-video-preview:-1"},"canonical":"https:\/\/inti.hr\/sr\/proizvod\/daska-za-veslanje-za-stajanje-305-cm\/","og_locale":"sr_RS","og_type":"article","og_title":"Daska za veslanje za stajanje 305 cm - Inti","og_description":"SUP daska za surfanje savr\u0161ena je za po\u010detnike, rekreativce i vo\u017enju na malim valovima.","og_url":"https:\/\/inti.hr\/sr\/proizvod\/daska-za-veslanje-za-stajanje-305-cm\/","og_site_name":"Inti","og_image":[{"width":2000,"height":2000,"url":"https:\/\/i0.wp.com\/inti.hr\/wp-content\/uploads\/2022\/06\/c82a92345cff8fc757bb090a5fc2b566.jpg?fit=2000%2C2000&ssl=1","type":"image\/jpeg"}],"twitter_card":"summary_large_image","twitter_misc":{"\u041f\u0440\u043e\u0446\u0435\u045a\u0435\u043d\u043e \u0432\u0440\u0435\u043c\u0435 \u0447\u0438\u0442\u0430\u045a\u0430":"1 \u043c\u0438\u043d\u0443\u0442"},"schema":{"@context":"https:\/\/schema.org","@graph":[{"@type":"WebPage","@id":"https:\/\/inti.hr\/sr\/proizvod\/daska-za-veslanje-za-stajanje-305-cm\/","url":"https:\/\/inti.hr\/sr\/proizvod\/daska-za-veslanje-za-stajanje-305-cm\/","name":"Daska za veslanje za stajanje 305 cm - Inti","isPartOf":{"@id":"https:\/\/inti.hr\/sr\/#website"},"primaryImageOfPage":{"@id":"https:\/\/inti.hr\/sr\/proizvod\/daska-za-veslanje-za-stajanje-305-cm\/#primaryimage"},"image":{"@id":"https:\/\/inti.hr\/sr\/proizvod\/daska-za-veslanje-za-stajanje-305-cm\/#primaryimage"},"thumbnailUrl":"https:\/\/i0.wp.com\/inti.hr\/wp-content\/uploads\/2022\/06\/c82a92345cff8fc757bb090a5fc2b566.jpg?fit=2000%2C2000&ssl=1","datePublished":"2022-06-08T15:23:45+00:00","dateModified":"2022-06-08T15:23:45+00:00","description":"SUP daska za surfanje savr\u0161ena je za po\u010detnike, rekreativce i vo\u017enju na malim valovima.","breadcrumb":{"@id":"https:\/\/inti.hr\/sr\/proizvod\/daska-za-veslanje-za-stajanje-305-cm\/#breadcrumb"},"inLanguage":"sr-RS","potentialAction":[{"@type":"ReadAction","target":["https:\/\/inti.hr\/sr\/proizvod\/daska-za-veslanje-za-stajanje-305-cm\/"]}]},{"@type":"ImageObject","inLanguage":"sr-RS","@id":"https:\/\/inti.hr\/sr\/proizvod\/daska-za-veslanje-za-stajanje-305-cm\/#primaryimage","url":"https:\/\/i0.wp.com\/inti.hr\/wp-content\/uploads\/2022\/06\/c82a92345cff8fc757bb090a5fc2b566.jpg?fit=2000%2C2000&ssl=1","contentUrl":"https:\/\/i0.wp.com\/inti.hr\/wp-content\/uploads\/2022\/06\/c82a92345cff8fc757bb090a5fc2b566.jpg?fit=2000%2C2000&ssl=1","width":2000,"height":2000},{"@type":"BreadcrumbList","@id":"https:\/\/inti.hr\/sr\/proizvod\/daska-za-veslanje-za-stajanje-305-cm\/#breadcrumb","itemListElement":[{"@type":"ListItem","position":1,"name":"Po\u010detna stranica","item":"https:\/\/inti.hr\/sr\/"},{"@type":"ListItem","position":2,"name":"Prodavnica","item":"https:\/\/inti.hr\/sr\/prodavnica\/"},{"@type":"ListItem","position":3,"name":"Daska za veslanje za stajanje 305 cm"}]},{"@type":"WebSite","@id":"https:\/\/inti.hr\/sr\/#website","url":"https:\/\/inti.hr\/sr\/","name":"Inti","description":"trgovina","potentialAction":[{"@type":"SearchAction","target":{"@type":"EntryPoint","urlTemplate":"https:\/\/inti.hr\/sr\/?s={search_term_string}"},"query-input":{"@type":"PropertyValueSpecification","valueRequired":true,"valueName":"search_term_string"}}],"inLanguage":"sr-RS"}]}},"jetpack_sharing_enabled":true,"jetpack-related-posts":[],"_links":{"self":[{"href":"https:\/\/inti.hr\/sr\/wp-json\/wp\/v2\/product\/37880"}],"collection":[{"href":"https:\/\/inti.hr\/sr\/wp-json\/wp\/v2\/product"}],"about":[{"href":"https:\/\/inti.hr\/sr\/wp-json\/wp\/v2\/types\/product"}],"wp:featuredmedia":[{"embeddable":true,"href":"https:\/\/inti.hr\/sr\/wp-json\/wp\/v2\/media\/37882"}],"wp:attachment":[{"href":"https:\/\/inti.hr\/sr\/wp-json\/wp\/v2\/media?parent=37880"}],"wp:term":[{"taxonomy":"product_cat","embeddable":true,"href":"https:\/\/inti.hr\/sr\/wp-json\/wp\/v2\/product_cat?post=37880"},{"taxonomy":"product_tag","embeddable":true,"href":"https:\/\/inti.hr\/sr\/wp-json\/wp\/v2\/product_tag?post=37880"}],"curies":[{"name":"wp","href":"https:\/\/api.w.org\/{rel}","templated":true}]}}