{"id":37912,"date":"2021-05-12T10:09:09","date_gmt":"2021-05-12T10:09:09","guid":{"rendered":"https:\/\/inti.hr\/product\/barska-stolica-skandi\/"},"modified":"2021-05-12T10:09:09","modified_gmt":"2021-05-12T10:09:09","slug":"barska-stolica-skandi","status":"publish","type":"product","link":"https:\/\/inti.hr\/sr\/proizvod\/barska-stolica-skandi\/","title":{"rendered":"Barska stolica Skandi"},"content":{"rendered":"<p>OPIS PROIZVODA :<\/p>\n<p>\u25cf \u00a0Boja sjedi\u0161ta : Bijela ili crna<br \/>\n\u25cf Boja nogu : svijetlo drvo (Bukva)<br \/>\n\u25cf Materijal sjedi\u0161ta : Polipropilen<br \/>\n\u25cf Visina sjedi\u0161ta : 70 cm<br \/>\n\u25cf Nosivnost stolice : 150 kg<\/p>\n<p>&nbsp;<\/p>\n<p>Stolica bijele ili crne boje je \u010dvrsta, kvalitetna i postojana. Sjedi\u0161te je ergonomski oblikovano prema konturama ljudskog tijela, visokokvalitetnog polimera, mat povr\u0161inskog efekta. Dizajnom noge su inspirirane Eiffel-ovim tornjem, a sastavljene su od metalne konstrukcije kombinirane s masivom drveta bukve ili oraha. Uz iznena\u0111uju\u0107u razinu udobnosti, dizajnerska barska stolica\u00a0 je iznimno prakti\u010dna, te se jednostavno odr\u017eava, dizajnom ukra\u0161ava prostor, a cijenom se uklapa u svaki d\u017eep.<\/p>\n","protected":false},"excerpt":{"rendered":"<p>Barska stolica sa sjedi\u0161tem izra\u0111enim od polimera visoke kvalitete u kombinaciji &#8230; <\/p>\n","protected":false},"featured_media":37914,"template":"","meta":[],"product_cat":[2539],"product_tag":[2919,5309],"yoast_head":"<!-- This site is optimized with the Yoast SEO plugin v23.7 - https:\/\/yoast.com\/wordpress\/plugins\/seo\/ -->\n<title>Barska stolica Skandi - Inti<\/title>\n<meta name=\"description\" content=\"Barska stolica sa sjedi\u0161tem izra\u0111enim od polimera visoke kvalitete u kombinaciji sa nogama od masivnog drveta bukve ili oraha Stolica je proizvedena prema visokim proizvodnim standardima a za proizvodnju su kori\u0161teni materijali najvi\u0161e kvalitete\" \/>\n<meta name=\"robots\" content=\"index, follow, max-snippet:-1, max-image-preview:large, max-video-preview:-1\" \/>\n<link rel=\"canonical\" href=\"https:\/\/inti.hr\/sr\/proizvod\/barska-stolica-skandi\/\" \/>\n<meta property=\"og:locale\" content=\"sr_RS\" \/>\n<meta property=\"og:type\" content=\"article\" \/>\n<meta property=\"og:title\" content=\"Barska stolica Skandi - Inti\" \/>\n<meta property=\"og:description\" content=\"Barska stolica sa sjedi\u0161tem izra\u0111enim od polimera visoke kvalitete u kombinaciji sa nogama od masivnog drveta bukve ili oraha Stolica je proizvedena prema visokim proizvodnim standardima a za proizvodnju su kori\u0161teni materijali najvi\u0161e kvalitete\" \/>\n<meta property=\"og:url\" content=\"https:\/\/inti.hr\/sr\/proizvod\/barska-stolica-skandi\/\" \/>\n<meta property=\"og:site_name\" content=\"Inti\" \/>\n<meta property=\"og:image\" content=\"https:\/\/i0.wp.com\/inti.hr\/wp-content\/uploads\/2021\/05\/FST70-W-S001_2048x2048.jpg?fit=1600%2C1600&ssl=1\" \/>\n\t<meta property=\"og:image:width\" content=\"1600\" \/>\n\t<meta property=\"og:image:height\" content=\"1600\" \/>\n\t<meta property=\"og:image:type\" content=\"image\/jpeg\" \/>\n<meta name=\"twitter:card\" content=\"summary_large_image\" \/>\n<script type=\"application\/ld+json\" class=\"yoast-schema-graph\">{\"@context\":\"https:\/\/schema.org\",\"@graph\":[{\"@type\":\"WebPage\",\"@id\":\"https:\/\/inti.hr\/sr\/proizvod\/barska-stolica-skandi\/\",\"url\":\"https:\/\/inti.hr\/sr\/proizvod\/barska-stolica-skandi\/\",\"name\":\"Barska stolica Skandi - Inti\",\"isPartOf\":{\"@id\":\"https:\/\/inti.hr\/sr\/#website\"},\"primaryImageOfPage\":{\"@id\":\"https:\/\/inti.hr\/sr\/proizvod\/barska-stolica-skandi\/#primaryimage\"},\"image\":{\"@id\":\"https:\/\/inti.hr\/sr\/proizvod\/barska-stolica-skandi\/#primaryimage\"},\"thumbnailUrl\":\"https:\/\/i0.wp.com\/inti.hr\/wp-content\/uploads\/2021\/05\/FST70-W-S001_2048x2048.jpg?fit=1600%2C1600&ssl=1\",\"datePublished\":\"2021-05-12T10:09:09+00:00\",\"dateModified\":\"2021-05-12T10:09:09+00:00\",\"description\":\"Barska stolica sa sjedi\u0161tem izra\u0111enim od polimera visoke kvalitete u kombinaciji sa nogama od masivnog drveta bukve ili oraha Stolica je proizvedena prema visokim proizvodnim standardima a za proizvodnju su kori\u0161teni materijali najvi\u0161e kvalitete\",\"breadcrumb\":{\"@id\":\"https:\/\/inti.hr\/sr\/proizvod\/barska-stolica-skandi\/#breadcrumb\"},\"inLanguage\":\"sr-RS\",\"potentialAction\":[{\"@type\":\"ReadAction\",\"target\":[\"https:\/\/inti.hr\/sr\/proizvod\/barska-stolica-skandi\/\"]}]},{\"@type\":\"ImageObject\",\"inLanguage\":\"sr-RS\",\"@id\":\"https:\/\/inti.hr\/sr\/proizvod\/barska-stolica-skandi\/#primaryimage\",\"url\":\"https:\/\/i0.wp.com\/inti.hr\/wp-content\/uploads\/2021\/05\/FST70-W-S001_2048x2048.jpg?fit=1600%2C1600&ssl=1\",\"contentUrl\":\"https:\/\/i0.wp.com\/inti.hr\/wp-content\/uploads\/2021\/05\/FST70-W-S001_2048x2048.jpg?fit=1600%2C1600&ssl=1\",\"width\":1600,\"height\":1600},{\"@type\":\"BreadcrumbList\",\"@id\":\"https:\/\/inti.hr\/sr\/proizvod\/barska-stolica-skandi\/#breadcrumb\",\"itemListElement\":[{\"@type\":\"ListItem\",\"position\":1,\"name\":\"Po\u010detna stranica\",\"item\":\"https:\/\/inti.hr\/sr\/\"},{\"@type\":\"ListItem\",\"position\":2,\"name\":\"Prodavnica\",\"item\":\"https:\/\/inti.hr\/sr\/prodavnica\/\"},{\"@type\":\"ListItem\",\"position\":3,\"name\":\"Barska stolica Skandi\"}]},{\"@type\":\"WebSite\",\"@id\":\"https:\/\/inti.hr\/sr\/#website\",\"url\":\"https:\/\/inti.hr\/sr\/\",\"name\":\"Inti\",\"description\":\"trgovina\",\"potentialAction\":[{\"@type\":\"SearchAction\",\"target\":{\"@type\":\"EntryPoint\",\"urlTemplate\":\"https:\/\/inti.hr\/sr\/?s={search_term_string}\"},\"query-input\":{\"@type\":\"PropertyValueSpecification\",\"valueRequired\":true,\"valueName\":\"search_term_string\"}}],\"inLanguage\":\"sr-RS\"}]}<\/script>\n<!-- \/ Yoast SEO plugin. -->","yoast_head_json":{"title":"Barska stolica Skandi - Inti","description":"Barska stolica sa sjedi\u0161tem izra\u0111enim od polimera visoke kvalitete u kombinaciji sa nogama od masivnog drveta bukve ili oraha Stolica je proizvedena prema visokim proizvodnim standardima a za proizvodnju su kori\u0161teni materijali najvi\u0161e kvalitete","robots":{"index":"index","follow":"follow","max-snippet":"max-snippet:-1","max-image-preview":"max-image-preview:large","max-video-preview":"max-video-preview:-1"},"canonical":"https:\/\/inti.hr\/sr\/proizvod\/barska-stolica-skandi\/","og_locale":"sr_RS","og_type":"article","og_title":"Barska stolica Skandi - Inti","og_description":"Barska stolica sa sjedi\u0161tem izra\u0111enim od polimera visoke kvalitete u kombinaciji sa nogama od masivnog drveta bukve ili oraha Stolica je proizvedena prema visokim proizvodnim standardima a za proizvodnju su kori\u0161teni materijali najvi\u0161e kvalitete","og_url":"https:\/\/inti.hr\/sr\/proizvod\/barska-stolica-skandi\/","og_site_name":"Inti","og_image":[{"width":1600,"height":1600,"url":"https:\/\/i0.wp.com\/inti.hr\/wp-content\/uploads\/2021\/05\/FST70-W-S001_2048x2048.jpg?fit=1600%2C1600&ssl=1","type":"image\/jpeg"}],"twitter_card":"summary_large_image","schema":{"@context":"https:\/\/schema.org","@graph":[{"@type":"WebPage","@id":"https:\/\/inti.hr\/sr\/proizvod\/barska-stolica-skandi\/","url":"https:\/\/inti.hr\/sr\/proizvod\/barska-stolica-skandi\/","name":"Barska stolica Skandi - Inti","isPartOf":{"@id":"https:\/\/inti.hr\/sr\/#website"},"primaryImageOfPage":{"@id":"https:\/\/inti.hr\/sr\/proizvod\/barska-stolica-skandi\/#primaryimage"},"image":{"@id":"https:\/\/inti.hr\/sr\/proizvod\/barska-stolica-skandi\/#primaryimage"},"thumbnailUrl":"https:\/\/i0.wp.com\/inti.hr\/wp-content\/uploads\/2021\/05\/FST70-W-S001_2048x2048.jpg?fit=1600%2C1600&ssl=1","datePublished":"2021-05-12T10:09:09+00:00","dateModified":"2021-05-12T10:09:09+00:00","description":"Barska stolica sa sjedi\u0161tem izra\u0111enim od polimera visoke kvalitete u kombinaciji sa nogama od masivnog drveta bukve ili oraha Stolica je proizvedena prema visokim proizvodnim standardima a za proizvodnju su kori\u0161teni materijali najvi\u0161e kvalitete","breadcrumb":{"@id":"https:\/\/inti.hr\/sr\/proizvod\/barska-stolica-skandi\/#breadcrumb"},"inLanguage":"sr-RS","potentialAction":[{"@type":"ReadAction","target":["https:\/\/inti.hr\/sr\/proizvod\/barska-stolica-skandi\/"]}]},{"@type":"ImageObject","inLanguage":"sr-RS","@id":"https:\/\/inti.hr\/sr\/proizvod\/barska-stolica-skandi\/#primaryimage","url":"https:\/\/i0.wp.com\/inti.hr\/wp-content\/uploads\/2021\/05\/FST70-W-S001_2048x2048.jpg?fit=1600%2C1600&ssl=1","contentUrl":"https:\/\/i0.wp.com\/inti.hr\/wp-content\/uploads\/2021\/05\/FST70-W-S001_2048x2048.jpg?fit=1600%2C1600&ssl=1","width":1600,"height":1600},{"@type":"BreadcrumbList","@id":"https:\/\/inti.hr\/sr\/proizvod\/barska-stolica-skandi\/#breadcrumb","itemListElement":[{"@type":"ListItem","position":1,"name":"Po\u010detna stranica","item":"https:\/\/inti.hr\/sr\/"},{"@type":"ListItem","position":2,"name":"Prodavnica","item":"https:\/\/inti.hr\/sr\/prodavnica\/"},{"@type":"ListItem","position":3,"name":"Barska stolica Skandi"}]},{"@type":"WebSite","@id":"https:\/\/inti.hr\/sr\/#website","url":"https:\/\/inti.hr\/sr\/","name":"Inti","description":"trgovina","potentialAction":[{"@type":"SearchAction","target":{"@type":"EntryPoint","urlTemplate":"https:\/\/inti.hr\/sr\/?s={search_term_string}"},"query-input":{"@type":"PropertyValueSpecification","valueRequired":true,"valueName":"search_term_string"}}],"inLanguage":"sr-RS"}]}},"jetpack_sharing_enabled":true,"jetpack-related-posts":[],"_links":{"self":[{"href":"https:\/\/inti.hr\/sr\/wp-json\/wp\/v2\/product\/37912"}],"collection":[{"href":"https:\/\/inti.hr\/sr\/wp-json\/wp\/v2\/product"}],"about":[{"href":"https:\/\/inti.hr\/sr\/wp-json\/wp\/v2\/types\/product"}],"wp:featuredmedia":[{"embeddable":true,"href":"https:\/\/inti.hr\/sr\/wp-json\/wp\/v2\/media\/37914"}],"wp:attachment":[{"href":"https:\/\/inti.hr\/sr\/wp-json\/wp\/v2\/media?parent=37912"}],"wp:term":[{"taxonomy":"product_cat","embeddable":true,"href":"https:\/\/inti.hr\/sr\/wp-json\/wp\/v2\/product_cat?post=37912"},{"taxonomy":"product_tag","embeddable":true,"href":"https:\/\/inti.hr\/sr\/wp-json\/wp\/v2\/product_tag?post=37912"}],"curies":[{"name":"wp","href":"https:\/\/api.w.org\/{rel}","templated":true}]}}