{"id":37970,"date":"2021-03-31T15:25:50","date_gmt":"2021-03-31T15:25:50","guid":{"rendered":"https:\/\/inti.hr\/product\/kupaonski-ormaric-stupac-bijeli\/"},"modified":"2021-03-31T15:25:50","modified_gmt":"2021-03-31T15:25:50","slug":"kupaonski-ormaric-stupac-bijeli","status":"publish","type":"product","link":"https:\/\/inti.hr\/sr\/proizvod\/kupaonski-ormaric-stupac-bijeli\/","title":{"rendered":"Kupaonski ormari\u0107 stupac bijeli"},"content":{"rendered":"<p>Detalji o proizvodu:<\/p>\n<p>Materijali: MDF drvo, s bijelim premazom otpornim na melamin<br \/>\nTe\u017eina proizvoda 23 kg, maksimalno optere\u0107enje: 30 kg<br \/>\nMjerenja: Duljina 40 cm, Dubina: 35 cm, Visina: 161 cm<br \/>\nNa\u0161 novi kupaonski namje\u0161taj: ogledalo (BZR16-W), visoki ormar (BZR17-W), umivaonik (BZR18-W), zidni ormar (BZR19-W), donji ormari\u0107 (BZR20-W), ko\u0161ara za rublje (BZR21-W )<br \/>\nS uputama za monta\u017eu i vijcima. Jednostavna instalacija<\/p>\n<p>Namje\u0161taj suvremenog dizajna s funkcionalno\u0161\u0107u. Odjenite svoj dom modernim dodirom.<\/p>\n<p>Materijal otporan na plijesan, jednostavan za \u010di\u0161\u0107enje &#8211; Izra\u0111en od MDF plo\u010da razreda E1 i presvu\u010den glatkom bojom, ovaj je ormar u stanju odoljeti vla\u017enosti kupaonice i sprije\u010diti stvaranje plijesni, pojednostavljuju\u0107i odr\u017eavanje.<\/p>\n<p>Sa \u0161irinom i dubinom od samo 40 cm, mo\u017ee se koristiti bilo gdje.<\/p>\n","protected":false},"excerpt":{"rendered":"<p>Kupaonski namje\u0161taj idealan je za kupaonicu koju odlikuju prakti\u010dnost i modernost.<br \/>\nVisoki &#8230; <\/p>\n","protected":false},"featured_media":37972,"template":"","meta":[],"product_cat":[2396],"product_tag":[4064,2523],"yoast_head":"<!-- This site is optimized with the Yoast SEO plugin v23.7 - https:\/\/yoast.com\/wordpress\/plugins\/seo\/ -->\n<title>Kupaonski ormari\u0107 stupac bijeli - Inti<\/title>\n<meta name=\"description\" content=\"Kupaonski namje\u0161taj idealan je za kupaonicu koju odlikuju prakti\u010dnost i modernost.Visoki kupaonski ormar u elegantnom dizajnu i visokokvalitetnoj izradi.\" \/>\n<meta name=\"robots\" content=\"index, follow, max-snippet:-1, max-image-preview:large, max-video-preview:-1\" \/>\n<link rel=\"canonical\" href=\"https:\/\/inti.hr\/sr\/proizvod\/kupaonski-ormaric-stupac-bijeli\/\" \/>\n<meta property=\"og:locale\" content=\"sr_RS\" \/>\n<meta property=\"og:type\" content=\"article\" \/>\n<meta property=\"og:title\" content=\"Kupaonski ormari\u0107 stupac bijeli - Inti\" \/>\n<meta property=\"og:description\" content=\"Kupaonski namje\u0161taj idealan je za kupaonicu koju odlikuju prakti\u010dnost i modernost.Visoki kupaonski ormar u elegantnom dizajnu i visokokvalitetnoj izradi.\" \/>\n<meta property=\"og:url\" content=\"https:\/\/inti.hr\/sr\/proizvod\/kupaonski-ormaric-stupac-bijeli\/\" \/>\n<meta property=\"og:site_name\" content=\"Inti\" \/>\n<meta property=\"og:image\" content=\"https:\/\/i0.wp.com\/inti.hr\/wp-content\/uploads\/2021\/03\/BZR17-W_2048x2048.jpg?fit=709%2C709&ssl=1\" \/>\n\t<meta property=\"og:image:width\" content=\"709\" \/>\n\t<meta property=\"og:image:height\" content=\"709\" \/>\n\t<meta property=\"og:image:type\" content=\"image\/jpeg\" \/>\n<meta name=\"twitter:card\" content=\"summary_large_image\" \/>\n<meta name=\"twitter:label1\" content=\"\u041f\u0440\u043e\u0446\u0435\u045a\u0435\u043d\u043e \u0432\u0440\u0435\u043c\u0435 \u0447\u0438\u0442\u0430\u045a\u0430\" \/>\n\t<meta name=\"twitter:data1\" content=\"1 \u043c\u0438\u043d\u0443\u0442\" \/>\n<script type=\"application\/ld+json\" class=\"yoast-schema-graph\">{\"@context\":\"https:\/\/schema.org\",\"@graph\":[{\"@type\":\"WebPage\",\"@id\":\"https:\/\/inti.hr\/sr\/proizvod\/kupaonski-ormaric-stupac-bijeli\/\",\"url\":\"https:\/\/inti.hr\/sr\/proizvod\/kupaonski-ormaric-stupac-bijeli\/\",\"name\":\"Kupaonski ormari\u0107 stupac bijeli - Inti\",\"isPartOf\":{\"@id\":\"https:\/\/inti.hr\/sr\/#website\"},\"primaryImageOfPage\":{\"@id\":\"https:\/\/inti.hr\/sr\/proizvod\/kupaonski-ormaric-stupac-bijeli\/#primaryimage\"},\"image\":{\"@id\":\"https:\/\/inti.hr\/sr\/proizvod\/kupaonski-ormaric-stupac-bijeli\/#primaryimage\"},\"thumbnailUrl\":\"https:\/\/i0.wp.com\/inti.hr\/wp-content\/uploads\/2021\/03\/BZR17-W_2048x2048.jpg?fit=709%2C709&ssl=1\",\"datePublished\":\"2021-03-31T15:25:50+00:00\",\"dateModified\":\"2021-03-31T15:25:50+00:00\",\"description\":\"Kupaonski namje\u0161taj idealan je za kupaonicu koju odlikuju prakti\u010dnost i modernost.Visoki kupaonski ormar u elegantnom dizajnu i visokokvalitetnoj izradi.\",\"breadcrumb\":{\"@id\":\"https:\/\/inti.hr\/sr\/proizvod\/kupaonski-ormaric-stupac-bijeli\/#breadcrumb\"},\"inLanguage\":\"sr-RS\",\"potentialAction\":[{\"@type\":\"ReadAction\",\"target\":[\"https:\/\/inti.hr\/sr\/proizvod\/kupaonski-ormaric-stupac-bijeli\/\"]}]},{\"@type\":\"ImageObject\",\"inLanguage\":\"sr-RS\",\"@id\":\"https:\/\/inti.hr\/sr\/proizvod\/kupaonski-ormaric-stupac-bijeli\/#primaryimage\",\"url\":\"https:\/\/i0.wp.com\/inti.hr\/wp-content\/uploads\/2021\/03\/BZR17-W_2048x2048.jpg?fit=709%2C709&ssl=1\",\"contentUrl\":\"https:\/\/i0.wp.com\/inti.hr\/wp-content\/uploads\/2021\/03\/BZR17-W_2048x2048.jpg?fit=709%2C709&ssl=1\",\"width\":709,\"height\":709},{\"@type\":\"BreadcrumbList\",\"@id\":\"https:\/\/inti.hr\/sr\/proizvod\/kupaonski-ormaric-stupac-bijeli\/#breadcrumb\",\"itemListElement\":[{\"@type\":\"ListItem\",\"position\":1,\"name\":\"Po\u010detna stranica\",\"item\":\"https:\/\/inti.hr\/sr\/\"},{\"@type\":\"ListItem\",\"position\":2,\"name\":\"Prodavnica\",\"item\":\"https:\/\/inti.hr\/sr\/prodavnica\/\"},{\"@type\":\"ListItem\",\"position\":3,\"name\":\"Kupaonski ormari\u0107 stupac bijeli\"}]},{\"@type\":\"WebSite\",\"@id\":\"https:\/\/inti.hr\/sr\/#website\",\"url\":\"https:\/\/inti.hr\/sr\/\",\"name\":\"Inti\",\"description\":\"trgovina\",\"potentialAction\":[{\"@type\":\"SearchAction\",\"target\":{\"@type\":\"EntryPoint\",\"urlTemplate\":\"https:\/\/inti.hr\/sr\/?s={search_term_string}\"},\"query-input\":{\"@type\":\"PropertyValueSpecification\",\"valueRequired\":true,\"valueName\":\"search_term_string\"}}],\"inLanguage\":\"sr-RS\"}]}<\/script>\n<!-- \/ Yoast SEO plugin. -->","yoast_head_json":{"title":"Kupaonski ormari\u0107 stupac bijeli - Inti","description":"Kupaonski namje\u0161taj idealan je za kupaonicu koju odlikuju prakti\u010dnost i modernost.Visoki kupaonski ormar u elegantnom dizajnu i visokokvalitetnoj izradi.","robots":{"index":"index","follow":"follow","max-snippet":"max-snippet:-1","max-image-preview":"max-image-preview:large","max-video-preview":"max-video-preview:-1"},"canonical":"https:\/\/inti.hr\/sr\/proizvod\/kupaonski-ormaric-stupac-bijeli\/","og_locale":"sr_RS","og_type":"article","og_title":"Kupaonski ormari\u0107 stupac bijeli - Inti","og_description":"Kupaonski namje\u0161taj idealan je za kupaonicu koju odlikuju prakti\u010dnost i modernost.Visoki kupaonski ormar u elegantnom dizajnu i visokokvalitetnoj izradi.","og_url":"https:\/\/inti.hr\/sr\/proizvod\/kupaonski-ormaric-stupac-bijeli\/","og_site_name":"Inti","og_image":[{"width":709,"height":709,"url":"https:\/\/i0.wp.com\/inti.hr\/wp-content\/uploads\/2021\/03\/BZR17-W_2048x2048.jpg?fit=709%2C709&ssl=1","type":"image\/jpeg"}],"twitter_card":"summary_large_image","twitter_misc":{"\u041f\u0440\u043e\u0446\u0435\u045a\u0435\u043d\u043e \u0432\u0440\u0435\u043c\u0435 \u0447\u0438\u0442\u0430\u045a\u0430":"1 \u043c\u0438\u043d\u0443\u0442"},"schema":{"@context":"https:\/\/schema.org","@graph":[{"@type":"WebPage","@id":"https:\/\/inti.hr\/sr\/proizvod\/kupaonski-ormaric-stupac-bijeli\/","url":"https:\/\/inti.hr\/sr\/proizvod\/kupaonski-ormaric-stupac-bijeli\/","name":"Kupaonski ormari\u0107 stupac bijeli - Inti","isPartOf":{"@id":"https:\/\/inti.hr\/sr\/#website"},"primaryImageOfPage":{"@id":"https:\/\/inti.hr\/sr\/proizvod\/kupaonski-ormaric-stupac-bijeli\/#primaryimage"},"image":{"@id":"https:\/\/inti.hr\/sr\/proizvod\/kupaonski-ormaric-stupac-bijeli\/#primaryimage"},"thumbnailUrl":"https:\/\/i0.wp.com\/inti.hr\/wp-content\/uploads\/2021\/03\/BZR17-W_2048x2048.jpg?fit=709%2C709&ssl=1","datePublished":"2021-03-31T15:25:50+00:00","dateModified":"2021-03-31T15:25:50+00:00","description":"Kupaonski namje\u0161taj idealan je za kupaonicu koju odlikuju prakti\u010dnost i modernost.Visoki kupaonski ormar u elegantnom dizajnu i visokokvalitetnoj izradi.","breadcrumb":{"@id":"https:\/\/inti.hr\/sr\/proizvod\/kupaonski-ormaric-stupac-bijeli\/#breadcrumb"},"inLanguage":"sr-RS","potentialAction":[{"@type":"ReadAction","target":["https:\/\/inti.hr\/sr\/proizvod\/kupaonski-ormaric-stupac-bijeli\/"]}]},{"@type":"ImageObject","inLanguage":"sr-RS","@id":"https:\/\/inti.hr\/sr\/proizvod\/kupaonski-ormaric-stupac-bijeli\/#primaryimage","url":"https:\/\/i0.wp.com\/inti.hr\/wp-content\/uploads\/2021\/03\/BZR17-W_2048x2048.jpg?fit=709%2C709&ssl=1","contentUrl":"https:\/\/i0.wp.com\/inti.hr\/wp-content\/uploads\/2021\/03\/BZR17-W_2048x2048.jpg?fit=709%2C709&ssl=1","width":709,"height":709},{"@type":"BreadcrumbList","@id":"https:\/\/inti.hr\/sr\/proizvod\/kupaonski-ormaric-stupac-bijeli\/#breadcrumb","itemListElement":[{"@type":"ListItem","position":1,"name":"Po\u010detna stranica","item":"https:\/\/inti.hr\/sr\/"},{"@type":"ListItem","position":2,"name":"Prodavnica","item":"https:\/\/inti.hr\/sr\/prodavnica\/"},{"@type":"ListItem","position":3,"name":"Kupaonski ormari\u0107 stupac bijeli"}]},{"@type":"WebSite","@id":"https:\/\/inti.hr\/sr\/#website","url":"https:\/\/inti.hr\/sr\/","name":"Inti","description":"trgovina","potentialAction":[{"@type":"SearchAction","target":{"@type":"EntryPoint","urlTemplate":"https:\/\/inti.hr\/sr\/?s={search_term_string}"},"query-input":{"@type":"PropertyValueSpecification","valueRequired":true,"valueName":"search_term_string"}}],"inLanguage":"sr-RS"}]}},"jetpack_sharing_enabled":true,"jetpack-related-posts":[],"_links":{"self":[{"href":"https:\/\/inti.hr\/sr\/wp-json\/wp\/v2\/product\/37970"}],"collection":[{"href":"https:\/\/inti.hr\/sr\/wp-json\/wp\/v2\/product"}],"about":[{"href":"https:\/\/inti.hr\/sr\/wp-json\/wp\/v2\/types\/product"}],"wp:featuredmedia":[{"embeddable":true,"href":"https:\/\/inti.hr\/sr\/wp-json\/wp\/v2\/media\/37972"}],"wp:attachment":[{"href":"https:\/\/inti.hr\/sr\/wp-json\/wp\/v2\/media?parent=37970"}],"wp:term":[{"taxonomy":"product_cat","embeddable":true,"href":"https:\/\/inti.hr\/sr\/wp-json\/wp\/v2\/product_cat?post=37970"},{"taxonomy":"product_tag","embeddable":true,"href":"https:\/\/inti.hr\/sr\/wp-json\/wp\/v2\/product_tag?post=37970"}],"curies":[{"name":"wp","href":"https:\/\/api.w.org\/{rel}","templated":true}]}}