{"id":37995,"date":"2021-03-21T13:55:55","date_gmt":"2021-03-21T13:55:55","guid":{"rendered":"https:\/\/inti.hr\/product\/blagovaonska-stolica-barsun-ldc087q01\/"},"modified":"2021-03-21T13:55:55","modified_gmt":"2021-03-21T13:55:55","slug":"blagovaonska-stolica-barsun-ldc087q01","status":"publish","type":"product","link":"https:\/\/inti.hr\/sr\/proizvod\/blagovaonska-stolica-barsun-ldc087q01\/","title":{"rendered":"Set od 2 blagovaonske stolice bar\u0161un"},"content":{"rendered":"<p><b>Detalji o proizvodu:<\/b><\/p>\n<p>Boja zelena, siva, tamnosiva, \u017earko zelena.<\/p>\n<p>Materijal: metalne noge premazane prahom, drvena plo\u010da, bar\u0161un, podloga od pjene<\/p>\n<p>Ukupna veli\u010dina: 62,5 x 60 x 85 cm (D x \u0160 x V)<\/p>\n<p>Visina sjedala: 50 cm<\/p>\n<p>\u0160irina sjedala: 49 cm<\/p>\n<p>Dubina sjedala: 44,5 cm<\/p>\n<p>Visina naslona: 39,5 cm<\/p>\n<p>Visina naslona za ruke: 64 cm<\/p>\n<p>Debljina sjedala: 7 cm<\/p>\n<p>Te\u017eina: 6,5 kg<\/p>\n<p>Maksimalno stati\u010dko optere\u0107enje: 110 kg<\/p>\n<p>&nbsp;<\/p>\n<p>&nbsp;<\/p>\n","protected":false},"excerpt":{"rendered":"<p>Ergonomski dizajn, obloga od pjene debljine 7 cm, visokokvalitetna bar\u0161unasta navlaka &#8230; <\/p>\n","protected":false},"featured_media":37996,"template":"","meta":[],"product_cat":[2573],"product_tag":[2586,3604,4001,2591,5339,5340,3791],"yoast_head":"<!-- This site is optimized with the Yoast SEO plugin v23.7 - https:\/\/yoast.com\/wordpress\/plugins\/seo\/ -->\n<title>Set od 2 blagovaonske stolice bar\u0161un - Inti<\/title>\n<meta name=\"description\" content=\"Ergonomski dizajn, obloga od pjene debljine 7 cm, visokokvalitetna bar\u0161unasta navlaka i izdr\u017eljive metalne noge s optere\u0107enjem do 110 kg - ti elementi stvaraju \u010dvrstu i udobnu stolicu.\u00a0Jo\u0161 bolje: stolica tako\u0111er ima lijep izgled koji donosi ugodnu atmosferu u svaku prostoriju.Uvijek uz vas:\u00a0gdje god po\u017eelite sjesti i opustiti se, ova tapecirana stolica spremna je za vas.\u00a0Bilo u blagovaonici, dnevnom boravku, spava\u0107oj sobi, radnoj sobi ili za sun\u010danje na balkonu, ova stolica je uvijek pogodna za trenutke opu\u0161tanja.\" \/>\n<meta name=\"robots\" content=\"index, follow, max-snippet:-1, max-image-preview:large, max-video-preview:-1\" \/>\n<link rel=\"canonical\" href=\"https:\/\/inti.hr\/sr\/proizvod\/blagovaonska-stolica-barsun-ldc087q01\/\" \/>\n<meta property=\"og:locale\" content=\"sr_RS\" \/>\n<meta property=\"og:type\" content=\"article\" \/>\n<meta property=\"og:title\" content=\"Set od 2 blagovaonske stolice bar\u0161un - Inti\" \/>\n<meta property=\"og:description\" content=\"Ergonomski dizajn, obloga od pjene debljine 7 cm, visokokvalitetna bar\u0161unasta navlaka i izdr\u017eljive metalne noge s optere\u0107enjem do 110 kg - ti elementi stvaraju \u010dvrstu i udobnu stolicu.\u00a0Jo\u0161 bolje: stolica tako\u0111er ima lijep izgled koji donosi ugodnu atmosferu u svaku prostoriju.Uvijek uz vas:\u00a0gdje god po\u017eelite sjesti i opustiti se, ova tapecirana stolica spremna je za vas.\u00a0Bilo u blagovaonici, dnevnom boravku, spava\u0107oj sobi, radnoj sobi ili za sun\u010danje na balkonu, ova stolica je uvijek pogodna za trenutke opu\u0161tanja.\" \/>\n<meta property=\"og:url\" content=\"https:\/\/inti.hr\/sr\/proizvod\/blagovaonska-stolica-barsun-ldc087q01\/\" \/>\n<meta property=\"og:site_name\" content=\"Inti\" \/>\n<meta property=\"og:image\" content=\"https:\/\/i0.wp.com\/inti.hr\/wp-content\/uploads\/2021\/03\/81Gewv4YuBL._AC_SL1500_.jpg?fit=1500%2C1500&ssl=1\" \/>\n\t<meta property=\"og:image:width\" content=\"1500\" \/>\n\t<meta property=\"og:image:height\" content=\"1500\" \/>\n\t<meta property=\"og:image:type\" content=\"image\/jpeg\" \/>\n<meta name=\"twitter:card\" content=\"summary_large_image\" \/>\n<script type=\"application\/ld+json\" class=\"yoast-schema-graph\">{\"@context\":\"https:\/\/schema.org\",\"@graph\":[{\"@type\":\"WebPage\",\"@id\":\"https:\/\/inti.hr\/sr\/proizvod\/blagovaonska-stolica-barsun-ldc087q01\/\",\"url\":\"https:\/\/inti.hr\/sr\/proizvod\/blagovaonska-stolica-barsun-ldc087q01\/\",\"name\":\"Set od 2 blagovaonske stolice bar\u0161un - Inti\",\"isPartOf\":{\"@id\":\"https:\/\/inti.hr\/sr\/#website\"},\"primaryImageOfPage\":{\"@id\":\"https:\/\/inti.hr\/sr\/proizvod\/blagovaonska-stolica-barsun-ldc087q01\/#primaryimage\"},\"image\":{\"@id\":\"https:\/\/inti.hr\/sr\/proizvod\/blagovaonska-stolica-barsun-ldc087q01\/#primaryimage\"},\"thumbnailUrl\":\"https:\/\/i0.wp.com\/inti.hr\/wp-content\/uploads\/2021\/03\/81Gewv4YuBL._AC_SL1500_.jpg?fit=1500%2C1500&ssl=1\",\"datePublished\":\"2021-03-21T13:55:55+00:00\",\"dateModified\":\"2021-03-21T13:55:55+00:00\",\"description\":\"Ergonomski dizajn, obloga od pjene debljine 7 cm, visokokvalitetna bar\u0161unasta navlaka i izdr\u017eljive metalne noge s optere\u0107enjem do 110 kg - ti elementi stvaraju \u010dvrstu i udobnu stolicu.\u00a0Jo\u0161 bolje: stolica tako\u0111er ima lijep izgled koji donosi ugodnu atmosferu u svaku prostoriju.Uvijek uz vas:\u00a0gdje god po\u017eelite sjesti i opustiti se, ova tapecirana stolica spremna je za vas.\u00a0Bilo u blagovaonici, dnevnom boravku, spava\u0107oj sobi, radnoj sobi ili za sun\u010danje na balkonu, ova stolica je uvijek pogodna za trenutke opu\u0161tanja.\",\"breadcrumb\":{\"@id\":\"https:\/\/inti.hr\/sr\/proizvod\/blagovaonska-stolica-barsun-ldc087q01\/#breadcrumb\"},\"inLanguage\":\"sr-RS\",\"potentialAction\":[{\"@type\":\"ReadAction\",\"target\":[\"https:\/\/inti.hr\/sr\/proizvod\/blagovaonska-stolica-barsun-ldc087q01\/\"]}]},{\"@type\":\"ImageObject\",\"inLanguage\":\"sr-RS\",\"@id\":\"https:\/\/inti.hr\/sr\/proizvod\/blagovaonska-stolica-barsun-ldc087q01\/#primaryimage\",\"url\":\"https:\/\/i0.wp.com\/inti.hr\/wp-content\/uploads\/2021\/03\/81Gewv4YuBL._AC_SL1500_.jpg?fit=1500%2C1500&ssl=1\",\"contentUrl\":\"https:\/\/i0.wp.com\/inti.hr\/wp-content\/uploads\/2021\/03\/81Gewv4YuBL._AC_SL1500_.jpg?fit=1500%2C1500&ssl=1\",\"width\":1500,\"height\":1500},{\"@type\":\"BreadcrumbList\",\"@id\":\"https:\/\/inti.hr\/sr\/proizvod\/blagovaonska-stolica-barsun-ldc087q01\/#breadcrumb\",\"itemListElement\":[{\"@type\":\"ListItem\",\"position\":1,\"name\":\"Po\u010detna stranica\",\"item\":\"https:\/\/inti.hr\/sr\/\"},{\"@type\":\"ListItem\",\"position\":2,\"name\":\"Prodavnica\",\"item\":\"https:\/\/inti.hr\/sr\/prodavnica\/\"},{\"@type\":\"ListItem\",\"position\":3,\"name\":\"Set od 2 blagovaonske stolice bar\u0161un\"}]},{\"@type\":\"WebSite\",\"@id\":\"https:\/\/inti.hr\/sr\/#website\",\"url\":\"https:\/\/inti.hr\/sr\/\",\"name\":\"Inti\",\"description\":\"trgovina\",\"potentialAction\":[{\"@type\":\"SearchAction\",\"target\":{\"@type\":\"EntryPoint\",\"urlTemplate\":\"https:\/\/inti.hr\/sr\/?s={search_term_string}\"},\"query-input\":{\"@type\":\"PropertyValueSpecification\",\"valueRequired\":true,\"valueName\":\"search_term_string\"}}],\"inLanguage\":\"sr-RS\"}]}<\/script>\n<!-- \/ Yoast SEO plugin. -->","yoast_head_json":{"title":"Set od 2 blagovaonske stolice bar\u0161un - Inti","description":"Ergonomski dizajn, obloga od pjene debljine 7 cm, visokokvalitetna bar\u0161unasta navlaka i izdr\u017eljive metalne noge s optere\u0107enjem do 110 kg - ti elementi stvaraju \u010dvrstu i udobnu stolicu.\u00a0Jo\u0161 bolje: stolica tako\u0111er ima lijep izgled koji donosi ugodnu atmosferu u svaku prostoriju.Uvijek uz vas:\u00a0gdje god po\u017eelite sjesti i opustiti se, ova tapecirana stolica spremna je za vas.\u00a0Bilo u blagovaonici, dnevnom boravku, spava\u0107oj sobi, radnoj sobi ili za sun\u010danje na balkonu, ova stolica je uvijek pogodna za trenutke opu\u0161tanja.","robots":{"index":"index","follow":"follow","max-snippet":"max-snippet:-1","max-image-preview":"max-image-preview:large","max-video-preview":"max-video-preview:-1"},"canonical":"https:\/\/inti.hr\/sr\/proizvod\/blagovaonska-stolica-barsun-ldc087q01\/","og_locale":"sr_RS","og_type":"article","og_title":"Set od 2 blagovaonske stolice bar\u0161un - Inti","og_description":"Ergonomski dizajn, obloga od pjene debljine 7 cm, visokokvalitetna bar\u0161unasta navlaka i izdr\u017eljive metalne noge s optere\u0107enjem do 110 kg - ti elementi stvaraju \u010dvrstu i udobnu stolicu.\u00a0Jo\u0161 bolje: stolica tako\u0111er ima lijep izgled koji donosi ugodnu atmosferu u svaku prostoriju.Uvijek uz vas:\u00a0gdje god po\u017eelite sjesti i opustiti se, ova tapecirana stolica spremna je za vas.\u00a0Bilo u blagovaonici, dnevnom boravku, spava\u0107oj sobi, radnoj sobi ili za sun\u010danje na balkonu, ova stolica je uvijek pogodna za trenutke opu\u0161tanja.","og_url":"https:\/\/inti.hr\/sr\/proizvod\/blagovaonska-stolica-barsun-ldc087q01\/","og_site_name":"Inti","og_image":[{"width":1500,"height":1500,"url":"https:\/\/i0.wp.com\/inti.hr\/wp-content\/uploads\/2021\/03\/81Gewv4YuBL._AC_SL1500_.jpg?fit=1500%2C1500&ssl=1","type":"image\/jpeg"}],"twitter_card":"summary_large_image","schema":{"@context":"https:\/\/schema.org","@graph":[{"@type":"WebPage","@id":"https:\/\/inti.hr\/sr\/proizvod\/blagovaonska-stolica-barsun-ldc087q01\/","url":"https:\/\/inti.hr\/sr\/proizvod\/blagovaonska-stolica-barsun-ldc087q01\/","name":"Set od 2 blagovaonske stolice bar\u0161un - Inti","isPartOf":{"@id":"https:\/\/inti.hr\/sr\/#website"},"primaryImageOfPage":{"@id":"https:\/\/inti.hr\/sr\/proizvod\/blagovaonska-stolica-barsun-ldc087q01\/#primaryimage"},"image":{"@id":"https:\/\/inti.hr\/sr\/proizvod\/blagovaonska-stolica-barsun-ldc087q01\/#primaryimage"},"thumbnailUrl":"https:\/\/i0.wp.com\/inti.hr\/wp-content\/uploads\/2021\/03\/81Gewv4YuBL._AC_SL1500_.jpg?fit=1500%2C1500&ssl=1","datePublished":"2021-03-21T13:55:55+00:00","dateModified":"2021-03-21T13:55:55+00:00","description":"Ergonomski dizajn, obloga od pjene debljine 7 cm, visokokvalitetna bar\u0161unasta navlaka i izdr\u017eljive metalne noge s optere\u0107enjem do 110 kg - ti elementi stvaraju \u010dvrstu i udobnu stolicu.\u00a0Jo\u0161 bolje: stolica tako\u0111er ima lijep izgled koji donosi ugodnu atmosferu u svaku prostoriju.Uvijek uz vas:\u00a0gdje god po\u017eelite sjesti i opustiti se, ova tapecirana stolica spremna je za vas.\u00a0Bilo u blagovaonici, dnevnom boravku, spava\u0107oj sobi, radnoj sobi ili za sun\u010danje na balkonu, ova stolica je uvijek pogodna za trenutke opu\u0161tanja.","breadcrumb":{"@id":"https:\/\/inti.hr\/sr\/proizvod\/blagovaonska-stolica-barsun-ldc087q01\/#breadcrumb"},"inLanguage":"sr-RS","potentialAction":[{"@type":"ReadAction","target":["https:\/\/inti.hr\/sr\/proizvod\/blagovaonska-stolica-barsun-ldc087q01\/"]}]},{"@type":"ImageObject","inLanguage":"sr-RS","@id":"https:\/\/inti.hr\/sr\/proizvod\/blagovaonska-stolica-barsun-ldc087q01\/#primaryimage","url":"https:\/\/i0.wp.com\/inti.hr\/wp-content\/uploads\/2021\/03\/81Gewv4YuBL._AC_SL1500_.jpg?fit=1500%2C1500&ssl=1","contentUrl":"https:\/\/i0.wp.com\/inti.hr\/wp-content\/uploads\/2021\/03\/81Gewv4YuBL._AC_SL1500_.jpg?fit=1500%2C1500&ssl=1","width":1500,"height":1500},{"@type":"BreadcrumbList","@id":"https:\/\/inti.hr\/sr\/proizvod\/blagovaonska-stolica-barsun-ldc087q01\/#breadcrumb","itemListElement":[{"@type":"ListItem","position":1,"name":"Po\u010detna stranica","item":"https:\/\/inti.hr\/sr\/"},{"@type":"ListItem","position":2,"name":"Prodavnica","item":"https:\/\/inti.hr\/sr\/prodavnica\/"},{"@type":"ListItem","position":3,"name":"Set od 2 blagovaonske stolice bar\u0161un"}]},{"@type":"WebSite","@id":"https:\/\/inti.hr\/sr\/#website","url":"https:\/\/inti.hr\/sr\/","name":"Inti","description":"trgovina","potentialAction":[{"@type":"SearchAction","target":{"@type":"EntryPoint","urlTemplate":"https:\/\/inti.hr\/sr\/?s={search_term_string}"},"query-input":{"@type":"PropertyValueSpecification","valueRequired":true,"valueName":"search_term_string"}}],"inLanguage":"sr-RS"}]}},"jetpack_sharing_enabled":true,"jetpack-related-posts":[],"_links":{"self":[{"href":"https:\/\/inti.hr\/sr\/wp-json\/wp\/v2\/product\/37995"}],"collection":[{"href":"https:\/\/inti.hr\/sr\/wp-json\/wp\/v2\/product"}],"about":[{"href":"https:\/\/inti.hr\/sr\/wp-json\/wp\/v2\/types\/product"}],"wp:featuredmedia":[{"embeddable":true,"href":"https:\/\/inti.hr\/sr\/wp-json\/wp\/v2\/media\/37996"}],"wp:attachment":[{"href":"https:\/\/inti.hr\/sr\/wp-json\/wp\/v2\/media?parent=37995"}],"wp:term":[{"taxonomy":"product_cat","embeddable":true,"href":"https:\/\/inti.hr\/sr\/wp-json\/wp\/v2\/product_cat?post=37995"},{"taxonomy":"product_tag","embeddable":true,"href":"https:\/\/inti.hr\/sr\/wp-json\/wp\/v2\/product_tag?post=37995"}],"curies":[{"name":"wp","href":"https:\/\/api.w.org\/{rel}","templated":true}]}}