{"id":38007,"date":"2021-03-19T08:44:10","date_gmt":"2021-03-19T08:44:10","guid":{"rendered":"https:\/\/inti.hr\/product\/konzola-od-kaljenog-stakla\/"},"modified":"2021-03-19T08:44:10","modified_gmt":"2021-03-19T08:44:10","slug":"konzola-od-kaljenog-stakla","status":"publish","type":"product","link":"https:\/\/inti.hr\/sr\/proizvod\/konzola-od-kaljenog-stakla\/","title":{"rendered":"Konzola od kaljenog stakla"},"content":{"rendered":"<p>Detalji proizvoda:<\/p>\n<p>Dimenzije proizvoda 100 x 35 x 80 cm; 8,2 kilograma<br \/>\nPrimarni materijal: metal, staklo<br \/>\nVrsta metala od drveta.<\/p>\n<p>Prozirna stabilnost: plo\u010da od kaljenog stakla debljine 6 mm \u010dvrsto se nalazi na \u010dvrstom metalnom okviru ove konzole dimenzija 100 x 35 x 80 cm koja mo\u017ee primiti do 30 kg i stoga je savr\u0161ena za knjige, ukrase ili lon\u010danice.<\/p>\n<p>Zahvaljuju\u0107i jednostavnim uputama i ozna\u010denim pojedina\u010dnim dijelovima, monta\u017ea se vr\u0161i u kratkom roku.<\/p>\n","protected":false},"excerpt":{"rendered":"<p>Fascinantan minimalizam, dovedite svoj dom na potpuno novu razinu s ovim &#8230; <\/p>\n","protected":false},"featured_media":38008,"template":"","meta":[],"product_cat":[2421,4208],"product_tag":[4000,2749,5331,3136,5345,5346,4853],"yoast_head":"<!-- This site is optimized with the Yoast SEO plugin v23.7 - https:\/\/yoast.com\/wordpress\/plugins\/seo\/ -->\n<title>Konzola od kaljenog stakla - Inti<\/title>\n<meta name=\"description\" content=\"Fascinantan minimalizam dovedite svoj dom na potpuno novu razinu s ovim modernim konzolnim stolom Metalni okvir od ru\u017ei\u010dastog zlata i povr\u0161ina od kaljenog stakla \u010dine minimalisti\u010dki i prakti\u010dan vrhunac namje\u0161taja\" \/>\n<meta name=\"robots\" content=\"index, follow, max-snippet:-1, max-image-preview:large, max-video-preview:-1\" \/>\n<link rel=\"canonical\" href=\"https:\/\/inti.hr\/sr\/proizvod\/konzola-od-kaljenog-stakla\/\" \/>\n<meta property=\"og:locale\" content=\"sr_RS\" \/>\n<meta property=\"og:type\" content=\"article\" \/>\n<meta property=\"og:title\" content=\"Konzola od kaljenog stakla - Inti\" \/>\n<meta property=\"og:description\" content=\"Fascinantan minimalizam dovedite svoj dom na potpuno novu razinu s ovim modernim konzolnim stolom Metalni okvir od ru\u017ei\u010dastog zlata i povr\u0161ina od kaljenog stakla \u010dine minimalisti\u010dki i prakti\u010dan vrhunac namje\u0161taja\" \/>\n<meta property=\"og:url\" content=\"https:\/\/inti.hr\/sr\/proizvod\/konzola-od-kaljenog-stakla\/\" \/>\n<meta property=\"og:site_name\" content=\"Inti\" \/>\n<meta property=\"og:image\" content=\"https:\/\/i0.wp.com\/inti.hr\/wp-content\/uploads\/2021\/03\/71nypqvfIJL._AC_SL1500_.jpg?fit=1500%2C1500&ssl=1\" \/>\n\t<meta property=\"og:image:width\" content=\"1500\" \/>\n\t<meta property=\"og:image:height\" content=\"1500\" \/>\n\t<meta property=\"og:image:type\" content=\"image\/jpeg\" \/>\n<meta name=\"twitter:card\" content=\"summary_large_image\" \/>\n<script type=\"application\/ld+json\" class=\"yoast-schema-graph\">{\"@context\":\"https:\/\/schema.org\",\"@graph\":[{\"@type\":\"WebPage\",\"@id\":\"https:\/\/inti.hr\/sr\/proizvod\/konzola-od-kaljenog-stakla\/\",\"url\":\"https:\/\/inti.hr\/sr\/proizvod\/konzola-od-kaljenog-stakla\/\",\"name\":\"Konzola od kaljenog stakla - Inti\",\"isPartOf\":{\"@id\":\"https:\/\/inti.hr\/sr\/#website\"},\"primaryImageOfPage\":{\"@id\":\"https:\/\/inti.hr\/sr\/proizvod\/konzola-od-kaljenog-stakla\/#primaryimage\"},\"image\":{\"@id\":\"https:\/\/inti.hr\/sr\/proizvod\/konzola-od-kaljenog-stakla\/#primaryimage\"},\"thumbnailUrl\":\"https:\/\/i0.wp.com\/inti.hr\/wp-content\/uploads\/2021\/03\/71nypqvfIJL._AC_SL1500_.jpg?fit=1500%2C1500&ssl=1\",\"datePublished\":\"2021-03-19T08:44:10+00:00\",\"dateModified\":\"2021-03-19T08:44:10+00:00\",\"description\":\"Fascinantan minimalizam dovedite svoj dom na potpuno novu razinu s ovim modernim konzolnim stolom Metalni okvir od ru\u017ei\u010dastog zlata i povr\u0161ina od kaljenog stakla \u010dine minimalisti\u010dki i prakti\u010dan vrhunac namje\u0161taja\",\"breadcrumb\":{\"@id\":\"https:\/\/inti.hr\/sr\/proizvod\/konzola-od-kaljenog-stakla\/#breadcrumb\"},\"inLanguage\":\"sr-RS\",\"potentialAction\":[{\"@type\":\"ReadAction\",\"target\":[\"https:\/\/inti.hr\/sr\/proizvod\/konzola-od-kaljenog-stakla\/\"]}]},{\"@type\":\"ImageObject\",\"inLanguage\":\"sr-RS\",\"@id\":\"https:\/\/inti.hr\/sr\/proizvod\/konzola-od-kaljenog-stakla\/#primaryimage\",\"url\":\"https:\/\/i0.wp.com\/inti.hr\/wp-content\/uploads\/2021\/03\/71nypqvfIJL._AC_SL1500_.jpg?fit=1500%2C1500&ssl=1\",\"contentUrl\":\"https:\/\/i0.wp.com\/inti.hr\/wp-content\/uploads\/2021\/03\/71nypqvfIJL._AC_SL1500_.jpg?fit=1500%2C1500&ssl=1\",\"width\":1500,\"height\":1500},{\"@type\":\"BreadcrumbList\",\"@id\":\"https:\/\/inti.hr\/sr\/proizvod\/konzola-od-kaljenog-stakla\/#breadcrumb\",\"itemListElement\":[{\"@type\":\"ListItem\",\"position\":1,\"name\":\"Po\u010detna stranica\",\"item\":\"https:\/\/inti.hr\/sr\/\"},{\"@type\":\"ListItem\",\"position\":2,\"name\":\"Prodavnica\",\"item\":\"https:\/\/inti.hr\/sr\/prodavnica\/\"},{\"@type\":\"ListItem\",\"position\":3,\"name\":\"Konzola od kaljenog stakla\"}]},{\"@type\":\"WebSite\",\"@id\":\"https:\/\/inti.hr\/sr\/#website\",\"url\":\"https:\/\/inti.hr\/sr\/\",\"name\":\"Inti\",\"description\":\"trgovina\",\"potentialAction\":[{\"@type\":\"SearchAction\",\"target\":{\"@type\":\"EntryPoint\",\"urlTemplate\":\"https:\/\/inti.hr\/sr\/?s={search_term_string}\"},\"query-input\":{\"@type\":\"PropertyValueSpecification\",\"valueRequired\":true,\"valueName\":\"search_term_string\"}}],\"inLanguage\":\"sr-RS\"}]}<\/script>\n<!-- \/ Yoast SEO plugin. -->","yoast_head_json":{"title":"Konzola od kaljenog stakla - Inti","description":"Fascinantan minimalizam dovedite svoj dom na potpuno novu razinu s ovim modernim konzolnim stolom Metalni okvir od ru\u017ei\u010dastog zlata i povr\u0161ina od kaljenog stakla \u010dine minimalisti\u010dki i prakti\u010dan vrhunac namje\u0161taja","robots":{"index":"index","follow":"follow","max-snippet":"max-snippet:-1","max-image-preview":"max-image-preview:large","max-video-preview":"max-video-preview:-1"},"canonical":"https:\/\/inti.hr\/sr\/proizvod\/konzola-od-kaljenog-stakla\/","og_locale":"sr_RS","og_type":"article","og_title":"Konzola od kaljenog stakla - Inti","og_description":"Fascinantan minimalizam dovedite svoj dom na potpuno novu razinu s ovim modernim konzolnim stolom Metalni okvir od ru\u017ei\u010dastog zlata i povr\u0161ina od kaljenog stakla \u010dine minimalisti\u010dki i prakti\u010dan vrhunac namje\u0161taja","og_url":"https:\/\/inti.hr\/sr\/proizvod\/konzola-od-kaljenog-stakla\/","og_site_name":"Inti","og_image":[{"width":1500,"height":1500,"url":"https:\/\/i0.wp.com\/inti.hr\/wp-content\/uploads\/2021\/03\/71nypqvfIJL._AC_SL1500_.jpg?fit=1500%2C1500&ssl=1","type":"image\/jpeg"}],"twitter_card":"summary_large_image","schema":{"@context":"https:\/\/schema.org","@graph":[{"@type":"WebPage","@id":"https:\/\/inti.hr\/sr\/proizvod\/konzola-od-kaljenog-stakla\/","url":"https:\/\/inti.hr\/sr\/proizvod\/konzola-od-kaljenog-stakla\/","name":"Konzola od kaljenog stakla - Inti","isPartOf":{"@id":"https:\/\/inti.hr\/sr\/#website"},"primaryImageOfPage":{"@id":"https:\/\/inti.hr\/sr\/proizvod\/konzola-od-kaljenog-stakla\/#primaryimage"},"image":{"@id":"https:\/\/inti.hr\/sr\/proizvod\/konzola-od-kaljenog-stakla\/#primaryimage"},"thumbnailUrl":"https:\/\/i0.wp.com\/inti.hr\/wp-content\/uploads\/2021\/03\/71nypqvfIJL._AC_SL1500_.jpg?fit=1500%2C1500&ssl=1","datePublished":"2021-03-19T08:44:10+00:00","dateModified":"2021-03-19T08:44:10+00:00","description":"Fascinantan minimalizam dovedite svoj dom na potpuno novu razinu s ovim modernim konzolnim stolom Metalni okvir od ru\u017ei\u010dastog zlata i povr\u0161ina od kaljenog stakla \u010dine minimalisti\u010dki i prakti\u010dan vrhunac namje\u0161taja","breadcrumb":{"@id":"https:\/\/inti.hr\/sr\/proizvod\/konzola-od-kaljenog-stakla\/#breadcrumb"},"inLanguage":"sr-RS","potentialAction":[{"@type":"ReadAction","target":["https:\/\/inti.hr\/sr\/proizvod\/konzola-od-kaljenog-stakla\/"]}]},{"@type":"ImageObject","inLanguage":"sr-RS","@id":"https:\/\/inti.hr\/sr\/proizvod\/konzola-od-kaljenog-stakla\/#primaryimage","url":"https:\/\/i0.wp.com\/inti.hr\/wp-content\/uploads\/2021\/03\/71nypqvfIJL._AC_SL1500_.jpg?fit=1500%2C1500&ssl=1","contentUrl":"https:\/\/i0.wp.com\/inti.hr\/wp-content\/uploads\/2021\/03\/71nypqvfIJL._AC_SL1500_.jpg?fit=1500%2C1500&ssl=1","width":1500,"height":1500},{"@type":"BreadcrumbList","@id":"https:\/\/inti.hr\/sr\/proizvod\/konzola-od-kaljenog-stakla\/#breadcrumb","itemListElement":[{"@type":"ListItem","position":1,"name":"Po\u010detna stranica","item":"https:\/\/inti.hr\/sr\/"},{"@type":"ListItem","position":2,"name":"Prodavnica","item":"https:\/\/inti.hr\/sr\/prodavnica\/"},{"@type":"ListItem","position":3,"name":"Konzola od kaljenog stakla"}]},{"@type":"WebSite","@id":"https:\/\/inti.hr\/sr\/#website","url":"https:\/\/inti.hr\/sr\/","name":"Inti","description":"trgovina","potentialAction":[{"@type":"SearchAction","target":{"@type":"EntryPoint","urlTemplate":"https:\/\/inti.hr\/sr\/?s={search_term_string}"},"query-input":{"@type":"PropertyValueSpecification","valueRequired":true,"valueName":"search_term_string"}}],"inLanguage":"sr-RS"}]}},"jetpack_sharing_enabled":true,"jetpack-related-posts":[],"_links":{"self":[{"href":"https:\/\/inti.hr\/sr\/wp-json\/wp\/v2\/product\/38007"}],"collection":[{"href":"https:\/\/inti.hr\/sr\/wp-json\/wp\/v2\/product"}],"about":[{"href":"https:\/\/inti.hr\/sr\/wp-json\/wp\/v2\/types\/product"}],"wp:featuredmedia":[{"embeddable":true,"href":"https:\/\/inti.hr\/sr\/wp-json\/wp\/v2\/media\/38008"}],"wp:attachment":[{"href":"https:\/\/inti.hr\/sr\/wp-json\/wp\/v2\/media?parent=38007"}],"wp:term":[{"taxonomy":"product_cat","embeddable":true,"href":"https:\/\/inti.hr\/sr\/wp-json\/wp\/v2\/product_cat?post=38007"},{"taxonomy":"product_tag","embeddable":true,"href":"https:\/\/inti.hr\/sr\/wp-json\/wp\/v2\/product_tag?post=38007"}],"curies":[{"name":"wp","href":"https:\/\/api.w.org\/{rel}","templated":true}]}}