{"id":38064,"date":"2024-01-08T10:25:43","date_gmt":"2024-01-08T10:25:43","guid":{"rendered":"https:\/\/inti.hr\/product\/nocni-ormaric-za-vjesanje-s-drzacem-za-case-crni\/"},"modified":"2024-01-08T10:25:43","modified_gmt":"2024-01-08T10:25:43","slug":"nocni-ormaric-za-vjesanje-s-drzacem-za-case-crni","status":"publish","type":"product","link":"https:\/\/inti.hr\/sr\/proizvod\/nocni-ormaric-za-vjesanje-s-drzacem-za-case-crni\/","title":{"rendered":"No\u0107ni ormari\u0107 za vje\u0161anje s dr\u017ea\u010dem za \u010da\u0161e"},"content":{"rendered":"<p>Detalji proizvoda:<\/p>\n<p>Boja: prirodna be\u017e, bijela i crna<br \/>\nMaterijal: bambus, metal<br \/>\nVeli\u010dina: 27 x 37,8 x 7,9 cm (D x \u0160 x V)<br \/>\nTe\u017eina: 1,7 kg<br \/>\nMaksimalna ukupna stati\u010dka nosivost: 25 kg<\/p>\n","protected":false},"excerpt":{"rendered":"<p>Bilo da imate ograni\u010den prostor za klasi\u010dni no\u0107ni ormari\u0107 ili koristite &#8230; <\/p>\n","protected":false},"featured_media":38065,"template":"","meta":[],"product_cat":[2416],"product_tag":[2676,2677],"yoast_head":"<!-- This site is optimized with the Yoast SEO plugin v23.7 - https:\/\/yoast.com\/wordpress\/plugins\/seo\/ -->\n<title>No\u0107ni ormari\u0107 za vje\u0161anje s dr\u017ea\u010dem za \u010da\u0161e - Inti<\/title>\n<meta name=\"description\" content=\"Bilo da imate ograni\u010den prostor za klasi\u010dni no\u0107ni ormari\u0107 ili koristite krevet na kat, ova polica za krevet nudi idealno rje\u0161enje za pohranu, optimalno iskori\u0161tava prostor i prikladna je za razli\u010dite vrste kreveta. Stege police su podesive kako bi odgovarale bo\u010dnim okvirima va\u0161eg kreveta (debljina bo\u010dnih okvira kreveta \u2264 7 cm). Tako\u0111er su opremljene filcanim jastu\u010di\u0107ima koji \u0161tite va\u0161 krevet od ogrebotina. Polica 27 x 37,8 cm (D x \u0160) mo\u017ee dr\u017eati prijenosno ra\u010dunalo od 15&quot; i ima utor za mobitel s rupama za kabel. Dr\u017ea\u010d za \u010da\u0161u i kuka nude brz pristup i mogu se okrenuti prema unutra radi u\u0161tede prostora. Ovaj mini no\u0107ni ormari\u0107 izra\u0111en je od \u010dvrstog bambusa i metalnih stezaljki. Podnosi ukupno do 25 kg i nudi pouzdanu podr\u0161ku za prijenosna ra\u010dunala, mobitele i pi\u0107a. Uzdignuti rubovi \u0161tite va\u0161e predmete od pada.\u00a0\" \/>\n<meta name=\"robots\" content=\"index, follow, max-snippet:-1, max-image-preview:large, max-video-preview:-1\" \/>\n<link rel=\"canonical\" href=\"https:\/\/inti.hr\/sr\/proizvod\/nocni-ormaric-za-vjesanje-s-drzacem-za-case-crni\/\" \/>\n<meta property=\"og:locale\" content=\"sr_RS\" \/>\n<meta property=\"og:type\" content=\"article\" \/>\n<meta property=\"og:title\" content=\"No\u0107ni ormari\u0107 za vje\u0161anje s dr\u017ea\u010dem za \u010da\u0161e - Inti\" \/>\n<meta property=\"og:description\" content=\"Bilo da imate ograni\u010den prostor za klasi\u010dni no\u0107ni ormari\u0107 ili koristite krevet na kat, ova polica za krevet nudi idealno rje\u0161enje za pohranu, optimalno iskori\u0161tava prostor i prikladna je za razli\u010dite vrste kreveta. Stege police su podesive kako bi odgovarale bo\u010dnim okvirima va\u0161eg kreveta (debljina bo\u010dnih okvira kreveta \u2264 7 cm). Tako\u0111er su opremljene filcanim jastu\u010di\u0107ima koji \u0161tite va\u0161 krevet od ogrebotina. Polica 27 x 37,8 cm (D x \u0160) mo\u017ee dr\u017eati prijenosno ra\u010dunalo od 15&quot; i ima utor za mobitel s rupama za kabel. Dr\u017ea\u010d za \u010da\u0161u i kuka nude brz pristup i mogu se okrenuti prema unutra radi u\u0161tede prostora. Ovaj mini no\u0107ni ormari\u0107 izra\u0111en je od \u010dvrstog bambusa i metalnih stezaljki. Podnosi ukupno do 25 kg i nudi pouzdanu podr\u0161ku za prijenosna ra\u010dunala, mobitele i pi\u0107a. Uzdignuti rubovi \u0161tite va\u0161e predmete od pada.\u00a0\" \/>\n<meta property=\"og:url\" content=\"https:\/\/inti.hr\/sr\/proizvod\/nocni-ormaric-za-vjesanje-s-drzacem-za-case-crni\/\" \/>\n<meta property=\"og:site_name\" content=\"Inti\" \/>\n<meta property=\"og:image\" content=\"https:\/\/i0.wp.com\/inti.hr\/wp-content\/uploads\/2024\/01\/LET301W02-2.jpg?fit=800%2C1000&ssl=1\" \/>\n\t<meta property=\"og:image:width\" content=\"800\" \/>\n\t<meta property=\"og:image:height\" content=\"1000\" \/>\n\t<meta property=\"og:image:type\" content=\"image\/jpeg\" \/>\n<meta name=\"twitter:card\" content=\"summary_large_image\" \/>\n<script type=\"application\/ld+json\" class=\"yoast-schema-graph\">{\"@context\":\"https:\/\/schema.org\",\"@graph\":[{\"@type\":\"WebPage\",\"@id\":\"https:\/\/inti.hr\/sr\/proizvod\/nocni-ormaric-za-vjesanje-s-drzacem-za-case-crni\/\",\"url\":\"https:\/\/inti.hr\/sr\/proizvod\/nocni-ormaric-za-vjesanje-s-drzacem-za-case-crni\/\",\"name\":\"No\u0107ni ormari\u0107 za vje\u0161anje s dr\u017ea\u010dem za \u010da\u0161e - Inti\",\"isPartOf\":{\"@id\":\"https:\/\/inti.hr\/sr\/#website\"},\"primaryImageOfPage\":{\"@id\":\"https:\/\/inti.hr\/sr\/proizvod\/nocni-ormaric-za-vjesanje-s-drzacem-za-case-crni\/#primaryimage\"},\"image\":{\"@id\":\"https:\/\/inti.hr\/sr\/proizvod\/nocni-ormaric-za-vjesanje-s-drzacem-za-case-crni\/#primaryimage\"},\"thumbnailUrl\":\"https:\/\/i0.wp.com\/inti.hr\/wp-content\/uploads\/2024\/01\/LET301W02-2.jpg?fit=800%2C1000&ssl=1\",\"datePublished\":\"2024-01-08T10:25:43+00:00\",\"dateModified\":\"2024-01-08T10:25:43+00:00\",\"description\":\"Bilo da imate ograni\u010den prostor za klasi\u010dni no\u0107ni ormari\u0107 ili koristite krevet na kat, ova polica za krevet nudi idealno rje\u0161enje za pohranu, optimalno iskori\u0161tava prostor i prikladna je za razli\u010dite vrste kreveta. Stege police su podesive kako bi odgovarale bo\u010dnim okvirima va\u0161eg kreveta (debljina bo\u010dnih okvira kreveta \u2264 7 cm). Tako\u0111er su opremljene filcanim jastu\u010di\u0107ima koji \u0161tite va\u0161 krevet od ogrebotina. Polica 27 x 37,8 cm (D x \u0160) mo\u017ee dr\u017eati prijenosno ra\u010dunalo od 15\\\" i ima utor za mobitel s rupama za kabel. Dr\u017ea\u010d za \u010da\u0161u i kuka nude brz pristup i mogu se okrenuti prema unutra radi u\u0161tede prostora. Ovaj mini no\u0107ni ormari\u0107 izra\u0111en je od \u010dvrstog bambusa i metalnih stezaljki. Podnosi ukupno do 25 kg i nudi pouzdanu podr\u0161ku za prijenosna ra\u010dunala, mobitele i pi\u0107a. Uzdignuti rubovi \u0161tite va\u0161e predmete od pada.\u00a0\",\"breadcrumb\":{\"@id\":\"https:\/\/inti.hr\/sr\/proizvod\/nocni-ormaric-za-vjesanje-s-drzacem-za-case-crni\/#breadcrumb\"},\"inLanguage\":\"sr-RS\",\"potentialAction\":[{\"@type\":\"ReadAction\",\"target\":[\"https:\/\/inti.hr\/sr\/proizvod\/nocni-ormaric-za-vjesanje-s-drzacem-za-case-crni\/\"]}]},{\"@type\":\"ImageObject\",\"inLanguage\":\"sr-RS\",\"@id\":\"https:\/\/inti.hr\/sr\/proizvod\/nocni-ormaric-za-vjesanje-s-drzacem-za-case-crni\/#primaryimage\",\"url\":\"https:\/\/i0.wp.com\/inti.hr\/wp-content\/uploads\/2024\/01\/LET301W02-2.jpg?fit=800%2C1000&ssl=1\",\"contentUrl\":\"https:\/\/i0.wp.com\/inti.hr\/wp-content\/uploads\/2024\/01\/LET301W02-2.jpg?fit=800%2C1000&ssl=1\",\"width\":800,\"height\":1000},{\"@type\":\"BreadcrumbList\",\"@id\":\"https:\/\/inti.hr\/sr\/proizvod\/nocni-ormaric-za-vjesanje-s-drzacem-za-case-crni\/#breadcrumb\",\"itemListElement\":[{\"@type\":\"ListItem\",\"position\":1,\"name\":\"Po\u010detna stranica\",\"item\":\"https:\/\/inti.hr\/sr\/\"},{\"@type\":\"ListItem\",\"position\":2,\"name\":\"Prodavnica\",\"item\":\"https:\/\/inti.hr\/sr\/prodavnica\/\"},{\"@type\":\"ListItem\",\"position\":3,\"name\":\"No\u0107ni ormari\u0107 za vje\u0161anje s dr\u017ea\u010dem za \u010da\u0161e\"}]},{\"@type\":\"WebSite\",\"@id\":\"https:\/\/inti.hr\/sr\/#website\",\"url\":\"https:\/\/inti.hr\/sr\/\",\"name\":\"Inti\",\"description\":\"trgovina\",\"potentialAction\":[{\"@type\":\"SearchAction\",\"target\":{\"@type\":\"EntryPoint\",\"urlTemplate\":\"https:\/\/inti.hr\/sr\/?s={search_term_string}\"},\"query-input\":{\"@type\":\"PropertyValueSpecification\",\"valueRequired\":true,\"valueName\":\"search_term_string\"}}],\"inLanguage\":\"sr-RS\"}]}<\/script>\n<!-- \/ Yoast SEO plugin. -->","yoast_head_json":{"title":"No\u0107ni ormari\u0107 za vje\u0161anje s dr\u017ea\u010dem za \u010da\u0161e - Inti","description":"Bilo da imate ograni\u010den prostor za klasi\u010dni no\u0107ni ormari\u0107 ili koristite krevet na kat, ova polica za krevet nudi idealno rje\u0161enje za pohranu, optimalno iskori\u0161tava prostor i prikladna je za razli\u010dite vrste kreveta. Stege police su podesive kako bi odgovarale bo\u010dnim okvirima va\u0161eg kreveta (debljina bo\u010dnih okvira kreveta \u2264 7 cm). Tako\u0111er su opremljene filcanim jastu\u010di\u0107ima koji \u0161tite va\u0161 krevet od ogrebotina. Polica 27 x 37,8 cm (D x \u0160) mo\u017ee dr\u017eati prijenosno ra\u010dunalo od 15\" i ima utor za mobitel s rupama za kabel. Dr\u017ea\u010d za \u010da\u0161u i kuka nude brz pristup i mogu se okrenuti prema unutra radi u\u0161tede prostora. Ovaj mini no\u0107ni ormari\u0107 izra\u0111en je od \u010dvrstog bambusa i metalnih stezaljki. Podnosi ukupno do 25 kg i nudi pouzdanu podr\u0161ku za prijenosna ra\u010dunala, mobitele i pi\u0107a. Uzdignuti rubovi \u0161tite va\u0161e predmete od pada.\u00a0","robots":{"index":"index","follow":"follow","max-snippet":"max-snippet:-1","max-image-preview":"max-image-preview:large","max-video-preview":"max-video-preview:-1"},"canonical":"https:\/\/inti.hr\/sr\/proizvod\/nocni-ormaric-za-vjesanje-s-drzacem-za-case-crni\/","og_locale":"sr_RS","og_type":"article","og_title":"No\u0107ni ormari\u0107 za vje\u0161anje s dr\u017ea\u010dem za \u010da\u0161e - Inti","og_description":"Bilo da imate ograni\u010den prostor za klasi\u010dni no\u0107ni ormari\u0107 ili koristite krevet na kat, ova polica za krevet nudi idealno rje\u0161enje za pohranu, optimalno iskori\u0161tava prostor i prikladna je za razli\u010dite vrste kreveta. Stege police su podesive kako bi odgovarale bo\u010dnim okvirima va\u0161eg kreveta (debljina bo\u010dnih okvira kreveta \u2264 7 cm). Tako\u0111er su opremljene filcanim jastu\u010di\u0107ima koji \u0161tite va\u0161 krevet od ogrebotina. Polica 27 x 37,8 cm (D x \u0160) mo\u017ee dr\u017eati prijenosno ra\u010dunalo od 15\" i ima utor za mobitel s rupama za kabel. Dr\u017ea\u010d za \u010da\u0161u i kuka nude brz pristup i mogu se okrenuti prema unutra radi u\u0161tede prostora. Ovaj mini no\u0107ni ormari\u0107 izra\u0111en je od \u010dvrstog bambusa i metalnih stezaljki. Podnosi ukupno do 25 kg i nudi pouzdanu podr\u0161ku za prijenosna ra\u010dunala, mobitele i pi\u0107a. Uzdignuti rubovi \u0161tite va\u0161e predmete od pada.\u00a0","og_url":"https:\/\/inti.hr\/sr\/proizvod\/nocni-ormaric-za-vjesanje-s-drzacem-za-case-crni\/","og_site_name":"Inti","og_image":[{"width":800,"height":1000,"url":"https:\/\/i0.wp.com\/inti.hr\/wp-content\/uploads\/2024\/01\/LET301W02-2.jpg?fit=800%2C1000&ssl=1","type":"image\/jpeg"}],"twitter_card":"summary_large_image","schema":{"@context":"https:\/\/schema.org","@graph":[{"@type":"WebPage","@id":"https:\/\/inti.hr\/sr\/proizvod\/nocni-ormaric-za-vjesanje-s-drzacem-za-case-crni\/","url":"https:\/\/inti.hr\/sr\/proizvod\/nocni-ormaric-za-vjesanje-s-drzacem-za-case-crni\/","name":"No\u0107ni ormari\u0107 za vje\u0161anje s dr\u017ea\u010dem za \u010da\u0161e - Inti","isPartOf":{"@id":"https:\/\/inti.hr\/sr\/#website"},"primaryImageOfPage":{"@id":"https:\/\/inti.hr\/sr\/proizvod\/nocni-ormaric-za-vjesanje-s-drzacem-za-case-crni\/#primaryimage"},"image":{"@id":"https:\/\/inti.hr\/sr\/proizvod\/nocni-ormaric-za-vjesanje-s-drzacem-za-case-crni\/#primaryimage"},"thumbnailUrl":"https:\/\/i0.wp.com\/inti.hr\/wp-content\/uploads\/2024\/01\/LET301W02-2.jpg?fit=800%2C1000&ssl=1","datePublished":"2024-01-08T10:25:43+00:00","dateModified":"2024-01-08T10:25:43+00:00","description":"Bilo da imate ograni\u010den prostor za klasi\u010dni no\u0107ni ormari\u0107 ili koristite krevet na kat, ova polica za krevet nudi idealno rje\u0161enje za pohranu, optimalno iskori\u0161tava prostor i prikladna je za razli\u010dite vrste kreveta. Stege police su podesive kako bi odgovarale bo\u010dnim okvirima va\u0161eg kreveta (debljina bo\u010dnih okvira kreveta \u2264 7 cm). Tako\u0111er su opremljene filcanim jastu\u010di\u0107ima koji \u0161tite va\u0161 krevet od ogrebotina. Polica 27 x 37,8 cm (D x \u0160) mo\u017ee dr\u017eati prijenosno ra\u010dunalo od 15\" i ima utor za mobitel s rupama za kabel. Dr\u017ea\u010d za \u010da\u0161u i kuka nude brz pristup i mogu se okrenuti prema unutra radi u\u0161tede prostora. Ovaj mini no\u0107ni ormari\u0107 izra\u0111en je od \u010dvrstog bambusa i metalnih stezaljki. Podnosi ukupno do 25 kg i nudi pouzdanu podr\u0161ku za prijenosna ra\u010dunala, mobitele i pi\u0107a. Uzdignuti rubovi \u0161tite va\u0161e predmete od pada.\u00a0","breadcrumb":{"@id":"https:\/\/inti.hr\/sr\/proizvod\/nocni-ormaric-za-vjesanje-s-drzacem-za-case-crni\/#breadcrumb"},"inLanguage":"sr-RS","potentialAction":[{"@type":"ReadAction","target":["https:\/\/inti.hr\/sr\/proizvod\/nocni-ormaric-za-vjesanje-s-drzacem-za-case-crni\/"]}]},{"@type":"ImageObject","inLanguage":"sr-RS","@id":"https:\/\/inti.hr\/sr\/proizvod\/nocni-ormaric-za-vjesanje-s-drzacem-za-case-crni\/#primaryimage","url":"https:\/\/i0.wp.com\/inti.hr\/wp-content\/uploads\/2024\/01\/LET301W02-2.jpg?fit=800%2C1000&ssl=1","contentUrl":"https:\/\/i0.wp.com\/inti.hr\/wp-content\/uploads\/2024\/01\/LET301W02-2.jpg?fit=800%2C1000&ssl=1","width":800,"height":1000},{"@type":"BreadcrumbList","@id":"https:\/\/inti.hr\/sr\/proizvod\/nocni-ormaric-za-vjesanje-s-drzacem-za-case-crni\/#breadcrumb","itemListElement":[{"@type":"ListItem","position":1,"name":"Po\u010detna stranica","item":"https:\/\/inti.hr\/sr\/"},{"@type":"ListItem","position":2,"name":"Prodavnica","item":"https:\/\/inti.hr\/sr\/prodavnica\/"},{"@type":"ListItem","position":3,"name":"No\u0107ni ormari\u0107 za vje\u0161anje s dr\u017ea\u010dem za \u010da\u0161e"}]},{"@type":"WebSite","@id":"https:\/\/inti.hr\/sr\/#website","url":"https:\/\/inti.hr\/sr\/","name":"Inti","description":"trgovina","potentialAction":[{"@type":"SearchAction","target":{"@type":"EntryPoint","urlTemplate":"https:\/\/inti.hr\/sr\/?s={search_term_string}"},"query-input":{"@type":"PropertyValueSpecification","valueRequired":true,"valueName":"search_term_string"}}],"inLanguage":"sr-RS"}]}},"jetpack_sharing_enabled":true,"jetpack-related-posts":[],"_links":{"self":[{"href":"https:\/\/inti.hr\/sr\/wp-json\/wp\/v2\/product\/38064"}],"collection":[{"href":"https:\/\/inti.hr\/sr\/wp-json\/wp\/v2\/product"}],"about":[{"href":"https:\/\/inti.hr\/sr\/wp-json\/wp\/v2\/types\/product"}],"wp:featuredmedia":[{"embeddable":true,"href":"https:\/\/inti.hr\/sr\/wp-json\/wp\/v2\/media\/38065"}],"wp:attachment":[{"href":"https:\/\/inti.hr\/sr\/wp-json\/wp\/v2\/media?parent=38064"}],"wp:term":[{"taxonomy":"product_cat","embeddable":true,"href":"https:\/\/inti.hr\/sr\/wp-json\/wp\/v2\/product_cat?post=38064"},{"taxonomy":"product_tag","embeddable":true,"href":"https:\/\/inti.hr\/sr\/wp-json\/wp\/v2\/product_tag?post=38064"}],"curies":[{"name":"wp","href":"https:\/\/api.w.org\/{rel}","templated":true}]}}