{"id":38087,"date":"2023-12-27T07:41:15","date_gmt":"2023-12-27T07:41:15","guid":{"rendered":"https:\/\/inti.hr\/product\/zidno-ogledalo-s-prostorom-za-pohranu\/"},"modified":"2023-12-27T07:41:15","modified_gmt":"2023-12-27T07:41:15","slug":"zidno-ogledalo-s-prostorom-za-pohranu","status":"publish","type":"product","link":"https:\/\/inti.hr\/sr\/proizvod\/zidno-ogledalo-s-prostorom-za-pohranu\/","title":{"rendered":"Zidno ogledalo s prostorom za pohranu"},"content":{"rendered":"<p>Detalji proizvoda:<\/p>\n<p>Boja: oblak bijela<br \/>\nMaterijal: staklo, MDF (vlaknasta plo\u010da srednje gusto\u0107e)<br \/>\nVeli\u010dina: 108 x 60 x 17,5 cm (D x \u0160 x D)<br \/>\nTe\u017eina: 8,8 kg<br \/>\nMaksimalna stati\u010dka nosivost po polici: 2,5 kg<\/p>\n","protected":false},"excerpt":{"rendered":"<p>U\u017eivajte u privla\u010dnosti ovog zidnog ogledala bez okvira s bijelom iveralom. &#8230; <\/p>\n","protected":false},"featured_media":38088,"template":"","meta":[],"product_cat":[2396],"product_tag":[2522,3211],"yoast_head":"<!-- This site is optimized with the Yoast SEO plugin v23.7 - https:\/\/yoast.com\/wordpress\/plugins\/seo\/ -->\n<title>Zidno ogledalo s prostorom za pohranu - Inti<\/title>\n<meta name=\"description\" content=\"U\u017eivajte u privla\u010dnosti ovog zidnog ogledala bez okvira s bijelom iveralom. Njegov jednostavan i moderan dizajn besprijekorno se uklapa u va\u0161 interijer i stoga je savr\u0161en dodatak va\u0161em \u017eivotnom ambijentu. Izra\u0111eno od pravog stakla, vise\u0107e ogledalo ima refleksiju do 90% za kristalno \u010distu i realisti\u010dnu sliku. Ako \u017eelite provjeriti svoju odje\u0107u ili izgled, ovo veliko ogledalo je savr\u0161eno rje\u0161enje! Zahvaljuju\u0107i foliji otpornoj na udarce, zrcalo je izuzetno otporno na udarce.\u00a0Jednostavno montirajte policu, a zatim mo\u017eete pri\u010dvrstiti ovo ogledalo s policom na zid i u\u017eivati \u200b\u200bu njegovom \u0161armu u trenu. Objesite klju\u010deve, \u0161e\u0161ire ili povodac za ku\u0107nog ljubimca na 3 kuke, stavite \u010da\u0161e ili biljke na pladanj s povi\u0161enim rubom i pohranite satove ili koeficijente u ladicu. Ostanite organizirani uz ovo ogledalo. Bilo da \u017eelite pobolj\u0161ati stil svoje spava\u0107e sobe, dodati eleganciju va\u0161em ulazu ili u\u010diniti da va\u0161 hodnik izgleda ve\u0107i, ovo ogledalo \u0107e se besprijekorno uklopiti i dodati jedinstveni \u0161arm va\u0161oj sobi.\u00a0\" \/>\n<meta name=\"robots\" content=\"index, follow, max-snippet:-1, max-image-preview:large, max-video-preview:-1\" \/>\n<link rel=\"canonical\" href=\"https:\/\/inti.hr\/sr\/proizvod\/zidno-ogledalo-s-prostorom-za-pohranu\/\" \/>\n<meta property=\"og:locale\" content=\"sr_RS\" \/>\n<meta property=\"og:type\" content=\"article\" \/>\n<meta property=\"og:title\" content=\"Zidno ogledalo s prostorom za pohranu - Inti\" \/>\n<meta property=\"og:description\" content=\"U\u017eivajte u privla\u010dnosti ovog zidnog ogledala bez okvira s bijelom iveralom. Njegov jednostavan i moderan dizajn besprijekorno se uklapa u va\u0161 interijer i stoga je savr\u0161en dodatak va\u0161em \u017eivotnom ambijentu. Izra\u0111eno od pravog stakla, vise\u0107e ogledalo ima refleksiju do 90% za kristalno \u010distu i realisti\u010dnu sliku. Ako \u017eelite provjeriti svoju odje\u0107u ili izgled, ovo veliko ogledalo je savr\u0161eno rje\u0161enje! Zahvaljuju\u0107i foliji otpornoj na udarce, zrcalo je izuzetno otporno na udarce.\u00a0Jednostavno montirajte policu, a zatim mo\u017eete pri\u010dvrstiti ovo ogledalo s policom na zid i u\u017eivati \u200b\u200bu njegovom \u0161armu u trenu. Objesite klju\u010deve, \u0161e\u0161ire ili povodac za ku\u0107nog ljubimca na 3 kuke, stavite \u010da\u0161e ili biljke na pladanj s povi\u0161enim rubom i pohranite satove ili koeficijente u ladicu. Ostanite organizirani uz ovo ogledalo. Bilo da \u017eelite pobolj\u0161ati stil svoje spava\u0107e sobe, dodati eleganciju va\u0161em ulazu ili u\u010diniti da va\u0161 hodnik izgleda ve\u0107i, ovo ogledalo \u0107e se besprijekorno uklopiti i dodati jedinstveni \u0161arm va\u0161oj sobi.\u00a0\" \/>\n<meta property=\"og:url\" content=\"https:\/\/inti.hr\/sr\/proizvod\/zidno-ogledalo-s-prostorom-za-pohranu\/\" \/>\n<meta property=\"og:site_name\" content=\"Inti\" \/>\n<meta property=\"og:image\" content=\"https:\/\/i0.wp.com\/inti.hr\/wp-content\/uploads\/2023\/12\/LFM012W01-1.jpg?fit=1000%2C1000&ssl=1\" \/>\n\t<meta property=\"og:image:width\" content=\"1000\" \/>\n\t<meta property=\"og:image:height\" content=\"1000\" \/>\n\t<meta property=\"og:image:type\" content=\"image\/jpeg\" \/>\n<meta name=\"twitter:card\" content=\"summary_large_image\" \/>\n<script type=\"application\/ld+json\" class=\"yoast-schema-graph\">{\"@context\":\"https:\/\/schema.org\",\"@graph\":[{\"@type\":\"WebPage\",\"@id\":\"https:\/\/inti.hr\/sr\/proizvod\/zidno-ogledalo-s-prostorom-za-pohranu\/\",\"url\":\"https:\/\/inti.hr\/sr\/proizvod\/zidno-ogledalo-s-prostorom-za-pohranu\/\",\"name\":\"Zidno ogledalo s prostorom za pohranu - Inti\",\"isPartOf\":{\"@id\":\"https:\/\/inti.hr\/sr\/#website\"},\"primaryImageOfPage\":{\"@id\":\"https:\/\/inti.hr\/sr\/proizvod\/zidno-ogledalo-s-prostorom-za-pohranu\/#primaryimage\"},\"image\":{\"@id\":\"https:\/\/inti.hr\/sr\/proizvod\/zidno-ogledalo-s-prostorom-za-pohranu\/#primaryimage\"},\"thumbnailUrl\":\"https:\/\/i0.wp.com\/inti.hr\/wp-content\/uploads\/2023\/12\/LFM012W01-1.jpg?fit=1000%2C1000&ssl=1\",\"datePublished\":\"2023-12-27T07:41:15+00:00\",\"dateModified\":\"2023-12-27T07:41:15+00:00\",\"description\":\"U\u017eivajte u privla\u010dnosti ovog zidnog ogledala bez okvira s bijelom iveralom. Njegov jednostavan i moderan dizajn besprijekorno se uklapa u va\u0161 interijer i stoga je savr\u0161en dodatak va\u0161em \u017eivotnom ambijentu. Izra\u0111eno od pravog stakla, vise\u0107e ogledalo ima refleksiju do 90% za kristalno \u010distu i realisti\u010dnu sliku. Ako \u017eelite provjeriti svoju odje\u0107u ili izgled, ovo veliko ogledalo je savr\u0161eno rje\u0161enje! Zahvaljuju\u0107i foliji otpornoj na udarce, zrcalo je izuzetno otporno na udarce.\u00a0Jednostavno montirajte policu, a zatim mo\u017eete pri\u010dvrstiti ovo ogledalo s policom na zid i u\u017eivati \u200b\u200bu njegovom \u0161armu u trenu. Objesite klju\u010deve, \u0161e\u0161ire ili povodac za ku\u0107nog ljubimca na 3 kuke, stavite \u010da\u0161e ili biljke na pladanj s povi\u0161enim rubom i pohranite satove ili koeficijente u ladicu. Ostanite organizirani uz ovo ogledalo. Bilo da \u017eelite pobolj\u0161ati stil svoje spava\u0107e sobe, dodati eleganciju va\u0161em ulazu ili u\u010diniti da va\u0161 hodnik izgleda ve\u0107i, ovo ogledalo \u0107e se besprijekorno uklopiti i dodati jedinstveni \u0161arm va\u0161oj sobi.\u00a0\",\"breadcrumb\":{\"@id\":\"https:\/\/inti.hr\/sr\/proizvod\/zidno-ogledalo-s-prostorom-za-pohranu\/#breadcrumb\"},\"inLanguage\":\"sr-RS\",\"potentialAction\":[{\"@type\":\"ReadAction\",\"target\":[\"https:\/\/inti.hr\/sr\/proizvod\/zidno-ogledalo-s-prostorom-za-pohranu\/\"]}]},{\"@type\":\"ImageObject\",\"inLanguage\":\"sr-RS\",\"@id\":\"https:\/\/inti.hr\/sr\/proizvod\/zidno-ogledalo-s-prostorom-za-pohranu\/#primaryimage\",\"url\":\"https:\/\/i0.wp.com\/inti.hr\/wp-content\/uploads\/2023\/12\/LFM012W01-1.jpg?fit=1000%2C1000&ssl=1\",\"contentUrl\":\"https:\/\/i0.wp.com\/inti.hr\/wp-content\/uploads\/2023\/12\/LFM012W01-1.jpg?fit=1000%2C1000&ssl=1\",\"width\":1000,\"height\":1000},{\"@type\":\"BreadcrumbList\",\"@id\":\"https:\/\/inti.hr\/sr\/proizvod\/zidno-ogledalo-s-prostorom-za-pohranu\/#breadcrumb\",\"itemListElement\":[{\"@type\":\"ListItem\",\"position\":1,\"name\":\"Po\u010detna stranica\",\"item\":\"https:\/\/inti.hr\/sr\/\"},{\"@type\":\"ListItem\",\"position\":2,\"name\":\"Prodavnica\",\"item\":\"https:\/\/inti.hr\/sr\/prodavnica\/\"},{\"@type\":\"ListItem\",\"position\":3,\"name\":\"Zidno ogledalo s prostorom za pohranu\"}]},{\"@type\":\"WebSite\",\"@id\":\"https:\/\/inti.hr\/sr\/#website\",\"url\":\"https:\/\/inti.hr\/sr\/\",\"name\":\"Inti\",\"description\":\"trgovina\",\"potentialAction\":[{\"@type\":\"SearchAction\",\"target\":{\"@type\":\"EntryPoint\",\"urlTemplate\":\"https:\/\/inti.hr\/sr\/?s={search_term_string}\"},\"query-input\":{\"@type\":\"PropertyValueSpecification\",\"valueRequired\":true,\"valueName\":\"search_term_string\"}}],\"inLanguage\":\"sr-RS\"}]}<\/script>\n<!-- \/ Yoast SEO plugin. -->","yoast_head_json":{"title":"Zidno ogledalo s prostorom za pohranu - Inti","description":"U\u017eivajte u privla\u010dnosti ovog zidnog ogledala bez okvira s bijelom iveralom. Njegov jednostavan i moderan dizajn besprijekorno se uklapa u va\u0161 interijer i stoga je savr\u0161en dodatak va\u0161em \u017eivotnom ambijentu. Izra\u0111eno od pravog stakla, vise\u0107e ogledalo ima refleksiju do 90% za kristalno \u010distu i realisti\u010dnu sliku. Ako \u017eelite provjeriti svoju odje\u0107u ili izgled, ovo veliko ogledalo je savr\u0161eno rje\u0161enje! Zahvaljuju\u0107i foliji otpornoj na udarce, zrcalo je izuzetno otporno na udarce.\u00a0Jednostavno montirajte policu, a zatim mo\u017eete pri\u010dvrstiti ovo ogledalo s policom na zid i u\u017eivati \u200b\u200bu njegovom \u0161armu u trenu. Objesite klju\u010deve, \u0161e\u0161ire ili povodac za ku\u0107nog ljubimca na 3 kuke, stavite \u010da\u0161e ili biljke na pladanj s povi\u0161enim rubom i pohranite satove ili koeficijente u ladicu. Ostanite organizirani uz ovo ogledalo. Bilo da \u017eelite pobolj\u0161ati stil svoje spava\u0107e sobe, dodati eleganciju va\u0161em ulazu ili u\u010diniti da va\u0161 hodnik izgleda ve\u0107i, ovo ogledalo \u0107e se besprijekorno uklopiti i dodati jedinstveni \u0161arm va\u0161oj sobi.\u00a0","robots":{"index":"index","follow":"follow","max-snippet":"max-snippet:-1","max-image-preview":"max-image-preview:large","max-video-preview":"max-video-preview:-1"},"canonical":"https:\/\/inti.hr\/sr\/proizvod\/zidno-ogledalo-s-prostorom-za-pohranu\/","og_locale":"sr_RS","og_type":"article","og_title":"Zidno ogledalo s prostorom za pohranu - Inti","og_description":"U\u017eivajte u privla\u010dnosti ovog zidnog ogledala bez okvira s bijelom iveralom. Njegov jednostavan i moderan dizajn besprijekorno se uklapa u va\u0161 interijer i stoga je savr\u0161en dodatak va\u0161em \u017eivotnom ambijentu. Izra\u0111eno od pravog stakla, vise\u0107e ogledalo ima refleksiju do 90% za kristalno \u010distu i realisti\u010dnu sliku. Ako \u017eelite provjeriti svoju odje\u0107u ili izgled, ovo veliko ogledalo je savr\u0161eno rje\u0161enje! Zahvaljuju\u0107i foliji otpornoj na udarce, zrcalo je izuzetno otporno na udarce.\u00a0Jednostavno montirajte policu, a zatim mo\u017eete pri\u010dvrstiti ovo ogledalo s policom na zid i u\u017eivati \u200b\u200bu njegovom \u0161armu u trenu. Objesite klju\u010deve, \u0161e\u0161ire ili povodac za ku\u0107nog ljubimca na 3 kuke, stavite \u010da\u0161e ili biljke na pladanj s povi\u0161enim rubom i pohranite satove ili koeficijente u ladicu. Ostanite organizirani uz ovo ogledalo. Bilo da \u017eelite pobolj\u0161ati stil svoje spava\u0107e sobe, dodati eleganciju va\u0161em ulazu ili u\u010diniti da va\u0161 hodnik izgleda ve\u0107i, ovo ogledalo \u0107e se besprijekorno uklopiti i dodati jedinstveni \u0161arm va\u0161oj sobi.\u00a0","og_url":"https:\/\/inti.hr\/sr\/proizvod\/zidno-ogledalo-s-prostorom-za-pohranu\/","og_site_name":"Inti","og_image":[{"width":1000,"height":1000,"url":"https:\/\/i0.wp.com\/inti.hr\/wp-content\/uploads\/2023\/12\/LFM012W01-1.jpg?fit=1000%2C1000&ssl=1","type":"image\/jpeg"}],"twitter_card":"summary_large_image","schema":{"@context":"https:\/\/schema.org","@graph":[{"@type":"WebPage","@id":"https:\/\/inti.hr\/sr\/proizvod\/zidno-ogledalo-s-prostorom-za-pohranu\/","url":"https:\/\/inti.hr\/sr\/proizvod\/zidno-ogledalo-s-prostorom-za-pohranu\/","name":"Zidno ogledalo s prostorom za pohranu - Inti","isPartOf":{"@id":"https:\/\/inti.hr\/sr\/#website"},"primaryImageOfPage":{"@id":"https:\/\/inti.hr\/sr\/proizvod\/zidno-ogledalo-s-prostorom-za-pohranu\/#primaryimage"},"image":{"@id":"https:\/\/inti.hr\/sr\/proizvod\/zidno-ogledalo-s-prostorom-za-pohranu\/#primaryimage"},"thumbnailUrl":"https:\/\/i0.wp.com\/inti.hr\/wp-content\/uploads\/2023\/12\/LFM012W01-1.jpg?fit=1000%2C1000&ssl=1","datePublished":"2023-12-27T07:41:15+00:00","dateModified":"2023-12-27T07:41:15+00:00","description":"U\u017eivajte u privla\u010dnosti ovog zidnog ogledala bez okvira s bijelom iveralom. Njegov jednostavan i moderan dizajn besprijekorno se uklapa u va\u0161 interijer i stoga je savr\u0161en dodatak va\u0161em \u017eivotnom ambijentu. Izra\u0111eno od pravog stakla, vise\u0107e ogledalo ima refleksiju do 90% za kristalno \u010distu i realisti\u010dnu sliku. Ako \u017eelite provjeriti svoju odje\u0107u ili izgled, ovo veliko ogledalo je savr\u0161eno rje\u0161enje! Zahvaljuju\u0107i foliji otpornoj na udarce, zrcalo je izuzetno otporno na udarce.\u00a0Jednostavno montirajte policu, a zatim mo\u017eete pri\u010dvrstiti ovo ogledalo s policom na zid i u\u017eivati \u200b\u200bu njegovom \u0161armu u trenu. Objesite klju\u010deve, \u0161e\u0161ire ili povodac za ku\u0107nog ljubimca na 3 kuke, stavite \u010da\u0161e ili biljke na pladanj s povi\u0161enim rubom i pohranite satove ili koeficijente u ladicu. Ostanite organizirani uz ovo ogledalo. Bilo da \u017eelite pobolj\u0161ati stil svoje spava\u0107e sobe, dodati eleganciju va\u0161em ulazu ili u\u010diniti da va\u0161 hodnik izgleda ve\u0107i, ovo ogledalo \u0107e se besprijekorno uklopiti i dodati jedinstveni \u0161arm va\u0161oj sobi.\u00a0","breadcrumb":{"@id":"https:\/\/inti.hr\/sr\/proizvod\/zidno-ogledalo-s-prostorom-za-pohranu\/#breadcrumb"},"inLanguage":"sr-RS","potentialAction":[{"@type":"ReadAction","target":["https:\/\/inti.hr\/sr\/proizvod\/zidno-ogledalo-s-prostorom-za-pohranu\/"]}]},{"@type":"ImageObject","inLanguage":"sr-RS","@id":"https:\/\/inti.hr\/sr\/proizvod\/zidno-ogledalo-s-prostorom-za-pohranu\/#primaryimage","url":"https:\/\/i0.wp.com\/inti.hr\/wp-content\/uploads\/2023\/12\/LFM012W01-1.jpg?fit=1000%2C1000&ssl=1","contentUrl":"https:\/\/i0.wp.com\/inti.hr\/wp-content\/uploads\/2023\/12\/LFM012W01-1.jpg?fit=1000%2C1000&ssl=1","width":1000,"height":1000},{"@type":"BreadcrumbList","@id":"https:\/\/inti.hr\/sr\/proizvod\/zidno-ogledalo-s-prostorom-za-pohranu\/#breadcrumb","itemListElement":[{"@type":"ListItem","position":1,"name":"Po\u010detna stranica","item":"https:\/\/inti.hr\/sr\/"},{"@type":"ListItem","position":2,"name":"Prodavnica","item":"https:\/\/inti.hr\/sr\/prodavnica\/"},{"@type":"ListItem","position":3,"name":"Zidno ogledalo s prostorom za pohranu"}]},{"@type":"WebSite","@id":"https:\/\/inti.hr\/sr\/#website","url":"https:\/\/inti.hr\/sr\/","name":"Inti","description":"trgovina","potentialAction":[{"@type":"SearchAction","target":{"@type":"EntryPoint","urlTemplate":"https:\/\/inti.hr\/sr\/?s={search_term_string}"},"query-input":{"@type":"PropertyValueSpecification","valueRequired":true,"valueName":"search_term_string"}}],"inLanguage":"sr-RS"}]}},"jetpack_sharing_enabled":true,"jetpack-related-posts":[],"_links":{"self":[{"href":"https:\/\/inti.hr\/sr\/wp-json\/wp\/v2\/product\/38087"}],"collection":[{"href":"https:\/\/inti.hr\/sr\/wp-json\/wp\/v2\/product"}],"about":[{"href":"https:\/\/inti.hr\/sr\/wp-json\/wp\/v2\/types\/product"}],"wp:featuredmedia":[{"embeddable":true,"href":"https:\/\/inti.hr\/sr\/wp-json\/wp\/v2\/media\/38088"}],"wp:attachment":[{"href":"https:\/\/inti.hr\/sr\/wp-json\/wp\/v2\/media?parent=38087"}],"wp:term":[{"taxonomy":"product_cat","embeddable":true,"href":"https:\/\/inti.hr\/sr\/wp-json\/wp\/v2\/product_cat?post=38087"},{"taxonomy":"product_tag","embeddable":true,"href":"https:\/\/inti.hr\/sr\/wp-json\/wp\/v2\/product_tag?post=38087"}],"curies":[{"name":"wp","href":"https:\/\/api.w.org\/{rel}","templated":true}]}}