{"id":38105,"date":"2023-12-07T07:20:23","date_gmt":"2023-12-07T07:20:23","guid":{"rendered":"https:\/\/inti.hr\/product\/polica-za-knjige-12-x-33-x-72\/"},"modified":"2023-12-07T07:20:23","modified_gmt":"2023-12-07T07:20:23","slug":"polica-za-knjige-12-x-33-x-72","status":"publish","type":"product","link":"https:\/\/inti.hr\/sr\/proizvod\/polica-za-knjige-12-x-33-x-72\/","title":{"rendered":"Zlatna polica za knjige"},"content":{"rendered":"<p>Detalji proizvoda:<\/p>\n<p>Boja: prozirna u boji zlata, crna<br \/>\nMaterijal: kaljeno staklo, \u010delik<br \/>\nVeli\u010dina: 30,2 x 83 x 183,5 cm (D x \u0160 x V)<br \/>\nTe\u017eina: 21,9 kg<br \/>\nMaksimalna stati\u010dka nosivost po razini: 10 kg<\/p>\n","protected":false},"excerpt":{"rendered":"<p>Va\u0161e vrijedne zbirke zaslu\u017euju policu za pohranu dostojnu njih.\u00a0Kao ova polica, &#8230; <\/p>\n","protected":false},"featured_media":38106,"template":"","meta":[],"product_cat":[2573,2421],"product_tag":[2448,2600,2750],"yoast_head":"<!-- This site is optimized with the Yoast SEO plugin v23.7 - https:\/\/yoast.com\/wordpress\/plugins\/seo\/ -->\n<title>Zlatna polica za knjige - Inti<\/title>\n<meta name=\"description\" content=\"Va\u0161e vrijedne zbirke zaslu\u017euju policu za pohranu dostojnu njih.\u00a0Kao ova polica, koja isti\u010de sve \u0161to cijenite svojim \u0161ik lukovima i prozirnim staklenim policama sa zlatnim \u010deli\u010dnim okvirom. Police od kaljenog stakla debljine 5 mm s protukliznim jastu\u010di\u0107ima mogu izdr\u017eati do 10 kg; podesive no\u017eice dr\u017ee postolje u ravnote\u017ei; za\u0161tita vrha osigurava ve\u0107u stabilnost. Police od kaljenog stakla debljine 5 mm s protukliznim jastu\u010di\u0107ima mogu izdr\u017eati do 10 kg; podesive no\u017eice dr\u017ee postolje u ravnote\u017ei; za\u0161tita vrha osigurava ve\u0107u stabilnost. Ova samostoje\u0107a polica 12&quot; x 33&quot; x 72&quot; ima 5 velikih odjeljaka s razmakom od 12,5&quot; izme\u0111u svake razine i nudi obilje prostora za ukrasne predmete, knjige, okvire za slike, vaze i jo\u0161 mnogo toga. Polica je prikladna za ure\u0111enje dnevnog boravka, dokumenata u radnoj sobi, knjiga u spava\u0107oj sobi, posuda u kuhinji te, zahvaljuju\u0107i vodootpornom staklu i metalu premazanom prahom otpornom na hr\u0111u, tako\u0111er i za kupaonske predmete.\u00a0\" \/>\n<meta name=\"robots\" content=\"index, follow, max-snippet:-1, max-image-preview:large, max-video-preview:-1\" \/>\n<link rel=\"canonical\" href=\"https:\/\/inti.hr\/sr\/proizvod\/polica-za-knjige-12-x-33-x-72\/\" \/>\n<meta property=\"og:locale\" content=\"sr_RS\" \/>\n<meta property=\"og:type\" content=\"article\" \/>\n<meta property=\"og:title\" content=\"Zlatna polica za knjige - Inti\" \/>\n<meta property=\"og:description\" content=\"Va\u0161e vrijedne zbirke zaslu\u017euju policu za pohranu dostojnu njih.\u00a0Kao ova polica, koja isti\u010de sve \u0161to cijenite svojim \u0161ik lukovima i prozirnim staklenim policama sa zlatnim \u010deli\u010dnim okvirom. Police od kaljenog stakla debljine 5 mm s protukliznim jastu\u010di\u0107ima mogu izdr\u017eati do 10 kg; podesive no\u017eice dr\u017ee postolje u ravnote\u017ei; za\u0161tita vrha osigurava ve\u0107u stabilnost. Police od kaljenog stakla debljine 5 mm s protukliznim jastu\u010di\u0107ima mogu izdr\u017eati do 10 kg; podesive no\u017eice dr\u017ee postolje u ravnote\u017ei; za\u0161tita vrha osigurava ve\u0107u stabilnost. Ova samostoje\u0107a polica 12&quot; x 33&quot; x 72&quot; ima 5 velikih odjeljaka s razmakom od 12,5&quot; izme\u0111u svake razine i nudi obilje prostora za ukrasne predmete, knjige, okvire za slike, vaze i jo\u0161 mnogo toga. Polica je prikladna za ure\u0111enje dnevnog boravka, dokumenata u radnoj sobi, knjiga u spava\u0107oj sobi, posuda u kuhinji te, zahvaljuju\u0107i vodootpornom staklu i metalu premazanom prahom otpornom na hr\u0111u, tako\u0111er i za kupaonske predmete.\u00a0\" \/>\n<meta property=\"og:url\" content=\"https:\/\/inti.hr\/sr\/proizvod\/polica-za-knjige-12-x-33-x-72\/\" \/>\n<meta property=\"og:site_name\" content=\"Inti\" \/>\n<meta property=\"og:image\" content=\"https:\/\/i0.wp.com\/inti.hr\/wp-content\/uploads\/2023\/12\/LGT501A01-3.jpg?fit=800%2C1000&ssl=1\" \/>\n\t<meta property=\"og:image:width\" content=\"800\" \/>\n\t<meta property=\"og:image:height\" content=\"1000\" \/>\n\t<meta property=\"og:image:type\" content=\"image\/jpeg\" \/>\n<meta name=\"twitter:card\" content=\"summary_large_image\" \/>\n<script type=\"application\/ld+json\" class=\"yoast-schema-graph\">{\"@context\":\"https:\/\/schema.org\",\"@graph\":[{\"@type\":\"WebPage\",\"@id\":\"https:\/\/inti.hr\/sr\/proizvod\/polica-za-knjige-12-x-33-x-72\/\",\"url\":\"https:\/\/inti.hr\/sr\/proizvod\/polica-za-knjige-12-x-33-x-72\/\",\"name\":\"Zlatna polica za knjige - Inti\",\"isPartOf\":{\"@id\":\"https:\/\/inti.hr\/sr\/#website\"},\"primaryImageOfPage\":{\"@id\":\"https:\/\/inti.hr\/sr\/proizvod\/polica-za-knjige-12-x-33-x-72\/#primaryimage\"},\"image\":{\"@id\":\"https:\/\/inti.hr\/sr\/proizvod\/polica-za-knjige-12-x-33-x-72\/#primaryimage\"},\"thumbnailUrl\":\"https:\/\/i0.wp.com\/inti.hr\/wp-content\/uploads\/2023\/12\/LGT501A01-3.jpg?fit=800%2C1000&ssl=1\",\"datePublished\":\"2023-12-07T07:20:23+00:00\",\"dateModified\":\"2023-12-07T07:20:23+00:00\",\"description\":\"Va\u0161e vrijedne zbirke zaslu\u017euju policu za pohranu dostojnu njih.\u00a0Kao ova polica, koja isti\u010de sve \u0161to cijenite svojim \u0161ik lukovima i prozirnim staklenim policama sa zlatnim \u010deli\u010dnim okvirom. Police od kaljenog stakla debljine 5 mm s protukliznim jastu\u010di\u0107ima mogu izdr\u017eati do 10 kg; podesive no\u017eice dr\u017ee postolje u ravnote\u017ei; za\u0161tita vrha osigurava ve\u0107u stabilnost. Police od kaljenog stakla debljine 5 mm s protukliznim jastu\u010di\u0107ima mogu izdr\u017eati do 10 kg; podesive no\u017eice dr\u017ee postolje u ravnote\u017ei; za\u0161tita vrha osigurava ve\u0107u stabilnost. Ova samostoje\u0107a polica 12\\\" x 33\\\" x 72\\\" ima 5 velikih odjeljaka s razmakom od 12,5\\\" izme\u0111u svake razine i nudi obilje prostora za ukrasne predmete, knjige, okvire za slike, vaze i jo\u0161 mnogo toga. Polica je prikladna za ure\u0111enje dnevnog boravka, dokumenata u radnoj sobi, knjiga u spava\u0107oj sobi, posuda u kuhinji te, zahvaljuju\u0107i vodootpornom staklu i metalu premazanom prahom otpornom na hr\u0111u, tako\u0111er i za kupaonske predmete.\u00a0\",\"breadcrumb\":{\"@id\":\"https:\/\/inti.hr\/sr\/proizvod\/polica-za-knjige-12-x-33-x-72\/#breadcrumb\"},\"inLanguage\":\"sr-RS\",\"potentialAction\":[{\"@type\":\"ReadAction\",\"target\":[\"https:\/\/inti.hr\/sr\/proizvod\/polica-za-knjige-12-x-33-x-72\/\"]}]},{\"@type\":\"ImageObject\",\"inLanguage\":\"sr-RS\",\"@id\":\"https:\/\/inti.hr\/sr\/proizvod\/polica-za-knjige-12-x-33-x-72\/#primaryimage\",\"url\":\"https:\/\/i0.wp.com\/inti.hr\/wp-content\/uploads\/2023\/12\/LGT501A01-3.jpg?fit=800%2C1000&ssl=1\",\"contentUrl\":\"https:\/\/i0.wp.com\/inti.hr\/wp-content\/uploads\/2023\/12\/LGT501A01-3.jpg?fit=800%2C1000&ssl=1\",\"width\":800,\"height\":1000},{\"@type\":\"BreadcrumbList\",\"@id\":\"https:\/\/inti.hr\/sr\/proizvod\/polica-za-knjige-12-x-33-x-72\/#breadcrumb\",\"itemListElement\":[{\"@type\":\"ListItem\",\"position\":1,\"name\":\"Po\u010detna stranica\",\"item\":\"https:\/\/inti.hr\/sr\/\"},{\"@type\":\"ListItem\",\"position\":2,\"name\":\"Prodavnica\",\"item\":\"https:\/\/inti.hr\/sr\/prodavnica\/\"},{\"@type\":\"ListItem\",\"position\":3,\"name\":\"Zlatna polica za knjige\"}]},{\"@type\":\"WebSite\",\"@id\":\"https:\/\/inti.hr\/sr\/#website\",\"url\":\"https:\/\/inti.hr\/sr\/\",\"name\":\"Inti\",\"description\":\"trgovina\",\"potentialAction\":[{\"@type\":\"SearchAction\",\"target\":{\"@type\":\"EntryPoint\",\"urlTemplate\":\"https:\/\/inti.hr\/sr\/?s={search_term_string}\"},\"query-input\":{\"@type\":\"PropertyValueSpecification\",\"valueRequired\":true,\"valueName\":\"search_term_string\"}}],\"inLanguage\":\"sr-RS\"}]}<\/script>\n<!-- \/ Yoast SEO plugin. -->","yoast_head_json":{"title":"Zlatna polica za knjige - Inti","description":"Va\u0161e vrijedne zbirke zaslu\u017euju policu za pohranu dostojnu njih.\u00a0Kao ova polica, koja isti\u010de sve \u0161to cijenite svojim \u0161ik lukovima i prozirnim staklenim policama sa zlatnim \u010deli\u010dnim okvirom. Police od kaljenog stakla debljine 5 mm s protukliznim jastu\u010di\u0107ima mogu izdr\u017eati do 10 kg; podesive no\u017eice dr\u017ee postolje u ravnote\u017ei; za\u0161tita vrha osigurava ve\u0107u stabilnost. Police od kaljenog stakla debljine 5 mm s protukliznim jastu\u010di\u0107ima mogu izdr\u017eati do 10 kg; podesive no\u017eice dr\u017ee postolje u ravnote\u017ei; za\u0161tita vrha osigurava ve\u0107u stabilnost. Ova samostoje\u0107a polica 12\" x 33\" x 72\" ima 5 velikih odjeljaka s razmakom od 12,5\" izme\u0111u svake razine i nudi obilje prostora za ukrasne predmete, knjige, okvire za slike, vaze i jo\u0161 mnogo toga. Polica je prikladna za ure\u0111enje dnevnog boravka, dokumenata u radnoj sobi, knjiga u spava\u0107oj sobi, posuda u kuhinji te, zahvaljuju\u0107i vodootpornom staklu i metalu premazanom prahom otpornom na hr\u0111u, tako\u0111er i za kupaonske predmete.\u00a0","robots":{"index":"index","follow":"follow","max-snippet":"max-snippet:-1","max-image-preview":"max-image-preview:large","max-video-preview":"max-video-preview:-1"},"canonical":"https:\/\/inti.hr\/sr\/proizvod\/polica-za-knjige-12-x-33-x-72\/","og_locale":"sr_RS","og_type":"article","og_title":"Zlatna polica za knjige - Inti","og_description":"Va\u0161e vrijedne zbirke zaslu\u017euju policu za pohranu dostojnu njih.\u00a0Kao ova polica, koja isti\u010de sve \u0161to cijenite svojim \u0161ik lukovima i prozirnim staklenim policama sa zlatnim \u010deli\u010dnim okvirom. Police od kaljenog stakla debljine 5 mm s protukliznim jastu\u010di\u0107ima mogu izdr\u017eati do 10 kg; podesive no\u017eice dr\u017ee postolje u ravnote\u017ei; za\u0161tita vrha osigurava ve\u0107u stabilnost. Police od kaljenog stakla debljine 5 mm s protukliznim jastu\u010di\u0107ima mogu izdr\u017eati do 10 kg; podesive no\u017eice dr\u017ee postolje u ravnote\u017ei; za\u0161tita vrha osigurava ve\u0107u stabilnost. Ova samostoje\u0107a polica 12\" x 33\" x 72\" ima 5 velikih odjeljaka s razmakom od 12,5\" izme\u0111u svake razine i nudi obilje prostora za ukrasne predmete, knjige, okvire za slike, vaze i jo\u0161 mnogo toga. Polica je prikladna za ure\u0111enje dnevnog boravka, dokumenata u radnoj sobi, knjiga u spava\u0107oj sobi, posuda u kuhinji te, zahvaljuju\u0107i vodootpornom staklu i metalu premazanom prahom otpornom na hr\u0111u, tako\u0111er i za kupaonske predmete.\u00a0","og_url":"https:\/\/inti.hr\/sr\/proizvod\/polica-za-knjige-12-x-33-x-72\/","og_site_name":"Inti","og_image":[{"width":800,"height":1000,"url":"https:\/\/i0.wp.com\/inti.hr\/wp-content\/uploads\/2023\/12\/LGT501A01-3.jpg?fit=800%2C1000&ssl=1","type":"image\/jpeg"}],"twitter_card":"summary_large_image","schema":{"@context":"https:\/\/schema.org","@graph":[{"@type":"WebPage","@id":"https:\/\/inti.hr\/sr\/proizvod\/polica-za-knjige-12-x-33-x-72\/","url":"https:\/\/inti.hr\/sr\/proizvod\/polica-za-knjige-12-x-33-x-72\/","name":"Zlatna polica za knjige - Inti","isPartOf":{"@id":"https:\/\/inti.hr\/sr\/#website"},"primaryImageOfPage":{"@id":"https:\/\/inti.hr\/sr\/proizvod\/polica-za-knjige-12-x-33-x-72\/#primaryimage"},"image":{"@id":"https:\/\/inti.hr\/sr\/proizvod\/polica-za-knjige-12-x-33-x-72\/#primaryimage"},"thumbnailUrl":"https:\/\/i0.wp.com\/inti.hr\/wp-content\/uploads\/2023\/12\/LGT501A01-3.jpg?fit=800%2C1000&ssl=1","datePublished":"2023-12-07T07:20:23+00:00","dateModified":"2023-12-07T07:20:23+00:00","description":"Va\u0161e vrijedne zbirke zaslu\u017euju policu za pohranu dostojnu njih.\u00a0Kao ova polica, koja isti\u010de sve \u0161to cijenite svojim \u0161ik lukovima i prozirnim staklenim policama sa zlatnim \u010deli\u010dnim okvirom. Police od kaljenog stakla debljine 5 mm s protukliznim jastu\u010di\u0107ima mogu izdr\u017eati do 10 kg; podesive no\u017eice dr\u017ee postolje u ravnote\u017ei; za\u0161tita vrha osigurava ve\u0107u stabilnost. Police od kaljenog stakla debljine 5 mm s protukliznim jastu\u010di\u0107ima mogu izdr\u017eati do 10 kg; podesive no\u017eice dr\u017ee postolje u ravnote\u017ei; za\u0161tita vrha osigurava ve\u0107u stabilnost. Ova samostoje\u0107a polica 12\" x 33\" x 72\" ima 5 velikih odjeljaka s razmakom od 12,5\" izme\u0111u svake razine i nudi obilje prostora za ukrasne predmete, knjige, okvire za slike, vaze i jo\u0161 mnogo toga. Polica je prikladna za ure\u0111enje dnevnog boravka, dokumenata u radnoj sobi, knjiga u spava\u0107oj sobi, posuda u kuhinji te, zahvaljuju\u0107i vodootpornom staklu i metalu premazanom prahom otpornom na hr\u0111u, tako\u0111er i za kupaonske predmete.\u00a0","breadcrumb":{"@id":"https:\/\/inti.hr\/sr\/proizvod\/polica-za-knjige-12-x-33-x-72\/#breadcrumb"},"inLanguage":"sr-RS","potentialAction":[{"@type":"ReadAction","target":["https:\/\/inti.hr\/sr\/proizvod\/polica-za-knjige-12-x-33-x-72\/"]}]},{"@type":"ImageObject","inLanguage":"sr-RS","@id":"https:\/\/inti.hr\/sr\/proizvod\/polica-za-knjige-12-x-33-x-72\/#primaryimage","url":"https:\/\/i0.wp.com\/inti.hr\/wp-content\/uploads\/2023\/12\/LGT501A01-3.jpg?fit=800%2C1000&ssl=1","contentUrl":"https:\/\/i0.wp.com\/inti.hr\/wp-content\/uploads\/2023\/12\/LGT501A01-3.jpg?fit=800%2C1000&ssl=1","width":800,"height":1000},{"@type":"BreadcrumbList","@id":"https:\/\/inti.hr\/sr\/proizvod\/polica-za-knjige-12-x-33-x-72\/#breadcrumb","itemListElement":[{"@type":"ListItem","position":1,"name":"Po\u010detna stranica","item":"https:\/\/inti.hr\/sr\/"},{"@type":"ListItem","position":2,"name":"Prodavnica","item":"https:\/\/inti.hr\/sr\/prodavnica\/"},{"@type":"ListItem","position":3,"name":"Zlatna polica za knjige"}]},{"@type":"WebSite","@id":"https:\/\/inti.hr\/sr\/#website","url":"https:\/\/inti.hr\/sr\/","name":"Inti","description":"trgovina","potentialAction":[{"@type":"SearchAction","target":{"@type":"EntryPoint","urlTemplate":"https:\/\/inti.hr\/sr\/?s={search_term_string}"},"query-input":{"@type":"PropertyValueSpecification","valueRequired":true,"valueName":"search_term_string"}}],"inLanguage":"sr-RS"}]}},"jetpack_sharing_enabled":true,"jetpack-related-posts":[],"_links":{"self":[{"href":"https:\/\/inti.hr\/sr\/wp-json\/wp\/v2\/product\/38105"}],"collection":[{"href":"https:\/\/inti.hr\/sr\/wp-json\/wp\/v2\/product"}],"about":[{"href":"https:\/\/inti.hr\/sr\/wp-json\/wp\/v2\/types\/product"}],"wp:featuredmedia":[{"embeddable":true,"href":"https:\/\/inti.hr\/sr\/wp-json\/wp\/v2\/media\/38106"}],"wp:attachment":[{"href":"https:\/\/inti.hr\/sr\/wp-json\/wp\/v2\/media?parent=38105"}],"wp:term":[{"taxonomy":"product_cat","embeddable":true,"href":"https:\/\/inti.hr\/sr\/wp-json\/wp\/v2\/product_cat?post=38105"},{"taxonomy":"product_tag","embeddable":true,"href":"https:\/\/inti.hr\/sr\/wp-json\/wp\/v2\/product_tag?post=38105"}],"curies":[{"name":"wp","href":"https:\/\/api.w.org\/{rel}","templated":true}]}}