{"id":38170,"date":"2023-11-17T09:09:18","date_gmt":"2023-11-17T09:09:18","guid":{"rendered":"https:\/\/inti.hr\/product\/echo-barske-stolice-set-od-2-ugostiteljstvo-kuhinja-blagavaonica\/"},"modified":"2023-11-17T09:09:18","modified_gmt":"2023-11-17T09:09:18","slug":"echo-barske-stolice-set-od-2-ugostiteljstvo-kuhinja-blagavaonica","status":"publish","type":"product","link":"https:\/\/inti.hr\/sr\/proizvod\/echo-barske-stolice-set-od-2-ugostiteljstvo-kuhinja-blagavaonica\/","title":{"rendered":"Echo barske stolice set od 2"},"content":{"rendered":"<p>Detalji proizvoda:<\/p>\n<p>Boja: osnovna crna, karamela i zelena<br \/>\nMaterijal: \u010delik, visoko elasti\u010dna pjena, PU sinteti\u010dka ko\u017ea (poliuretan), \u0161perplo\u010da<br \/>\nVeli\u010dina po stolcu: 20&#8243; x 20&#8243; x 30&#8243; (D x \u0160 x V\uff09<br \/>\nUkupna te\u017eina: 7,6 kg<br \/>\nMaksimalna stati\u010dka nosivost po stolici: 120 kg<\/p>\n","protected":false},"excerpt":{"rendered":"<p>Na\u0161e ECHO kolekcije barskih stolica primamljiva su mje\u0161avina umjetne ko\u017ee, delikatnih &#8230; <\/p>\n","protected":false},"featured_media":38171,"template":"","meta":[],"product_cat":[2728,2539],"product_tag":[2919,2540,3361],"yoast_head":"<!-- This site is optimized with the Yoast SEO plugin v23.7 - https:\/\/yoast.com\/wordpress\/plugins\/seo\/ -->\n<title>Echo barske stolice set od 2 - Inti<\/title>\n<meta name=\"description\" content=\"Na\u0161e ECHO kolekcije barskih stolica primamljiva su mje\u0161avina umjetne ko\u017ee, delikatnih \u0161avova i elegantnih su\u017eenih nogu koje odaju po\u010dast umije\u0107u izrade i podi\u017eu va\u0161 dom na novu razinu sofisticiranosti. Ovaj set od 2 kuhinjske stolice majstorski je konstruiran i ima jedinstven dizajn s osloncima za noge na razli\u010ditim visinama koji se bez napora prilago\u0111ava velikim i malim gostima, pru\u017eaju\u0107i savr\u0161eno iskustvo sjedenja. Jeste li ikada ne\u0161to prolili? Nema problema! Na\u0161a vodootporna navlaka od umjetne ko\u017ee \u010dini \u010di\u0161\u0107enje lakim. Zajedno s nogama otpornim na ogrebotine izra\u0111enim od mat \u010delika, na\u0161i taburei trajno zadr\u017eavaju svoj visokokvalitetni \u0161arm. Prije\u0111ite rukom preko glatke navlake i utonite u 8 cm debelu, visoko elasti\u010dnu pjenu. Ove barske stolice pru\u017eaju udobno iskustvo sjedenja koje \u0107e izdr\u017eati test vremena. Sa svojim zakretnim podesivim nogama, ovi stolci osiguravaju stabilnost \u010dak i na blago neravnim podovima i \u0161tite va\u0161 pod od ogrebotina, tako da ne morate brinuti o tihim pi\u0107ima ili \u017eivahnim zabavama.\" \/>\n<meta name=\"robots\" content=\"index, follow, max-snippet:-1, max-image-preview:large, max-video-preview:-1\" \/>\n<link rel=\"canonical\" href=\"https:\/\/inti.hr\/sr\/proizvod\/echo-barske-stolice-set-od-2-ugostiteljstvo-kuhinja-blagavaonica\/\" \/>\n<meta property=\"og:locale\" content=\"sr_RS\" \/>\n<meta property=\"og:type\" content=\"article\" \/>\n<meta property=\"og:title\" content=\"Echo barske stolice set od 2 - Inti\" \/>\n<meta property=\"og:description\" content=\"Na\u0161e ECHO kolekcije barskih stolica primamljiva su mje\u0161avina umjetne ko\u017ee, delikatnih \u0161avova i elegantnih su\u017eenih nogu koje odaju po\u010dast umije\u0107u izrade i podi\u017eu va\u0161 dom na novu razinu sofisticiranosti. Ovaj set od 2 kuhinjske stolice majstorski je konstruiran i ima jedinstven dizajn s osloncima za noge na razli\u010ditim visinama koji se bez napora prilago\u0111ava velikim i malim gostima, pru\u017eaju\u0107i savr\u0161eno iskustvo sjedenja. Jeste li ikada ne\u0161to prolili? Nema problema! Na\u0161a vodootporna navlaka od umjetne ko\u017ee \u010dini \u010di\u0161\u0107enje lakim. Zajedno s nogama otpornim na ogrebotine izra\u0111enim od mat \u010delika, na\u0161i taburei trajno zadr\u017eavaju svoj visokokvalitetni \u0161arm. Prije\u0111ite rukom preko glatke navlake i utonite u 8 cm debelu, visoko elasti\u010dnu pjenu. Ove barske stolice pru\u017eaju udobno iskustvo sjedenja koje \u0107e izdr\u017eati test vremena. Sa svojim zakretnim podesivim nogama, ovi stolci osiguravaju stabilnost \u010dak i na blago neravnim podovima i \u0161tite va\u0161 pod od ogrebotina, tako da ne morate brinuti o tihim pi\u0107ima ili \u017eivahnim zabavama.\" \/>\n<meta property=\"og:url\" content=\"https:\/\/inti.hr\/sr\/proizvod\/echo-barske-stolice-set-od-2-ugostiteljstvo-kuhinja-blagavaonica\/\" \/>\n<meta property=\"og:site_name\" content=\"Inti\" \/>\n<meta property=\"og:image\" content=\"https:\/\/i0.wp.com\/inti.hr\/wp-content\/uploads\/2023\/11\/LBC090C01-3.jpg?fit=800%2C1000&ssl=1\" \/>\n\t<meta property=\"og:image:width\" content=\"800\" \/>\n\t<meta property=\"og:image:height\" content=\"1000\" \/>\n\t<meta property=\"og:image:type\" content=\"image\/jpeg\" \/>\n<meta name=\"twitter:card\" content=\"summary_large_image\" \/>\n<script type=\"application\/ld+json\" class=\"yoast-schema-graph\">{\"@context\":\"https:\/\/schema.org\",\"@graph\":[{\"@type\":\"WebPage\",\"@id\":\"https:\/\/inti.hr\/sr\/proizvod\/echo-barske-stolice-set-od-2-ugostiteljstvo-kuhinja-blagavaonica\/\",\"url\":\"https:\/\/inti.hr\/sr\/proizvod\/echo-barske-stolice-set-od-2-ugostiteljstvo-kuhinja-blagavaonica\/\",\"name\":\"Echo barske stolice set od 2 - Inti\",\"isPartOf\":{\"@id\":\"https:\/\/inti.hr\/sr\/#website\"},\"primaryImageOfPage\":{\"@id\":\"https:\/\/inti.hr\/sr\/proizvod\/echo-barske-stolice-set-od-2-ugostiteljstvo-kuhinja-blagavaonica\/#primaryimage\"},\"image\":{\"@id\":\"https:\/\/inti.hr\/sr\/proizvod\/echo-barske-stolice-set-od-2-ugostiteljstvo-kuhinja-blagavaonica\/#primaryimage\"},\"thumbnailUrl\":\"https:\/\/i0.wp.com\/inti.hr\/wp-content\/uploads\/2023\/11\/LBC090C01-3.jpg?fit=800%2C1000&ssl=1\",\"datePublished\":\"2023-11-17T09:09:18+00:00\",\"dateModified\":\"2023-11-17T09:09:18+00:00\",\"description\":\"Na\u0161e ECHO kolekcije barskih stolica primamljiva su mje\u0161avina umjetne ko\u017ee, delikatnih \u0161avova i elegantnih su\u017eenih nogu koje odaju po\u010dast umije\u0107u izrade i podi\u017eu va\u0161 dom na novu razinu sofisticiranosti. Ovaj set od 2 kuhinjske stolice majstorski je konstruiran i ima jedinstven dizajn s osloncima za noge na razli\u010ditim visinama koji se bez napora prilago\u0111ava velikim i malim gostima, pru\u017eaju\u0107i savr\u0161eno iskustvo sjedenja. Jeste li ikada ne\u0161to prolili? Nema problema! Na\u0161a vodootporna navlaka od umjetne ko\u017ee \u010dini \u010di\u0161\u0107enje lakim. Zajedno s nogama otpornim na ogrebotine izra\u0111enim od mat \u010delika, na\u0161i taburei trajno zadr\u017eavaju svoj visokokvalitetni \u0161arm. Prije\u0111ite rukom preko glatke navlake i utonite u 8 cm debelu, visoko elasti\u010dnu pjenu. Ove barske stolice pru\u017eaju udobno iskustvo sjedenja koje \u0107e izdr\u017eati test vremena. Sa svojim zakretnim podesivim nogama, ovi stolci osiguravaju stabilnost \u010dak i na blago neravnim podovima i \u0161tite va\u0161 pod od ogrebotina, tako da ne morate brinuti o tihim pi\u0107ima ili \u017eivahnim zabavama.\",\"breadcrumb\":{\"@id\":\"https:\/\/inti.hr\/sr\/proizvod\/echo-barske-stolice-set-od-2-ugostiteljstvo-kuhinja-blagavaonica\/#breadcrumb\"},\"inLanguage\":\"sr-RS\",\"potentialAction\":[{\"@type\":\"ReadAction\",\"target\":[\"https:\/\/inti.hr\/sr\/proizvod\/echo-barske-stolice-set-od-2-ugostiteljstvo-kuhinja-blagavaonica\/\"]}]},{\"@type\":\"ImageObject\",\"inLanguage\":\"sr-RS\",\"@id\":\"https:\/\/inti.hr\/sr\/proizvod\/echo-barske-stolice-set-od-2-ugostiteljstvo-kuhinja-blagavaonica\/#primaryimage\",\"url\":\"https:\/\/i0.wp.com\/inti.hr\/wp-content\/uploads\/2023\/11\/LBC090C01-3.jpg?fit=800%2C1000&ssl=1\",\"contentUrl\":\"https:\/\/i0.wp.com\/inti.hr\/wp-content\/uploads\/2023\/11\/LBC090C01-3.jpg?fit=800%2C1000&ssl=1\",\"width\":800,\"height\":1000,\"caption\":\"barske stolice set od 2\"},{\"@type\":\"BreadcrumbList\",\"@id\":\"https:\/\/inti.hr\/sr\/proizvod\/echo-barske-stolice-set-od-2-ugostiteljstvo-kuhinja-blagavaonica\/#breadcrumb\",\"itemListElement\":[{\"@type\":\"ListItem\",\"position\":1,\"name\":\"Po\u010detna stranica\",\"item\":\"https:\/\/inti.hr\/sr\/\"},{\"@type\":\"ListItem\",\"position\":2,\"name\":\"Prodavnica\",\"item\":\"https:\/\/inti.hr\/sr\/prodavnica\/\"},{\"@type\":\"ListItem\",\"position\":3,\"name\":\"Echo barske stolice set od 2\"}]},{\"@type\":\"WebSite\",\"@id\":\"https:\/\/inti.hr\/sr\/#website\",\"url\":\"https:\/\/inti.hr\/sr\/\",\"name\":\"Inti\",\"description\":\"trgovina\",\"potentialAction\":[{\"@type\":\"SearchAction\",\"target\":{\"@type\":\"EntryPoint\",\"urlTemplate\":\"https:\/\/inti.hr\/sr\/?s={search_term_string}\"},\"query-input\":{\"@type\":\"PropertyValueSpecification\",\"valueRequired\":true,\"valueName\":\"search_term_string\"}}],\"inLanguage\":\"sr-RS\"}]}<\/script>\n<!-- \/ Yoast SEO plugin. -->","yoast_head_json":{"title":"Echo barske stolice set od 2 - Inti","description":"Na\u0161e ECHO kolekcije barskih stolica primamljiva su mje\u0161avina umjetne ko\u017ee, delikatnih \u0161avova i elegantnih su\u017eenih nogu koje odaju po\u010dast umije\u0107u izrade i podi\u017eu va\u0161 dom na novu razinu sofisticiranosti. Ovaj set od 2 kuhinjske stolice majstorski je konstruiran i ima jedinstven dizajn s osloncima za noge na razli\u010ditim visinama koji se bez napora prilago\u0111ava velikim i malim gostima, pru\u017eaju\u0107i savr\u0161eno iskustvo sjedenja. Jeste li ikada ne\u0161to prolili? Nema problema! Na\u0161a vodootporna navlaka od umjetne ko\u017ee \u010dini \u010di\u0161\u0107enje lakim. Zajedno s nogama otpornim na ogrebotine izra\u0111enim od mat \u010delika, na\u0161i taburei trajno zadr\u017eavaju svoj visokokvalitetni \u0161arm. Prije\u0111ite rukom preko glatke navlake i utonite u 8 cm debelu, visoko elasti\u010dnu pjenu. Ove barske stolice pru\u017eaju udobno iskustvo sjedenja koje \u0107e izdr\u017eati test vremena. Sa svojim zakretnim podesivim nogama, ovi stolci osiguravaju stabilnost \u010dak i na blago neravnim podovima i \u0161tite va\u0161 pod od ogrebotina, tako da ne morate brinuti o tihim pi\u0107ima ili \u017eivahnim zabavama.","robots":{"index":"index","follow":"follow","max-snippet":"max-snippet:-1","max-image-preview":"max-image-preview:large","max-video-preview":"max-video-preview:-1"},"canonical":"https:\/\/inti.hr\/sr\/proizvod\/echo-barske-stolice-set-od-2-ugostiteljstvo-kuhinja-blagavaonica\/","og_locale":"sr_RS","og_type":"article","og_title":"Echo barske stolice set od 2 - Inti","og_description":"Na\u0161e ECHO kolekcije barskih stolica primamljiva su mje\u0161avina umjetne ko\u017ee, delikatnih \u0161avova i elegantnih su\u017eenih nogu koje odaju po\u010dast umije\u0107u izrade i podi\u017eu va\u0161 dom na novu razinu sofisticiranosti. Ovaj set od 2 kuhinjske stolice majstorski je konstruiran i ima jedinstven dizajn s osloncima za noge na razli\u010ditim visinama koji se bez napora prilago\u0111ava velikim i malim gostima, pru\u017eaju\u0107i savr\u0161eno iskustvo sjedenja. Jeste li ikada ne\u0161to prolili? Nema problema! Na\u0161a vodootporna navlaka od umjetne ko\u017ee \u010dini \u010di\u0161\u0107enje lakim. Zajedno s nogama otpornim na ogrebotine izra\u0111enim od mat \u010delika, na\u0161i taburei trajno zadr\u017eavaju svoj visokokvalitetni \u0161arm. Prije\u0111ite rukom preko glatke navlake i utonite u 8 cm debelu, visoko elasti\u010dnu pjenu. Ove barske stolice pru\u017eaju udobno iskustvo sjedenja koje \u0107e izdr\u017eati test vremena. Sa svojim zakretnim podesivim nogama, ovi stolci osiguravaju stabilnost \u010dak i na blago neravnim podovima i \u0161tite va\u0161 pod od ogrebotina, tako da ne morate brinuti o tihim pi\u0107ima ili \u017eivahnim zabavama.","og_url":"https:\/\/inti.hr\/sr\/proizvod\/echo-barske-stolice-set-od-2-ugostiteljstvo-kuhinja-blagavaonica\/","og_site_name":"Inti","og_image":[{"width":800,"height":1000,"url":"https:\/\/i0.wp.com\/inti.hr\/wp-content\/uploads\/2023\/11\/LBC090C01-3.jpg?fit=800%2C1000&ssl=1","type":"image\/jpeg"}],"twitter_card":"summary_large_image","schema":{"@context":"https:\/\/schema.org","@graph":[{"@type":"WebPage","@id":"https:\/\/inti.hr\/sr\/proizvod\/echo-barske-stolice-set-od-2-ugostiteljstvo-kuhinja-blagavaonica\/","url":"https:\/\/inti.hr\/sr\/proizvod\/echo-barske-stolice-set-od-2-ugostiteljstvo-kuhinja-blagavaonica\/","name":"Echo barske stolice set od 2 - Inti","isPartOf":{"@id":"https:\/\/inti.hr\/sr\/#website"},"primaryImageOfPage":{"@id":"https:\/\/inti.hr\/sr\/proizvod\/echo-barske-stolice-set-od-2-ugostiteljstvo-kuhinja-blagavaonica\/#primaryimage"},"image":{"@id":"https:\/\/inti.hr\/sr\/proizvod\/echo-barske-stolice-set-od-2-ugostiteljstvo-kuhinja-blagavaonica\/#primaryimage"},"thumbnailUrl":"https:\/\/i0.wp.com\/inti.hr\/wp-content\/uploads\/2023\/11\/LBC090C01-3.jpg?fit=800%2C1000&ssl=1","datePublished":"2023-11-17T09:09:18+00:00","dateModified":"2023-11-17T09:09:18+00:00","description":"Na\u0161e ECHO kolekcije barskih stolica primamljiva su mje\u0161avina umjetne ko\u017ee, delikatnih \u0161avova i elegantnih su\u017eenih nogu koje odaju po\u010dast umije\u0107u izrade i podi\u017eu va\u0161 dom na novu razinu sofisticiranosti. Ovaj set od 2 kuhinjske stolice majstorski je konstruiran i ima jedinstven dizajn s osloncima za noge na razli\u010ditim visinama koji se bez napora prilago\u0111ava velikim i malim gostima, pru\u017eaju\u0107i savr\u0161eno iskustvo sjedenja. Jeste li ikada ne\u0161to prolili? Nema problema! Na\u0161a vodootporna navlaka od umjetne ko\u017ee \u010dini \u010di\u0161\u0107enje lakim. Zajedno s nogama otpornim na ogrebotine izra\u0111enim od mat \u010delika, na\u0161i taburei trajno zadr\u017eavaju svoj visokokvalitetni \u0161arm. Prije\u0111ite rukom preko glatke navlake i utonite u 8 cm debelu, visoko elasti\u010dnu pjenu. Ove barske stolice pru\u017eaju udobno iskustvo sjedenja koje \u0107e izdr\u017eati test vremena. Sa svojim zakretnim podesivim nogama, ovi stolci osiguravaju stabilnost \u010dak i na blago neravnim podovima i \u0161tite va\u0161 pod od ogrebotina, tako da ne morate brinuti o tihim pi\u0107ima ili \u017eivahnim zabavama.","breadcrumb":{"@id":"https:\/\/inti.hr\/sr\/proizvod\/echo-barske-stolice-set-od-2-ugostiteljstvo-kuhinja-blagavaonica\/#breadcrumb"},"inLanguage":"sr-RS","potentialAction":[{"@type":"ReadAction","target":["https:\/\/inti.hr\/sr\/proizvod\/echo-barske-stolice-set-od-2-ugostiteljstvo-kuhinja-blagavaonica\/"]}]},{"@type":"ImageObject","inLanguage":"sr-RS","@id":"https:\/\/inti.hr\/sr\/proizvod\/echo-barske-stolice-set-od-2-ugostiteljstvo-kuhinja-blagavaonica\/#primaryimage","url":"https:\/\/i0.wp.com\/inti.hr\/wp-content\/uploads\/2023\/11\/LBC090C01-3.jpg?fit=800%2C1000&ssl=1","contentUrl":"https:\/\/i0.wp.com\/inti.hr\/wp-content\/uploads\/2023\/11\/LBC090C01-3.jpg?fit=800%2C1000&ssl=1","width":800,"height":1000,"caption":"barske stolice set od 2"},{"@type":"BreadcrumbList","@id":"https:\/\/inti.hr\/sr\/proizvod\/echo-barske-stolice-set-od-2-ugostiteljstvo-kuhinja-blagavaonica\/#breadcrumb","itemListElement":[{"@type":"ListItem","position":1,"name":"Po\u010detna stranica","item":"https:\/\/inti.hr\/sr\/"},{"@type":"ListItem","position":2,"name":"Prodavnica","item":"https:\/\/inti.hr\/sr\/prodavnica\/"},{"@type":"ListItem","position":3,"name":"Echo barske stolice set od 2"}]},{"@type":"WebSite","@id":"https:\/\/inti.hr\/sr\/#website","url":"https:\/\/inti.hr\/sr\/","name":"Inti","description":"trgovina","potentialAction":[{"@type":"SearchAction","target":{"@type":"EntryPoint","urlTemplate":"https:\/\/inti.hr\/sr\/?s={search_term_string}"},"query-input":{"@type":"PropertyValueSpecification","valueRequired":true,"valueName":"search_term_string"}}],"inLanguage":"sr-RS"}]}},"jetpack_sharing_enabled":true,"jetpack-related-posts":[],"_links":{"self":[{"href":"https:\/\/inti.hr\/sr\/wp-json\/wp\/v2\/product\/38170"}],"collection":[{"href":"https:\/\/inti.hr\/sr\/wp-json\/wp\/v2\/product"}],"about":[{"href":"https:\/\/inti.hr\/sr\/wp-json\/wp\/v2\/types\/product"}],"wp:featuredmedia":[{"embeddable":true,"href":"https:\/\/inti.hr\/sr\/wp-json\/wp\/v2\/media\/38171"}],"wp:attachment":[{"href":"https:\/\/inti.hr\/sr\/wp-json\/wp\/v2\/media?parent=38170"}],"wp:term":[{"taxonomy":"product_cat","embeddable":true,"href":"https:\/\/inti.hr\/sr\/wp-json\/wp\/v2\/product_cat?post=38170"},{"taxonomy":"product_tag","embeddable":true,"href":"https:\/\/inti.hr\/sr\/wp-json\/wp\/v2\/product_tag?post=38170"}],"curies":[{"name":"wp","href":"https:\/\/api.w.org\/{rel}","templated":true}]}}