{"id":38193,"date":"2022-12-14T07:58:15","date_gmt":"2022-12-14T07:58:15","guid":{"rendered":"https:\/\/inti.hr\/product\/viseca-polica-za-hodnik-siva\/"},"modified":"2022-12-14T07:58:15","modified_gmt":"2022-12-14T07:58:15","slug":"viseca-polica-za-hodnik-siva","status":"publish","type":"product","link":"https:\/\/inti.hr\/sr\/proizvod\/viseca-polica-za-hodnik-siva\/","title":{"rendered":"Vise\u0107a polica za hodnik siva"},"content":{"rendered":"<p>Detalji proizvoda:<\/p>\n<ul>\n<li>Te\u017eina: 10,1 kg<\/li>\n<li>Nosivost: 25kg<\/li>\n<li>Materijal: MDF (E1)<\/li>\n<li>Veli\u010dina proizvoda: 100x25x35cm<\/li>\n<li>Veli\u010dina pakiranja: 105x41x11cm<\/li>\n<\/ul>\n","protected":false},"excerpt":{"rendered":"<p>Zidni ormar sa spremnicima i kukicama za kapute unosi red u &#8230; <\/p>\n","protected":false},"featured_media":38194,"template":"","meta":[],"product_cat":[2635],"product_tag":[2636,2640,3613],"yoast_head":"<!-- This site is optimized with the Yoast SEO plugin v23.7 - https:\/\/yoast.com\/wordpress\/plugins\/seo\/ -->\n<title>Vise\u0107a polica za hodnik siva - Inti<\/title>\n<meta name=\"description\" content=\"Zidni ormar sa spremnicima i kukicama za kapute unosi red u svaki hodnik. Idealne su za mjesta gdje nema dovoljno mjesta za garderobu.Ko\u0161are se mogu izvaditi i lako transportirati.Hodnik je prvi \u017eivotni prostor u koji vi i va\u0161i gosti ulazite.\u00a0Stoga je atraktivan dekor hodnika neophodan.\u00a0Jednostavan, ali jedinstven dizajn privla\u010di pa\u017enju.\" \/>\n<meta name=\"robots\" content=\"index, follow, max-snippet:-1, max-image-preview:large, max-video-preview:-1\" \/>\n<link rel=\"canonical\" href=\"https:\/\/inti.hr\/sr\/proizvod\/viseca-polica-za-hodnik-siva\/\" \/>\n<meta property=\"og:locale\" content=\"sr_RS\" \/>\n<meta property=\"og:type\" content=\"article\" \/>\n<meta property=\"og:title\" content=\"Vise\u0107a polica za hodnik siva - Inti\" \/>\n<meta property=\"og:description\" content=\"Zidni ormar sa spremnicima i kukicama za kapute unosi red u svaki hodnik. Idealne su za mjesta gdje nema dovoljno mjesta za garderobu.Ko\u0161are se mogu izvaditi i lako transportirati.Hodnik je prvi \u017eivotni prostor u koji vi i va\u0161i gosti ulazite.\u00a0Stoga je atraktivan dekor hodnika neophodan.\u00a0Jednostavan, ali jedinstven dizajn privla\u010di pa\u017enju.\" \/>\n<meta property=\"og:url\" content=\"https:\/\/inti.hr\/sr\/proizvod\/viseca-polica-za-hodnik-siva\/\" \/>\n<meta property=\"og:site_name\" content=\"Inti\" \/>\n<meta property=\"og:image\" content=\"https:\/\/i0.wp.com\/inti.hr\/wp-content\/uploads\/2022\/12\/FHK28-HG-Y002.webp?fit=1600%2C1600&ssl=1\" \/>\n\t<meta property=\"og:image:width\" content=\"1600\" \/>\n\t<meta property=\"og:image:height\" content=\"1600\" \/>\n\t<meta property=\"og:image:type\" content=\"image\/webp\" \/>\n<meta name=\"twitter:card\" content=\"summary_large_image\" \/>\n<script type=\"application\/ld+json\" class=\"yoast-schema-graph\">{\"@context\":\"https:\/\/schema.org\",\"@graph\":[{\"@type\":\"WebPage\",\"@id\":\"https:\/\/inti.hr\/sr\/proizvod\/viseca-polica-za-hodnik-siva\/\",\"url\":\"https:\/\/inti.hr\/sr\/proizvod\/viseca-polica-za-hodnik-siva\/\",\"name\":\"Vise\u0107a polica za hodnik siva - Inti\",\"isPartOf\":{\"@id\":\"https:\/\/inti.hr\/sr\/#website\"},\"primaryImageOfPage\":{\"@id\":\"https:\/\/inti.hr\/sr\/proizvod\/viseca-polica-za-hodnik-siva\/#primaryimage\"},\"image\":{\"@id\":\"https:\/\/inti.hr\/sr\/proizvod\/viseca-polica-za-hodnik-siva\/#primaryimage\"},\"thumbnailUrl\":\"https:\/\/i0.wp.com\/inti.hr\/wp-content\/uploads\/2022\/12\/FHK28-HG-Y002.webp?fit=1600%2C1600&ssl=1\",\"datePublished\":\"2022-12-14T07:58:15+00:00\",\"dateModified\":\"2022-12-14T07:58:15+00:00\",\"description\":\"Zidni ormar sa spremnicima i kukicama za kapute unosi red u svaki hodnik. Idealne su za mjesta gdje nema dovoljno mjesta za garderobu.Ko\u0161are se mogu izvaditi i lako transportirati.Hodnik je prvi \u017eivotni prostor u koji vi i va\u0161i gosti ulazite.\u00a0Stoga je atraktivan dekor hodnika neophodan.\u00a0Jednostavan, ali jedinstven dizajn privla\u010di pa\u017enju.\",\"breadcrumb\":{\"@id\":\"https:\/\/inti.hr\/sr\/proizvod\/viseca-polica-za-hodnik-siva\/#breadcrumb\"},\"inLanguage\":\"sr-RS\",\"potentialAction\":[{\"@type\":\"ReadAction\",\"target\":[\"https:\/\/inti.hr\/sr\/proizvod\/viseca-polica-za-hodnik-siva\/\"]}]},{\"@type\":\"ImageObject\",\"inLanguage\":\"sr-RS\",\"@id\":\"https:\/\/inti.hr\/sr\/proizvod\/viseca-polica-za-hodnik-siva\/#primaryimage\",\"url\":\"https:\/\/i0.wp.com\/inti.hr\/wp-content\/uploads\/2022\/12\/FHK28-HG-Y002.webp?fit=1600%2C1600&ssl=1\",\"contentUrl\":\"https:\/\/i0.wp.com\/inti.hr\/wp-content\/uploads\/2022\/12\/FHK28-HG-Y002.webp?fit=1600%2C1600&ssl=1\",\"width\":1600,\"height\":1600},{\"@type\":\"BreadcrumbList\",\"@id\":\"https:\/\/inti.hr\/sr\/proizvod\/viseca-polica-za-hodnik-siva\/#breadcrumb\",\"itemListElement\":[{\"@type\":\"ListItem\",\"position\":1,\"name\":\"Po\u010detna stranica\",\"item\":\"https:\/\/inti.hr\/sr\/\"},{\"@type\":\"ListItem\",\"position\":2,\"name\":\"Prodavnica\",\"item\":\"https:\/\/inti.hr\/sr\/prodavnica\/\"},{\"@type\":\"ListItem\",\"position\":3,\"name\":\"Vise\u0107a polica za hodnik siva\"}]},{\"@type\":\"WebSite\",\"@id\":\"https:\/\/inti.hr\/sr\/#website\",\"url\":\"https:\/\/inti.hr\/sr\/\",\"name\":\"Inti\",\"description\":\"trgovina\",\"potentialAction\":[{\"@type\":\"SearchAction\",\"target\":{\"@type\":\"EntryPoint\",\"urlTemplate\":\"https:\/\/inti.hr\/sr\/?s={search_term_string}\"},\"query-input\":{\"@type\":\"PropertyValueSpecification\",\"valueRequired\":true,\"valueName\":\"search_term_string\"}}],\"inLanguage\":\"sr-RS\"}]}<\/script>\n<!-- \/ Yoast SEO plugin. -->","yoast_head_json":{"title":"Vise\u0107a polica za hodnik siva - Inti","description":"Zidni ormar sa spremnicima i kukicama za kapute unosi red u svaki hodnik. Idealne su za mjesta gdje nema dovoljno mjesta za garderobu.Ko\u0161are se mogu izvaditi i lako transportirati.Hodnik je prvi \u017eivotni prostor u koji vi i va\u0161i gosti ulazite.\u00a0Stoga je atraktivan dekor hodnika neophodan.\u00a0Jednostavan, ali jedinstven dizajn privla\u010di pa\u017enju.","robots":{"index":"index","follow":"follow","max-snippet":"max-snippet:-1","max-image-preview":"max-image-preview:large","max-video-preview":"max-video-preview:-1"},"canonical":"https:\/\/inti.hr\/sr\/proizvod\/viseca-polica-za-hodnik-siva\/","og_locale":"sr_RS","og_type":"article","og_title":"Vise\u0107a polica za hodnik siva - Inti","og_description":"Zidni ormar sa spremnicima i kukicama za kapute unosi red u svaki hodnik. Idealne su za mjesta gdje nema dovoljno mjesta za garderobu.Ko\u0161are se mogu izvaditi i lako transportirati.Hodnik je prvi \u017eivotni prostor u koji vi i va\u0161i gosti ulazite.\u00a0Stoga je atraktivan dekor hodnika neophodan.\u00a0Jednostavan, ali jedinstven dizajn privla\u010di pa\u017enju.","og_url":"https:\/\/inti.hr\/sr\/proizvod\/viseca-polica-za-hodnik-siva\/","og_site_name":"Inti","og_image":[{"width":1600,"height":1600,"url":"https:\/\/i0.wp.com\/inti.hr\/wp-content\/uploads\/2022\/12\/FHK28-HG-Y002.webp?fit=1600%2C1600&ssl=1","type":"image\/webp"}],"twitter_card":"summary_large_image","schema":{"@context":"https:\/\/schema.org","@graph":[{"@type":"WebPage","@id":"https:\/\/inti.hr\/sr\/proizvod\/viseca-polica-za-hodnik-siva\/","url":"https:\/\/inti.hr\/sr\/proizvod\/viseca-polica-za-hodnik-siva\/","name":"Vise\u0107a polica za hodnik siva - Inti","isPartOf":{"@id":"https:\/\/inti.hr\/sr\/#website"},"primaryImageOfPage":{"@id":"https:\/\/inti.hr\/sr\/proizvod\/viseca-polica-za-hodnik-siva\/#primaryimage"},"image":{"@id":"https:\/\/inti.hr\/sr\/proizvod\/viseca-polica-za-hodnik-siva\/#primaryimage"},"thumbnailUrl":"https:\/\/i0.wp.com\/inti.hr\/wp-content\/uploads\/2022\/12\/FHK28-HG-Y002.webp?fit=1600%2C1600&ssl=1","datePublished":"2022-12-14T07:58:15+00:00","dateModified":"2022-12-14T07:58:15+00:00","description":"Zidni ormar sa spremnicima i kukicama za kapute unosi red u svaki hodnik. Idealne su za mjesta gdje nema dovoljno mjesta za garderobu.Ko\u0161are se mogu izvaditi i lako transportirati.Hodnik je prvi \u017eivotni prostor u koji vi i va\u0161i gosti ulazite.\u00a0Stoga je atraktivan dekor hodnika neophodan.\u00a0Jednostavan, ali jedinstven dizajn privla\u010di pa\u017enju.","breadcrumb":{"@id":"https:\/\/inti.hr\/sr\/proizvod\/viseca-polica-za-hodnik-siva\/#breadcrumb"},"inLanguage":"sr-RS","potentialAction":[{"@type":"ReadAction","target":["https:\/\/inti.hr\/sr\/proizvod\/viseca-polica-za-hodnik-siva\/"]}]},{"@type":"ImageObject","inLanguage":"sr-RS","@id":"https:\/\/inti.hr\/sr\/proizvod\/viseca-polica-za-hodnik-siva\/#primaryimage","url":"https:\/\/i0.wp.com\/inti.hr\/wp-content\/uploads\/2022\/12\/FHK28-HG-Y002.webp?fit=1600%2C1600&ssl=1","contentUrl":"https:\/\/i0.wp.com\/inti.hr\/wp-content\/uploads\/2022\/12\/FHK28-HG-Y002.webp?fit=1600%2C1600&ssl=1","width":1600,"height":1600},{"@type":"BreadcrumbList","@id":"https:\/\/inti.hr\/sr\/proizvod\/viseca-polica-za-hodnik-siva\/#breadcrumb","itemListElement":[{"@type":"ListItem","position":1,"name":"Po\u010detna stranica","item":"https:\/\/inti.hr\/sr\/"},{"@type":"ListItem","position":2,"name":"Prodavnica","item":"https:\/\/inti.hr\/sr\/prodavnica\/"},{"@type":"ListItem","position":3,"name":"Vise\u0107a polica za hodnik siva"}]},{"@type":"WebSite","@id":"https:\/\/inti.hr\/sr\/#website","url":"https:\/\/inti.hr\/sr\/","name":"Inti","description":"trgovina","potentialAction":[{"@type":"SearchAction","target":{"@type":"EntryPoint","urlTemplate":"https:\/\/inti.hr\/sr\/?s={search_term_string}"},"query-input":{"@type":"PropertyValueSpecification","valueRequired":true,"valueName":"search_term_string"}}],"inLanguage":"sr-RS"}]}},"jetpack_sharing_enabled":true,"jetpack-related-posts":[],"_links":{"self":[{"href":"https:\/\/inti.hr\/sr\/wp-json\/wp\/v2\/product\/38193"}],"collection":[{"href":"https:\/\/inti.hr\/sr\/wp-json\/wp\/v2\/product"}],"about":[{"href":"https:\/\/inti.hr\/sr\/wp-json\/wp\/v2\/types\/product"}],"wp:featuredmedia":[{"embeddable":true,"href":"https:\/\/inti.hr\/sr\/wp-json\/wp\/v2\/media\/38194"}],"wp:attachment":[{"href":"https:\/\/inti.hr\/sr\/wp-json\/wp\/v2\/media?parent=38193"}],"wp:term":[{"taxonomy":"product_cat","embeddable":true,"href":"https:\/\/inti.hr\/sr\/wp-json\/wp\/v2\/product_cat?post=38193"},{"taxonomy":"product_tag","embeddable":true,"href":"https:\/\/inti.hr\/sr\/wp-json\/wp\/v2\/product_tag?post=38193"}],"curies":[{"name":"wp","href":"https:\/\/api.w.org\/{rel}","templated":true}]}}