{"id":38201,"date":"2022-12-13T08:05:27","date_gmt":"2022-12-13T08:05:27","guid":{"rendered":"https:\/\/inti.hr\/product\/sklopivi-stalak-za-cipele\/"},"modified":"2022-12-13T08:05:27","modified_gmt":"2022-12-13T08:05:27","slug":"sklopivi-stalak-za-cipele","status":"publish","type":"product","link":"https:\/\/inti.hr\/sr\/proizvod\/sklopivi-stalak-za-cipele\/","title":{"rendered":"Sklopivi stalak za cipele"},"content":{"rendered":"<p>Detalji proizvoda:<\/p>\n<ul>\n<li>Te\u017eina: 12,8 kg<\/li>\n<li>Nosivost: 20kg<\/li>\n<li>Materijal: MDF(E1), PB(E1)<\/li>\n<li>Dimenzije proizvoda: 60x23x79cm (vidi sliku)<\/li>\n<li>Veli\u010dina pakiranja: 89x42x14cm.<\/li>\n<\/ul>\n","protected":false},"excerpt":{"rendered":"<p>S ovom policom za cipele objavljujete rat kaosu od cipela u &#8230; <\/p>\n","protected":false},"featured_media":38202,"template":"","meta":[],"product_cat":[2635],"product_tag":[2636,2720,2640],"yoast_head":"<!-- This site is optimized with the Yoast SEO plugin v23.7 - https:\/\/yoast.com\/wordpress\/plugins\/seo\/ -->\n<title>Sklopivi stalak za cipele - Inti<\/title>\n<meta name=\"description\" content=\"S ovom policom za cipele objavljujete rat kaosu od cipela u va\u0161em hodniku! Zatvoreni stalak za cipele \u0161titi va\u0161e sandale, \u0161tikle i tenisice od pra\u0161ine, blije\u0111enja i osigurava uredan hodnik.Dobro dizajnirana struktura i visokokvalitetni materijali \u010dine ovaj stalak za cipele \u010dvrstim i izdr\u017eljivim. Povr\u0161ina je otporna na ogrebotine i lako se \u010disti. Koristite samo vla\u017enu krpu.Hodnik je prvi \u017eivotni prostor u koji vi i va\u0161i gosti ulazite. Stoga je atraktivan dekor hodnika neophodan. Ormari\u0107 sa srebrnim ru\u010dkama dodaje da\u0161ak stila ovoj prostoriji.Visina pretinaca za cipele mo\u017ee se podesiti pomo\u0107u uklonjivih polica, tako da se ovdje mogu smjestiti i vi\u0161e cipele.Gornja polica se mo\u017ee koristiti i kao polica. Postavite cvije\u0107e ili okvir za fotografije i stvorite svoju ugodnu atmosferu.Na\u0161 proizvod je opremljen ure\u0111ajem protiv prevrtanja za pri\u010dvr\u0161\u0107ivanje ormari\u0107a na zid.\" \/>\n<meta name=\"robots\" content=\"index, follow, max-snippet:-1, max-image-preview:large, max-video-preview:-1\" \/>\n<link rel=\"canonical\" href=\"https:\/\/inti.hr\/sr\/proizvod\/sklopivi-stalak-za-cipele\/\" \/>\n<meta property=\"og:locale\" content=\"sr_RS\" \/>\n<meta property=\"og:type\" content=\"article\" \/>\n<meta property=\"og:title\" content=\"Sklopivi stalak za cipele - Inti\" \/>\n<meta property=\"og:description\" content=\"S ovom policom za cipele objavljujete rat kaosu od cipela u va\u0161em hodniku! Zatvoreni stalak za cipele \u0161titi va\u0161e sandale, \u0161tikle i tenisice od pra\u0161ine, blije\u0111enja i osigurava uredan hodnik.Dobro dizajnirana struktura i visokokvalitetni materijali \u010dine ovaj stalak za cipele \u010dvrstim i izdr\u017eljivim. Povr\u0161ina je otporna na ogrebotine i lako se \u010disti. Koristite samo vla\u017enu krpu.Hodnik je prvi \u017eivotni prostor u koji vi i va\u0161i gosti ulazite. Stoga je atraktivan dekor hodnika neophodan. Ormari\u0107 sa srebrnim ru\u010dkama dodaje da\u0161ak stila ovoj prostoriji.Visina pretinaca za cipele mo\u017ee se podesiti pomo\u0107u uklonjivih polica, tako da se ovdje mogu smjestiti i vi\u0161e cipele.Gornja polica se mo\u017ee koristiti i kao polica. Postavite cvije\u0107e ili okvir za fotografije i stvorite svoju ugodnu atmosferu.Na\u0161 proizvod je opremljen ure\u0111ajem protiv prevrtanja za pri\u010dvr\u0161\u0107ivanje ormari\u0107a na zid.\" \/>\n<meta property=\"og:url\" content=\"https:\/\/inti.hr\/sr\/proizvod\/sklopivi-stalak-za-cipele\/\" \/>\n<meta property=\"og:site_name\" content=\"Inti\" \/>\n<meta property=\"og:image\" content=\"https:\/\/i0.wp.com\/inti.hr\/wp-content\/uploads\/2022\/12\/FSR137-F-Y001.webp?fit=1600%2C1600&ssl=1\" \/>\n\t<meta property=\"og:image:width\" content=\"1600\" \/>\n\t<meta property=\"og:image:height\" content=\"1600\" \/>\n\t<meta property=\"og:image:type\" content=\"image\/webp\" \/>\n<meta name=\"twitter:card\" content=\"summary_large_image\" \/>\n<script type=\"application\/ld+json\" class=\"yoast-schema-graph\">{\"@context\":\"https:\/\/schema.org\",\"@graph\":[{\"@type\":\"WebPage\",\"@id\":\"https:\/\/inti.hr\/sr\/proizvod\/sklopivi-stalak-za-cipele\/\",\"url\":\"https:\/\/inti.hr\/sr\/proizvod\/sklopivi-stalak-za-cipele\/\",\"name\":\"Sklopivi stalak za cipele - Inti\",\"isPartOf\":{\"@id\":\"https:\/\/inti.hr\/sr\/#website\"},\"primaryImageOfPage\":{\"@id\":\"https:\/\/inti.hr\/sr\/proizvod\/sklopivi-stalak-za-cipele\/#primaryimage\"},\"image\":{\"@id\":\"https:\/\/inti.hr\/sr\/proizvod\/sklopivi-stalak-za-cipele\/#primaryimage\"},\"thumbnailUrl\":\"https:\/\/i0.wp.com\/inti.hr\/wp-content\/uploads\/2022\/12\/FSR137-F-Y001.webp?fit=1600%2C1600&ssl=1\",\"datePublished\":\"2022-12-13T08:05:27+00:00\",\"dateModified\":\"2022-12-13T08:05:27+00:00\",\"description\":\"S ovom policom za cipele objavljujete rat kaosu od cipela u va\u0161em hodniku! Zatvoreni stalak za cipele \u0161titi va\u0161e sandale, \u0161tikle i tenisice od pra\u0161ine, blije\u0111enja i osigurava uredan hodnik.Dobro dizajnirana struktura i visokokvalitetni materijali \u010dine ovaj stalak za cipele \u010dvrstim i izdr\u017eljivim. Povr\u0161ina je otporna na ogrebotine i lako se \u010disti. Koristite samo vla\u017enu krpu.Hodnik je prvi \u017eivotni prostor u koji vi i va\u0161i gosti ulazite. Stoga je atraktivan dekor hodnika neophodan. Ormari\u0107 sa srebrnim ru\u010dkama dodaje da\u0161ak stila ovoj prostoriji.Visina pretinaca za cipele mo\u017ee se podesiti pomo\u0107u uklonjivih polica, tako da se ovdje mogu smjestiti i vi\u0161e cipele.Gornja polica se mo\u017ee koristiti i kao polica. Postavite cvije\u0107e ili okvir za fotografije i stvorite svoju ugodnu atmosferu.Na\u0161 proizvod je opremljen ure\u0111ajem protiv prevrtanja za pri\u010dvr\u0161\u0107ivanje ormari\u0107a na zid.\",\"breadcrumb\":{\"@id\":\"https:\/\/inti.hr\/sr\/proizvod\/sklopivi-stalak-za-cipele\/#breadcrumb\"},\"inLanguage\":\"sr-RS\",\"potentialAction\":[{\"@type\":\"ReadAction\",\"target\":[\"https:\/\/inti.hr\/sr\/proizvod\/sklopivi-stalak-za-cipele\/\"]}]},{\"@type\":\"ImageObject\",\"inLanguage\":\"sr-RS\",\"@id\":\"https:\/\/inti.hr\/sr\/proizvod\/sklopivi-stalak-za-cipele\/#primaryimage\",\"url\":\"https:\/\/i0.wp.com\/inti.hr\/wp-content\/uploads\/2022\/12\/FSR137-F-Y001.webp?fit=1600%2C1600&ssl=1\",\"contentUrl\":\"https:\/\/i0.wp.com\/inti.hr\/wp-content\/uploads\/2022\/12\/FSR137-F-Y001.webp?fit=1600%2C1600&ssl=1\",\"width\":1600,\"height\":1600},{\"@type\":\"BreadcrumbList\",\"@id\":\"https:\/\/inti.hr\/sr\/proizvod\/sklopivi-stalak-za-cipele\/#breadcrumb\",\"itemListElement\":[{\"@type\":\"ListItem\",\"position\":1,\"name\":\"Po\u010detna stranica\",\"item\":\"https:\/\/inti.hr\/sr\/\"},{\"@type\":\"ListItem\",\"position\":2,\"name\":\"Prodavnica\",\"item\":\"https:\/\/inti.hr\/sr\/prodavnica\/\"},{\"@type\":\"ListItem\",\"position\":3,\"name\":\"Sklopivi stalak za cipele\"}]},{\"@type\":\"WebSite\",\"@id\":\"https:\/\/inti.hr\/sr\/#website\",\"url\":\"https:\/\/inti.hr\/sr\/\",\"name\":\"Inti\",\"description\":\"trgovina\",\"potentialAction\":[{\"@type\":\"SearchAction\",\"target\":{\"@type\":\"EntryPoint\",\"urlTemplate\":\"https:\/\/inti.hr\/sr\/?s={search_term_string}\"},\"query-input\":{\"@type\":\"PropertyValueSpecification\",\"valueRequired\":true,\"valueName\":\"search_term_string\"}}],\"inLanguage\":\"sr-RS\"}]}<\/script>\n<!-- \/ Yoast SEO plugin. -->","yoast_head_json":{"title":"Sklopivi stalak za cipele - Inti","description":"S ovom policom za cipele objavljujete rat kaosu od cipela u va\u0161em hodniku! Zatvoreni stalak za cipele \u0161titi va\u0161e sandale, \u0161tikle i tenisice od pra\u0161ine, blije\u0111enja i osigurava uredan hodnik.Dobro dizajnirana struktura i visokokvalitetni materijali \u010dine ovaj stalak za cipele \u010dvrstim i izdr\u017eljivim. Povr\u0161ina je otporna na ogrebotine i lako se \u010disti. Koristite samo vla\u017enu krpu.Hodnik je prvi \u017eivotni prostor u koji vi i va\u0161i gosti ulazite. Stoga je atraktivan dekor hodnika neophodan. Ormari\u0107 sa srebrnim ru\u010dkama dodaje da\u0161ak stila ovoj prostoriji.Visina pretinaca za cipele mo\u017ee se podesiti pomo\u0107u uklonjivih polica, tako da se ovdje mogu smjestiti i vi\u0161e cipele.Gornja polica se mo\u017ee koristiti i kao polica. Postavite cvije\u0107e ili okvir za fotografije i stvorite svoju ugodnu atmosferu.Na\u0161 proizvod je opremljen ure\u0111ajem protiv prevrtanja za pri\u010dvr\u0161\u0107ivanje ormari\u0107a na zid.","robots":{"index":"index","follow":"follow","max-snippet":"max-snippet:-1","max-image-preview":"max-image-preview:large","max-video-preview":"max-video-preview:-1"},"canonical":"https:\/\/inti.hr\/sr\/proizvod\/sklopivi-stalak-za-cipele\/","og_locale":"sr_RS","og_type":"article","og_title":"Sklopivi stalak za cipele - Inti","og_description":"S ovom policom za cipele objavljujete rat kaosu od cipela u va\u0161em hodniku! Zatvoreni stalak za cipele \u0161titi va\u0161e sandale, \u0161tikle i tenisice od pra\u0161ine, blije\u0111enja i osigurava uredan hodnik.Dobro dizajnirana struktura i visokokvalitetni materijali \u010dine ovaj stalak za cipele \u010dvrstim i izdr\u017eljivim. Povr\u0161ina je otporna na ogrebotine i lako se \u010disti. Koristite samo vla\u017enu krpu.Hodnik je prvi \u017eivotni prostor u koji vi i va\u0161i gosti ulazite. Stoga je atraktivan dekor hodnika neophodan. Ormari\u0107 sa srebrnim ru\u010dkama dodaje da\u0161ak stila ovoj prostoriji.Visina pretinaca za cipele mo\u017ee se podesiti pomo\u0107u uklonjivih polica, tako da se ovdje mogu smjestiti i vi\u0161e cipele.Gornja polica se mo\u017ee koristiti i kao polica. Postavite cvije\u0107e ili okvir za fotografije i stvorite svoju ugodnu atmosferu.Na\u0161 proizvod je opremljen ure\u0111ajem protiv prevrtanja za pri\u010dvr\u0161\u0107ivanje ormari\u0107a na zid.","og_url":"https:\/\/inti.hr\/sr\/proizvod\/sklopivi-stalak-za-cipele\/","og_site_name":"Inti","og_image":[{"width":1600,"height":1600,"url":"https:\/\/i0.wp.com\/inti.hr\/wp-content\/uploads\/2022\/12\/FSR137-F-Y001.webp?fit=1600%2C1600&ssl=1","type":"image\/webp"}],"twitter_card":"summary_large_image","schema":{"@context":"https:\/\/schema.org","@graph":[{"@type":"WebPage","@id":"https:\/\/inti.hr\/sr\/proizvod\/sklopivi-stalak-za-cipele\/","url":"https:\/\/inti.hr\/sr\/proizvod\/sklopivi-stalak-za-cipele\/","name":"Sklopivi stalak za cipele - Inti","isPartOf":{"@id":"https:\/\/inti.hr\/sr\/#website"},"primaryImageOfPage":{"@id":"https:\/\/inti.hr\/sr\/proizvod\/sklopivi-stalak-za-cipele\/#primaryimage"},"image":{"@id":"https:\/\/inti.hr\/sr\/proizvod\/sklopivi-stalak-za-cipele\/#primaryimage"},"thumbnailUrl":"https:\/\/i0.wp.com\/inti.hr\/wp-content\/uploads\/2022\/12\/FSR137-F-Y001.webp?fit=1600%2C1600&ssl=1","datePublished":"2022-12-13T08:05:27+00:00","dateModified":"2022-12-13T08:05:27+00:00","description":"S ovom policom za cipele objavljujete rat kaosu od cipela u va\u0161em hodniku! Zatvoreni stalak za cipele \u0161titi va\u0161e sandale, \u0161tikle i tenisice od pra\u0161ine, blije\u0111enja i osigurava uredan hodnik.Dobro dizajnirana struktura i visokokvalitetni materijali \u010dine ovaj stalak za cipele \u010dvrstim i izdr\u017eljivim. Povr\u0161ina je otporna na ogrebotine i lako se \u010disti. Koristite samo vla\u017enu krpu.Hodnik je prvi \u017eivotni prostor u koji vi i va\u0161i gosti ulazite. Stoga je atraktivan dekor hodnika neophodan. Ormari\u0107 sa srebrnim ru\u010dkama dodaje da\u0161ak stila ovoj prostoriji.Visina pretinaca za cipele mo\u017ee se podesiti pomo\u0107u uklonjivih polica, tako da se ovdje mogu smjestiti i vi\u0161e cipele.Gornja polica se mo\u017ee koristiti i kao polica. Postavite cvije\u0107e ili okvir za fotografije i stvorite svoju ugodnu atmosferu.Na\u0161 proizvod je opremljen ure\u0111ajem protiv prevrtanja za pri\u010dvr\u0161\u0107ivanje ormari\u0107a na zid.","breadcrumb":{"@id":"https:\/\/inti.hr\/sr\/proizvod\/sklopivi-stalak-za-cipele\/#breadcrumb"},"inLanguage":"sr-RS","potentialAction":[{"@type":"ReadAction","target":["https:\/\/inti.hr\/sr\/proizvod\/sklopivi-stalak-za-cipele\/"]}]},{"@type":"ImageObject","inLanguage":"sr-RS","@id":"https:\/\/inti.hr\/sr\/proizvod\/sklopivi-stalak-za-cipele\/#primaryimage","url":"https:\/\/i0.wp.com\/inti.hr\/wp-content\/uploads\/2022\/12\/FSR137-F-Y001.webp?fit=1600%2C1600&ssl=1","contentUrl":"https:\/\/i0.wp.com\/inti.hr\/wp-content\/uploads\/2022\/12\/FSR137-F-Y001.webp?fit=1600%2C1600&ssl=1","width":1600,"height":1600},{"@type":"BreadcrumbList","@id":"https:\/\/inti.hr\/sr\/proizvod\/sklopivi-stalak-za-cipele\/#breadcrumb","itemListElement":[{"@type":"ListItem","position":1,"name":"Po\u010detna stranica","item":"https:\/\/inti.hr\/sr\/"},{"@type":"ListItem","position":2,"name":"Prodavnica","item":"https:\/\/inti.hr\/sr\/prodavnica\/"},{"@type":"ListItem","position":3,"name":"Sklopivi stalak za cipele"}]},{"@type":"WebSite","@id":"https:\/\/inti.hr\/sr\/#website","url":"https:\/\/inti.hr\/sr\/","name":"Inti","description":"trgovina","potentialAction":[{"@type":"SearchAction","target":{"@type":"EntryPoint","urlTemplate":"https:\/\/inti.hr\/sr\/?s={search_term_string}"},"query-input":{"@type":"PropertyValueSpecification","valueRequired":true,"valueName":"search_term_string"}}],"inLanguage":"sr-RS"}]}},"jetpack_sharing_enabled":true,"jetpack-related-posts":[],"_links":{"self":[{"href":"https:\/\/inti.hr\/sr\/wp-json\/wp\/v2\/product\/38201"}],"collection":[{"href":"https:\/\/inti.hr\/sr\/wp-json\/wp\/v2\/product"}],"about":[{"href":"https:\/\/inti.hr\/sr\/wp-json\/wp\/v2\/types\/product"}],"wp:featuredmedia":[{"embeddable":true,"href":"https:\/\/inti.hr\/sr\/wp-json\/wp\/v2\/media\/38202"}],"wp:attachment":[{"href":"https:\/\/inti.hr\/sr\/wp-json\/wp\/v2\/media?parent=38201"}],"wp:term":[{"taxonomy":"product_cat","embeddable":true,"href":"https:\/\/inti.hr\/sr\/wp-json\/wp\/v2\/product_cat?post=38201"},{"taxonomy":"product_tag","embeddable":true,"href":"https:\/\/inti.hr\/sr\/wp-json\/wp\/v2\/product_tag?post=38201"}],"curies":[{"name":"wp","href":"https:\/\/api.w.org\/{rel}","templated":true}]}}