{"id":38301,"date":"2022-10-28T07:04:10","date_gmt":"2022-10-28T07:04:10","guid":{"rendered":"https:\/\/inti.hr\/product\/konzolna-komoda\/"},"modified":"2022-10-28T07:04:10","modified_gmt":"2022-10-28T07:04:10","slug":"konzolna-komoda","status":"publish","type":"product","link":"https:\/\/inti.hr\/sr\/proizvod\/konzolna-komoda\/","title":{"rendered":"Konzolna komoda"},"content":{"rendered":"<p>Detalji proizvoda:<\/p>\n<ul>\n<li>Te\u017eina: 17,2 kg<\/li>\n<li>Nosivost: 40 kg<\/li>\n<li>Materijal: PB (E1), metal, staklo<\/li>\n<li>Veli\u010dina proizvoda: 81x35x78cm (vidi sliku)<\/li>\n<li>Dimenzije paketa: 87x22x47 cm.<\/li>\n<\/ul>\n","protected":false},"excerpt":{"rendered":"<p>Ova tanja radna plo\u010da s ravnim prednjim rubom savr\u0161ena je za &#8230; <\/p>\n","protected":false},"featured_media":38302,"template":"","meta":[],"product_cat":[2573,2421],"product_tag":[5418,5419,2749,3765],"yoast_head":"<!-- This site is optimized with the Yoast SEO plugin v23.7 - https:\/\/yoast.com\/wordpress\/plugins\/seo\/ -->\n<title>Konzolna komoda - Inti<\/title>\n<meta name=\"description\" content=\"Ova tanja radna plo\u010da s ravnim prednjim rubom savr\u0161ena je za modernu kuhinju.Visokokvalitetni paneli jam\u010de savr\u0161enu stabilnost i dug \u017eivot, \u010dak iu vla\u017enim okru\u017eenjima. Povr\u0161ina se lako \u010disti, \u0161to olak\u0161ava ku\u0107anske poslove.Ovaj ormari\u0107 tako\u0111er se mo\u017ee koristiti kao kupaonski ormari\u0107 za odlaganje paste za zube, ru\u010dnika i drugih toaletnih potrep\u0161tina. Ovaj ormari\u0107 se mo\u017ee koristiti kao komoda. Ili kao kuhinjski ormari\u0107, mo\u017eete pohraniti razne ku\u0107anske predmete.Prekrasna staklena plo\u010da \u010dini ovu komodu jo\u0161 jedinstvenijom. Imate dovoljno prostora za dodavanje fotografija, cvije\u0107a i vi\u0161e. Ukrasiti. Va\u017ene stvari, poput klju\u010deva, uvijek su vam pri ruci.Ima dvije ladice! Jedan za slatke \u0161alice i \u017eli\u010dice, a drugi za va\u0161e omiljene vre\u0107ice \u010daja i kave.\" \/>\n<meta name=\"robots\" content=\"index, follow, max-snippet:-1, max-image-preview:large, max-video-preview:-1\" \/>\n<link rel=\"canonical\" href=\"https:\/\/inti.hr\/sr\/proizvod\/konzolna-komoda\/\" \/>\n<meta property=\"og:locale\" content=\"sr_RS\" \/>\n<meta property=\"og:type\" content=\"article\" \/>\n<meta property=\"og:title\" content=\"Konzolna komoda - Inti\" \/>\n<meta property=\"og:description\" content=\"Ova tanja radna plo\u010da s ravnim prednjim rubom savr\u0161ena je za modernu kuhinju.Visokokvalitetni paneli jam\u010de savr\u0161enu stabilnost i dug \u017eivot, \u010dak iu vla\u017enim okru\u017eenjima. Povr\u0161ina se lako \u010disti, \u0161to olak\u0161ava ku\u0107anske poslove.Ovaj ormari\u0107 tako\u0111er se mo\u017ee koristiti kao kupaonski ormari\u0107 za odlaganje paste za zube, ru\u010dnika i drugih toaletnih potrep\u0161tina. Ovaj ormari\u0107 se mo\u017ee koristiti kao komoda. Ili kao kuhinjski ormari\u0107, mo\u017eete pohraniti razne ku\u0107anske predmete.Prekrasna staklena plo\u010da \u010dini ovu komodu jo\u0161 jedinstvenijom. Imate dovoljno prostora za dodavanje fotografija, cvije\u0107a i vi\u0161e. Ukrasiti. Va\u017ene stvari, poput klju\u010deva, uvijek su vam pri ruci.Ima dvije ladice! Jedan za slatke \u0161alice i \u017eli\u010dice, a drugi za va\u0161e omiljene vre\u0107ice \u010daja i kave.\" \/>\n<meta property=\"og:url\" content=\"https:\/\/inti.hr\/sr\/proizvod\/konzolna-komoda\/\" \/>\n<meta property=\"og:site_name\" content=\"Inti\" \/>\n<meta property=\"og:image\" content=\"https:\/\/i0.wp.com\/inti.hr\/wp-content\/uploads\/2022\/10\/FSB54-HG-Y003_670x.webp?fit=670%2C670&ssl=1\" \/>\n\t<meta property=\"og:image:width\" content=\"670\" \/>\n\t<meta property=\"og:image:height\" content=\"670\" \/>\n\t<meta property=\"og:image:type\" content=\"image\/webp\" \/>\n<meta name=\"twitter:card\" content=\"summary_large_image\" \/>\n<script type=\"application\/ld+json\" class=\"yoast-schema-graph\">{\"@context\":\"https:\/\/schema.org\",\"@graph\":[{\"@type\":\"WebPage\",\"@id\":\"https:\/\/inti.hr\/sr\/proizvod\/konzolna-komoda\/\",\"url\":\"https:\/\/inti.hr\/sr\/proizvod\/konzolna-komoda\/\",\"name\":\"Konzolna komoda - Inti\",\"isPartOf\":{\"@id\":\"https:\/\/inti.hr\/sr\/#website\"},\"primaryImageOfPage\":{\"@id\":\"https:\/\/inti.hr\/sr\/proizvod\/konzolna-komoda\/#primaryimage\"},\"image\":{\"@id\":\"https:\/\/inti.hr\/sr\/proizvod\/konzolna-komoda\/#primaryimage\"},\"thumbnailUrl\":\"https:\/\/i0.wp.com\/inti.hr\/wp-content\/uploads\/2022\/10\/FSB54-HG-Y003_670x.webp?fit=670%2C670&ssl=1\",\"datePublished\":\"2022-10-28T07:04:10+00:00\",\"dateModified\":\"2022-10-28T07:04:10+00:00\",\"description\":\"Ova tanja radna plo\u010da s ravnim prednjim rubom savr\u0161ena je za modernu kuhinju.Visokokvalitetni paneli jam\u010de savr\u0161enu stabilnost i dug \u017eivot, \u010dak iu vla\u017enim okru\u017eenjima. Povr\u0161ina se lako \u010disti, \u0161to olak\u0161ava ku\u0107anske poslove.Ovaj ormari\u0107 tako\u0111er se mo\u017ee koristiti kao kupaonski ormari\u0107 za odlaganje paste za zube, ru\u010dnika i drugih toaletnih potrep\u0161tina. Ovaj ormari\u0107 se mo\u017ee koristiti kao komoda. Ili kao kuhinjski ormari\u0107, mo\u017eete pohraniti razne ku\u0107anske predmete.Prekrasna staklena plo\u010da \u010dini ovu komodu jo\u0161 jedinstvenijom. Imate dovoljno prostora za dodavanje fotografija, cvije\u0107a i vi\u0161e. Ukrasiti. Va\u017ene stvari, poput klju\u010deva, uvijek su vam pri ruci.Ima dvije ladice! Jedan za slatke \u0161alice i \u017eli\u010dice, a drugi za va\u0161e omiljene vre\u0107ice \u010daja i kave.\",\"breadcrumb\":{\"@id\":\"https:\/\/inti.hr\/sr\/proizvod\/konzolna-komoda\/#breadcrumb\"},\"inLanguage\":\"sr-RS\",\"potentialAction\":[{\"@type\":\"ReadAction\",\"target\":[\"https:\/\/inti.hr\/sr\/proizvod\/konzolna-komoda\/\"]}]},{\"@type\":\"ImageObject\",\"inLanguage\":\"sr-RS\",\"@id\":\"https:\/\/inti.hr\/sr\/proizvod\/konzolna-komoda\/#primaryimage\",\"url\":\"https:\/\/i0.wp.com\/inti.hr\/wp-content\/uploads\/2022\/10\/FSB54-HG-Y003_670x.webp?fit=670%2C670&ssl=1\",\"contentUrl\":\"https:\/\/i0.wp.com\/inti.hr\/wp-content\/uploads\/2022\/10\/FSB54-HG-Y003_670x.webp?fit=670%2C670&ssl=1\",\"width\":670,\"height\":670},{\"@type\":\"BreadcrumbList\",\"@id\":\"https:\/\/inti.hr\/sr\/proizvod\/konzolna-komoda\/#breadcrumb\",\"itemListElement\":[{\"@type\":\"ListItem\",\"position\":1,\"name\":\"Po\u010detna stranica\",\"item\":\"https:\/\/inti.hr\/sr\/\"},{\"@type\":\"ListItem\",\"position\":2,\"name\":\"Prodavnica\",\"item\":\"https:\/\/inti.hr\/sr\/prodavnica\/\"},{\"@type\":\"ListItem\",\"position\":3,\"name\":\"Konzolna komoda\"}]},{\"@type\":\"WebSite\",\"@id\":\"https:\/\/inti.hr\/sr\/#website\",\"url\":\"https:\/\/inti.hr\/sr\/\",\"name\":\"Inti\",\"description\":\"trgovina\",\"potentialAction\":[{\"@type\":\"SearchAction\",\"target\":{\"@type\":\"EntryPoint\",\"urlTemplate\":\"https:\/\/inti.hr\/sr\/?s={search_term_string}\"},\"query-input\":{\"@type\":\"PropertyValueSpecification\",\"valueRequired\":true,\"valueName\":\"search_term_string\"}}],\"inLanguage\":\"sr-RS\"}]}<\/script>\n<!-- \/ Yoast SEO plugin. -->","yoast_head_json":{"title":"Konzolna komoda - Inti","description":"Ova tanja radna plo\u010da s ravnim prednjim rubom savr\u0161ena je za modernu kuhinju.Visokokvalitetni paneli jam\u010de savr\u0161enu stabilnost i dug \u017eivot, \u010dak iu vla\u017enim okru\u017eenjima. Povr\u0161ina se lako \u010disti, \u0161to olak\u0161ava ku\u0107anske poslove.Ovaj ormari\u0107 tako\u0111er se mo\u017ee koristiti kao kupaonski ormari\u0107 za odlaganje paste za zube, ru\u010dnika i drugih toaletnih potrep\u0161tina. Ovaj ormari\u0107 se mo\u017ee koristiti kao komoda. Ili kao kuhinjski ormari\u0107, mo\u017eete pohraniti razne ku\u0107anske predmete.Prekrasna staklena plo\u010da \u010dini ovu komodu jo\u0161 jedinstvenijom. Imate dovoljno prostora za dodavanje fotografija, cvije\u0107a i vi\u0161e. Ukrasiti. Va\u017ene stvari, poput klju\u010deva, uvijek su vam pri ruci.Ima dvije ladice! Jedan za slatke \u0161alice i \u017eli\u010dice, a drugi za va\u0161e omiljene vre\u0107ice \u010daja i kave.","robots":{"index":"index","follow":"follow","max-snippet":"max-snippet:-1","max-image-preview":"max-image-preview:large","max-video-preview":"max-video-preview:-1"},"canonical":"https:\/\/inti.hr\/sr\/proizvod\/konzolna-komoda\/","og_locale":"sr_RS","og_type":"article","og_title":"Konzolna komoda - Inti","og_description":"Ova tanja radna plo\u010da s ravnim prednjim rubom savr\u0161ena je za modernu kuhinju.Visokokvalitetni paneli jam\u010de savr\u0161enu stabilnost i dug \u017eivot, \u010dak iu vla\u017enim okru\u017eenjima. Povr\u0161ina se lako \u010disti, \u0161to olak\u0161ava ku\u0107anske poslove.Ovaj ormari\u0107 tako\u0111er se mo\u017ee koristiti kao kupaonski ormari\u0107 za odlaganje paste za zube, ru\u010dnika i drugih toaletnih potrep\u0161tina. Ovaj ormari\u0107 se mo\u017ee koristiti kao komoda. Ili kao kuhinjski ormari\u0107, mo\u017eete pohraniti razne ku\u0107anske predmete.Prekrasna staklena plo\u010da \u010dini ovu komodu jo\u0161 jedinstvenijom. Imate dovoljno prostora za dodavanje fotografija, cvije\u0107a i vi\u0161e. Ukrasiti. Va\u017ene stvari, poput klju\u010deva, uvijek su vam pri ruci.Ima dvije ladice! Jedan za slatke \u0161alice i \u017eli\u010dice, a drugi za va\u0161e omiljene vre\u0107ice \u010daja i kave.","og_url":"https:\/\/inti.hr\/sr\/proizvod\/konzolna-komoda\/","og_site_name":"Inti","og_image":[{"width":670,"height":670,"url":"https:\/\/i0.wp.com\/inti.hr\/wp-content\/uploads\/2022\/10\/FSB54-HG-Y003_670x.webp?fit=670%2C670&ssl=1","type":"image\/webp"}],"twitter_card":"summary_large_image","schema":{"@context":"https:\/\/schema.org","@graph":[{"@type":"WebPage","@id":"https:\/\/inti.hr\/sr\/proizvod\/konzolna-komoda\/","url":"https:\/\/inti.hr\/sr\/proizvod\/konzolna-komoda\/","name":"Konzolna komoda - Inti","isPartOf":{"@id":"https:\/\/inti.hr\/sr\/#website"},"primaryImageOfPage":{"@id":"https:\/\/inti.hr\/sr\/proizvod\/konzolna-komoda\/#primaryimage"},"image":{"@id":"https:\/\/inti.hr\/sr\/proizvod\/konzolna-komoda\/#primaryimage"},"thumbnailUrl":"https:\/\/i0.wp.com\/inti.hr\/wp-content\/uploads\/2022\/10\/FSB54-HG-Y003_670x.webp?fit=670%2C670&ssl=1","datePublished":"2022-10-28T07:04:10+00:00","dateModified":"2022-10-28T07:04:10+00:00","description":"Ova tanja radna plo\u010da s ravnim prednjim rubom savr\u0161ena je za modernu kuhinju.Visokokvalitetni paneli jam\u010de savr\u0161enu stabilnost i dug \u017eivot, \u010dak iu vla\u017enim okru\u017eenjima. Povr\u0161ina se lako \u010disti, \u0161to olak\u0161ava ku\u0107anske poslove.Ovaj ormari\u0107 tako\u0111er se mo\u017ee koristiti kao kupaonski ormari\u0107 za odlaganje paste za zube, ru\u010dnika i drugih toaletnih potrep\u0161tina. Ovaj ormari\u0107 se mo\u017ee koristiti kao komoda. Ili kao kuhinjski ormari\u0107, mo\u017eete pohraniti razne ku\u0107anske predmete.Prekrasna staklena plo\u010da \u010dini ovu komodu jo\u0161 jedinstvenijom. Imate dovoljno prostora za dodavanje fotografija, cvije\u0107a i vi\u0161e. Ukrasiti. Va\u017ene stvari, poput klju\u010deva, uvijek su vam pri ruci.Ima dvije ladice! Jedan za slatke \u0161alice i \u017eli\u010dice, a drugi za va\u0161e omiljene vre\u0107ice \u010daja i kave.","breadcrumb":{"@id":"https:\/\/inti.hr\/sr\/proizvod\/konzolna-komoda\/#breadcrumb"},"inLanguage":"sr-RS","potentialAction":[{"@type":"ReadAction","target":["https:\/\/inti.hr\/sr\/proizvod\/konzolna-komoda\/"]}]},{"@type":"ImageObject","inLanguage":"sr-RS","@id":"https:\/\/inti.hr\/sr\/proizvod\/konzolna-komoda\/#primaryimage","url":"https:\/\/i0.wp.com\/inti.hr\/wp-content\/uploads\/2022\/10\/FSB54-HG-Y003_670x.webp?fit=670%2C670&ssl=1","contentUrl":"https:\/\/i0.wp.com\/inti.hr\/wp-content\/uploads\/2022\/10\/FSB54-HG-Y003_670x.webp?fit=670%2C670&ssl=1","width":670,"height":670},{"@type":"BreadcrumbList","@id":"https:\/\/inti.hr\/sr\/proizvod\/konzolna-komoda\/#breadcrumb","itemListElement":[{"@type":"ListItem","position":1,"name":"Po\u010detna stranica","item":"https:\/\/inti.hr\/sr\/"},{"@type":"ListItem","position":2,"name":"Prodavnica","item":"https:\/\/inti.hr\/sr\/prodavnica\/"},{"@type":"ListItem","position":3,"name":"Konzolna komoda"}]},{"@type":"WebSite","@id":"https:\/\/inti.hr\/sr\/#website","url":"https:\/\/inti.hr\/sr\/","name":"Inti","description":"trgovina","potentialAction":[{"@type":"SearchAction","target":{"@type":"EntryPoint","urlTemplate":"https:\/\/inti.hr\/sr\/?s={search_term_string}"},"query-input":{"@type":"PropertyValueSpecification","valueRequired":true,"valueName":"search_term_string"}}],"inLanguage":"sr-RS"}]}},"jetpack_sharing_enabled":true,"jetpack-related-posts":[],"_links":{"self":[{"href":"https:\/\/inti.hr\/sr\/wp-json\/wp\/v2\/product\/38301"}],"collection":[{"href":"https:\/\/inti.hr\/sr\/wp-json\/wp\/v2\/product"}],"about":[{"href":"https:\/\/inti.hr\/sr\/wp-json\/wp\/v2\/types\/product"}],"wp:featuredmedia":[{"embeddable":true,"href":"https:\/\/inti.hr\/sr\/wp-json\/wp\/v2\/media\/38302"}],"wp:attachment":[{"href":"https:\/\/inti.hr\/sr\/wp-json\/wp\/v2\/media?parent=38301"}],"wp:term":[{"taxonomy":"product_cat","embeddable":true,"href":"https:\/\/inti.hr\/sr\/wp-json\/wp\/v2\/product_cat?post=38301"},{"taxonomy":"product_tag","embeddable":true,"href":"https:\/\/inti.hr\/sr\/wp-json\/wp\/v2\/product_tag?post=38301"}],"curies":[{"name":"wp","href":"https:\/\/api.w.org\/{rel}","templated":true}]}}