{"id":38318,"date":"2022-03-18T07:46:44","date_gmt":"2022-03-18T07:46:44","guid":{"rendered":"https:\/\/inti.hr\/product\/lezaljka-sa-barsunastim-naslonom\/"},"modified":"2022-03-18T07:46:44","modified_gmt":"2022-03-18T07:46:44","slug":"lezaljka-sa-barsunastim-naslonom","status":"publish","type":"product","link":"https:\/\/inti.hr\/sr\/proizvod\/lezaljka-sa-barsunastim-naslonom\/","title":{"rendered":"Le\u017ealjka sa bar\u0161unastim naslonom"},"content":{"rendered":"<p>Detalji proizvoda:<\/p>\n<ul>\n<li>\u00a0\u00a0\u00a0 Materijal sjedala: bar\u0161un.<\/li>\n<li>\u00a0\u00a0\u00a0 Ukupna visina: 81 cm &#8211; 93 cm.<\/li>\n<li>\u00a0\u00a0\u00a0 Pode\u0161avanje sjedala po visini: cca.\u00a045 cm &#8211; 57 cm.<\/li>\n<li>\u00a0\u00a0\u00a0 Prostor za sjedenje: cca.\u00a046 cm x 44 cm.<\/li>\n<li>\u00a0\u00a0\u00a0 Visina naslona: pribl.\u00a040 cm.<\/li>\n<li>\u00a0\u00a0\u00a0 Stopalo: \u00d8 45 cm.<\/li>\n<li>\u00a0\u00a0\u00a0 Boja: tamno siva, tamno zelena, roza.<\/li>\n<li>\u00a0\u00a0\u00a0 Ru\u010dka za pode\u0161avanje visine pomo\u0107u plinske opruge.<\/li>\n<li>\u00a0\u00a0\u00a0 Nosivost: 100 kg.<\/li>\n<\/ul>\n","protected":false},"excerpt":{"rendered":"<ul>\n<li>\u00a0\u00a0\u00a0 Debelo podstavljeno bar\u0161unasto sjedalo, lako se \u010disti i odr\u017eava.<\/li>\n<p> &#8230; <\/p>\n","protected":false},"featured_media":38319,"template":"","meta":[],"product_cat":[2421],"product_tag":[2448,3604,5429],"yoast_head":"<!-- This site is optimized with the Yoast SEO plugin v23.7 - https:\/\/yoast.com\/wordpress\/plugins\/seo\/ -->\n<title>Le\u017ealjka sa bar\u0161unastim naslonom - Inti<\/title>\n<meta name=\"description\" content=\"Debelo podstavljeno bar\u0161unasto sjedalo, lako se \u010disti i odr\u017eava. Okvir od kromiranog \u010delika, vrlo \u010dvrst. Zahvaljuju\u0107i ugra\u0111enoj plinskoj oprugi, ova barska stolica je beskona\u010dno podesiva po visini i slobodno rotiraju\u0107a za 360\u00b0. Jednostavna i brza monta\u017ea i demonta\u017ea. Stabilna i kvalitetna izrada.\" \/>\n<meta name=\"robots\" content=\"index, follow, max-snippet:-1, max-image-preview:large, max-video-preview:-1\" \/>\n<link rel=\"canonical\" href=\"https:\/\/inti.hr\/sr\/proizvod\/lezaljka-sa-barsunastim-naslonom\/\" \/>\n<meta property=\"og:locale\" content=\"sr_RS\" \/>\n<meta property=\"og:type\" content=\"article\" \/>\n<meta property=\"og:title\" content=\"Le\u017ealjka sa bar\u0161unastim naslonom - Inti\" \/>\n<meta property=\"og:description\" content=\"Debelo podstavljeno bar\u0161unasto sjedalo, lako se \u010disti i odr\u017eava. Okvir od kromiranog \u010delika, vrlo \u010dvrst. Zahvaljuju\u0107i ugra\u0111enoj plinskoj oprugi, ova barska stolica je beskona\u010dno podesiva po visini i slobodno rotiraju\u0107a za 360\u00b0. Jednostavna i brza monta\u017ea i demonta\u017ea. Stabilna i kvalitetna izrada.\" \/>\n<meta property=\"og:url\" content=\"https:\/\/inti.hr\/sr\/proizvod\/lezaljka-sa-barsunastim-naslonom\/\" \/>\n<meta property=\"og:site_name\" content=\"Inti\" \/>\n<meta property=\"og:image\" content=\"https:\/\/i0.wp.com\/inti.hr\/wp-content\/uploads\/2022\/03\/Barsessel-Loungesessel-stufenlose-H-henverstellung-Samt-rosa1Y4ofjo3pk2Fvt.jpg?fit=1600%2C1600&ssl=1\" \/>\n\t<meta property=\"og:image:width\" content=\"1600\" \/>\n\t<meta property=\"og:image:height\" content=\"1600\" \/>\n\t<meta property=\"og:image:type\" content=\"image\/jpeg\" \/>\n<meta name=\"twitter:card\" content=\"summary_large_image\" \/>\n<script type=\"application\/ld+json\" class=\"yoast-schema-graph\">{\"@context\":\"https:\/\/schema.org\",\"@graph\":[{\"@type\":\"WebPage\",\"@id\":\"https:\/\/inti.hr\/sr\/proizvod\/lezaljka-sa-barsunastim-naslonom\/\",\"url\":\"https:\/\/inti.hr\/sr\/proizvod\/lezaljka-sa-barsunastim-naslonom\/\",\"name\":\"Le\u017ealjka sa bar\u0161unastim naslonom - Inti\",\"isPartOf\":{\"@id\":\"https:\/\/inti.hr\/sr\/#website\"},\"primaryImageOfPage\":{\"@id\":\"https:\/\/inti.hr\/sr\/proizvod\/lezaljka-sa-barsunastim-naslonom\/#primaryimage\"},\"image\":{\"@id\":\"https:\/\/inti.hr\/sr\/proizvod\/lezaljka-sa-barsunastim-naslonom\/#primaryimage\"},\"thumbnailUrl\":\"https:\/\/i0.wp.com\/inti.hr\/wp-content\/uploads\/2022\/03\/Barsessel-Loungesessel-stufenlose-H-henverstellung-Samt-rosa1Y4ofjo3pk2Fvt.jpg?fit=1600%2C1600&ssl=1\",\"datePublished\":\"2022-03-18T07:46:44+00:00\",\"dateModified\":\"2022-03-18T07:46:44+00:00\",\"description\":\"Debelo podstavljeno bar\u0161unasto sjedalo, lako se \u010disti i odr\u017eava. Okvir od kromiranog \u010delika, vrlo \u010dvrst. Zahvaljuju\u0107i ugra\u0111enoj plinskoj oprugi, ova barska stolica je beskona\u010dno podesiva po visini i slobodno rotiraju\u0107a za 360\u00b0. Jednostavna i brza monta\u017ea i demonta\u017ea. Stabilna i kvalitetna izrada.\",\"breadcrumb\":{\"@id\":\"https:\/\/inti.hr\/sr\/proizvod\/lezaljka-sa-barsunastim-naslonom\/#breadcrumb\"},\"inLanguage\":\"sr-RS\",\"potentialAction\":[{\"@type\":\"ReadAction\",\"target\":[\"https:\/\/inti.hr\/sr\/proizvod\/lezaljka-sa-barsunastim-naslonom\/\"]}]},{\"@type\":\"ImageObject\",\"inLanguage\":\"sr-RS\",\"@id\":\"https:\/\/inti.hr\/sr\/proizvod\/lezaljka-sa-barsunastim-naslonom\/#primaryimage\",\"url\":\"https:\/\/i0.wp.com\/inti.hr\/wp-content\/uploads\/2022\/03\/Barsessel-Loungesessel-stufenlose-H-henverstellung-Samt-rosa1Y4ofjo3pk2Fvt.jpg?fit=1600%2C1600&ssl=1\",\"contentUrl\":\"https:\/\/i0.wp.com\/inti.hr\/wp-content\/uploads\/2022\/03\/Barsessel-Loungesessel-stufenlose-H-henverstellung-Samt-rosa1Y4ofjo3pk2Fvt.jpg?fit=1600%2C1600&ssl=1\",\"width\":1600,\"height\":1600},{\"@type\":\"BreadcrumbList\",\"@id\":\"https:\/\/inti.hr\/sr\/proizvod\/lezaljka-sa-barsunastim-naslonom\/#breadcrumb\",\"itemListElement\":[{\"@type\":\"ListItem\",\"position\":1,\"name\":\"Po\u010detna stranica\",\"item\":\"https:\/\/inti.hr\/sr\/\"},{\"@type\":\"ListItem\",\"position\":2,\"name\":\"Prodavnica\",\"item\":\"https:\/\/inti.hr\/sr\/prodavnica\/\"},{\"@type\":\"ListItem\",\"position\":3,\"name\":\"Le\u017ealjka sa bar\u0161unastim naslonom\"}]},{\"@type\":\"WebSite\",\"@id\":\"https:\/\/inti.hr\/sr\/#website\",\"url\":\"https:\/\/inti.hr\/sr\/\",\"name\":\"Inti\",\"description\":\"trgovina\",\"potentialAction\":[{\"@type\":\"SearchAction\",\"target\":{\"@type\":\"EntryPoint\",\"urlTemplate\":\"https:\/\/inti.hr\/sr\/?s={search_term_string}\"},\"query-input\":{\"@type\":\"PropertyValueSpecification\",\"valueRequired\":true,\"valueName\":\"search_term_string\"}}],\"inLanguage\":\"sr-RS\"}]}<\/script>\n<!-- \/ Yoast SEO plugin. -->","yoast_head_json":{"title":"Le\u017ealjka sa bar\u0161unastim naslonom - Inti","description":"Debelo podstavljeno bar\u0161unasto sjedalo, lako se \u010disti i odr\u017eava. Okvir od kromiranog \u010delika, vrlo \u010dvrst. Zahvaljuju\u0107i ugra\u0111enoj plinskoj oprugi, ova barska stolica je beskona\u010dno podesiva po visini i slobodno rotiraju\u0107a za 360\u00b0. Jednostavna i brza monta\u017ea i demonta\u017ea. Stabilna i kvalitetna izrada.","robots":{"index":"index","follow":"follow","max-snippet":"max-snippet:-1","max-image-preview":"max-image-preview:large","max-video-preview":"max-video-preview:-1"},"canonical":"https:\/\/inti.hr\/sr\/proizvod\/lezaljka-sa-barsunastim-naslonom\/","og_locale":"sr_RS","og_type":"article","og_title":"Le\u017ealjka sa bar\u0161unastim naslonom - Inti","og_description":"Debelo podstavljeno bar\u0161unasto sjedalo, lako se \u010disti i odr\u017eava. Okvir od kromiranog \u010delika, vrlo \u010dvrst. Zahvaljuju\u0107i ugra\u0111enoj plinskoj oprugi, ova barska stolica je beskona\u010dno podesiva po visini i slobodno rotiraju\u0107a za 360\u00b0. Jednostavna i brza monta\u017ea i demonta\u017ea. Stabilna i kvalitetna izrada.","og_url":"https:\/\/inti.hr\/sr\/proizvod\/lezaljka-sa-barsunastim-naslonom\/","og_site_name":"Inti","og_image":[{"width":1600,"height":1600,"url":"https:\/\/i0.wp.com\/inti.hr\/wp-content\/uploads\/2022\/03\/Barsessel-Loungesessel-stufenlose-H-henverstellung-Samt-rosa1Y4ofjo3pk2Fvt.jpg?fit=1600%2C1600&ssl=1","type":"image\/jpeg"}],"twitter_card":"summary_large_image","schema":{"@context":"https:\/\/schema.org","@graph":[{"@type":"WebPage","@id":"https:\/\/inti.hr\/sr\/proizvod\/lezaljka-sa-barsunastim-naslonom\/","url":"https:\/\/inti.hr\/sr\/proizvod\/lezaljka-sa-barsunastim-naslonom\/","name":"Le\u017ealjka sa bar\u0161unastim naslonom - Inti","isPartOf":{"@id":"https:\/\/inti.hr\/sr\/#website"},"primaryImageOfPage":{"@id":"https:\/\/inti.hr\/sr\/proizvod\/lezaljka-sa-barsunastim-naslonom\/#primaryimage"},"image":{"@id":"https:\/\/inti.hr\/sr\/proizvod\/lezaljka-sa-barsunastim-naslonom\/#primaryimage"},"thumbnailUrl":"https:\/\/i0.wp.com\/inti.hr\/wp-content\/uploads\/2022\/03\/Barsessel-Loungesessel-stufenlose-H-henverstellung-Samt-rosa1Y4ofjo3pk2Fvt.jpg?fit=1600%2C1600&ssl=1","datePublished":"2022-03-18T07:46:44+00:00","dateModified":"2022-03-18T07:46:44+00:00","description":"Debelo podstavljeno bar\u0161unasto sjedalo, lako se \u010disti i odr\u017eava. Okvir od kromiranog \u010delika, vrlo \u010dvrst. Zahvaljuju\u0107i ugra\u0111enoj plinskoj oprugi, ova barska stolica je beskona\u010dno podesiva po visini i slobodno rotiraju\u0107a za 360\u00b0. Jednostavna i brza monta\u017ea i demonta\u017ea. Stabilna i kvalitetna izrada.","breadcrumb":{"@id":"https:\/\/inti.hr\/sr\/proizvod\/lezaljka-sa-barsunastim-naslonom\/#breadcrumb"},"inLanguage":"sr-RS","potentialAction":[{"@type":"ReadAction","target":["https:\/\/inti.hr\/sr\/proizvod\/lezaljka-sa-barsunastim-naslonom\/"]}]},{"@type":"ImageObject","inLanguage":"sr-RS","@id":"https:\/\/inti.hr\/sr\/proizvod\/lezaljka-sa-barsunastim-naslonom\/#primaryimage","url":"https:\/\/i0.wp.com\/inti.hr\/wp-content\/uploads\/2022\/03\/Barsessel-Loungesessel-stufenlose-H-henverstellung-Samt-rosa1Y4ofjo3pk2Fvt.jpg?fit=1600%2C1600&ssl=1","contentUrl":"https:\/\/i0.wp.com\/inti.hr\/wp-content\/uploads\/2022\/03\/Barsessel-Loungesessel-stufenlose-H-henverstellung-Samt-rosa1Y4ofjo3pk2Fvt.jpg?fit=1600%2C1600&ssl=1","width":1600,"height":1600},{"@type":"BreadcrumbList","@id":"https:\/\/inti.hr\/sr\/proizvod\/lezaljka-sa-barsunastim-naslonom\/#breadcrumb","itemListElement":[{"@type":"ListItem","position":1,"name":"Po\u010detna stranica","item":"https:\/\/inti.hr\/sr\/"},{"@type":"ListItem","position":2,"name":"Prodavnica","item":"https:\/\/inti.hr\/sr\/prodavnica\/"},{"@type":"ListItem","position":3,"name":"Le\u017ealjka sa bar\u0161unastim naslonom"}]},{"@type":"WebSite","@id":"https:\/\/inti.hr\/sr\/#website","url":"https:\/\/inti.hr\/sr\/","name":"Inti","description":"trgovina","potentialAction":[{"@type":"SearchAction","target":{"@type":"EntryPoint","urlTemplate":"https:\/\/inti.hr\/sr\/?s={search_term_string}"},"query-input":{"@type":"PropertyValueSpecification","valueRequired":true,"valueName":"search_term_string"}}],"inLanguage":"sr-RS"}]}},"jetpack_sharing_enabled":true,"jetpack-related-posts":[],"_links":{"self":[{"href":"https:\/\/inti.hr\/sr\/wp-json\/wp\/v2\/product\/38318"}],"collection":[{"href":"https:\/\/inti.hr\/sr\/wp-json\/wp\/v2\/product"}],"about":[{"href":"https:\/\/inti.hr\/sr\/wp-json\/wp\/v2\/types\/product"}],"wp:featuredmedia":[{"embeddable":true,"href":"https:\/\/inti.hr\/sr\/wp-json\/wp\/v2\/media\/38319"}],"wp:attachment":[{"href":"https:\/\/inti.hr\/sr\/wp-json\/wp\/v2\/media?parent=38318"}],"wp:term":[{"taxonomy":"product_cat","embeddable":true,"href":"https:\/\/inti.hr\/sr\/wp-json\/wp\/v2\/product_cat?post=38318"},{"taxonomy":"product_tag","embeddable":true,"href":"https:\/\/inti.hr\/sr\/wp-json\/wp\/v2\/product_tag?post=38318"}],"curies":[{"name":"wp","href":"https:\/\/api.w.org\/{rel}","templated":true}]}}