{"id":38360,"date":"2022-03-16T11:40:52","date_gmt":"2022-03-16T11:40:52","guid":{"rendered":"https:\/\/inti.hr\/product\/djecja-polica-za-knjige\/"},"modified":"2022-03-16T11:40:52","modified_gmt":"2022-03-16T11:40:52","slug":"djecja-polica-za-knjige","status":"publish","type":"product","link":"https:\/\/inti.hr\/sr\/proizvod\/djecja-polica-za-knjige\/","title":{"rendered":"Dje\u010dja polica za knjige"},"content":{"rendered":"<p>Detalji proizvoda:<\/p>\n<ul>\n<li>Materijal: MDF (E1 klasa), drvena p\u010dela, lak na bazi vode<\/li>\n<li>Boja bijela<\/li>\n<li>Ukupna veli\u010dina: 24 x 116 x 80 cm (\u0160 x V x D)<\/li>\n<li>Neto te\u017eina: 16 kg<\/li>\n<li>Bruto te\u017eina: 17,4 kg<\/li>\n<li>Prikladna dob: 3+<\/li>\n<\/ul>\n","protected":false},"excerpt":{"rendered":"<ul>\n<li>MDF plo\u010de klase E1 s nogama od punog drveta, robusne &#8230;<br \/>\n","protected":false},"featured_media":38362,"template":"","meta":[],"product_cat":[2411],"product_tag":[3007,5447,3989],"yoast_head":"<!-- This site is optimized with the Yoast SEO plugin v23.7 - https:\/\/yoast.com\/wordpress\/plugins\/seo\/ -->\n<title>Dje\u010dja polica za knjige - Inti<\/title>\n<meta name=\"description\" content=\"MDF plo\u010de klase E1 s nogama od punog drveta, robusne i stabilnePovr\u0161ina s lakom na bazi vode, glatka i laka za \u010di\u0161\u0107enjeDizajn otvaranja s 11 pretinaca za odlaganje na 5 razina za odlaganje raznih predmetaPrikladna visina kako bi djeca mogla lako do\u0107i do raznih policaPrekrasan dizajn krova osvojit \u0107e srca djece i odraslihJednostavan za sastavljanje, s uklju\u010denim uputama i priborom.\" \/>\n<meta name=\"robots\" content=\"index, follow, max-snippet:-1, max-image-preview:large, max-video-preview:-1\" \/>\n<link rel=\"canonical\" href=\"https:\/\/inti.hr\/sr\/proizvod\/djecja-polica-za-knjige\/\" \/>\n<meta property=\"og:locale\" content=\"sr_RS\" \/>\n<meta property=\"og:type\" content=\"article\" \/>\n<meta property=\"og:title\" content=\"Dje\u010dja polica za knjige - Inti\" \/>\n<meta property=\"og:description\" content=\"MDF plo\u010de klase E1 s nogama od punog drveta, robusne i stabilnePovr\u0161ina s lakom na bazi vode, glatka i laka za \u010di\u0161\u0107enjeDizajn otvaranja s 11 pretinaca za odlaganje na 5 razina za odlaganje raznih predmetaPrikladna visina kako bi djeca mogla lako do\u0107i do raznih policaPrekrasan dizajn krova osvojit \u0107e srca djece i odraslihJednostavan za sastavljanje, s uklju\u010denim uputama i priborom.\" \/>\n<meta property=\"og:url\" content=\"https:\/\/inti.hr\/sr\/proizvod\/djecja-polica-za-knjige\/\" \/>\n<meta property=\"og:site_name\" content=\"Inti\" \/>\n<meta property=\"og:image\" content=\"https:\/\/i0.wp.com\/inti.hr\/wp-content\/uploads\/2022\/03\/Kinder-Buecherregal-Hausform-Kinderregal-mit-5-Ebenen-KR010-MA-weiss2.jpg?fit=1500%2C1500&ssl=1\" \/>\n\t<meta property=\"og:image:width\" content=\"1500\" \/>\n\t<meta property=\"og:image:height\" content=\"1500\" \/>\n\t<meta property=\"og:image:type\" content=\"image\/jpeg\" \/>\n<meta name=\"twitter:card\" content=\"summary_large_image\" \/>\n<script type=\"application\/ld+json\" class=\"yoast-schema-graph\">{\"@context\":\"https:\/\/schema.org\",\"@graph\":[{\"@type\":\"WebPage\",\"@id\":\"https:\/\/inti.hr\/sr\/proizvod\/djecja-polica-za-knjige\/\",\"url\":\"https:\/\/inti.hr\/sr\/proizvod\/djecja-polica-za-knjige\/\",\"name\":\"Dje\u010dja polica za knjige - Inti\",\"isPartOf\":{\"@id\":\"https:\/\/inti.hr\/sr\/#website\"},\"primaryImageOfPage\":{\"@id\":\"https:\/\/inti.hr\/sr\/proizvod\/djecja-polica-za-knjige\/#primaryimage\"},\"image\":{\"@id\":\"https:\/\/inti.hr\/sr\/proizvod\/djecja-polica-za-knjige\/#primaryimage\"},\"thumbnailUrl\":\"https:\/\/i0.wp.com\/inti.hr\/wp-content\/uploads\/2022\/03\/Kinder-Buecherregal-Hausform-Kinderregal-mit-5-Ebenen-KR010-MA-weiss2.jpg?fit=1500%2C1500&ssl=1\",\"datePublished\":\"2022-03-16T11:40:52+00:00\",\"dateModified\":\"2022-03-16T11:40:52+00:00\",\"description\":\"MDF plo\u010de klase E1 s nogama od punog drveta, robusne i stabilnePovr\u0161ina s lakom na bazi vode, glatka i laka za \u010di\u0161\u0107enjeDizajn otvaranja s 11 pretinaca za odlaganje na 5 razina za odlaganje raznih predmetaPrikladna visina kako bi djeca mogla lako do\u0107i do raznih policaPrekrasan dizajn krova osvojit \u0107e srca djece i odraslihJednostavan za sastavljanje, s uklju\u010denim uputama i priborom.\",\"breadcrumb\":{\"@id\":\"https:\/\/inti.hr\/sr\/proizvod\/djecja-polica-za-knjige\/#breadcrumb\"},\"inLanguage\":\"sr-RS\",\"potentialAction\":[{\"@type\":\"ReadAction\",\"target\":[\"https:\/\/inti.hr\/sr\/proizvod\/djecja-polica-za-knjige\/\"]}]},{\"@type\":\"ImageObject\",\"inLanguage\":\"sr-RS\",\"@id\":\"https:\/\/inti.hr\/sr\/proizvod\/djecja-polica-za-knjige\/#primaryimage\",\"url\":\"https:\/\/i0.wp.com\/inti.hr\/wp-content\/uploads\/2022\/03\/Kinder-Buecherregal-Hausform-Kinderregal-mit-5-Ebenen-KR010-MA-weiss2.jpg?fit=1500%2C1500&ssl=1\",\"contentUrl\":\"https:\/\/i0.wp.com\/inti.hr\/wp-content\/uploads\/2022\/03\/Kinder-Buecherregal-Hausform-Kinderregal-mit-5-Ebenen-KR010-MA-weiss2.jpg?fit=1500%2C1500&ssl=1\",\"width\":1500,\"height\":1500},{\"@type\":\"BreadcrumbList\",\"@id\":\"https:\/\/inti.hr\/sr\/proizvod\/djecja-polica-za-knjige\/#breadcrumb\",\"itemListElement\":[{\"@type\":\"ListItem\",\"position\":1,\"name\":\"Po\u010detna stranica\",\"item\":\"https:\/\/inti.hr\/sr\/\"},{\"@type\":\"ListItem\",\"position\":2,\"name\":\"Prodavnica\",\"item\":\"https:\/\/inti.hr\/sr\/prodavnica\/\"},{\"@type\":\"ListItem\",\"position\":3,\"name\":\"Dje\u010dja polica za knjige\"}]},{\"@type\":\"WebSite\",\"@id\":\"https:\/\/inti.hr\/sr\/#website\",\"url\":\"https:\/\/inti.hr\/sr\/\",\"name\":\"Inti\",\"description\":\"trgovina\",\"potentialAction\":[{\"@type\":\"SearchAction\",\"target\":{\"@type\":\"EntryPoint\",\"urlTemplate\":\"https:\/\/inti.hr\/sr\/?s={search_term_string}\"},\"query-input\":{\"@type\":\"PropertyValueSpecification\",\"valueRequired\":true,\"valueName\":\"search_term_string\"}}],\"inLanguage\":\"sr-RS\"}]}<\/script>\n<!-- \/ Yoast SEO plugin. -->","yoast_head_json":{"title":"Dje\u010dja polica za knjige - Inti","description":"MDF plo\u010de klase E1 s nogama od punog drveta, robusne i stabilnePovr\u0161ina s lakom na bazi vode, glatka i laka za \u010di\u0161\u0107enjeDizajn otvaranja s 11 pretinaca za odlaganje na 5 razina za odlaganje raznih predmetaPrikladna visina kako bi djeca mogla lako do\u0107i do raznih policaPrekrasan dizajn krova osvojit \u0107e srca djece i odraslihJednostavan za sastavljanje, s uklju\u010denim uputama i priborom.","robots":{"index":"index","follow":"follow","max-snippet":"max-snippet:-1","max-image-preview":"max-image-preview:large","max-video-preview":"max-video-preview:-1"},"canonical":"https:\/\/inti.hr\/sr\/proizvod\/djecja-polica-za-knjige\/","og_locale":"sr_RS","og_type":"article","og_title":"Dje\u010dja polica za knjige - Inti","og_description":"MDF plo\u010de klase E1 s nogama od punog drveta, robusne i stabilnePovr\u0161ina s lakom na bazi vode, glatka i laka za \u010di\u0161\u0107enjeDizajn otvaranja s 11 pretinaca za odlaganje na 5 razina za odlaganje raznih predmetaPrikladna visina kako bi djeca mogla lako do\u0107i do raznih policaPrekrasan dizajn krova osvojit \u0107e srca djece i odraslihJednostavan za sastavljanje, s uklju\u010denim uputama i priborom.","og_url":"https:\/\/inti.hr\/sr\/proizvod\/djecja-polica-za-knjige\/","og_site_name":"Inti","og_image":[{"width":1500,"height":1500,"url":"https:\/\/i0.wp.com\/inti.hr\/wp-content\/uploads\/2022\/03\/Kinder-Buecherregal-Hausform-Kinderregal-mit-5-Ebenen-KR010-MA-weiss2.jpg?fit=1500%2C1500&ssl=1","type":"image\/jpeg"}],"twitter_card":"summary_large_image","schema":{"@context":"https:\/\/schema.org","@graph":[{"@type":"WebPage","@id":"https:\/\/inti.hr\/sr\/proizvod\/djecja-polica-za-knjige\/","url":"https:\/\/inti.hr\/sr\/proizvod\/djecja-polica-za-knjige\/","name":"Dje\u010dja polica za knjige - Inti","isPartOf":{"@id":"https:\/\/inti.hr\/sr\/#website"},"primaryImageOfPage":{"@id":"https:\/\/inti.hr\/sr\/proizvod\/djecja-polica-za-knjige\/#primaryimage"},"image":{"@id":"https:\/\/inti.hr\/sr\/proizvod\/djecja-polica-za-knjige\/#primaryimage"},"thumbnailUrl":"https:\/\/i0.wp.com\/inti.hr\/wp-content\/uploads\/2022\/03\/Kinder-Buecherregal-Hausform-Kinderregal-mit-5-Ebenen-KR010-MA-weiss2.jpg?fit=1500%2C1500&ssl=1","datePublished":"2022-03-16T11:40:52+00:00","dateModified":"2022-03-16T11:40:52+00:00","description":"MDF plo\u010de klase E1 s nogama od punog drveta, robusne i stabilnePovr\u0161ina s lakom na bazi vode, glatka i laka za \u010di\u0161\u0107enjeDizajn otvaranja s 11 pretinaca za odlaganje na 5 razina za odlaganje raznih predmetaPrikladna visina kako bi djeca mogla lako do\u0107i do raznih policaPrekrasan dizajn krova osvojit \u0107e srca djece i odraslihJednostavan za sastavljanje, s uklju\u010denim uputama i priborom.","breadcrumb":{"@id":"https:\/\/inti.hr\/sr\/proizvod\/djecja-polica-za-knjige\/#breadcrumb"},"inLanguage":"sr-RS","potentialAction":[{"@type":"ReadAction","target":["https:\/\/inti.hr\/sr\/proizvod\/djecja-polica-za-knjige\/"]}]},{"@type":"ImageObject","inLanguage":"sr-RS","@id":"https:\/\/inti.hr\/sr\/proizvod\/djecja-polica-za-knjige\/#primaryimage","url":"https:\/\/i0.wp.com\/inti.hr\/wp-content\/uploads\/2022\/03\/Kinder-Buecherregal-Hausform-Kinderregal-mit-5-Ebenen-KR010-MA-weiss2.jpg?fit=1500%2C1500&ssl=1","contentUrl":"https:\/\/i0.wp.com\/inti.hr\/wp-content\/uploads\/2022\/03\/Kinder-Buecherregal-Hausform-Kinderregal-mit-5-Ebenen-KR010-MA-weiss2.jpg?fit=1500%2C1500&ssl=1","width":1500,"height":1500},{"@type":"BreadcrumbList","@id":"https:\/\/inti.hr\/sr\/proizvod\/djecja-polica-za-knjige\/#breadcrumb","itemListElement":[{"@type":"ListItem","position":1,"name":"Po\u010detna stranica","item":"https:\/\/inti.hr\/sr\/"},{"@type":"ListItem","position":2,"name":"Prodavnica","item":"https:\/\/inti.hr\/sr\/prodavnica\/"},{"@type":"ListItem","position":3,"name":"Dje\u010dja polica za knjige"}]},{"@type":"WebSite","@id":"https:\/\/inti.hr\/sr\/#website","url":"https:\/\/inti.hr\/sr\/","name":"Inti","description":"trgovina","potentialAction":[{"@type":"SearchAction","target":{"@type":"EntryPoint","urlTemplate":"https:\/\/inti.hr\/sr\/?s={search_term_string}"},"query-input":{"@type":"PropertyValueSpecification","valueRequired":true,"valueName":"search_term_string"}}],"inLanguage":"sr-RS"}]}},"jetpack_sharing_enabled":true,"jetpack-related-posts":[],"_links":{"self":[{"href":"https:\/\/inti.hr\/sr\/wp-json\/wp\/v2\/product\/38360"}],"collection":[{"href":"https:\/\/inti.hr\/sr\/wp-json\/wp\/v2\/product"}],"about":[{"href":"https:\/\/inti.hr\/sr\/wp-json\/wp\/v2\/types\/product"}],"wp:featuredmedia":[{"embeddable":true,"href":"https:\/\/inti.hr\/sr\/wp-json\/wp\/v2\/media\/38362"}],"wp:attachment":[{"href":"https:\/\/inti.hr\/sr\/wp-json\/wp\/v2\/media?parent=38360"}],"wp:term":[{"taxonomy":"product_cat","embeddable":true,"href":"https:\/\/inti.hr\/sr\/wp-json\/wp\/v2\/product_cat?post=38360"},{"taxonomy":"product_tag","embeddable":true,"href":"https:\/\/inti.hr\/sr\/wp-json\/wp\/v2\/product_tag?post=38360"}],"curies":[{"name":"wp","href":"https:\/\/api.w.org\/{rel}","templated":true}]}}