{"id":38365,"date":"2022-03-16T11:24:46","date_gmt":"2022-03-16T11:24:46","guid":{"rendered":"https:\/\/inti.hr\/product\/gabion-100-x-30-x-30-cm\/"},"modified":"2022-03-16T11:24:46","modified_gmt":"2022-03-16T11:24:46","slug":"gabion-100-x-30-x-30-cm","status":"publish","type":"product","link":"https:\/\/inti.hr\/sr\/proizvod\/gabion-100-x-30-x-30-cm\/","title":{"rendered":"Gabion 100 x 30 x 30 cm"},"content":{"rendered":"<div class=\"right\">\n<ul>\n<li>\n<div><b>Detalji o proizvodu:<\/b><\/div>\n<div>Dimenzije: 100 x 50 x 30 cm<\/div>\n<div>Veli\u010dina mre\u017ee: 10 x 5 cm<\/div>\n<div>Promjer \u017eice: 4 mm<\/div>\n<div>Metal: pocin\u010dani \u010deli\u010dni kavezi (visoko otporni na koroziju)<\/div>\n<div>Boja: siva\/srebrna<\/div>\n<div><\/div>\n<div><b>Opseg isporuke:<\/b><\/div>\n<div>6 x \u017ei\u010dana mre\u017ea<\/div>\n<div>12 x spiralni spoj<\/div>\n<div>1 * Uputa<\/div>\n<div>4 x odstojnici<\/div>\n<\/li>\n<\/ul>\n<\/div>\n","protected":false},"excerpt":{"rendered":"<div class=\"left\">\n<ul>\n<li>Jednostavan za sastavljanje: jednostavno uvrnite spiralne spojeve kako biste &#8230;<br \/>\n","protected":false},"featured_media":38366,"template":"","meta":[],"product_cat":[2461],"product_tag":[4735,2561,5449],"yoast_head":"<!-- This site is optimized with the Yoast SEO plugin v23.7 - https:\/\/yoast.com\/wordpress\/plugins\/seo\/ -->\n<title>Gabion 100 x 30 x 30 cm - Inti<\/title>\n<meta name=\"description\" content=\"Jednostavan za sastavljanje: jednostavno uvrnite spiralne spojeve kako biste \u010dvrsto vezali \u017ei\u010danu mre\u017eu, nisu potrebni posebni alati.Visokokvalitetan materijal: izra\u0111en od pocin\u010dane \u017eice, gabion je vrlo robustan i otporan na koroziju;\u00a0Odstojnici pru\u017eaju dodatnu stabilnost;\u00a0Ujedna\u010dena veli\u010dina mre\u017ee: 10 x 5 cm.Svestrano: gabionske ko\u0161are savr\u0161ene su za dizajn vrtova i krajobraznu arhitekturu, za oja\u010danje nasipa i kao potporni zid ili gradili\u0161te.Ekonomi\u010dan i izdr\u017eljiv: kao alternativa betonskim zidovima i zidovima od opeke, gabionski sustav ispunjava istu svrhu kao grani\u010dni ili za\u0161titni zaslon, ali je jo\u0161 uvijek jeftiniji, tako da ne \u0161tedite samo novac, ve\u0107 i vrijeme izgradnje.Za punjenje se mogu koristiti razli\u010diti materijali, kao \u0161to su lomljeni kamen, vapnenac, \u0161ljunak, cigla ili blokovi drveta, itd., prema potrebi;\u00a0Za dekoraciju mo\u017eete kreativno koristiti svjetla poput vilinskih lampica ili biljaka, a ve\u0107 imate umjetni\u010dko djelo u vrtu.\" \/>\n<meta name=\"robots\" content=\"index, follow, max-snippet:-1, max-image-preview:large, max-video-preview:-1\" \/>\n<link rel=\"canonical\" href=\"https:\/\/inti.hr\/sr\/proizvod\/gabion-100-x-30-x-30-cm\/\" \/>\n<meta property=\"og:locale\" content=\"sr_RS\" \/>\n<meta property=\"og:type\" content=\"article\" \/>\n<meta property=\"og:title\" content=\"Gabion 100 x 30 x 30 cm - Inti\" \/>\n<meta property=\"og:description\" content=\"Jednostavan za sastavljanje: jednostavno uvrnite spiralne spojeve kako biste \u010dvrsto vezali \u017ei\u010danu mre\u017eu, nisu potrebni posebni alati.Visokokvalitetan materijal: izra\u0111en od pocin\u010dane \u017eice, gabion je vrlo robustan i otporan na koroziju;\u00a0Odstojnici pru\u017eaju dodatnu stabilnost;\u00a0Ujedna\u010dena veli\u010dina mre\u017ee: 10 x 5 cm.Svestrano: gabionske ko\u0161are savr\u0161ene su za dizajn vrtova i krajobraznu arhitekturu, za oja\u010danje nasipa i kao potporni zid ili gradili\u0161te.Ekonomi\u010dan i izdr\u017eljiv: kao alternativa betonskim zidovima i zidovima od opeke, gabionski sustav ispunjava istu svrhu kao grani\u010dni ili za\u0161titni zaslon, ali je jo\u0161 uvijek jeftiniji, tako da ne \u0161tedite samo novac, ve\u0107 i vrijeme izgradnje.Za punjenje se mogu koristiti razli\u010diti materijali, kao \u0161to su lomljeni kamen, vapnenac, \u0161ljunak, cigla ili blokovi drveta, itd., prema potrebi;\u00a0Za dekoraciju mo\u017eete kreativno koristiti svjetla poput vilinskih lampica ili biljaka, a ve\u0107 imate umjetni\u010dko djelo u vrtu.\" \/>\n<meta property=\"og:url\" content=\"https:\/\/inti.hr\/sr\/proizvod\/gabion-100-x-30-x-30-cm\/\" \/>\n<meta property=\"og:site_name\" content=\"Inti\" \/>\n<meta property=\"og:image\" content=\"https:\/\/i0.wp.com\/inti.hr\/wp-content\/uploads\/2022\/03\/91UV3lmVIL._AC_SL1500_.jpg?fit=1500%2C1500&ssl=1\" \/>\n\t<meta property=\"og:image:width\" content=\"1500\" \/>\n\t<meta property=\"og:image:height\" content=\"1500\" \/>\n\t<meta property=\"og:image:type\" content=\"image\/jpeg\" \/>\n<meta name=\"twitter:card\" content=\"summary_large_image\" \/>\n<script type=\"application\/ld+json\" class=\"yoast-schema-graph\">{\"@context\":\"https:\/\/schema.org\",\"@graph\":[{\"@type\":\"WebPage\",\"@id\":\"https:\/\/inti.hr\/sr\/proizvod\/gabion-100-x-30-x-30-cm\/\",\"url\":\"https:\/\/inti.hr\/sr\/proizvod\/gabion-100-x-30-x-30-cm\/\",\"name\":\"Gabion 100 x 30 x 30 cm - Inti\",\"isPartOf\":{\"@id\":\"https:\/\/inti.hr\/sr\/#website\"},\"primaryImageOfPage\":{\"@id\":\"https:\/\/inti.hr\/sr\/proizvod\/gabion-100-x-30-x-30-cm\/#primaryimage\"},\"image\":{\"@id\":\"https:\/\/inti.hr\/sr\/proizvod\/gabion-100-x-30-x-30-cm\/#primaryimage\"},\"thumbnailUrl\":\"https:\/\/i0.wp.com\/inti.hr\/wp-content\/uploads\/2022\/03\/91UV3lmVIL._AC_SL1500_.jpg?fit=1500%2C1500&ssl=1\",\"datePublished\":\"2022-03-16T11:24:46+00:00\",\"dateModified\":\"2022-03-16T11:24:46+00:00\",\"description\":\"Jednostavan za sastavljanje: jednostavno uvrnite spiralne spojeve kako biste \u010dvrsto vezali \u017ei\u010danu mre\u017eu, nisu potrebni posebni alati.Visokokvalitetan materijal: izra\u0111en od pocin\u010dane \u017eice, gabion je vrlo robustan i otporan na koroziju;\u00a0Odstojnici pru\u017eaju dodatnu stabilnost;\u00a0Ujedna\u010dena veli\u010dina mre\u017ee: 10 x 5 cm.Svestrano: gabionske ko\u0161are savr\u0161ene su za dizajn vrtova i krajobraznu arhitekturu, za oja\u010danje nasipa i kao potporni zid ili gradili\u0161te.Ekonomi\u010dan i izdr\u017eljiv: kao alternativa betonskim zidovima i zidovima od opeke, gabionski sustav ispunjava istu svrhu kao grani\u010dni ili za\u0161titni zaslon, ali je jo\u0161 uvijek jeftiniji, tako da ne \u0161tedite samo novac, ve\u0107 i vrijeme izgradnje.Za punjenje se mogu koristiti razli\u010diti materijali, kao \u0161to su lomljeni kamen, vapnenac, \u0161ljunak, cigla ili blokovi drveta, itd., prema potrebi;\u00a0Za dekoraciju mo\u017eete kreativno koristiti svjetla poput vilinskih lampica ili biljaka, a ve\u0107 imate umjetni\u010dko djelo u vrtu.\",\"breadcrumb\":{\"@id\":\"https:\/\/inti.hr\/sr\/proizvod\/gabion-100-x-30-x-30-cm\/#breadcrumb\"},\"inLanguage\":\"sr-RS\",\"potentialAction\":[{\"@type\":\"ReadAction\",\"target\":[\"https:\/\/inti.hr\/sr\/proizvod\/gabion-100-x-30-x-30-cm\/\"]}]},{\"@type\":\"ImageObject\",\"inLanguage\":\"sr-RS\",\"@id\":\"https:\/\/inti.hr\/sr\/proizvod\/gabion-100-x-30-x-30-cm\/#primaryimage\",\"url\":\"https:\/\/i0.wp.com\/inti.hr\/wp-content\/uploads\/2022\/03\/91UV3lmVIL._AC_SL1500_.jpg?fit=1500%2C1500&ssl=1\",\"contentUrl\":\"https:\/\/i0.wp.com\/inti.hr\/wp-content\/uploads\/2022\/03\/91UV3lmVIL._AC_SL1500_.jpg?fit=1500%2C1500&ssl=1\",\"width\":1500,\"height\":1500},{\"@type\":\"BreadcrumbList\",\"@id\":\"https:\/\/inti.hr\/sr\/proizvod\/gabion-100-x-30-x-30-cm\/#breadcrumb\",\"itemListElement\":[{\"@type\":\"ListItem\",\"position\":1,\"name\":\"Po\u010detna stranica\",\"item\":\"https:\/\/inti.hr\/sr\/\"},{\"@type\":\"ListItem\",\"position\":2,\"name\":\"Prodavnica\",\"item\":\"https:\/\/inti.hr\/sr\/prodavnica\/\"},{\"@type\":\"ListItem\",\"position\":3,\"name\":\"Gabion 100 x 30 x 30 cm\"}]},{\"@type\":\"WebSite\",\"@id\":\"https:\/\/inti.hr\/sr\/#website\",\"url\":\"https:\/\/inti.hr\/sr\/\",\"name\":\"Inti\",\"description\":\"trgovina\",\"potentialAction\":[{\"@type\":\"SearchAction\",\"target\":{\"@type\":\"EntryPoint\",\"urlTemplate\":\"https:\/\/inti.hr\/sr\/?s={search_term_string}\"},\"query-input\":{\"@type\":\"PropertyValueSpecification\",\"valueRequired\":true,\"valueName\":\"search_term_string\"}}],\"inLanguage\":\"sr-RS\"}]}<\/script>\n<!-- \/ Yoast SEO plugin. -->","yoast_head_json":{"title":"Gabion 100 x 30 x 30 cm - Inti","description":"Jednostavan za sastavljanje: jednostavno uvrnite spiralne spojeve kako biste \u010dvrsto vezali \u017ei\u010danu mre\u017eu, nisu potrebni posebni alati.Visokokvalitetan materijal: izra\u0111en od pocin\u010dane \u017eice, gabion je vrlo robustan i otporan na koroziju;\u00a0Odstojnici pru\u017eaju dodatnu stabilnost;\u00a0Ujedna\u010dena veli\u010dina mre\u017ee: 10 x 5 cm.Svestrano: gabionske ko\u0161are savr\u0161ene su za dizajn vrtova i krajobraznu arhitekturu, za oja\u010danje nasipa i kao potporni zid ili gradili\u0161te.Ekonomi\u010dan i izdr\u017eljiv: kao alternativa betonskim zidovima i zidovima od opeke, gabionski sustav ispunjava istu svrhu kao grani\u010dni ili za\u0161titni zaslon, ali je jo\u0161 uvijek jeftiniji, tako da ne \u0161tedite samo novac, ve\u0107 i vrijeme izgradnje.Za punjenje se mogu koristiti razli\u010diti materijali, kao \u0161to su lomljeni kamen, vapnenac, \u0161ljunak, cigla ili blokovi drveta, itd., prema potrebi;\u00a0Za dekoraciju mo\u017eete kreativno koristiti svjetla poput vilinskih lampica ili biljaka, a ve\u0107 imate umjetni\u010dko djelo u vrtu.","robots":{"index":"index","follow":"follow","max-snippet":"max-snippet:-1","max-image-preview":"max-image-preview:large","max-video-preview":"max-video-preview:-1"},"canonical":"https:\/\/inti.hr\/sr\/proizvod\/gabion-100-x-30-x-30-cm\/","og_locale":"sr_RS","og_type":"article","og_title":"Gabion 100 x 30 x 30 cm - Inti","og_description":"Jednostavan za sastavljanje: jednostavno uvrnite spiralne spojeve kako biste \u010dvrsto vezali \u017ei\u010danu mre\u017eu, nisu potrebni posebni alati.Visokokvalitetan materijal: izra\u0111en od pocin\u010dane \u017eice, gabion je vrlo robustan i otporan na koroziju;\u00a0Odstojnici pru\u017eaju dodatnu stabilnost;\u00a0Ujedna\u010dena veli\u010dina mre\u017ee: 10 x 5 cm.Svestrano: gabionske ko\u0161are savr\u0161ene su za dizajn vrtova i krajobraznu arhitekturu, za oja\u010danje nasipa i kao potporni zid ili gradili\u0161te.Ekonomi\u010dan i izdr\u017eljiv: kao alternativa betonskim zidovima i zidovima od opeke, gabionski sustav ispunjava istu svrhu kao grani\u010dni ili za\u0161titni zaslon, ali je jo\u0161 uvijek jeftiniji, tako da ne \u0161tedite samo novac, ve\u0107 i vrijeme izgradnje.Za punjenje se mogu koristiti razli\u010diti materijali, kao \u0161to su lomljeni kamen, vapnenac, \u0161ljunak, cigla ili blokovi drveta, itd., prema potrebi;\u00a0Za dekoraciju mo\u017eete kreativno koristiti svjetla poput vilinskih lampica ili biljaka, a ve\u0107 imate umjetni\u010dko djelo u vrtu.","og_url":"https:\/\/inti.hr\/sr\/proizvod\/gabion-100-x-30-x-30-cm\/","og_site_name":"Inti","og_image":[{"width":1500,"height":1500,"url":"https:\/\/i0.wp.com\/inti.hr\/wp-content\/uploads\/2022\/03\/91UV3lmVIL._AC_SL1500_.jpg?fit=1500%2C1500&ssl=1","type":"image\/jpeg"}],"twitter_card":"summary_large_image","schema":{"@context":"https:\/\/schema.org","@graph":[{"@type":"WebPage","@id":"https:\/\/inti.hr\/sr\/proizvod\/gabion-100-x-30-x-30-cm\/","url":"https:\/\/inti.hr\/sr\/proizvod\/gabion-100-x-30-x-30-cm\/","name":"Gabion 100 x 30 x 30 cm - Inti","isPartOf":{"@id":"https:\/\/inti.hr\/sr\/#website"},"primaryImageOfPage":{"@id":"https:\/\/inti.hr\/sr\/proizvod\/gabion-100-x-30-x-30-cm\/#primaryimage"},"image":{"@id":"https:\/\/inti.hr\/sr\/proizvod\/gabion-100-x-30-x-30-cm\/#primaryimage"},"thumbnailUrl":"https:\/\/i0.wp.com\/inti.hr\/wp-content\/uploads\/2022\/03\/91UV3lmVIL._AC_SL1500_.jpg?fit=1500%2C1500&ssl=1","datePublished":"2022-03-16T11:24:46+00:00","dateModified":"2022-03-16T11:24:46+00:00","description":"Jednostavan za sastavljanje: jednostavno uvrnite spiralne spojeve kako biste \u010dvrsto vezali \u017ei\u010danu mre\u017eu, nisu potrebni posebni alati.Visokokvalitetan materijal: izra\u0111en od pocin\u010dane \u017eice, gabion je vrlo robustan i otporan na koroziju;\u00a0Odstojnici pru\u017eaju dodatnu stabilnost;\u00a0Ujedna\u010dena veli\u010dina mre\u017ee: 10 x 5 cm.Svestrano: gabionske ko\u0161are savr\u0161ene su za dizajn vrtova i krajobraznu arhitekturu, za oja\u010danje nasipa i kao potporni zid ili gradili\u0161te.Ekonomi\u010dan i izdr\u017eljiv: kao alternativa betonskim zidovima i zidovima od opeke, gabionski sustav ispunjava istu svrhu kao grani\u010dni ili za\u0161titni zaslon, ali je jo\u0161 uvijek jeftiniji, tako da ne \u0161tedite samo novac, ve\u0107 i vrijeme izgradnje.Za punjenje se mogu koristiti razli\u010diti materijali, kao \u0161to su lomljeni kamen, vapnenac, \u0161ljunak, cigla ili blokovi drveta, itd., prema potrebi;\u00a0Za dekoraciju mo\u017eete kreativno koristiti svjetla poput vilinskih lampica ili biljaka, a ve\u0107 imate umjetni\u010dko djelo u vrtu.","breadcrumb":{"@id":"https:\/\/inti.hr\/sr\/proizvod\/gabion-100-x-30-x-30-cm\/#breadcrumb"},"inLanguage":"sr-RS","potentialAction":[{"@type":"ReadAction","target":["https:\/\/inti.hr\/sr\/proizvod\/gabion-100-x-30-x-30-cm\/"]}]},{"@type":"ImageObject","inLanguage":"sr-RS","@id":"https:\/\/inti.hr\/sr\/proizvod\/gabion-100-x-30-x-30-cm\/#primaryimage","url":"https:\/\/i0.wp.com\/inti.hr\/wp-content\/uploads\/2022\/03\/91UV3lmVIL._AC_SL1500_.jpg?fit=1500%2C1500&ssl=1","contentUrl":"https:\/\/i0.wp.com\/inti.hr\/wp-content\/uploads\/2022\/03\/91UV3lmVIL._AC_SL1500_.jpg?fit=1500%2C1500&ssl=1","width":1500,"height":1500},{"@type":"BreadcrumbList","@id":"https:\/\/inti.hr\/sr\/proizvod\/gabion-100-x-30-x-30-cm\/#breadcrumb","itemListElement":[{"@type":"ListItem","position":1,"name":"Po\u010detna stranica","item":"https:\/\/inti.hr\/sr\/"},{"@type":"ListItem","position":2,"name":"Prodavnica","item":"https:\/\/inti.hr\/sr\/prodavnica\/"},{"@type":"ListItem","position":3,"name":"Gabion 100 x 30 x 30 cm"}]},{"@type":"WebSite","@id":"https:\/\/inti.hr\/sr\/#website","url":"https:\/\/inti.hr\/sr\/","name":"Inti","description":"trgovina","potentialAction":[{"@type":"SearchAction","target":{"@type":"EntryPoint","urlTemplate":"https:\/\/inti.hr\/sr\/?s={search_term_string}"},"query-input":{"@type":"PropertyValueSpecification","valueRequired":true,"valueName":"search_term_string"}}],"inLanguage":"sr-RS"}]}},"jetpack_sharing_enabled":true,"jetpack-related-posts":[],"_links":{"self":[{"href":"https:\/\/inti.hr\/sr\/wp-json\/wp\/v2\/product\/38365"}],"collection":[{"href":"https:\/\/inti.hr\/sr\/wp-json\/wp\/v2\/product"}],"about":[{"href":"https:\/\/inti.hr\/sr\/wp-json\/wp\/v2\/types\/product"}],"wp:featuredmedia":[{"embeddable":true,"href":"https:\/\/inti.hr\/sr\/wp-json\/wp\/v2\/media\/38366"}],"wp:attachment":[{"href":"https:\/\/inti.hr\/sr\/wp-json\/wp\/v2\/media?parent=38365"}],"wp:term":[{"taxonomy":"product_cat","embeddable":true,"href":"https:\/\/inti.hr\/sr\/wp-json\/wp\/v2\/product_cat?post=38365"},{"taxonomy":"product_tag","embeddable":true,"href":"https:\/\/inti.hr\/sr\/wp-json\/wp\/v2\/product_tag?post=38365"}],"curies":[{"name":"wp","href":"https:\/\/api.w.org\/{rel}","templated":true}]}}