{"id":38370,"date":"2022-03-16T10:54:44","date_gmt":"2022-03-16T10:54:44","guid":{"rendered":"https:\/\/inti.hr\/product\/kameni-gabion-od-metalne-mreze\/"},"modified":"2022-03-16T10:54:44","modified_gmt":"2022-03-16T10:54:44","slug":"kameni-gabion-od-metalne-mreze","status":"publish","type":"product","link":"https:\/\/inti.hr\/sr\/proizvod\/kameni-gabion-od-metalne-mreze\/","title":{"rendered":"Kameni gabion od metalne mre\u017ee"},"content":{"rendered":"<div class=\"right\">\n<ul>\n<li>Detalji o proizvodu:<br \/>\n&#8211; vanjske dimenzije: 100 x 80 x 30 cm<br \/>\n&#8211; veli\u010dina mre\u017ee: 10 x 5 cm<br \/>\n&#8211; debljina \u017eice: 4 mm<br \/>\n&#8211; metal: kavezi od pocin\u010danog \u010delika (visoko otporni na koroziju)<br \/>\n&#8211; boja: siva\/srebrnaOpseg isporuke:<br \/>\n&#8211; 6 x \u017ei\u010dana mre\u017ea<br \/>\n&#8211; 12 x spiralni spoj<br \/>\n&#8211; 1 x upute<br \/>\n&#8211; 9x odstojnici.<\/li>\n<\/ul>\n<\/div>\n","protected":false},"excerpt":{"rendered":"<p>Gabioni su \u017ei\u010dane ko\u0161are punjene razli\u010ditim kamenjem, koje se koriste u &#8230; <\/p>\n","protected":false},"featured_media":38372,"template":"","meta":[],"product_cat":[2461],"product_tag":[5452,3684,2561,5453],"yoast_head":"<!-- This site is optimized with the Yoast SEO plugin v23.7 - https:\/\/yoast.com\/wordpress\/plugins\/seo\/ -->\n<title>Kameni gabion od metalne mre\u017ee - Inti<\/title>\n<meta name=\"description\" content=\"Gabioni su \u017ei\u010dane ko\u0161are punjene razli\u010ditim kamenjem, koje se koriste u raznim izvedbama ovisno o zahtjevima.\u00a0Izra\u0111eni od pocin\u010danog \u010delika otpornog na hr\u0111u i vremenske uvjete. Nude nevjerojatan broj mogu\u0107nosti dizajna i kombinacija.Veli\u010dina mre\u017ee je 10 x 5 cm, po\u017eeljno je gabion napuniti kamenjem \u2205 6-10 cm.Broj kamenja se izra\u010dunava na temelju volumena gabiona: npr. kamenje promjera 6 cm:GGB183 (0,24 m\u00b3) sadr\u017ei oko 1000 komadakamenje promjera 10 cm:\u00a0GGB183(0,24 m\u00b3) sadr\u017ei oko 200 komadagornje informacije su samo za referencu.\" \/>\n<meta name=\"robots\" content=\"index, follow, max-snippet:-1, max-image-preview:large, max-video-preview:-1\" \/>\n<link rel=\"canonical\" href=\"https:\/\/inti.hr\/sr\/proizvod\/kameni-gabion-od-metalne-mreze\/\" \/>\n<meta property=\"og:locale\" content=\"sr_RS\" \/>\n<meta property=\"og:type\" content=\"article\" \/>\n<meta property=\"og:title\" content=\"Kameni gabion od metalne mre\u017ee - Inti\" \/>\n<meta property=\"og:description\" content=\"Gabioni su \u017ei\u010dane ko\u0161are punjene razli\u010ditim kamenjem, koje se koriste u raznim izvedbama ovisno o zahtjevima.\u00a0Izra\u0111eni od pocin\u010danog \u010delika otpornog na hr\u0111u i vremenske uvjete. Nude nevjerojatan broj mogu\u0107nosti dizajna i kombinacija.Veli\u010dina mre\u017ee je 10 x 5 cm, po\u017eeljno je gabion napuniti kamenjem \u2205 6-10 cm.Broj kamenja se izra\u010dunava na temelju volumena gabiona: npr. kamenje promjera 6 cm:GGB183 (0,24 m\u00b3) sadr\u017ei oko 1000 komadakamenje promjera 10 cm:\u00a0GGB183(0,24 m\u00b3) sadr\u017ei oko 200 komadagornje informacije su samo za referencu.\" \/>\n<meta property=\"og:url\" content=\"https:\/\/inti.hr\/sr\/proizvod\/kameni-gabion-od-metalne-mreze\/\" \/>\n<meta property=\"og:site_name\" content=\"Inti\" \/>\n<meta property=\"og:image\" content=\"https:\/\/i0.wp.com\/inti.hr\/wp-content\/uploads\/2022\/03\/81tfegr1uBL._AC_SL1000_.jpg?fit=1000%2C1000&ssl=1\" \/>\n\t<meta property=\"og:image:width\" content=\"1000\" \/>\n\t<meta property=\"og:image:height\" content=\"1000\" \/>\n\t<meta property=\"og:image:type\" content=\"image\/jpeg\" \/>\n<meta name=\"twitter:card\" content=\"summary_large_image\" \/>\n<script type=\"application\/ld+json\" class=\"yoast-schema-graph\">{\"@context\":\"https:\/\/schema.org\",\"@graph\":[{\"@type\":\"WebPage\",\"@id\":\"https:\/\/inti.hr\/sr\/proizvod\/kameni-gabion-od-metalne-mreze\/\",\"url\":\"https:\/\/inti.hr\/sr\/proizvod\/kameni-gabion-od-metalne-mreze\/\",\"name\":\"Kameni gabion od metalne mre\u017ee - Inti\",\"isPartOf\":{\"@id\":\"https:\/\/inti.hr\/sr\/#website\"},\"primaryImageOfPage\":{\"@id\":\"https:\/\/inti.hr\/sr\/proizvod\/kameni-gabion-od-metalne-mreze\/#primaryimage\"},\"image\":{\"@id\":\"https:\/\/inti.hr\/sr\/proizvod\/kameni-gabion-od-metalne-mreze\/#primaryimage\"},\"thumbnailUrl\":\"https:\/\/i0.wp.com\/inti.hr\/wp-content\/uploads\/2022\/03\/81tfegr1uBL._AC_SL1000_.jpg?fit=1000%2C1000&ssl=1\",\"datePublished\":\"2022-03-16T10:54:44+00:00\",\"dateModified\":\"2022-03-16T10:54:44+00:00\",\"description\":\"Gabioni su \u017ei\u010dane ko\u0161are punjene razli\u010ditim kamenjem, koje se koriste u raznim izvedbama ovisno o zahtjevima.\u00a0Izra\u0111eni od pocin\u010danog \u010delika otpornog na hr\u0111u i vremenske uvjete. Nude nevjerojatan broj mogu\u0107nosti dizajna i kombinacija.Veli\u010dina mre\u017ee je 10 x 5 cm, po\u017eeljno je gabion napuniti kamenjem \u2205 6-10 cm.Broj kamenja se izra\u010dunava na temelju volumena gabiona: npr. kamenje promjera 6 cm:GGB183 (0,24 m\u00b3) sadr\u017ei oko 1000 komadakamenje promjera 10 cm:\u00a0GGB183(0,24 m\u00b3) sadr\u017ei oko 200 komadagornje informacije su samo za referencu.\",\"breadcrumb\":{\"@id\":\"https:\/\/inti.hr\/sr\/proizvod\/kameni-gabion-od-metalne-mreze\/#breadcrumb\"},\"inLanguage\":\"sr-RS\",\"potentialAction\":[{\"@type\":\"ReadAction\",\"target\":[\"https:\/\/inti.hr\/sr\/proizvod\/kameni-gabion-od-metalne-mreze\/\"]}]},{\"@type\":\"ImageObject\",\"inLanguage\":\"sr-RS\",\"@id\":\"https:\/\/inti.hr\/sr\/proizvod\/kameni-gabion-od-metalne-mreze\/#primaryimage\",\"url\":\"https:\/\/i0.wp.com\/inti.hr\/wp-content\/uploads\/2022\/03\/81tfegr1uBL._AC_SL1000_.jpg?fit=1000%2C1000&ssl=1\",\"contentUrl\":\"https:\/\/i0.wp.com\/inti.hr\/wp-content\/uploads\/2022\/03\/81tfegr1uBL._AC_SL1000_.jpg?fit=1000%2C1000&ssl=1\",\"width\":1000,\"height\":1000},{\"@type\":\"BreadcrumbList\",\"@id\":\"https:\/\/inti.hr\/sr\/proizvod\/kameni-gabion-od-metalne-mreze\/#breadcrumb\",\"itemListElement\":[{\"@type\":\"ListItem\",\"position\":1,\"name\":\"Po\u010detna stranica\",\"item\":\"https:\/\/inti.hr\/sr\/\"},{\"@type\":\"ListItem\",\"position\":2,\"name\":\"Prodavnica\",\"item\":\"https:\/\/inti.hr\/sr\/prodavnica\/\"},{\"@type\":\"ListItem\",\"position\":3,\"name\":\"Kameni gabion od metalne mre\u017ee\"}]},{\"@type\":\"WebSite\",\"@id\":\"https:\/\/inti.hr\/sr\/#website\",\"url\":\"https:\/\/inti.hr\/sr\/\",\"name\":\"Inti\",\"description\":\"trgovina\",\"potentialAction\":[{\"@type\":\"SearchAction\",\"target\":{\"@type\":\"EntryPoint\",\"urlTemplate\":\"https:\/\/inti.hr\/sr\/?s={search_term_string}\"},\"query-input\":{\"@type\":\"PropertyValueSpecification\",\"valueRequired\":true,\"valueName\":\"search_term_string\"}}],\"inLanguage\":\"sr-RS\"}]}<\/script>\n<!-- \/ Yoast SEO plugin. -->","yoast_head_json":{"title":"Kameni gabion od metalne mre\u017ee - Inti","description":"Gabioni su \u017ei\u010dane ko\u0161are punjene razli\u010ditim kamenjem, koje se koriste u raznim izvedbama ovisno o zahtjevima.\u00a0Izra\u0111eni od pocin\u010danog \u010delika otpornog na hr\u0111u i vremenske uvjete. Nude nevjerojatan broj mogu\u0107nosti dizajna i kombinacija.Veli\u010dina mre\u017ee je 10 x 5 cm, po\u017eeljno je gabion napuniti kamenjem \u2205 6-10 cm.Broj kamenja se izra\u010dunava na temelju volumena gabiona: npr. kamenje promjera 6 cm:GGB183 (0,24 m\u00b3) sadr\u017ei oko 1000 komadakamenje promjera 10 cm:\u00a0GGB183(0,24 m\u00b3) sadr\u017ei oko 200 komadagornje informacije su samo za referencu.","robots":{"index":"index","follow":"follow","max-snippet":"max-snippet:-1","max-image-preview":"max-image-preview:large","max-video-preview":"max-video-preview:-1"},"canonical":"https:\/\/inti.hr\/sr\/proizvod\/kameni-gabion-od-metalne-mreze\/","og_locale":"sr_RS","og_type":"article","og_title":"Kameni gabion od metalne mre\u017ee - Inti","og_description":"Gabioni su \u017ei\u010dane ko\u0161are punjene razli\u010ditim kamenjem, koje se koriste u raznim izvedbama ovisno o zahtjevima.\u00a0Izra\u0111eni od pocin\u010danog \u010delika otpornog na hr\u0111u i vremenske uvjete. Nude nevjerojatan broj mogu\u0107nosti dizajna i kombinacija.Veli\u010dina mre\u017ee je 10 x 5 cm, po\u017eeljno je gabion napuniti kamenjem \u2205 6-10 cm.Broj kamenja se izra\u010dunava na temelju volumena gabiona: npr. kamenje promjera 6 cm:GGB183 (0,24 m\u00b3) sadr\u017ei oko 1000 komadakamenje promjera 10 cm:\u00a0GGB183(0,24 m\u00b3) sadr\u017ei oko 200 komadagornje informacije su samo za referencu.","og_url":"https:\/\/inti.hr\/sr\/proizvod\/kameni-gabion-od-metalne-mreze\/","og_site_name":"Inti","og_image":[{"width":1000,"height":1000,"url":"https:\/\/i0.wp.com\/inti.hr\/wp-content\/uploads\/2022\/03\/81tfegr1uBL._AC_SL1000_.jpg?fit=1000%2C1000&ssl=1","type":"image\/jpeg"}],"twitter_card":"summary_large_image","schema":{"@context":"https:\/\/schema.org","@graph":[{"@type":"WebPage","@id":"https:\/\/inti.hr\/sr\/proizvod\/kameni-gabion-od-metalne-mreze\/","url":"https:\/\/inti.hr\/sr\/proizvod\/kameni-gabion-od-metalne-mreze\/","name":"Kameni gabion od metalne mre\u017ee - Inti","isPartOf":{"@id":"https:\/\/inti.hr\/sr\/#website"},"primaryImageOfPage":{"@id":"https:\/\/inti.hr\/sr\/proizvod\/kameni-gabion-od-metalne-mreze\/#primaryimage"},"image":{"@id":"https:\/\/inti.hr\/sr\/proizvod\/kameni-gabion-od-metalne-mreze\/#primaryimage"},"thumbnailUrl":"https:\/\/i0.wp.com\/inti.hr\/wp-content\/uploads\/2022\/03\/81tfegr1uBL._AC_SL1000_.jpg?fit=1000%2C1000&ssl=1","datePublished":"2022-03-16T10:54:44+00:00","dateModified":"2022-03-16T10:54:44+00:00","description":"Gabioni su \u017ei\u010dane ko\u0161are punjene razli\u010ditim kamenjem, koje se koriste u raznim izvedbama ovisno o zahtjevima.\u00a0Izra\u0111eni od pocin\u010danog \u010delika otpornog na hr\u0111u i vremenske uvjete. Nude nevjerojatan broj mogu\u0107nosti dizajna i kombinacija.Veli\u010dina mre\u017ee je 10 x 5 cm, po\u017eeljno je gabion napuniti kamenjem \u2205 6-10 cm.Broj kamenja se izra\u010dunava na temelju volumena gabiona: npr. kamenje promjera 6 cm:GGB183 (0,24 m\u00b3) sadr\u017ei oko 1000 komadakamenje promjera 10 cm:\u00a0GGB183(0,24 m\u00b3) sadr\u017ei oko 200 komadagornje informacije su samo za referencu.","breadcrumb":{"@id":"https:\/\/inti.hr\/sr\/proizvod\/kameni-gabion-od-metalne-mreze\/#breadcrumb"},"inLanguage":"sr-RS","potentialAction":[{"@type":"ReadAction","target":["https:\/\/inti.hr\/sr\/proizvod\/kameni-gabion-od-metalne-mreze\/"]}]},{"@type":"ImageObject","inLanguage":"sr-RS","@id":"https:\/\/inti.hr\/sr\/proizvod\/kameni-gabion-od-metalne-mreze\/#primaryimage","url":"https:\/\/i0.wp.com\/inti.hr\/wp-content\/uploads\/2022\/03\/81tfegr1uBL._AC_SL1000_.jpg?fit=1000%2C1000&ssl=1","contentUrl":"https:\/\/i0.wp.com\/inti.hr\/wp-content\/uploads\/2022\/03\/81tfegr1uBL._AC_SL1000_.jpg?fit=1000%2C1000&ssl=1","width":1000,"height":1000},{"@type":"BreadcrumbList","@id":"https:\/\/inti.hr\/sr\/proizvod\/kameni-gabion-od-metalne-mreze\/#breadcrumb","itemListElement":[{"@type":"ListItem","position":1,"name":"Po\u010detna stranica","item":"https:\/\/inti.hr\/sr\/"},{"@type":"ListItem","position":2,"name":"Prodavnica","item":"https:\/\/inti.hr\/sr\/prodavnica\/"},{"@type":"ListItem","position":3,"name":"Kameni gabion od metalne mre\u017ee"}]},{"@type":"WebSite","@id":"https:\/\/inti.hr\/sr\/#website","url":"https:\/\/inti.hr\/sr\/","name":"Inti","description":"trgovina","potentialAction":[{"@type":"SearchAction","target":{"@type":"EntryPoint","urlTemplate":"https:\/\/inti.hr\/sr\/?s={search_term_string}"},"query-input":{"@type":"PropertyValueSpecification","valueRequired":true,"valueName":"search_term_string"}}],"inLanguage":"sr-RS"}]}},"jetpack_sharing_enabled":true,"jetpack-related-posts":[],"_links":{"self":[{"href":"https:\/\/inti.hr\/sr\/wp-json\/wp\/v2\/product\/38370"}],"collection":[{"href":"https:\/\/inti.hr\/sr\/wp-json\/wp\/v2\/product"}],"about":[{"href":"https:\/\/inti.hr\/sr\/wp-json\/wp\/v2\/types\/product"}],"wp:featuredmedia":[{"embeddable":true,"href":"https:\/\/inti.hr\/sr\/wp-json\/wp\/v2\/media\/38372"}],"wp:attachment":[{"href":"https:\/\/inti.hr\/sr\/wp-json\/wp\/v2\/media?parent=38370"}],"wp:term":[{"taxonomy":"product_cat","embeddable":true,"href":"https:\/\/inti.hr\/sr\/wp-json\/wp\/v2\/product_cat?post=38370"},{"taxonomy":"product_tag","embeddable":true,"href":"https:\/\/inti.hr\/sr\/wp-json\/wp\/v2\/product_tag?post=38370"}],"curies":[{"name":"wp","href":"https:\/\/api.w.org\/{rel}","templated":true}]}}