{"id":38376,"date":"2022-03-16T10:45:31","date_gmt":"2022-03-16T10:45:31","guid":{"rendered":"https:\/\/inti.hr\/product\/pravokutni-kameni-gabion\/"},"modified":"2022-03-16T10:45:31","modified_gmt":"2022-03-16T10:45:31","slug":"pravokutni-kameni-gabion","status":"publish","type":"product","link":"https:\/\/inti.hr\/sr\/proizvod\/pravokutni-kameni-gabion\/","title":{"rendered":"Pravokutni kameni gabion"},"content":{"rendered":"<p><b>Detalji o proizvodu:<\/b><\/p>\n<p>Boja: srebrna<\/p>\n<p>Materijal: 40-60 g\/m\u00b2 pocin\u010dani \u010delik<\/p>\n<p>Veli\u010dina: 100 x 50 x 30 cm (D x \u0160 x V)<\/p>\n<p>Veli\u010dina svakog boda: 5 x 10 cm<\/p>\n<p>Promjer metalne \u017eice: 4 mm<\/p>\n<p>Duljina udica: 30 cm<\/p>\n<p>Korak po spirali: 5 cm<\/p>\n<p>Te\u017eina: 7,8 kg.<\/p>\n","protected":false},"excerpt":{"rendered":"<p>Ukrasite svoj vrt ovim kamenim gabionom 100 x 50 x 30 &#8230; <\/p>\n","protected":false},"featured_media":38378,"template":"","meta":[],"product_cat":[2485,2461],"product_tag":[5457,5458,5459,5449],"yoast_head":"<!-- This site is optimized with the Yoast SEO plugin v23.7 - https:\/\/yoast.com\/wordpress\/plugins\/seo\/ -->\n<title>Pravokutni kameni gabion - Inti<\/title>\n<meta name=\"description\" content=\"Ukrasite svoj vrt ovim kamenim gabionom 100 x 50 x 30 cm i stvorite oazu opu\u0161tanja koja odra\u017eava va\u0161u osobnost.\u00a0Nakon \u0161to ste odlu\u010dili gdje \u0107ete postaviti gabion, mo\u017eete ga brzo postaviti. \u017di\u010danu ogradu napunite kamenjem i pri\u010dvrstite odstojne kuke prije zatvaranja gabiona.\u00a0Opona\u0161aju\u0107i princip cementa i cigle, stvarate alternativu koja \u0161tedi vrijeme i izgleda bolje.Ovaj \u010dvrsti gabion od pocin\u010danog \u010delika prikladan je za sve va\u0161e potrebe: izradite kamenu klupu za va\u0161e vrtne zabave ili za\u0161titu za va\u0161 zid od prirodnog kamena. Ako naru\u010dite nekoliko gabiona istovremeno, mo\u017eete stvoriti mediteranski kameni vrt s prekrasnim cvije\u0107em i kaduljom.Pustite svoju kreativnost na volju i o\u017eivite sve svoje vrtne snove s ovim gabionom!\" \/>\n<meta name=\"robots\" content=\"index, follow, max-snippet:-1, max-image-preview:large, max-video-preview:-1\" \/>\n<link rel=\"canonical\" href=\"https:\/\/inti.hr\/sr\/proizvod\/pravokutni-kameni-gabion\/\" \/>\n<meta property=\"og:locale\" content=\"sr_RS\" \/>\n<meta property=\"og:type\" content=\"article\" \/>\n<meta property=\"og:title\" content=\"Pravokutni kameni gabion - Inti\" \/>\n<meta property=\"og:description\" content=\"Ukrasite svoj vrt ovim kamenim gabionom 100 x 50 x 30 cm i stvorite oazu opu\u0161tanja koja odra\u017eava va\u0161u osobnost.\u00a0Nakon \u0161to ste odlu\u010dili gdje \u0107ete postaviti gabion, mo\u017eete ga brzo postaviti. \u017di\u010danu ogradu napunite kamenjem i pri\u010dvrstite odstojne kuke prije zatvaranja gabiona.\u00a0Opona\u0161aju\u0107i princip cementa i cigle, stvarate alternativu koja \u0161tedi vrijeme i izgleda bolje.Ovaj \u010dvrsti gabion od pocin\u010danog \u010delika prikladan je za sve va\u0161e potrebe: izradite kamenu klupu za va\u0161e vrtne zabave ili za\u0161titu za va\u0161 zid od prirodnog kamena. Ako naru\u010dite nekoliko gabiona istovremeno, mo\u017eete stvoriti mediteranski kameni vrt s prekrasnim cvije\u0107em i kaduljom.Pustite svoju kreativnost na volju i o\u017eivite sve svoje vrtne snove s ovim gabionom!\" \/>\n<meta property=\"og:url\" content=\"https:\/\/inti.hr\/sr\/proizvod\/pravokutni-kameni-gabion\/\" \/>\n<meta property=\"og:site_name\" content=\"Inti\" \/>\n<meta property=\"og:image\" content=\"https:\/\/i0.wp.com\/inti.hr\/wp-content\/uploads\/2022\/03\/71LsIs-oCkL._AC_SL1000_.jpg?fit=1000%2C1000&ssl=1\" \/>\n\t<meta property=\"og:image:width\" content=\"1000\" \/>\n\t<meta property=\"og:image:height\" content=\"1000\" \/>\n\t<meta property=\"og:image:type\" content=\"image\/jpeg\" \/>\n<meta name=\"twitter:card\" content=\"summary_large_image\" \/>\n<script type=\"application\/ld+json\" class=\"yoast-schema-graph\">{\"@context\":\"https:\/\/schema.org\",\"@graph\":[{\"@type\":\"WebPage\",\"@id\":\"https:\/\/inti.hr\/sr\/proizvod\/pravokutni-kameni-gabion\/\",\"url\":\"https:\/\/inti.hr\/sr\/proizvod\/pravokutni-kameni-gabion\/\",\"name\":\"Pravokutni kameni gabion - Inti\",\"isPartOf\":{\"@id\":\"https:\/\/inti.hr\/sr\/#website\"},\"primaryImageOfPage\":{\"@id\":\"https:\/\/inti.hr\/sr\/proizvod\/pravokutni-kameni-gabion\/#primaryimage\"},\"image\":{\"@id\":\"https:\/\/inti.hr\/sr\/proizvod\/pravokutni-kameni-gabion\/#primaryimage\"},\"thumbnailUrl\":\"https:\/\/i0.wp.com\/inti.hr\/wp-content\/uploads\/2022\/03\/71LsIs-oCkL._AC_SL1000_.jpg?fit=1000%2C1000&ssl=1\",\"datePublished\":\"2022-03-16T10:45:31+00:00\",\"dateModified\":\"2022-03-16T10:45:31+00:00\",\"description\":\"Ukrasite svoj vrt ovim kamenim gabionom 100 x 50 x 30 cm i stvorite oazu opu\u0161tanja koja odra\u017eava va\u0161u osobnost.\u00a0Nakon \u0161to ste odlu\u010dili gdje \u0107ete postaviti gabion, mo\u017eete ga brzo postaviti. \u017di\u010danu ogradu napunite kamenjem i pri\u010dvrstite odstojne kuke prije zatvaranja gabiona.\u00a0Opona\u0161aju\u0107i princip cementa i cigle, stvarate alternativu koja \u0161tedi vrijeme i izgleda bolje.Ovaj \u010dvrsti gabion od pocin\u010danog \u010delika prikladan je za sve va\u0161e potrebe: izradite kamenu klupu za va\u0161e vrtne zabave ili za\u0161titu za va\u0161 zid od prirodnog kamena. Ako naru\u010dite nekoliko gabiona istovremeno, mo\u017eete stvoriti mediteranski kameni vrt s prekrasnim cvije\u0107em i kaduljom.Pustite svoju kreativnost na volju i o\u017eivite sve svoje vrtne snove s ovim gabionom!\",\"breadcrumb\":{\"@id\":\"https:\/\/inti.hr\/sr\/proizvod\/pravokutni-kameni-gabion\/#breadcrumb\"},\"inLanguage\":\"sr-RS\",\"potentialAction\":[{\"@type\":\"ReadAction\",\"target\":[\"https:\/\/inti.hr\/sr\/proizvod\/pravokutni-kameni-gabion\/\"]}]},{\"@type\":\"ImageObject\",\"inLanguage\":\"sr-RS\",\"@id\":\"https:\/\/inti.hr\/sr\/proizvod\/pravokutni-kameni-gabion\/#primaryimage\",\"url\":\"https:\/\/i0.wp.com\/inti.hr\/wp-content\/uploads\/2022\/03\/71LsIs-oCkL._AC_SL1000_.jpg?fit=1000%2C1000&ssl=1\",\"contentUrl\":\"https:\/\/i0.wp.com\/inti.hr\/wp-content\/uploads\/2022\/03\/71LsIs-oCkL._AC_SL1000_.jpg?fit=1000%2C1000&ssl=1\",\"width\":1000,\"height\":1000},{\"@type\":\"BreadcrumbList\",\"@id\":\"https:\/\/inti.hr\/sr\/proizvod\/pravokutni-kameni-gabion\/#breadcrumb\",\"itemListElement\":[{\"@type\":\"ListItem\",\"position\":1,\"name\":\"Po\u010detna stranica\",\"item\":\"https:\/\/inti.hr\/sr\/\"},{\"@type\":\"ListItem\",\"position\":2,\"name\":\"Prodavnica\",\"item\":\"https:\/\/inti.hr\/sr\/prodavnica\/\"},{\"@type\":\"ListItem\",\"position\":3,\"name\":\"Pravokutni kameni gabion\"}]},{\"@type\":\"WebSite\",\"@id\":\"https:\/\/inti.hr\/sr\/#website\",\"url\":\"https:\/\/inti.hr\/sr\/\",\"name\":\"Inti\",\"description\":\"trgovina\",\"potentialAction\":[{\"@type\":\"SearchAction\",\"target\":{\"@type\":\"EntryPoint\",\"urlTemplate\":\"https:\/\/inti.hr\/sr\/?s={search_term_string}\"},\"query-input\":{\"@type\":\"PropertyValueSpecification\",\"valueRequired\":true,\"valueName\":\"search_term_string\"}}],\"inLanguage\":\"sr-RS\"}]}<\/script>\n<!-- \/ Yoast SEO plugin. -->","yoast_head_json":{"title":"Pravokutni kameni gabion - Inti","description":"Ukrasite svoj vrt ovim kamenim gabionom 100 x 50 x 30 cm i stvorite oazu opu\u0161tanja koja odra\u017eava va\u0161u osobnost.\u00a0Nakon \u0161to ste odlu\u010dili gdje \u0107ete postaviti gabion, mo\u017eete ga brzo postaviti. \u017di\u010danu ogradu napunite kamenjem i pri\u010dvrstite odstojne kuke prije zatvaranja gabiona.\u00a0Opona\u0161aju\u0107i princip cementa i cigle, stvarate alternativu koja \u0161tedi vrijeme i izgleda bolje.Ovaj \u010dvrsti gabion od pocin\u010danog \u010delika prikladan je za sve va\u0161e potrebe: izradite kamenu klupu za va\u0161e vrtne zabave ili za\u0161titu za va\u0161 zid od prirodnog kamena. Ako naru\u010dite nekoliko gabiona istovremeno, mo\u017eete stvoriti mediteranski kameni vrt s prekrasnim cvije\u0107em i kaduljom.Pustite svoju kreativnost na volju i o\u017eivite sve svoje vrtne snove s ovim gabionom!","robots":{"index":"index","follow":"follow","max-snippet":"max-snippet:-1","max-image-preview":"max-image-preview:large","max-video-preview":"max-video-preview:-1"},"canonical":"https:\/\/inti.hr\/sr\/proizvod\/pravokutni-kameni-gabion\/","og_locale":"sr_RS","og_type":"article","og_title":"Pravokutni kameni gabion - Inti","og_description":"Ukrasite svoj vrt ovim kamenim gabionom 100 x 50 x 30 cm i stvorite oazu opu\u0161tanja koja odra\u017eava va\u0161u osobnost.\u00a0Nakon \u0161to ste odlu\u010dili gdje \u0107ete postaviti gabion, mo\u017eete ga brzo postaviti. \u017di\u010danu ogradu napunite kamenjem i pri\u010dvrstite odstojne kuke prije zatvaranja gabiona.\u00a0Opona\u0161aju\u0107i princip cementa i cigle, stvarate alternativu koja \u0161tedi vrijeme i izgleda bolje.Ovaj \u010dvrsti gabion od pocin\u010danog \u010delika prikladan je za sve va\u0161e potrebe: izradite kamenu klupu za va\u0161e vrtne zabave ili za\u0161titu za va\u0161 zid od prirodnog kamena. Ako naru\u010dite nekoliko gabiona istovremeno, mo\u017eete stvoriti mediteranski kameni vrt s prekrasnim cvije\u0107em i kaduljom.Pustite svoju kreativnost na volju i o\u017eivite sve svoje vrtne snove s ovim gabionom!","og_url":"https:\/\/inti.hr\/sr\/proizvod\/pravokutni-kameni-gabion\/","og_site_name":"Inti","og_image":[{"width":1000,"height":1000,"url":"https:\/\/i0.wp.com\/inti.hr\/wp-content\/uploads\/2022\/03\/71LsIs-oCkL._AC_SL1000_.jpg?fit=1000%2C1000&ssl=1","type":"image\/jpeg"}],"twitter_card":"summary_large_image","schema":{"@context":"https:\/\/schema.org","@graph":[{"@type":"WebPage","@id":"https:\/\/inti.hr\/sr\/proizvod\/pravokutni-kameni-gabion\/","url":"https:\/\/inti.hr\/sr\/proizvod\/pravokutni-kameni-gabion\/","name":"Pravokutni kameni gabion - Inti","isPartOf":{"@id":"https:\/\/inti.hr\/sr\/#website"},"primaryImageOfPage":{"@id":"https:\/\/inti.hr\/sr\/proizvod\/pravokutni-kameni-gabion\/#primaryimage"},"image":{"@id":"https:\/\/inti.hr\/sr\/proizvod\/pravokutni-kameni-gabion\/#primaryimage"},"thumbnailUrl":"https:\/\/i0.wp.com\/inti.hr\/wp-content\/uploads\/2022\/03\/71LsIs-oCkL._AC_SL1000_.jpg?fit=1000%2C1000&ssl=1","datePublished":"2022-03-16T10:45:31+00:00","dateModified":"2022-03-16T10:45:31+00:00","description":"Ukrasite svoj vrt ovim kamenim gabionom 100 x 50 x 30 cm i stvorite oazu opu\u0161tanja koja odra\u017eava va\u0161u osobnost.\u00a0Nakon \u0161to ste odlu\u010dili gdje \u0107ete postaviti gabion, mo\u017eete ga brzo postaviti. \u017di\u010danu ogradu napunite kamenjem i pri\u010dvrstite odstojne kuke prije zatvaranja gabiona.\u00a0Opona\u0161aju\u0107i princip cementa i cigle, stvarate alternativu koja \u0161tedi vrijeme i izgleda bolje.Ovaj \u010dvrsti gabion od pocin\u010danog \u010delika prikladan je za sve va\u0161e potrebe: izradite kamenu klupu za va\u0161e vrtne zabave ili za\u0161titu za va\u0161 zid od prirodnog kamena. Ako naru\u010dite nekoliko gabiona istovremeno, mo\u017eete stvoriti mediteranski kameni vrt s prekrasnim cvije\u0107em i kaduljom.Pustite svoju kreativnost na volju i o\u017eivite sve svoje vrtne snove s ovim gabionom!","breadcrumb":{"@id":"https:\/\/inti.hr\/sr\/proizvod\/pravokutni-kameni-gabion\/#breadcrumb"},"inLanguage":"sr-RS","potentialAction":[{"@type":"ReadAction","target":["https:\/\/inti.hr\/sr\/proizvod\/pravokutni-kameni-gabion\/"]}]},{"@type":"ImageObject","inLanguage":"sr-RS","@id":"https:\/\/inti.hr\/sr\/proizvod\/pravokutni-kameni-gabion\/#primaryimage","url":"https:\/\/i0.wp.com\/inti.hr\/wp-content\/uploads\/2022\/03\/71LsIs-oCkL._AC_SL1000_.jpg?fit=1000%2C1000&ssl=1","contentUrl":"https:\/\/i0.wp.com\/inti.hr\/wp-content\/uploads\/2022\/03\/71LsIs-oCkL._AC_SL1000_.jpg?fit=1000%2C1000&ssl=1","width":1000,"height":1000},{"@type":"BreadcrumbList","@id":"https:\/\/inti.hr\/sr\/proizvod\/pravokutni-kameni-gabion\/#breadcrumb","itemListElement":[{"@type":"ListItem","position":1,"name":"Po\u010detna stranica","item":"https:\/\/inti.hr\/sr\/"},{"@type":"ListItem","position":2,"name":"Prodavnica","item":"https:\/\/inti.hr\/sr\/prodavnica\/"},{"@type":"ListItem","position":3,"name":"Pravokutni kameni gabion"}]},{"@type":"WebSite","@id":"https:\/\/inti.hr\/sr\/#website","url":"https:\/\/inti.hr\/sr\/","name":"Inti","description":"trgovina","potentialAction":[{"@type":"SearchAction","target":{"@type":"EntryPoint","urlTemplate":"https:\/\/inti.hr\/sr\/?s={search_term_string}"},"query-input":{"@type":"PropertyValueSpecification","valueRequired":true,"valueName":"search_term_string"}}],"inLanguage":"sr-RS"}]}},"jetpack_sharing_enabled":true,"jetpack-related-posts":[],"_links":{"self":[{"href":"https:\/\/inti.hr\/sr\/wp-json\/wp\/v2\/product\/38376"}],"collection":[{"href":"https:\/\/inti.hr\/sr\/wp-json\/wp\/v2\/product"}],"about":[{"href":"https:\/\/inti.hr\/sr\/wp-json\/wp\/v2\/types\/product"}],"wp:featuredmedia":[{"embeddable":true,"href":"https:\/\/inti.hr\/sr\/wp-json\/wp\/v2\/media\/38378"}],"wp:attachment":[{"href":"https:\/\/inti.hr\/sr\/wp-json\/wp\/v2\/media?parent=38376"}],"wp:term":[{"taxonomy":"product_cat","embeddable":true,"href":"https:\/\/inti.hr\/sr\/wp-json\/wp\/v2\/product_cat?post=38376"},{"taxonomy":"product_tag","embeddable":true,"href":"https:\/\/inti.hr\/sr\/wp-json\/wp\/v2\/product_tag?post=38376"}],"curies":[{"name":"wp","href":"https:\/\/api.w.org\/{rel}","templated":true}]}}