{"id":38387,"date":"2022-03-11T13:42:19","date_gmt":"2022-03-11T13:42:19","guid":{"rendered":"https:\/\/inti.hr\/product\/luster-21-780-22\/"},"modified":"2022-03-11T13:42:19","modified_gmt":"2022-03-11T13:42:19","slug":"luster-21-780-22","status":"publish","type":"product","link":"https:\/\/inti.hr\/sr\/proizvod\/luster-21-780-22\/","title":{"rendered":"Luster 21-780\/22"},"content":{"rendered":"<p><span class=\"tehnicki-podaci-naslov\">TEHNI\u010cKI PODACI<\/span><\/p>\n<ul>\n<li><b>Grlo:<\/b>\u00a0E27<\/li>\n<li><b>Broj izvora:<\/b>\u00a05<\/li>\n<li><b>Max.snaga \u017earulje:<\/b>\u00a060W<\/li>\n<li><b>\u017darulje uklju\u010dene:<\/b>\u00a0Ne<\/li>\n<li><b>Promjer \/ \u0161irina (u mm):<\/b>\u00a0550<\/li>\n<li><b>Visina (u mm):<\/b>\u00a0500<\/li>\n<li><b>Napon \/ Frekvencija:<\/b>\u00a0220-240V~50\/60Hz<\/li>\n<li><b>Materijal:<\/b>\u00a0Staklo + metal<\/li>\n<li><b>IP za\u0161tita:<\/b>\u00a0IP20<\/li>\n<\/ul>\n","protected":false},"excerpt":{"rendered":"<p>Trendovi dolaze i prolaze, ali SVJETILJKE KUGLE su uvijek dobar izbor &#8230; <\/p>\n","protected":false},"featured_media":38388,"template":"","meta":[],"product_cat":[3165],"product_tag":[4071,2618],"yoast_head":"<!-- This site is optimized with the Yoast SEO plugin v23.7 - https:\/\/yoast.com\/wordpress\/plugins\/seo\/ -->\n<title>Luster 21-780\/22 - Inti<\/title>\n<meta name=\"description\" content=\"Trendovi dolaze i prolaze, ali SVJETILJKE KUGLE su uvijek dobar izbor pri ure\u0111enju prostora. Ve\u0107e ili manje, mat ili prozirne, simetri\u010dne ili asimetri\u010dne, kugle \u0107e se izvrsno uklopiti u svaku prostoriju. Uklopite vrhunski dizajn rasvjete u Va\u0161 dom.\" \/>\n<meta name=\"robots\" content=\"index, follow, max-snippet:-1, max-image-preview:large, max-video-preview:-1\" \/>\n<link rel=\"canonical\" href=\"https:\/\/inti.hr\/sr\/proizvod\/luster-21-780-22\/\" \/>\n<meta property=\"og:locale\" content=\"sr_RS\" \/>\n<meta property=\"og:type\" content=\"article\" \/>\n<meta property=\"og:title\" content=\"Luster 21-780\/22 - Inti\" \/>\n<meta property=\"og:description\" content=\"Trendovi dolaze i prolaze, ali SVJETILJKE KUGLE su uvijek dobar izbor pri ure\u0111enju prostora. Ve\u0107e ili manje, mat ili prozirne, simetri\u010dne ili asimetri\u010dne, kugle \u0107e se izvrsno uklopiti u svaku prostoriju. Uklopite vrhunski dizajn rasvjete u Va\u0161 dom.\" \/>\n<meta property=\"og:url\" content=\"https:\/\/inti.hr\/sr\/proizvod\/luster-21-780-22\/\" \/>\n<meta property=\"og:site_name\" content=\"Inti\" \/>\n<meta property=\"og:image\" content=\"https:\/\/i0.wp.com\/inti.hr\/wp-content\/uploads\/2022\/03\/set-st-scaled.jpg?fit=2560%2C2560&ssl=1\" \/>\n\t<meta property=\"og:image:width\" content=\"2560\" \/>\n\t<meta property=\"og:image:height\" content=\"2560\" \/>\n\t<meta property=\"og:image:type\" content=\"image\/jpeg\" \/>\n<meta name=\"twitter:card\" content=\"summary_large_image\" \/>\n<script type=\"application\/ld+json\" class=\"yoast-schema-graph\">{\"@context\":\"https:\/\/schema.org\",\"@graph\":[{\"@type\":\"WebPage\",\"@id\":\"https:\/\/inti.hr\/sr\/proizvod\/luster-21-780-22\/\",\"url\":\"https:\/\/inti.hr\/sr\/proizvod\/luster-21-780-22\/\",\"name\":\"Luster 21-780\/22 - Inti\",\"isPartOf\":{\"@id\":\"https:\/\/inti.hr\/sr\/#website\"},\"primaryImageOfPage\":{\"@id\":\"https:\/\/inti.hr\/sr\/proizvod\/luster-21-780-22\/#primaryimage\"},\"image\":{\"@id\":\"https:\/\/inti.hr\/sr\/proizvod\/luster-21-780-22\/#primaryimage\"},\"thumbnailUrl\":\"https:\/\/i0.wp.com\/inti.hr\/wp-content\/uploads\/2022\/03\/set-st-scaled.jpg?fit=2560%2C2560&ssl=1\",\"datePublished\":\"2022-03-11T13:42:19+00:00\",\"dateModified\":\"2022-03-11T13:42:19+00:00\",\"description\":\"Trendovi dolaze i prolaze, ali SVJETILJKE KUGLE su uvijek dobar izbor pri ure\u0111enju prostora. Ve\u0107e ili manje, mat ili prozirne, simetri\u010dne ili asimetri\u010dne, kugle \u0107e se izvrsno uklopiti u svaku prostoriju. Uklopite vrhunski dizajn rasvjete u Va\u0161 dom.\",\"breadcrumb\":{\"@id\":\"https:\/\/inti.hr\/sr\/proizvod\/luster-21-780-22\/#breadcrumb\"},\"inLanguage\":\"sr-RS\",\"potentialAction\":[{\"@type\":\"ReadAction\",\"target\":[\"https:\/\/inti.hr\/sr\/proizvod\/luster-21-780-22\/\"]}]},{\"@type\":\"ImageObject\",\"inLanguage\":\"sr-RS\",\"@id\":\"https:\/\/inti.hr\/sr\/proizvod\/luster-21-780-22\/#primaryimage\",\"url\":\"https:\/\/i0.wp.com\/inti.hr\/wp-content\/uploads\/2022\/03\/set-st-scaled.jpg?fit=2560%2C2560&ssl=1\",\"contentUrl\":\"https:\/\/i0.wp.com\/inti.hr\/wp-content\/uploads\/2022\/03\/set-st-scaled.jpg?fit=2560%2C2560&ssl=1\",\"width\":2560,\"height\":2560},{\"@type\":\"BreadcrumbList\",\"@id\":\"https:\/\/inti.hr\/sr\/proizvod\/luster-21-780-22\/#breadcrumb\",\"itemListElement\":[{\"@type\":\"ListItem\",\"position\":1,\"name\":\"Po\u010detna stranica\",\"item\":\"https:\/\/inti.hr\/sr\/\"},{\"@type\":\"ListItem\",\"position\":2,\"name\":\"Prodavnica\",\"item\":\"https:\/\/inti.hr\/sr\/prodavnica\/\"},{\"@type\":\"ListItem\",\"position\":3,\"name\":\"Luster 21-780\/22\"}]},{\"@type\":\"WebSite\",\"@id\":\"https:\/\/inti.hr\/sr\/#website\",\"url\":\"https:\/\/inti.hr\/sr\/\",\"name\":\"Inti\",\"description\":\"trgovina\",\"potentialAction\":[{\"@type\":\"SearchAction\",\"target\":{\"@type\":\"EntryPoint\",\"urlTemplate\":\"https:\/\/inti.hr\/sr\/?s={search_term_string}\"},\"query-input\":{\"@type\":\"PropertyValueSpecification\",\"valueRequired\":true,\"valueName\":\"search_term_string\"}}],\"inLanguage\":\"sr-RS\"}]}<\/script>\n<!-- \/ Yoast SEO plugin. -->","yoast_head_json":{"title":"Luster 21-780\/22 - Inti","description":"Trendovi dolaze i prolaze, ali SVJETILJKE KUGLE su uvijek dobar izbor pri ure\u0111enju prostora. Ve\u0107e ili manje, mat ili prozirne, simetri\u010dne ili asimetri\u010dne, kugle \u0107e se izvrsno uklopiti u svaku prostoriju. Uklopite vrhunski dizajn rasvjete u Va\u0161 dom.","robots":{"index":"index","follow":"follow","max-snippet":"max-snippet:-1","max-image-preview":"max-image-preview:large","max-video-preview":"max-video-preview:-1"},"canonical":"https:\/\/inti.hr\/sr\/proizvod\/luster-21-780-22\/","og_locale":"sr_RS","og_type":"article","og_title":"Luster 21-780\/22 - Inti","og_description":"Trendovi dolaze i prolaze, ali SVJETILJKE KUGLE su uvijek dobar izbor pri ure\u0111enju prostora. Ve\u0107e ili manje, mat ili prozirne, simetri\u010dne ili asimetri\u010dne, kugle \u0107e se izvrsno uklopiti u svaku prostoriju. Uklopite vrhunski dizajn rasvjete u Va\u0161 dom.","og_url":"https:\/\/inti.hr\/sr\/proizvod\/luster-21-780-22\/","og_site_name":"Inti","og_image":[{"width":2560,"height":2560,"url":"https:\/\/i0.wp.com\/inti.hr\/wp-content\/uploads\/2022\/03\/set-st-scaled.jpg?fit=2560%2C2560&ssl=1","type":"image\/jpeg"}],"twitter_card":"summary_large_image","schema":{"@context":"https:\/\/schema.org","@graph":[{"@type":"WebPage","@id":"https:\/\/inti.hr\/sr\/proizvod\/luster-21-780-22\/","url":"https:\/\/inti.hr\/sr\/proizvod\/luster-21-780-22\/","name":"Luster 21-780\/22 - Inti","isPartOf":{"@id":"https:\/\/inti.hr\/sr\/#website"},"primaryImageOfPage":{"@id":"https:\/\/inti.hr\/sr\/proizvod\/luster-21-780-22\/#primaryimage"},"image":{"@id":"https:\/\/inti.hr\/sr\/proizvod\/luster-21-780-22\/#primaryimage"},"thumbnailUrl":"https:\/\/i0.wp.com\/inti.hr\/wp-content\/uploads\/2022\/03\/set-st-scaled.jpg?fit=2560%2C2560&ssl=1","datePublished":"2022-03-11T13:42:19+00:00","dateModified":"2022-03-11T13:42:19+00:00","description":"Trendovi dolaze i prolaze, ali SVJETILJKE KUGLE su uvijek dobar izbor pri ure\u0111enju prostora. Ve\u0107e ili manje, mat ili prozirne, simetri\u010dne ili asimetri\u010dne, kugle \u0107e se izvrsno uklopiti u svaku prostoriju. Uklopite vrhunski dizajn rasvjete u Va\u0161 dom.","breadcrumb":{"@id":"https:\/\/inti.hr\/sr\/proizvod\/luster-21-780-22\/#breadcrumb"},"inLanguage":"sr-RS","potentialAction":[{"@type":"ReadAction","target":["https:\/\/inti.hr\/sr\/proizvod\/luster-21-780-22\/"]}]},{"@type":"ImageObject","inLanguage":"sr-RS","@id":"https:\/\/inti.hr\/sr\/proizvod\/luster-21-780-22\/#primaryimage","url":"https:\/\/i0.wp.com\/inti.hr\/wp-content\/uploads\/2022\/03\/set-st-scaled.jpg?fit=2560%2C2560&ssl=1","contentUrl":"https:\/\/i0.wp.com\/inti.hr\/wp-content\/uploads\/2022\/03\/set-st-scaled.jpg?fit=2560%2C2560&ssl=1","width":2560,"height":2560},{"@type":"BreadcrumbList","@id":"https:\/\/inti.hr\/sr\/proizvod\/luster-21-780-22\/#breadcrumb","itemListElement":[{"@type":"ListItem","position":1,"name":"Po\u010detna stranica","item":"https:\/\/inti.hr\/sr\/"},{"@type":"ListItem","position":2,"name":"Prodavnica","item":"https:\/\/inti.hr\/sr\/prodavnica\/"},{"@type":"ListItem","position":3,"name":"Luster 21-780\/22"}]},{"@type":"WebSite","@id":"https:\/\/inti.hr\/sr\/#website","url":"https:\/\/inti.hr\/sr\/","name":"Inti","description":"trgovina","potentialAction":[{"@type":"SearchAction","target":{"@type":"EntryPoint","urlTemplate":"https:\/\/inti.hr\/sr\/?s={search_term_string}"},"query-input":{"@type":"PropertyValueSpecification","valueRequired":true,"valueName":"search_term_string"}}],"inLanguage":"sr-RS"}]}},"jetpack_sharing_enabled":true,"jetpack-related-posts":[],"_links":{"self":[{"href":"https:\/\/inti.hr\/sr\/wp-json\/wp\/v2\/product\/38387"}],"collection":[{"href":"https:\/\/inti.hr\/sr\/wp-json\/wp\/v2\/product"}],"about":[{"href":"https:\/\/inti.hr\/sr\/wp-json\/wp\/v2\/types\/product"}],"wp:featuredmedia":[{"embeddable":true,"href":"https:\/\/inti.hr\/sr\/wp-json\/wp\/v2\/media\/38388"}],"wp:attachment":[{"href":"https:\/\/inti.hr\/sr\/wp-json\/wp\/v2\/media?parent=38387"}],"wp:term":[{"taxonomy":"product_cat","embeddable":true,"href":"https:\/\/inti.hr\/sr\/wp-json\/wp\/v2\/product_cat?post=38387"},{"taxonomy":"product_tag","embeddable":true,"href":"https:\/\/inti.hr\/sr\/wp-json\/wp\/v2\/product_tag?post=38387"}],"curies":[{"name":"wp","href":"https:\/\/api.w.org\/{rel}","templated":true}]}}