{"id":38392,"date":"2022-03-10T13:28:31","date_gmt":"2022-03-10T13:28:31","guid":{"rendered":"https:\/\/inti.hr\/product\/djecja-polica-crno-narancasta-i-zuta\/"},"modified":"2022-03-10T13:28:31","modified_gmt":"2022-03-10T13:28:31","slug":"djecja-polica-crno-narancasta-i-zuta","status":"publish","type":"product","link":"https:\/\/inti.hr\/sr\/proizvod\/djecja-polica-crno-narancasta-i-zuta\/","title":{"rendered":"Dje\u010dja polica crno naran\u010dasta i \u017euta"},"content":{"rendered":"<p>Detalji o proizvodu:<br \/>\n&#8211; Boja: bijela, crna, naran\u010dasta i \u017euta<br \/>\n&#8211; Materijal: MDF (plo\u010da od vlakana srednje gusto\u0107e), iverica, netkana tkanina<br \/>\n&#8211; Veli\u010dina: 65 x 26,5 x 90 cm (D x \u0160 x V)<br \/>\n&#8211; Veli\u010dina po tkanini kutija: 31 x 28 x 17 cm (D x \u0160 x V)<br \/>\n&#8211; Te\u017eina: 10,9 kg<\/p>\n","protected":false},"excerpt":{"rendered":"<p>Sve za va\u0161eg mali\u0161ana mora biti sigurno.\u00a0Zato je ova polica izra\u0111ena &#8230; <\/p>\n","protected":false},"featured_media":38394,"template":"","meta":[],"product_cat":[2411],"product_tag":[3007,3669],"yoast_head":"<!-- This site is optimized with the Yoast SEO plugin v23.7 - https:\/\/yoast.com\/wordpress\/plugins\/seo\/ -->\n<title>Dje\u010dja polica crno naran\u010dasta i \u017euta - Inti<\/title>\n<meta name=\"description\" content=\"Sve za va\u0161eg mali\u0161ana mora biti sigurno.\u00a0Zato je ova polica izra\u0111ena od konstruiranog drva izdr\u017eljiva i opremljena anti-kiperom.\u00a0\u017delimo da se va\u0161a djeca zabavljaju u sigurnom okru\u017eenju. \u00a04 gornja pretinca za igra\u010dke, 2 srednje police za knjige, 2 donje kutije od tkanine za umjetni\u010dke potrep\u0161tine i prednja plo\u010da za bojanje - Savr\u0161ena kombinacija - va\u0161a djeca se mogu igrati, crtati i organizirati.\" \/>\n<meta name=\"robots\" content=\"index, follow, max-snippet:-1, max-image-preview:large, max-video-preview:-1\" \/>\n<link rel=\"canonical\" href=\"https:\/\/inti.hr\/sr\/proizvod\/djecja-polica-crno-narancasta-i-zuta\/\" \/>\n<meta property=\"og:locale\" content=\"sr_RS\" \/>\n<meta property=\"og:type\" content=\"article\" \/>\n<meta property=\"og:title\" content=\"Dje\u010dja polica crno naran\u010dasta i \u017euta - Inti\" \/>\n<meta property=\"og:description\" content=\"Sve za va\u0161eg mali\u0161ana mora biti sigurno.\u00a0Zato je ova polica izra\u0111ena od konstruiranog drva izdr\u017eljiva i opremljena anti-kiperom.\u00a0\u017delimo da se va\u0161a djeca zabavljaju u sigurnom okru\u017eenju. \u00a04 gornja pretinca za igra\u010dke, 2 srednje police za knjige, 2 donje kutije od tkanine za umjetni\u010dke potrep\u0161tine i prednja plo\u010da za bojanje - Savr\u0161ena kombinacija - va\u0161a djeca se mogu igrati, crtati i organizirati.\" \/>\n<meta property=\"og:url\" content=\"https:\/\/inti.hr\/sr\/proizvod\/djecja-polica-crno-narancasta-i-zuta\/\" \/>\n<meta property=\"og:site_name\" content=\"Inti\" \/>\n<meta property=\"og:image\" content=\"https:\/\/i0.wp.com\/inti.hr\/wp-content\/uploads\/2022\/03\/81-zZCIWEyL._AC_SL1500_.jpg?fit=1500%2C1500&ssl=1\" \/>\n\t<meta property=\"og:image:width\" content=\"1500\" \/>\n\t<meta property=\"og:image:height\" content=\"1500\" \/>\n\t<meta property=\"og:image:type\" content=\"image\/jpeg\" \/>\n<meta name=\"twitter:card\" content=\"summary_large_image\" \/>\n<script type=\"application\/ld+json\" class=\"yoast-schema-graph\">{\"@context\":\"https:\/\/schema.org\",\"@graph\":[{\"@type\":\"WebPage\",\"@id\":\"https:\/\/inti.hr\/sr\/proizvod\/djecja-polica-crno-narancasta-i-zuta\/\",\"url\":\"https:\/\/inti.hr\/sr\/proizvod\/djecja-polica-crno-narancasta-i-zuta\/\",\"name\":\"Dje\u010dja polica crno naran\u010dasta i \u017euta - Inti\",\"isPartOf\":{\"@id\":\"https:\/\/inti.hr\/sr\/#website\"},\"primaryImageOfPage\":{\"@id\":\"https:\/\/inti.hr\/sr\/proizvod\/djecja-polica-crno-narancasta-i-zuta\/#primaryimage\"},\"image\":{\"@id\":\"https:\/\/inti.hr\/sr\/proizvod\/djecja-polica-crno-narancasta-i-zuta\/#primaryimage\"},\"thumbnailUrl\":\"https:\/\/i0.wp.com\/inti.hr\/wp-content\/uploads\/2022\/03\/81-zZCIWEyL._AC_SL1500_.jpg?fit=1500%2C1500&ssl=1\",\"datePublished\":\"2022-03-10T13:28:31+00:00\",\"dateModified\":\"2022-03-10T13:28:31+00:00\",\"description\":\"Sve za va\u0161eg mali\u0161ana mora biti sigurno.\u00a0Zato je ova polica izra\u0111ena od konstruiranog drva izdr\u017eljiva i opremljena anti-kiperom.\u00a0\u017delimo da se va\u0161a djeca zabavljaju u sigurnom okru\u017eenju. \u00a04 gornja pretinca za igra\u010dke, 2 srednje police za knjige, 2 donje kutije od tkanine za umjetni\u010dke potrep\u0161tine i prednja plo\u010da za bojanje - Savr\u0161ena kombinacija - va\u0161a djeca se mogu igrati, crtati i organizirati.\",\"breadcrumb\":{\"@id\":\"https:\/\/inti.hr\/sr\/proizvod\/djecja-polica-crno-narancasta-i-zuta\/#breadcrumb\"},\"inLanguage\":\"sr-RS\",\"potentialAction\":[{\"@type\":\"ReadAction\",\"target\":[\"https:\/\/inti.hr\/sr\/proizvod\/djecja-polica-crno-narancasta-i-zuta\/\"]}]},{\"@type\":\"ImageObject\",\"inLanguage\":\"sr-RS\",\"@id\":\"https:\/\/inti.hr\/sr\/proizvod\/djecja-polica-crno-narancasta-i-zuta\/#primaryimage\",\"url\":\"https:\/\/i0.wp.com\/inti.hr\/wp-content\/uploads\/2022\/03\/81-zZCIWEyL._AC_SL1500_.jpg?fit=1500%2C1500&ssl=1\",\"contentUrl\":\"https:\/\/i0.wp.com\/inti.hr\/wp-content\/uploads\/2022\/03\/81-zZCIWEyL._AC_SL1500_.jpg?fit=1500%2C1500&ssl=1\",\"width\":1500,\"height\":1500},{\"@type\":\"BreadcrumbList\",\"@id\":\"https:\/\/inti.hr\/sr\/proizvod\/djecja-polica-crno-narancasta-i-zuta\/#breadcrumb\",\"itemListElement\":[{\"@type\":\"ListItem\",\"position\":1,\"name\":\"Po\u010detna stranica\",\"item\":\"https:\/\/inti.hr\/sr\/\"},{\"@type\":\"ListItem\",\"position\":2,\"name\":\"Prodavnica\",\"item\":\"https:\/\/inti.hr\/sr\/prodavnica\/\"},{\"@type\":\"ListItem\",\"position\":3,\"name\":\"Dje\u010dja polica crno naran\u010dasta i \u017euta\"}]},{\"@type\":\"WebSite\",\"@id\":\"https:\/\/inti.hr\/sr\/#website\",\"url\":\"https:\/\/inti.hr\/sr\/\",\"name\":\"Inti\",\"description\":\"trgovina\",\"potentialAction\":[{\"@type\":\"SearchAction\",\"target\":{\"@type\":\"EntryPoint\",\"urlTemplate\":\"https:\/\/inti.hr\/sr\/?s={search_term_string}\"},\"query-input\":{\"@type\":\"PropertyValueSpecification\",\"valueRequired\":true,\"valueName\":\"search_term_string\"}}],\"inLanguage\":\"sr-RS\"}]}<\/script>\n<!-- \/ Yoast SEO plugin. -->","yoast_head_json":{"title":"Dje\u010dja polica crno naran\u010dasta i \u017euta - Inti","description":"Sve za va\u0161eg mali\u0161ana mora biti sigurno.\u00a0Zato je ova polica izra\u0111ena od konstruiranog drva izdr\u017eljiva i opremljena anti-kiperom.\u00a0\u017delimo da se va\u0161a djeca zabavljaju u sigurnom okru\u017eenju. \u00a04 gornja pretinca za igra\u010dke, 2 srednje police za knjige, 2 donje kutije od tkanine za umjetni\u010dke potrep\u0161tine i prednja plo\u010da za bojanje - Savr\u0161ena kombinacija - va\u0161a djeca se mogu igrati, crtati i organizirati.","robots":{"index":"index","follow":"follow","max-snippet":"max-snippet:-1","max-image-preview":"max-image-preview:large","max-video-preview":"max-video-preview:-1"},"canonical":"https:\/\/inti.hr\/sr\/proizvod\/djecja-polica-crno-narancasta-i-zuta\/","og_locale":"sr_RS","og_type":"article","og_title":"Dje\u010dja polica crno naran\u010dasta i \u017euta - Inti","og_description":"Sve za va\u0161eg mali\u0161ana mora biti sigurno.\u00a0Zato je ova polica izra\u0111ena od konstruiranog drva izdr\u017eljiva i opremljena anti-kiperom.\u00a0\u017delimo da se va\u0161a djeca zabavljaju u sigurnom okru\u017eenju. \u00a04 gornja pretinca za igra\u010dke, 2 srednje police za knjige, 2 donje kutije od tkanine za umjetni\u010dke potrep\u0161tine i prednja plo\u010da za bojanje - Savr\u0161ena kombinacija - va\u0161a djeca se mogu igrati, crtati i organizirati.","og_url":"https:\/\/inti.hr\/sr\/proizvod\/djecja-polica-crno-narancasta-i-zuta\/","og_site_name":"Inti","og_image":[{"width":1500,"height":1500,"url":"https:\/\/i0.wp.com\/inti.hr\/wp-content\/uploads\/2022\/03\/81-zZCIWEyL._AC_SL1500_.jpg?fit=1500%2C1500&ssl=1","type":"image\/jpeg"}],"twitter_card":"summary_large_image","schema":{"@context":"https:\/\/schema.org","@graph":[{"@type":"WebPage","@id":"https:\/\/inti.hr\/sr\/proizvod\/djecja-polica-crno-narancasta-i-zuta\/","url":"https:\/\/inti.hr\/sr\/proizvod\/djecja-polica-crno-narancasta-i-zuta\/","name":"Dje\u010dja polica crno naran\u010dasta i \u017euta - Inti","isPartOf":{"@id":"https:\/\/inti.hr\/sr\/#website"},"primaryImageOfPage":{"@id":"https:\/\/inti.hr\/sr\/proizvod\/djecja-polica-crno-narancasta-i-zuta\/#primaryimage"},"image":{"@id":"https:\/\/inti.hr\/sr\/proizvod\/djecja-polica-crno-narancasta-i-zuta\/#primaryimage"},"thumbnailUrl":"https:\/\/i0.wp.com\/inti.hr\/wp-content\/uploads\/2022\/03\/81-zZCIWEyL._AC_SL1500_.jpg?fit=1500%2C1500&ssl=1","datePublished":"2022-03-10T13:28:31+00:00","dateModified":"2022-03-10T13:28:31+00:00","description":"Sve za va\u0161eg mali\u0161ana mora biti sigurno.\u00a0Zato je ova polica izra\u0111ena od konstruiranog drva izdr\u017eljiva i opremljena anti-kiperom.\u00a0\u017delimo da se va\u0161a djeca zabavljaju u sigurnom okru\u017eenju. \u00a04 gornja pretinca za igra\u010dke, 2 srednje police za knjige, 2 donje kutije od tkanine za umjetni\u010dke potrep\u0161tine i prednja plo\u010da za bojanje - Savr\u0161ena kombinacija - va\u0161a djeca se mogu igrati, crtati i organizirati.","breadcrumb":{"@id":"https:\/\/inti.hr\/sr\/proizvod\/djecja-polica-crno-narancasta-i-zuta\/#breadcrumb"},"inLanguage":"sr-RS","potentialAction":[{"@type":"ReadAction","target":["https:\/\/inti.hr\/sr\/proizvod\/djecja-polica-crno-narancasta-i-zuta\/"]}]},{"@type":"ImageObject","inLanguage":"sr-RS","@id":"https:\/\/inti.hr\/sr\/proizvod\/djecja-polica-crno-narancasta-i-zuta\/#primaryimage","url":"https:\/\/i0.wp.com\/inti.hr\/wp-content\/uploads\/2022\/03\/81-zZCIWEyL._AC_SL1500_.jpg?fit=1500%2C1500&ssl=1","contentUrl":"https:\/\/i0.wp.com\/inti.hr\/wp-content\/uploads\/2022\/03\/81-zZCIWEyL._AC_SL1500_.jpg?fit=1500%2C1500&ssl=1","width":1500,"height":1500},{"@type":"BreadcrumbList","@id":"https:\/\/inti.hr\/sr\/proizvod\/djecja-polica-crno-narancasta-i-zuta\/#breadcrumb","itemListElement":[{"@type":"ListItem","position":1,"name":"Po\u010detna stranica","item":"https:\/\/inti.hr\/sr\/"},{"@type":"ListItem","position":2,"name":"Prodavnica","item":"https:\/\/inti.hr\/sr\/prodavnica\/"},{"@type":"ListItem","position":3,"name":"Dje\u010dja polica crno naran\u010dasta i \u017euta"}]},{"@type":"WebSite","@id":"https:\/\/inti.hr\/sr\/#website","url":"https:\/\/inti.hr\/sr\/","name":"Inti","description":"trgovina","potentialAction":[{"@type":"SearchAction","target":{"@type":"EntryPoint","urlTemplate":"https:\/\/inti.hr\/sr\/?s={search_term_string}"},"query-input":{"@type":"PropertyValueSpecification","valueRequired":true,"valueName":"search_term_string"}}],"inLanguage":"sr-RS"}]}},"jetpack_sharing_enabled":true,"jetpack-related-posts":[],"_links":{"self":[{"href":"https:\/\/inti.hr\/sr\/wp-json\/wp\/v2\/product\/38392"}],"collection":[{"href":"https:\/\/inti.hr\/sr\/wp-json\/wp\/v2\/product"}],"about":[{"href":"https:\/\/inti.hr\/sr\/wp-json\/wp\/v2\/types\/product"}],"wp:featuredmedia":[{"embeddable":true,"href":"https:\/\/inti.hr\/sr\/wp-json\/wp\/v2\/media\/38394"}],"wp:attachment":[{"href":"https:\/\/inti.hr\/sr\/wp-json\/wp\/v2\/media?parent=38392"}],"wp:term":[{"taxonomy":"product_cat","embeddable":true,"href":"https:\/\/inti.hr\/sr\/wp-json\/wp\/v2\/product_cat?post=38392"},{"taxonomy":"product_tag","embeddable":true,"href":"https:\/\/inti.hr\/sr\/wp-json\/wp\/v2\/product_tag?post=38392"}],"curies":[{"name":"wp","href":"https:\/\/api.w.org\/{rel}","templated":true}]}}