{"id":38411,"date":"2022-03-03T08:00:29","date_gmt":"2022-03-03T08:00:29","guid":{"rendered":"https:\/\/inti.hr\/product\/kavez-za-pse-xl-sa-2-vrata\/"},"modified":"2022-03-03T08:00:29","modified_gmt":"2022-03-03T08:00:29","slug":"kavez-za-pse-xl-sa-2-vrata","status":"publish","type":"product","link":"https:\/\/inti.hr\/sr\/proizvod\/kavez-za-pse-xl-sa-2-vrata\/","title":{"rendered":"Kavez za pse XL sa 2 vrata"},"content":{"rendered":"<p><b>Detalji o proizvodu:<\/b><br \/>\n&#8211; Materijal: \u017eeljezna \u017eica<br \/>\n&#8211; Dimenzije: 91 x 64 x 58 cm (\u0160 x V x D)<br \/>\n&#8211; Dimenzije ulaznih vrata: 35 x 42,5 cm (\u0160 x V)<br \/>\n&#8211; Dimenzije bo\u010dnih vrata: 41,5 x 48,5 cm ( \u0160 x V)<br \/>\n&#8211; horizontalni promjer \u017eice: 4 mm<br \/>\n&#8211; vertikalni promjer \u017eice: 3 mm<br \/>\n&#8211; boja: crna.<\/p>\n<p>&nbsp;<\/p>\n<div class=\"left\">\n<ul>\n<li>Visokokvalitetni materijal &#8211; Izra\u0111en od deblje \u017eeljezne \u017eice, \u010dija je povr\u0161ina elektroforetski oblo\u017eena, jaka otpornost na hr\u0111u, atraktivnog izgleda i izdr\u017eljiva.<\/li>\n<li>Dobra izrada &#8211; svi dijelovi \u010disto bru\u0161eni, bez o\u0161trih rubova ili vrhova.<\/li>\n<li>Dizajn s dva vrata &#8211; svaka vrata s 2 zasuna u obliku slova L, \u0161to osigurava optimalnu sigurnost. Sustavi s 2 vrata omogu\u0107uju va\u0161em ljubimcu lak ulazak i izlazak te olak\u0161avaju \u010di\u0161\u0107enje.<\/li>\n<\/ul>\n<\/div>\n<div class=\"right\">\n<ul>\n<li>Odvojiva donja posuda &#8211; s uklonjivom plasti\u010dnom donjom posudom koja se lako \u010disti.<\/li>\n<li>Lako sklopiv &#8211; kavez za pse lako se sastavlja, tako\u0111er se bez napora kompaktno sklapa i odla\u017ee radi u\u0161tede prostora, idealan za pokret ili u ku\u0107i.\u00a0S 2 ru\u010dke za no\u0161enje, lako ga mo\u017eete ponijeti sa sobom, vrlo prakti\u010dan.<\/li>\n<\/ul>\n<\/div>\n","protected":false},"excerpt":{"rendered":"<p>Kavez za pse 2 vrata kutija za pse transportna kutija sklopivi &#8230; <\/p>\n","protected":false},"featured_media":38412,"template":"","meta":[],"product_cat":[2404],"product_tag":[2835,2649,5025],"yoast_head":"<!-- This site is optimized with the Yoast SEO plugin v23.7 - https:\/\/yoast.com\/wordpress\/plugins\/seo\/ -->\n<title>Kavez za pse XL sa 2 vrata - Inti<\/title>\n<meta name=\"description\" content=\"kavez za pse 2 vrata kutija za pse transportna kutija sklopivi \u017ei\u010dani kavez ma\u010dke ze\u010devi glodavci ze\u010devi kavez za perad crni XL 91 x 64 x 58 cm\" \/>\n<meta name=\"robots\" content=\"index, follow, max-snippet:-1, max-image-preview:large, max-video-preview:-1\" \/>\n<link rel=\"canonical\" href=\"https:\/\/inti.hr\/sr\/proizvod\/kavez-za-pse-xl-sa-2-vrata\/\" \/>\n<meta property=\"og:locale\" content=\"sr_RS\" \/>\n<meta property=\"og:type\" content=\"article\" \/>\n<meta property=\"og:title\" content=\"Kavez za pse XL sa 2 vrata - Inti\" \/>\n<meta property=\"og:description\" content=\"kavez za pse 2 vrata kutija za pse transportna kutija sklopivi \u017ei\u010dani kavez ma\u010dke ze\u010devi glodavci ze\u010devi kavez za perad crni XL 91 x 64 x 58 cm\" \/>\n<meta property=\"og:url\" content=\"https:\/\/inti.hr\/sr\/proizvod\/kavez-za-pse-xl-sa-2-vrata\/\" \/>\n<meta property=\"og:site_name\" content=\"Inti\" \/>\n<meta property=\"og:image\" content=\"https:\/\/i0.wp.com\/inti.hr\/wp-content\/uploads\/2022\/03\/81ut-1tbLaL._AC_SL1500_.jpg?fit=1500%2C1445&ssl=1\" \/>\n\t<meta property=\"og:image:width\" content=\"1500\" \/>\n\t<meta property=\"og:image:height\" content=\"1445\" \/>\n\t<meta property=\"og:image:type\" content=\"image\/jpeg\" \/>\n<meta name=\"twitter:card\" content=\"summary_large_image\" \/>\n<meta name=\"twitter:label1\" content=\"\u041f\u0440\u043e\u0446\u0435\u045a\u0435\u043d\u043e \u0432\u0440\u0435\u043c\u0435 \u0447\u0438\u0442\u0430\u045a\u0430\" \/>\n\t<meta name=\"twitter:data1\" content=\"1 \u043c\u0438\u043d\u0443\u0442\" \/>\n<script type=\"application\/ld+json\" class=\"yoast-schema-graph\">{\"@context\":\"https:\/\/schema.org\",\"@graph\":[{\"@type\":\"WebPage\",\"@id\":\"https:\/\/inti.hr\/sr\/proizvod\/kavez-za-pse-xl-sa-2-vrata\/\",\"url\":\"https:\/\/inti.hr\/sr\/proizvod\/kavez-za-pse-xl-sa-2-vrata\/\",\"name\":\"Kavez za pse XL sa 2 vrata - Inti\",\"isPartOf\":{\"@id\":\"https:\/\/inti.hr\/sr\/#website\"},\"primaryImageOfPage\":{\"@id\":\"https:\/\/inti.hr\/sr\/proizvod\/kavez-za-pse-xl-sa-2-vrata\/#primaryimage\"},\"image\":{\"@id\":\"https:\/\/inti.hr\/sr\/proizvod\/kavez-za-pse-xl-sa-2-vrata\/#primaryimage\"},\"thumbnailUrl\":\"https:\/\/i0.wp.com\/inti.hr\/wp-content\/uploads\/2022\/03\/81ut-1tbLaL._AC_SL1500_.jpg?fit=1500%2C1445&ssl=1\",\"datePublished\":\"2022-03-03T08:00:29+00:00\",\"dateModified\":\"2022-03-03T08:00:29+00:00\",\"description\":\"kavez za pse 2 vrata kutija za pse transportna kutija sklopivi \u017ei\u010dani kavez ma\u010dke ze\u010devi glodavci ze\u010devi kavez za perad crni XL 91 x 64 x 58 cm\",\"breadcrumb\":{\"@id\":\"https:\/\/inti.hr\/sr\/proizvod\/kavez-za-pse-xl-sa-2-vrata\/#breadcrumb\"},\"inLanguage\":\"sr-RS\",\"potentialAction\":[{\"@type\":\"ReadAction\",\"target\":[\"https:\/\/inti.hr\/sr\/proizvod\/kavez-za-pse-xl-sa-2-vrata\/\"]}]},{\"@type\":\"ImageObject\",\"inLanguage\":\"sr-RS\",\"@id\":\"https:\/\/inti.hr\/sr\/proizvod\/kavez-za-pse-xl-sa-2-vrata\/#primaryimage\",\"url\":\"https:\/\/i0.wp.com\/inti.hr\/wp-content\/uploads\/2022\/03\/81ut-1tbLaL._AC_SL1500_.jpg?fit=1500%2C1445&ssl=1\",\"contentUrl\":\"https:\/\/i0.wp.com\/inti.hr\/wp-content\/uploads\/2022\/03\/81ut-1tbLaL._AC_SL1500_.jpg?fit=1500%2C1445&ssl=1\",\"width\":1500,\"height\":1445},{\"@type\":\"BreadcrumbList\",\"@id\":\"https:\/\/inti.hr\/sr\/proizvod\/kavez-za-pse-xl-sa-2-vrata\/#breadcrumb\",\"itemListElement\":[{\"@type\":\"ListItem\",\"position\":1,\"name\":\"Po\u010detna stranica\",\"item\":\"https:\/\/inti.hr\/sr\/\"},{\"@type\":\"ListItem\",\"position\":2,\"name\":\"Prodavnica\",\"item\":\"https:\/\/inti.hr\/sr\/prodavnica\/\"},{\"@type\":\"ListItem\",\"position\":3,\"name\":\"Kavez za pse XL sa 2 vrata\"}]},{\"@type\":\"WebSite\",\"@id\":\"https:\/\/inti.hr\/sr\/#website\",\"url\":\"https:\/\/inti.hr\/sr\/\",\"name\":\"Inti\",\"description\":\"trgovina\",\"potentialAction\":[{\"@type\":\"SearchAction\",\"target\":{\"@type\":\"EntryPoint\",\"urlTemplate\":\"https:\/\/inti.hr\/sr\/?s={search_term_string}\"},\"query-input\":{\"@type\":\"PropertyValueSpecification\",\"valueRequired\":true,\"valueName\":\"search_term_string\"}}],\"inLanguage\":\"sr-RS\"}]}<\/script>\n<!-- \/ Yoast SEO plugin. -->","yoast_head_json":{"title":"Kavez za pse XL sa 2 vrata - Inti","description":"kavez za pse 2 vrata kutija za pse transportna kutija sklopivi \u017ei\u010dani kavez ma\u010dke ze\u010devi glodavci ze\u010devi kavez za perad crni XL 91 x 64 x 58 cm","robots":{"index":"index","follow":"follow","max-snippet":"max-snippet:-1","max-image-preview":"max-image-preview:large","max-video-preview":"max-video-preview:-1"},"canonical":"https:\/\/inti.hr\/sr\/proizvod\/kavez-za-pse-xl-sa-2-vrata\/","og_locale":"sr_RS","og_type":"article","og_title":"Kavez za pse XL sa 2 vrata - Inti","og_description":"kavez za pse 2 vrata kutija za pse transportna kutija sklopivi \u017ei\u010dani kavez ma\u010dke ze\u010devi glodavci ze\u010devi kavez za perad crni XL 91 x 64 x 58 cm","og_url":"https:\/\/inti.hr\/sr\/proizvod\/kavez-za-pse-xl-sa-2-vrata\/","og_site_name":"Inti","og_image":[{"width":1500,"height":1445,"url":"https:\/\/i0.wp.com\/inti.hr\/wp-content\/uploads\/2022\/03\/81ut-1tbLaL._AC_SL1500_.jpg?fit=1500%2C1445&ssl=1","type":"image\/jpeg"}],"twitter_card":"summary_large_image","twitter_misc":{"\u041f\u0440\u043e\u0446\u0435\u045a\u0435\u043d\u043e \u0432\u0440\u0435\u043c\u0435 \u0447\u0438\u0442\u0430\u045a\u0430":"1 \u043c\u0438\u043d\u0443\u0442"},"schema":{"@context":"https:\/\/schema.org","@graph":[{"@type":"WebPage","@id":"https:\/\/inti.hr\/sr\/proizvod\/kavez-za-pse-xl-sa-2-vrata\/","url":"https:\/\/inti.hr\/sr\/proizvod\/kavez-za-pse-xl-sa-2-vrata\/","name":"Kavez za pse XL sa 2 vrata - Inti","isPartOf":{"@id":"https:\/\/inti.hr\/sr\/#website"},"primaryImageOfPage":{"@id":"https:\/\/inti.hr\/sr\/proizvod\/kavez-za-pse-xl-sa-2-vrata\/#primaryimage"},"image":{"@id":"https:\/\/inti.hr\/sr\/proizvod\/kavez-za-pse-xl-sa-2-vrata\/#primaryimage"},"thumbnailUrl":"https:\/\/i0.wp.com\/inti.hr\/wp-content\/uploads\/2022\/03\/81ut-1tbLaL._AC_SL1500_.jpg?fit=1500%2C1445&ssl=1","datePublished":"2022-03-03T08:00:29+00:00","dateModified":"2022-03-03T08:00:29+00:00","description":"kavez za pse 2 vrata kutija za pse transportna kutija sklopivi \u017ei\u010dani kavez ma\u010dke ze\u010devi glodavci ze\u010devi kavez za perad crni XL 91 x 64 x 58 cm","breadcrumb":{"@id":"https:\/\/inti.hr\/sr\/proizvod\/kavez-za-pse-xl-sa-2-vrata\/#breadcrumb"},"inLanguage":"sr-RS","potentialAction":[{"@type":"ReadAction","target":["https:\/\/inti.hr\/sr\/proizvod\/kavez-za-pse-xl-sa-2-vrata\/"]}]},{"@type":"ImageObject","inLanguage":"sr-RS","@id":"https:\/\/inti.hr\/sr\/proizvod\/kavez-za-pse-xl-sa-2-vrata\/#primaryimage","url":"https:\/\/i0.wp.com\/inti.hr\/wp-content\/uploads\/2022\/03\/81ut-1tbLaL._AC_SL1500_.jpg?fit=1500%2C1445&ssl=1","contentUrl":"https:\/\/i0.wp.com\/inti.hr\/wp-content\/uploads\/2022\/03\/81ut-1tbLaL._AC_SL1500_.jpg?fit=1500%2C1445&ssl=1","width":1500,"height":1445},{"@type":"BreadcrumbList","@id":"https:\/\/inti.hr\/sr\/proizvod\/kavez-za-pse-xl-sa-2-vrata\/#breadcrumb","itemListElement":[{"@type":"ListItem","position":1,"name":"Po\u010detna stranica","item":"https:\/\/inti.hr\/sr\/"},{"@type":"ListItem","position":2,"name":"Prodavnica","item":"https:\/\/inti.hr\/sr\/prodavnica\/"},{"@type":"ListItem","position":3,"name":"Kavez za pse XL sa 2 vrata"}]},{"@type":"WebSite","@id":"https:\/\/inti.hr\/sr\/#website","url":"https:\/\/inti.hr\/sr\/","name":"Inti","description":"trgovina","potentialAction":[{"@type":"SearchAction","target":{"@type":"EntryPoint","urlTemplate":"https:\/\/inti.hr\/sr\/?s={search_term_string}"},"query-input":{"@type":"PropertyValueSpecification","valueRequired":true,"valueName":"search_term_string"}}],"inLanguage":"sr-RS"}]}},"jetpack_sharing_enabled":true,"jetpack-related-posts":[],"_links":{"self":[{"href":"https:\/\/inti.hr\/sr\/wp-json\/wp\/v2\/product\/38411"}],"collection":[{"href":"https:\/\/inti.hr\/sr\/wp-json\/wp\/v2\/product"}],"about":[{"href":"https:\/\/inti.hr\/sr\/wp-json\/wp\/v2\/types\/product"}],"wp:featuredmedia":[{"embeddable":true,"href":"https:\/\/inti.hr\/sr\/wp-json\/wp\/v2\/media\/38412"}],"wp:attachment":[{"href":"https:\/\/inti.hr\/sr\/wp-json\/wp\/v2\/media?parent=38411"}],"wp:term":[{"taxonomy":"product_cat","embeddable":true,"href":"https:\/\/inti.hr\/sr\/wp-json\/wp\/v2\/product_cat?post=38411"},{"taxonomy":"product_tag","embeddable":true,"href":"https:\/\/inti.hr\/sr\/wp-json\/wp\/v2\/product_tag?post=38411"}],"curies":[{"name":"wp","href":"https:\/\/api.w.org\/{rel}","templated":true}]}}