{"id":38454,"date":"2022-02-28T08:04:21","date_gmt":"2022-02-28T08:04:21","guid":{"rendered":"https:\/\/inti.hr\/product\/suncobran-siva\/"},"modified":"2022-02-28T08:04:21","modified_gmt":"2022-02-28T08:04:21","slug":"suncobran-siva","status":"publish","type":"product","link":"https:\/\/inti.hr\/sr\/proizvod\/suncobran-siva\/","title":{"rendered":"Suncobran siva"},"content":{"rendered":"<p>Detalji o proizvodu:<br \/>\n&#8211; Boja: siva<br \/>\n&#8211; Materijal: stup za ki\u0161obran od aluminijske legure, rebra za ki\u0161obran od \u017eeljeza, 200 g\/m\u00b2 poliesterska tkanina<br \/>\n&#8211; \u00d8 ki\u0161obrana: 3 m<br \/>\n&#8211; Veli\u010dina stalka: 100 x 100 cm<br \/>\n&#8211; Veli\u010dina stupa za ki\u0161obran: 62 x 40 mm<br \/>\n&#8211; Visina: 2,5 m<br \/>\n&#8211; te\u017eina: 21 kg<\/p>\n<p>Opseg isporuke:<br \/>\n&#8211; 1 x semaforski ki\u0161obran<br \/>\n&#8211; 1 x stalak<\/p>\n","protected":false},"excerpt":{"rendered":"<p>Semaforski ki\u0161obran, suncobran, rotiraju\u0107i 360\u00b0, vrtni ki\u0161obran \u00d8 300 cm, UV &#8230; <\/p>\n","protected":false},"featured_media":38456,"template":"","meta":[],"product_cat":[2485,2461],"product_tag":[5489,5162,5436],"yoast_head":"<!-- This site is optimized with the Yoast SEO plugin v23.7 - https:\/\/yoast.com\/wordpress\/plugins\/seo\/ -->\n<title>Suncobran siva - Inti<\/title>\n<meta name=\"description\" content=\"semaforski ki\u0161obran, suncobran, rotiraju\u0107i 360\u00b0, vrtni ki\u0161obran \u00d8 300 cm, UV za\u0161tita do UPF 50+, podesiv kut nagiba, vrtni suncobran, sa polugom i postoljem, sivi\" \/>\n<meta name=\"robots\" content=\"index, follow, max-snippet:-1, max-image-preview:large, max-video-preview:-1\" \/>\n<link rel=\"canonical\" href=\"https:\/\/inti.hr\/sr\/proizvod\/suncobran-siva\/\" \/>\n<meta property=\"og:locale\" content=\"sr_RS\" \/>\n<meta property=\"og:type\" content=\"article\" \/>\n<meta property=\"og:title\" content=\"Suncobran siva - Inti\" \/>\n<meta property=\"og:description\" content=\"semaforski ki\u0161obran, suncobran, rotiraju\u0107i 360\u00b0, vrtni ki\u0161obran \u00d8 300 cm, UV za\u0161tita do UPF 50+, podesiv kut nagiba, vrtni suncobran, sa polugom i postoljem, sivi\" \/>\n<meta property=\"og:url\" content=\"https:\/\/inti.hr\/sr\/proizvod\/suncobran-siva\/\" \/>\n<meta property=\"og:site_name\" content=\"Inti\" \/>\n<meta property=\"og:image\" content=\"https:\/\/i0.wp.com\/inti.hr\/wp-content\/uploads\/2022\/02\/A1MVdqKuRFL._AC_SL1500_.jpg?fit=1500%2C1500&ssl=1\" \/>\n\t<meta property=\"og:image:width\" content=\"1500\" \/>\n\t<meta property=\"og:image:height\" content=\"1500\" \/>\n\t<meta property=\"og:image:type\" content=\"image\/jpeg\" \/>\n<meta name=\"twitter:card\" content=\"summary_large_image\" \/>\n<script type=\"application\/ld+json\" class=\"yoast-schema-graph\">{\"@context\":\"https:\/\/schema.org\",\"@graph\":[{\"@type\":\"WebPage\",\"@id\":\"https:\/\/inti.hr\/sr\/proizvod\/suncobran-siva\/\",\"url\":\"https:\/\/inti.hr\/sr\/proizvod\/suncobran-siva\/\",\"name\":\"Suncobran siva - Inti\",\"isPartOf\":{\"@id\":\"https:\/\/inti.hr\/sr\/#website\"},\"primaryImageOfPage\":{\"@id\":\"https:\/\/inti.hr\/sr\/proizvod\/suncobran-siva\/#primaryimage\"},\"image\":{\"@id\":\"https:\/\/inti.hr\/sr\/proizvod\/suncobran-siva\/#primaryimage\"},\"thumbnailUrl\":\"https:\/\/i0.wp.com\/inti.hr\/wp-content\/uploads\/2022\/02\/A1MVdqKuRFL._AC_SL1500_.jpg?fit=1500%2C1500&ssl=1\",\"datePublished\":\"2022-02-28T08:04:21+00:00\",\"dateModified\":\"2022-02-28T08:04:21+00:00\",\"description\":\"semaforski ki\u0161obran, suncobran, rotiraju\u0107i 360\u00b0, vrtni ki\u0161obran \u00d8 300 cm, UV za\u0161tita do UPF 50+, podesiv kut nagiba, vrtni suncobran, sa polugom i postoljem, sivi\",\"breadcrumb\":{\"@id\":\"https:\/\/inti.hr\/sr\/proizvod\/suncobran-siva\/#breadcrumb\"},\"inLanguage\":\"sr-RS\",\"potentialAction\":[{\"@type\":\"ReadAction\",\"target\":[\"https:\/\/inti.hr\/sr\/proizvod\/suncobran-siva\/\"]}]},{\"@type\":\"ImageObject\",\"inLanguage\":\"sr-RS\",\"@id\":\"https:\/\/inti.hr\/sr\/proizvod\/suncobran-siva\/#primaryimage\",\"url\":\"https:\/\/i0.wp.com\/inti.hr\/wp-content\/uploads\/2022\/02\/A1MVdqKuRFL._AC_SL1500_.jpg?fit=1500%2C1500&ssl=1\",\"contentUrl\":\"https:\/\/i0.wp.com\/inti.hr\/wp-content\/uploads\/2022\/02\/A1MVdqKuRFL._AC_SL1500_.jpg?fit=1500%2C1500&ssl=1\",\"width\":1500,\"height\":1500},{\"@type\":\"BreadcrumbList\",\"@id\":\"https:\/\/inti.hr\/sr\/proizvod\/suncobran-siva\/#breadcrumb\",\"itemListElement\":[{\"@type\":\"ListItem\",\"position\":1,\"name\":\"Po\u010detna stranica\",\"item\":\"https:\/\/inti.hr\/sr\/\"},{\"@type\":\"ListItem\",\"position\":2,\"name\":\"Prodavnica\",\"item\":\"https:\/\/inti.hr\/sr\/prodavnica\/\"},{\"@type\":\"ListItem\",\"position\":3,\"name\":\"Suncobran siva\"}]},{\"@type\":\"WebSite\",\"@id\":\"https:\/\/inti.hr\/sr\/#website\",\"url\":\"https:\/\/inti.hr\/sr\/\",\"name\":\"Inti\",\"description\":\"trgovina\",\"potentialAction\":[{\"@type\":\"SearchAction\",\"target\":{\"@type\":\"EntryPoint\",\"urlTemplate\":\"https:\/\/inti.hr\/sr\/?s={search_term_string}\"},\"query-input\":{\"@type\":\"PropertyValueSpecification\",\"valueRequired\":true,\"valueName\":\"search_term_string\"}}],\"inLanguage\":\"sr-RS\"}]}<\/script>\n<!-- \/ Yoast SEO plugin. -->","yoast_head_json":{"title":"Suncobran siva - Inti","description":"semaforski ki\u0161obran, suncobran, rotiraju\u0107i 360\u00b0, vrtni ki\u0161obran \u00d8 300 cm, UV za\u0161tita do UPF 50+, podesiv kut nagiba, vrtni suncobran, sa polugom i postoljem, sivi","robots":{"index":"index","follow":"follow","max-snippet":"max-snippet:-1","max-image-preview":"max-image-preview:large","max-video-preview":"max-video-preview:-1"},"canonical":"https:\/\/inti.hr\/sr\/proizvod\/suncobran-siva\/","og_locale":"sr_RS","og_type":"article","og_title":"Suncobran siva - Inti","og_description":"semaforski ki\u0161obran, suncobran, rotiraju\u0107i 360\u00b0, vrtni ki\u0161obran \u00d8 300 cm, UV za\u0161tita do UPF 50+, podesiv kut nagiba, vrtni suncobran, sa polugom i postoljem, sivi","og_url":"https:\/\/inti.hr\/sr\/proizvod\/suncobran-siva\/","og_site_name":"Inti","og_image":[{"width":1500,"height":1500,"url":"https:\/\/i0.wp.com\/inti.hr\/wp-content\/uploads\/2022\/02\/A1MVdqKuRFL._AC_SL1500_.jpg?fit=1500%2C1500&ssl=1","type":"image\/jpeg"}],"twitter_card":"summary_large_image","schema":{"@context":"https:\/\/schema.org","@graph":[{"@type":"WebPage","@id":"https:\/\/inti.hr\/sr\/proizvod\/suncobran-siva\/","url":"https:\/\/inti.hr\/sr\/proizvod\/suncobran-siva\/","name":"Suncobran siva - Inti","isPartOf":{"@id":"https:\/\/inti.hr\/sr\/#website"},"primaryImageOfPage":{"@id":"https:\/\/inti.hr\/sr\/proizvod\/suncobran-siva\/#primaryimage"},"image":{"@id":"https:\/\/inti.hr\/sr\/proizvod\/suncobran-siva\/#primaryimage"},"thumbnailUrl":"https:\/\/i0.wp.com\/inti.hr\/wp-content\/uploads\/2022\/02\/A1MVdqKuRFL._AC_SL1500_.jpg?fit=1500%2C1500&ssl=1","datePublished":"2022-02-28T08:04:21+00:00","dateModified":"2022-02-28T08:04:21+00:00","description":"semaforski ki\u0161obran, suncobran, rotiraju\u0107i 360\u00b0, vrtni ki\u0161obran \u00d8 300 cm, UV za\u0161tita do UPF 50+, podesiv kut nagiba, vrtni suncobran, sa polugom i postoljem, sivi","breadcrumb":{"@id":"https:\/\/inti.hr\/sr\/proizvod\/suncobran-siva\/#breadcrumb"},"inLanguage":"sr-RS","potentialAction":[{"@type":"ReadAction","target":["https:\/\/inti.hr\/sr\/proizvod\/suncobran-siva\/"]}]},{"@type":"ImageObject","inLanguage":"sr-RS","@id":"https:\/\/inti.hr\/sr\/proizvod\/suncobran-siva\/#primaryimage","url":"https:\/\/i0.wp.com\/inti.hr\/wp-content\/uploads\/2022\/02\/A1MVdqKuRFL._AC_SL1500_.jpg?fit=1500%2C1500&ssl=1","contentUrl":"https:\/\/i0.wp.com\/inti.hr\/wp-content\/uploads\/2022\/02\/A1MVdqKuRFL._AC_SL1500_.jpg?fit=1500%2C1500&ssl=1","width":1500,"height":1500},{"@type":"BreadcrumbList","@id":"https:\/\/inti.hr\/sr\/proizvod\/suncobran-siva\/#breadcrumb","itemListElement":[{"@type":"ListItem","position":1,"name":"Po\u010detna stranica","item":"https:\/\/inti.hr\/sr\/"},{"@type":"ListItem","position":2,"name":"Prodavnica","item":"https:\/\/inti.hr\/sr\/prodavnica\/"},{"@type":"ListItem","position":3,"name":"Suncobran siva"}]},{"@type":"WebSite","@id":"https:\/\/inti.hr\/sr\/#website","url":"https:\/\/inti.hr\/sr\/","name":"Inti","description":"trgovina","potentialAction":[{"@type":"SearchAction","target":{"@type":"EntryPoint","urlTemplate":"https:\/\/inti.hr\/sr\/?s={search_term_string}"},"query-input":{"@type":"PropertyValueSpecification","valueRequired":true,"valueName":"search_term_string"}}],"inLanguage":"sr-RS"}]}},"jetpack_sharing_enabled":true,"jetpack-related-posts":[],"_links":{"self":[{"href":"https:\/\/inti.hr\/sr\/wp-json\/wp\/v2\/product\/38454"}],"collection":[{"href":"https:\/\/inti.hr\/sr\/wp-json\/wp\/v2\/product"}],"about":[{"href":"https:\/\/inti.hr\/sr\/wp-json\/wp\/v2\/types\/product"}],"wp:featuredmedia":[{"embeddable":true,"href":"https:\/\/inti.hr\/sr\/wp-json\/wp\/v2\/media\/38456"}],"wp:attachment":[{"href":"https:\/\/inti.hr\/sr\/wp-json\/wp\/v2\/media?parent=38454"}],"wp:term":[{"taxonomy":"product_cat","embeddable":true,"href":"https:\/\/inti.hr\/sr\/wp-json\/wp\/v2\/product_cat?post=38454"},{"taxonomy":"product_tag","embeddable":true,"href":"https:\/\/inti.hr\/sr\/wp-json\/wp\/v2\/product_tag?post=38454"}],"curies":[{"name":"wp","href":"https:\/\/api.w.org\/{rel}","templated":true}]}}