{"id":38459,"date":"2022-02-28T07:53:06","date_gmt":"2022-02-28T07:53:06","guid":{"rendered":"https:\/\/inti.hr\/product\/tenda-uv-zastita\/"},"modified":"2022-02-28T07:53:06","modified_gmt":"2022-02-28T07:53:06","slug":"tenda-uv-zastita","status":"publish","type":"product","link":"https:\/\/inti.hr\/sr\/proizvod\/tenda-uv-zastita\/","title":{"rendered":"Tenda UV za\u0161tita"},"content":{"rendered":"<p>Detalji o proizvodu:<br \/>\n&#8211; Boja: dim siva<br \/>\n&#8211; Materijal: poliester (160 g\/m\u00b2)<br \/>\n&#8211; Veli\u010dina: 2 x 3 m<br \/>\n&#8211; Te\u017eina: 1,2 kg<\/p>\n<p>Opseg isporuke:<br \/>\n&#8211; 1 x sun\u010dano jedro s vre\u0107icom<br \/>\n&#8211; 4 x u\u017ead za pri\u010dvr\u0161\u0107ivanje<\/p>\n<p>Napomene:<br \/>\n&#8211; Molimo nagnite tkaninu za 25 stupnjeva kako biste omogu\u0107ili da ki\u0161nica nesmetano odje.<br \/>\n&#8211; Sun\u010devo jedro \u010duvajte na za\u0161ti\u0107enom mjestu tijekom oluje ili zimi.<br \/>\n&#8211; O\u010distite jedro blagim deterd\u017eentom ili vodom.\u00a0Nikada nemojte koristiti \u010detku s tvrdim vlaknima ili kemijskim teku\u0107inama.<br \/>\n&#8211; Pazite da ne objesite jedro naopako.<\/p>\n<p>&nbsp;<\/p>\n<p><b>Ovako se pri\u010dvr\u0161\u0107uje sun\u010dano jedro.<\/b><br \/>\nZa monta\u017eu nije potreban alat!\u00a0Polo\u017eite sun\u010dano jedro ra\u0161ireno na mjestu gdje vam je potrebna za\u0161tita od sunca.\u00a0Zatim potra\u017eite 4 fiksne to\u010dke na koje \u017eelite pri\u010dvrstiti prilo\u017eene u\u017ead.\u00a0Dugi su 2 m, stoga prona\u0111ite drve\u0107e, stupove ili druge stabilne objekte unutar ovog radijusa.<\/p>\n<p>U\u017ead se zatim pri\u010dvr\u0161\u0107uje na pri\u010dvrsne to\u010dke i na robusne petlje i inox prstenove tende, tako da se cerada mo\u017ee razvu\u0107i \u010dvrsto i pod kutom od najmanje 25 stupnjeva.\u00a0Ovako ki\u0161nica savr\u0161eno otje\u010de.<\/p>\n<p><b>Za koja je mjesta prikladna ova za\u0161tita od sunca?<\/b><br \/>\nPostoje 4 to\u010dke pri\u010dvr\u0161\u0107ivanja i dovoljno mjesta za jedro 2 x 3 m?\u00a0Onda je ovo savr\u0161eno mjesto za va\u0161u novu za\u0161titu od sunca, bilo u kampu, u va\u0161em vrtu ili iznad va\u0161eg bazena.<\/p>\n","protected":false},"excerpt":{"rendered":"<p>Jedro za sunce 2 x 3 m, vodootporno do najmanje 1000 &#8230; <\/p>\n","protected":false},"featured_media":38460,"template":"","meta":[],"product_cat":[2485,2461],"product_tag":[5493,5494,5495],"yoast_head":"<!-- This site is optimized with the Yoast SEO plugin v23.7 - https:\/\/yoast.com\/wordpress\/plugins\/seo\/ -->\n<title>Tenda UV za\u0161tita - Inti<\/title>\n<meta name=\"description\" content=\"Jedro za sunce 2 x 3 m, vodootporno do najmanje 1000 mm vodenog stupca, 93% UV za\u0161tita, za\u0161tita od sunca od poliestera otpornog na habanje, otporno na vremenske uvjete, vrt, balkon, terasa, kampiranje, dim siva\" \/>\n<meta name=\"robots\" content=\"index, follow, max-snippet:-1, max-image-preview:large, max-video-preview:-1\" \/>\n<link rel=\"canonical\" href=\"https:\/\/inti.hr\/sr\/proizvod\/tenda-uv-zastita\/\" \/>\n<meta property=\"og:locale\" content=\"sr_RS\" \/>\n<meta property=\"og:type\" content=\"article\" \/>\n<meta property=\"og:title\" content=\"Tenda UV za\u0161tita - Inti\" \/>\n<meta property=\"og:description\" content=\"Jedro za sunce 2 x 3 m, vodootporno do najmanje 1000 mm vodenog stupca, 93% UV za\u0161tita, za\u0161tita od sunca od poliestera otpornog na habanje, otporno na vremenske uvjete, vrt, balkon, terasa, kampiranje, dim siva\" \/>\n<meta property=\"og:url\" content=\"https:\/\/inti.hr\/sr\/proizvod\/tenda-uv-zastita\/\" \/>\n<meta property=\"og:site_name\" content=\"Inti\" \/>\n<meta property=\"og:image\" content=\"https:\/\/i0.wp.com\/inti.hr\/wp-content\/uploads\/2022\/02\/91eGHy1CTYL._AC_SL1500_.jpg?fit=1500%2C1500&ssl=1\" \/>\n\t<meta property=\"og:image:width\" content=\"1500\" \/>\n\t<meta property=\"og:image:height\" content=\"1500\" \/>\n\t<meta property=\"og:image:type\" content=\"image\/jpeg\" \/>\n<meta name=\"twitter:card\" content=\"summary_large_image\" \/>\n<meta name=\"twitter:label1\" content=\"\u041f\u0440\u043e\u0446\u0435\u045a\u0435\u043d\u043e \u0432\u0440\u0435\u043c\u0435 \u0447\u0438\u0442\u0430\u045a\u0430\" \/>\n\t<meta name=\"twitter:data1\" content=\"1 \u043c\u0438\u043d\u0443\u0442\" \/>\n<script type=\"application\/ld+json\" class=\"yoast-schema-graph\">{\"@context\":\"https:\/\/schema.org\",\"@graph\":[{\"@type\":\"WebPage\",\"@id\":\"https:\/\/inti.hr\/sr\/proizvod\/tenda-uv-zastita\/\",\"url\":\"https:\/\/inti.hr\/sr\/proizvod\/tenda-uv-zastita\/\",\"name\":\"Tenda UV za\u0161tita - Inti\",\"isPartOf\":{\"@id\":\"https:\/\/inti.hr\/sr\/#website\"},\"primaryImageOfPage\":{\"@id\":\"https:\/\/inti.hr\/sr\/proizvod\/tenda-uv-zastita\/#primaryimage\"},\"image\":{\"@id\":\"https:\/\/inti.hr\/sr\/proizvod\/tenda-uv-zastita\/#primaryimage\"},\"thumbnailUrl\":\"https:\/\/i0.wp.com\/inti.hr\/wp-content\/uploads\/2022\/02\/91eGHy1CTYL._AC_SL1500_.jpg?fit=1500%2C1500&ssl=1\",\"datePublished\":\"2022-02-28T07:53:06+00:00\",\"dateModified\":\"2022-02-28T07:53:06+00:00\",\"description\":\"Jedro za sunce 2 x 3 m, vodootporno do najmanje 1000 mm vodenog stupca, 93% UV za\u0161tita, za\u0161tita od sunca od poliestera otpornog na habanje, otporno na vremenske uvjete, vrt, balkon, terasa, kampiranje, dim siva\",\"breadcrumb\":{\"@id\":\"https:\/\/inti.hr\/sr\/proizvod\/tenda-uv-zastita\/#breadcrumb\"},\"inLanguage\":\"sr-RS\",\"potentialAction\":[{\"@type\":\"ReadAction\",\"target\":[\"https:\/\/inti.hr\/sr\/proizvod\/tenda-uv-zastita\/\"]}]},{\"@type\":\"ImageObject\",\"inLanguage\":\"sr-RS\",\"@id\":\"https:\/\/inti.hr\/sr\/proizvod\/tenda-uv-zastita\/#primaryimage\",\"url\":\"https:\/\/i0.wp.com\/inti.hr\/wp-content\/uploads\/2022\/02\/91eGHy1CTYL._AC_SL1500_.jpg?fit=1500%2C1500&ssl=1\",\"contentUrl\":\"https:\/\/i0.wp.com\/inti.hr\/wp-content\/uploads\/2022\/02\/91eGHy1CTYL._AC_SL1500_.jpg?fit=1500%2C1500&ssl=1\",\"width\":1500,\"height\":1500},{\"@type\":\"BreadcrumbList\",\"@id\":\"https:\/\/inti.hr\/sr\/proizvod\/tenda-uv-zastita\/#breadcrumb\",\"itemListElement\":[{\"@type\":\"ListItem\",\"position\":1,\"name\":\"Po\u010detna stranica\",\"item\":\"https:\/\/inti.hr\/sr\/\"},{\"@type\":\"ListItem\",\"position\":2,\"name\":\"Prodavnica\",\"item\":\"https:\/\/inti.hr\/sr\/prodavnica\/\"},{\"@type\":\"ListItem\",\"position\":3,\"name\":\"Tenda UV za\u0161tita\"}]},{\"@type\":\"WebSite\",\"@id\":\"https:\/\/inti.hr\/sr\/#website\",\"url\":\"https:\/\/inti.hr\/sr\/\",\"name\":\"Inti\",\"description\":\"trgovina\",\"potentialAction\":[{\"@type\":\"SearchAction\",\"target\":{\"@type\":\"EntryPoint\",\"urlTemplate\":\"https:\/\/inti.hr\/sr\/?s={search_term_string}\"},\"query-input\":{\"@type\":\"PropertyValueSpecification\",\"valueRequired\":true,\"valueName\":\"search_term_string\"}}],\"inLanguage\":\"sr-RS\"}]}<\/script>\n<!-- \/ Yoast SEO plugin. -->","yoast_head_json":{"title":"Tenda UV za\u0161tita - Inti","description":"Jedro za sunce 2 x 3 m, vodootporno do najmanje 1000 mm vodenog stupca, 93% UV za\u0161tita, za\u0161tita od sunca od poliestera otpornog na habanje, otporno na vremenske uvjete, vrt, balkon, terasa, kampiranje, dim siva","robots":{"index":"index","follow":"follow","max-snippet":"max-snippet:-1","max-image-preview":"max-image-preview:large","max-video-preview":"max-video-preview:-1"},"canonical":"https:\/\/inti.hr\/sr\/proizvod\/tenda-uv-zastita\/","og_locale":"sr_RS","og_type":"article","og_title":"Tenda UV za\u0161tita - Inti","og_description":"Jedro za sunce 2 x 3 m, vodootporno do najmanje 1000 mm vodenog stupca, 93% UV za\u0161tita, za\u0161tita od sunca od poliestera otpornog na habanje, otporno na vremenske uvjete, vrt, balkon, terasa, kampiranje, dim siva","og_url":"https:\/\/inti.hr\/sr\/proizvod\/tenda-uv-zastita\/","og_site_name":"Inti","og_image":[{"width":1500,"height":1500,"url":"https:\/\/i0.wp.com\/inti.hr\/wp-content\/uploads\/2022\/02\/91eGHy1CTYL._AC_SL1500_.jpg?fit=1500%2C1500&ssl=1","type":"image\/jpeg"}],"twitter_card":"summary_large_image","twitter_misc":{"\u041f\u0440\u043e\u0446\u0435\u045a\u0435\u043d\u043e \u0432\u0440\u0435\u043c\u0435 \u0447\u0438\u0442\u0430\u045a\u0430":"1 \u043c\u0438\u043d\u0443\u0442"},"schema":{"@context":"https:\/\/schema.org","@graph":[{"@type":"WebPage","@id":"https:\/\/inti.hr\/sr\/proizvod\/tenda-uv-zastita\/","url":"https:\/\/inti.hr\/sr\/proizvod\/tenda-uv-zastita\/","name":"Tenda UV za\u0161tita - Inti","isPartOf":{"@id":"https:\/\/inti.hr\/sr\/#website"},"primaryImageOfPage":{"@id":"https:\/\/inti.hr\/sr\/proizvod\/tenda-uv-zastita\/#primaryimage"},"image":{"@id":"https:\/\/inti.hr\/sr\/proizvod\/tenda-uv-zastita\/#primaryimage"},"thumbnailUrl":"https:\/\/i0.wp.com\/inti.hr\/wp-content\/uploads\/2022\/02\/91eGHy1CTYL._AC_SL1500_.jpg?fit=1500%2C1500&ssl=1","datePublished":"2022-02-28T07:53:06+00:00","dateModified":"2022-02-28T07:53:06+00:00","description":"Jedro za sunce 2 x 3 m, vodootporno do najmanje 1000 mm vodenog stupca, 93% UV za\u0161tita, za\u0161tita od sunca od poliestera otpornog na habanje, otporno na vremenske uvjete, vrt, balkon, terasa, kampiranje, dim siva","breadcrumb":{"@id":"https:\/\/inti.hr\/sr\/proizvod\/tenda-uv-zastita\/#breadcrumb"},"inLanguage":"sr-RS","potentialAction":[{"@type":"ReadAction","target":["https:\/\/inti.hr\/sr\/proizvod\/tenda-uv-zastita\/"]}]},{"@type":"ImageObject","inLanguage":"sr-RS","@id":"https:\/\/inti.hr\/sr\/proizvod\/tenda-uv-zastita\/#primaryimage","url":"https:\/\/i0.wp.com\/inti.hr\/wp-content\/uploads\/2022\/02\/91eGHy1CTYL._AC_SL1500_.jpg?fit=1500%2C1500&ssl=1","contentUrl":"https:\/\/i0.wp.com\/inti.hr\/wp-content\/uploads\/2022\/02\/91eGHy1CTYL._AC_SL1500_.jpg?fit=1500%2C1500&ssl=1","width":1500,"height":1500},{"@type":"BreadcrumbList","@id":"https:\/\/inti.hr\/sr\/proizvod\/tenda-uv-zastita\/#breadcrumb","itemListElement":[{"@type":"ListItem","position":1,"name":"Po\u010detna stranica","item":"https:\/\/inti.hr\/sr\/"},{"@type":"ListItem","position":2,"name":"Prodavnica","item":"https:\/\/inti.hr\/sr\/prodavnica\/"},{"@type":"ListItem","position":3,"name":"Tenda UV za\u0161tita"}]},{"@type":"WebSite","@id":"https:\/\/inti.hr\/sr\/#website","url":"https:\/\/inti.hr\/sr\/","name":"Inti","description":"trgovina","potentialAction":[{"@type":"SearchAction","target":{"@type":"EntryPoint","urlTemplate":"https:\/\/inti.hr\/sr\/?s={search_term_string}"},"query-input":{"@type":"PropertyValueSpecification","valueRequired":true,"valueName":"search_term_string"}}],"inLanguage":"sr-RS"}]}},"jetpack_sharing_enabled":true,"jetpack-related-posts":[],"_links":{"self":[{"href":"https:\/\/inti.hr\/sr\/wp-json\/wp\/v2\/product\/38459"}],"collection":[{"href":"https:\/\/inti.hr\/sr\/wp-json\/wp\/v2\/product"}],"about":[{"href":"https:\/\/inti.hr\/sr\/wp-json\/wp\/v2\/types\/product"}],"wp:featuredmedia":[{"embeddable":true,"href":"https:\/\/inti.hr\/sr\/wp-json\/wp\/v2\/media\/38460"}],"wp:attachment":[{"href":"https:\/\/inti.hr\/sr\/wp-json\/wp\/v2\/media?parent=38459"}],"wp:term":[{"taxonomy":"product_cat","embeddable":true,"href":"https:\/\/inti.hr\/sr\/wp-json\/wp\/v2\/product_cat?post=38459"},{"taxonomy":"product_tag","embeddable":true,"href":"https:\/\/inti.hr\/sr\/wp-json\/wp\/v2\/product_tag?post=38459"}],"curies":[{"name":"wp","href":"https:\/\/api.w.org\/{rel}","templated":true}]}}